{"id":16333,"date":"2024-08-04T13:49:12","date_gmt":"2024-08-04T11:49:12","guid":{"rendered":"https:\/\/springgreen-ferret-224432.hostingersite.com\/?post_type=product&#038;p=16333"},"modified":"2024-08-04T13:49:13","modified_gmt":"2024-08-04T11:49:13","slug":"casque-sans-fil-marshall","status":"publish","type":"product","link":"https:\/\/demo.yamentech.com\/en\/product\/casque-sans-fil-marshall\/","title":{"rendered":"Casque Sans Fil Marshall"},"content":{"rendered":"<p><strong>UN SON EMBL\u00c9MATIQUE<br \/>\n<\/strong><br \/>\n<strong>Le Major IV vous offre le son Marshall embl\u00e9matique sur lequel vous comptez. Il condense plus de 60 ans d\u2019exp\u00e9rience pour un son explosif. Ses transducteurs dynamiques personnalis\u00e9s produisent des graves rugissants, des m\u00e9diums harmonieux et des aigus cristallins, pour un son incomparable dont ne pourrez bient\u00f4t plus vous passer.<br \/>\n<\/strong><br \/>\n<strong>PLUS DE 80 HEURES D\u2019AUTONOMIE SANS FIL<br \/>\n<\/strong><br \/>\n<strong>Le casque Major IV offre plus de 80 heures de lecture sans fil ainsi qu\u2019une option de recharge rapide : 15 minutes suffisent pour vous fournir 15 heures d\u2019\u00e9coute. Voici un casque v\u00e9ritablement con\u00e7u pour les voyages \u00e0 longue dur\u00e9e.<br \/>\n<\/strong><br \/>\n<strong>CHARGEMENT SANS FIL<br \/>\n<\/strong><br \/>\n<strong>Le Major IV offre une option de charge sans fil, pour un casque plus mobile que jamais. Il vous suffit de placer d\u00e9licatement votre casque sur le support de charge. Les ganses en silicone mat des oreillettes assurent sa stabilit\u00e9. Ne perdez plus de temps \u00e0 chercher votre c\u00e2ble de charge parmi un m\u00e9li-m\u00e9lo de fils en tous genres, et concentrez-vous sur l\u2019essentiel : l\u2019\u00e9coute de votre musique.<br \/>\nVous trouverez un c\u00e2ble de charge USB-C dans la bo\u00eete. Le support de charge sans fil n\u2019est pas compris.<br \/>\n<\/strong><br \/>\n<strong>UN DESIGN MARSHALL EMBL\u00c9MATIQUE<br \/>\n<\/strong><br \/>\n<strong>Le Major IV combine une grande simplicit\u00e9 d\u2019utilisation \u00e0 des \u00e9l\u00e9ments classiques propres \u00e0 Marshall, pour un design g\u00e9n\u00e9ral aussi embl\u00e9matique qu\u2019innovant. La nouvelle pince de blocage vous permet de plier le Major IV dans un format encore plus compact, et ses oreillettes sont prot\u00e9g\u00e9es contre l\u2019usure excessive. Il dispose d\u2019un bouton de contr\u00f4le tactile tr\u00e8s efficace, est con\u00e7u dans un mat\u00e9riau en vinyle noir textur\u00e9 et pr\u00e9sente un logo Marshall iconique, tout en offrant une solidit\u00e9 adapt\u00e9e \u00e0 un usage au quotidien.<br \/>\n<\/strong><br \/>\n<strong>BOUTON DE CONTR\u00d4LE MULTI-DIRECTIONNEL<br \/>\n<\/strong><br \/>\n<strong>Gr\u00e2ce au bouton de contr\u00f4le multidirectionnel, vous pouvez lancer la lecture, mettre en pause, changer de piste et r\u00e9gler le volume de votre appareil, ainsi qu\u2019\u00e9teindre ou allumer votre casque. La fonctionnalit\u00e9 t\u00e9l\u00e9phone est \u00e9galement incluse, vous permettant ainsi de r\u00e9pondre, de rejeter ou de terminer un appel en quelques clics.<\/strong><\/p>","protected":false},"excerpt":{"rendered":"<div id=\"product-description-short-73496\" class=\"prodes\"><strong>Casque Sans Fil Marshall MAJOR IV<\/strong>\u00a0&#8211; Diam\u00e9tre de pilote: 40 mm &#8211;\u00a0<strong>Connectivit\u00e9: Filaire ( Entr\u00e9e jack 3.5 mm) \/ Sans Fil (Bluetooth 5.0)<\/strong>\u00a0&#8211; SENSIBILIT\u00c9: 99 dB SPL &#8211; Type de pilote: Dynamique &#8211; IMP\u00c9DANCE: 32 \u03a9 &#8211; R\u00c9PONSE EN FR\u00c9QUENCE: 20-20.000 Hz &#8211; Lecture: 80+ heures d\u2019autonomie sans fil &#8211; Charge sans Fil &#8211; Recharge Rapide: 15 heures d\u2019autonomie de lecture sans fil avec 15 minutes de charge &#8211; Temps de chargement: 3 heures &#8211; Distance de fonctionnement: 10 m\u00e9tres &#8211; Commandes: Bouton de controle &#8211; Casque Pliable &#8211; Type de casque: Supra-auriculaire &#8211; C\u00e2ble de charge USB-C &#8211; Couleur Marron &#8211; Poids: 165 g &#8211;\u00a0<strong>Garantie 1 an<\/strong><\/div>\n<div id=\"product-availability-store\" class=\"product-availability-store\"><\/div>","protected":false},"featured_media":16334,"comment_status":"open","ping_status":"closed","template":"","meta":[],"pwb-brand":[],"product_brand":[],"product_cat":[72,95],"product_tag":[],"class_list":{"0":"post-16333","1":"product","2":"type-product","3":"status-publish","4":"has-post-thumbnail","6":"product_cat-accessoires","7":"product_cat-casques","9":"first","10":"instock","11":"taxable","12":"shipping-taxable","13":"purchasable","14":"product-type-simple"},"yoast_head":"<!-- This site is optimized with the Yoast SEO plugin v25.8 - https:\/\/yoast.com\/wordpress\/plugins\/seo\/ -->\n<title>Casque Sans Fil Marshall | Yamen Tech<\/title>\n<meta name=\"description\" content=\"Achat sur Yamen tech Smartphone, TV, \u00e9lectrom\u00e9nager et produits high-tech aux meilleurs prix. Comparez et achetez en livraison rapide \u00e0 domicile\" \/>\n<meta name=\"robots\" content=\"index, follow, max-snippet:-1, max-image-preview:large, max-video-preview:-1\" \/>\n<link rel=\"canonical\" href=\"https:\/\/springgreen-ferret-224432.hostingersite.com\/produit\/casque-sans-fil-marshall\/\" \/>\n<meta property=\"og:locale\" content=\"en_US\" \/>\n<meta property=\"og:type\" content=\"article\" \/>\n<meta property=\"og:title\" content=\"Casque Sans Fil Marshall | Yamen Tech\" \/>\n<meta property=\"og:description\" content=\"Achat sur Yamen tech Smartphone, TV, \u00e9lectrom\u00e9nager et produits high-tech aux meilleurs prix. Comparez et achetez en livraison rapide \u00e0 domicile\" \/>\n<meta property=\"og:url\" content=\"https:\/\/springgreen-ferret-224432.hostingersite.com\/produit\/casque-sans-fil-marshall\/\" \/>\n<meta property=\"og:site_name\" content=\"Yamen Tech\" \/>\n<meta property=\"article:publisher\" content=\"https:\/\/www.facebook.com\/yamentech\/\" \/>\n<meta property=\"article:modified_time\" content=\"2024-08-04T11:49:13+00:00\" \/>\n<meta property=\"og:image\" content=\"https:\/\/springgreen-ferret-224432.hostingersite.com\/wp-content\/uploads\/2024\/08\/marshall-major-iii-casque-audio-bluetooth-noir_1608541460.jpg\" \/>\n\t<meta property=\"og:image:width\" content=\"1200\" \/>\n\t<meta property=\"og:image:height\" content=\"1200\" \/>\n\t<meta property=\"og:image:type\" content=\"image\/jpeg\" \/>\n<meta name=\"twitter:card\" content=\"summary_large_image\" \/>\n<meta name=\"twitter:label1\" content=\"Est. reading time\" \/>\n\t<meta name=\"twitter:data1\" content=\"2 minutes\" \/>\n<script type=\"application\/ld+json\" class=\"yoast-schema-graph\">{\"@context\":\"https:\/\/schema.org\",\"@graph\":[{\"@type\":\"WebPage\",\"@id\":\"https:\/\/springgreen-ferret-224432.hostingersite.com\/produit\/casque-sans-fil-marshall\/\",\"url\":\"https:\/\/springgreen-ferret-224432.hostingersite.com\/produit\/casque-sans-fil-marshall\/\",\"name\":\"Casque Sans Fil Marshall | Yamen Tech\",\"isPartOf\":{\"@id\":\"https:\/\/springgreen-ferret-224432.hostingersite.com\/#website\"},\"primaryImageOfPage\":{\"@id\":\"https:\/\/springgreen-ferret-224432.hostingersite.com\/produit\/casque-sans-fil-marshall\/#primaryimage\"},\"image\":{\"@id\":\"https:\/\/springgreen-ferret-224432.hostingersite.com\/produit\/casque-sans-fil-marshall\/#primaryimage\"},\"thumbnailUrl\":\"https:\/\/demo.yamentech.com\/wp-content\/uploads\/2024\/08\/marshall-major-iii-casque-audio-bluetooth-noir_1608541460.jpg\",\"datePublished\":\"2024-08-04T11:49:12+00:00\",\"dateModified\":\"2024-08-04T11:49:13+00:00\",\"description\":\"Achat sur Yamen tech Smartphone, TV, \u00e9lectrom\u00e9nager et produits high-tech aux meilleurs prix. Comparez et achetez en livraison rapide \u00e0 domicile\",\"breadcrumb\":{\"@id\":\"https:\/\/springgreen-ferret-224432.hostingersite.com\/produit\/casque-sans-fil-marshall\/#breadcrumb\"},\"inLanguage\":\"en-US\",\"potentialAction\":[{\"@type\":\"ReadAction\",\"target\":[\"https:\/\/springgreen-ferret-224432.hostingersite.com\/produit\/casque-sans-fil-marshall\/\"]}]},{\"@type\":\"ImageObject\",\"inLanguage\":\"en-US\",\"@id\":\"https:\/\/springgreen-ferret-224432.hostingersite.com\/produit\/casque-sans-fil-marshall\/#primaryimage\",\"url\":\"https:\/\/demo.yamentech.com\/wp-content\/uploads\/2024\/08\/marshall-major-iii-casque-audio-bluetooth-noir_1608541460.jpg\",\"contentUrl\":\"https:\/\/demo.yamentech.com\/wp-content\/uploads\/2024\/08\/marshall-major-iii-casque-audio-bluetooth-noir_1608541460.jpg\",\"width\":1200,\"height\":1200},{\"@type\":\"BreadcrumbList\",\"@id\":\"https:\/\/springgreen-ferret-224432.hostingersite.com\/produit\/casque-sans-fil-marshall\/#breadcrumb\",\"itemListElement\":[{\"@type\":\"ListItem\",\"position\":1,\"name\":\"Accueil\",\"item\":\"https:\/\/springgreen-ferret-224432.hostingersite.com\/\"},{\"@type\":\"ListItem\",\"position\":2,\"name\":\"Boutique\",\"item\":\"https:\/\/springgreen-ferret-224432.hostingersite.com\/boutique\/\"},{\"@type\":\"ListItem\",\"position\":3,\"name\":\"Casque Sans Fil Marshall\"}]},{\"@type\":\"WebSite\",\"@id\":\"https:\/\/springgreen-ferret-224432.hostingersite.com\/#website\",\"url\":\"https:\/\/springgreen-ferret-224432.hostingersite.com\/\",\"name\":\"Yamen Tech\",\"description\":\"\",\"publisher\":{\"@id\":\"https:\/\/springgreen-ferret-224432.hostingersite.com\/#organization\"},\"potentialAction\":[{\"@type\":\"SearchAction\",\"target\":{\"@type\":\"EntryPoint\",\"urlTemplate\":\"https:\/\/springgreen-ferret-224432.hostingersite.com\/?s={search_term_string}\"},\"query-input\":{\"@type\":\"PropertyValueSpecification\",\"valueRequired\":true,\"valueName\":\"search_term_string\"}}],\"inLanguage\":\"en-US\"},{\"@type\":\"Organization\",\"@id\":\"https:\/\/springgreen-ferret-224432.hostingersite.com\/#organization\",\"name\":\"Yamen Tech\",\"url\":\"https:\/\/springgreen-ferret-224432.hostingersite.com\/\",\"logo\":{\"@type\":\"ImageObject\",\"inLanguage\":\"en-US\",\"@id\":\"https:\/\/springgreen-ferret-224432.hostingersite.com\/#\/schema\/logo\/image\/\",\"url\":\"https:\/\/springgreen-ferret-224432.hostingersite.com\/wp-content\/uploads\/2024\/07\/images-2.png\",\"contentUrl\":\"https:\/\/springgreen-ferret-224432.hostingersite.com\/wp-content\/uploads\/2024\/07\/images-2.png\",\"width\":225,\"height\":225,\"caption\":\"Yamen Tech\"},\"image\":{\"@id\":\"https:\/\/springgreen-ferret-224432.hostingersite.com\/#\/schema\/logo\/image\/\"},\"sameAs\":[\"https:\/\/www.facebook.com\/yamentech\/\",\"https:\/\/www.instagram.com\/yamen_tech\/\"]}]}<\/script>\n<!-- \/ Yoast SEO plugin. -->","yoast_head_json":{"title":"Casque Sans Fil Marshall | Yamen Tech","description":"Achat sur Yamen tech Smartphone, TV, \u00e9lectrom\u00e9nager et produits high-tech aux meilleurs prix. Comparez et achetez en livraison rapide \u00e0 domicile","robots":{"index":"index","follow":"follow","max-snippet":"max-snippet:-1","max-image-preview":"max-image-preview:large","max-video-preview":"max-video-preview:-1"},"canonical":"https:\/\/springgreen-ferret-224432.hostingersite.com\/produit\/casque-sans-fil-marshall\/","og_locale":"en_US","og_type":"article","og_title":"Casque Sans Fil Marshall | Yamen Tech","og_description":"Achat sur Yamen tech Smartphone, TV, \u00e9lectrom\u00e9nager et produits high-tech aux meilleurs prix. Comparez et achetez en livraison rapide \u00e0 domicile","og_url":"https:\/\/springgreen-ferret-224432.hostingersite.com\/produit\/casque-sans-fil-marshall\/","og_site_name":"Yamen Tech","article_publisher":"https:\/\/www.facebook.com\/yamentech\/","article_modified_time":"2024-08-04T11:49:13+00:00","og_image":[{"width":1200,"height":1200,"url":"https:\/\/springgreen-ferret-224432.hostingersite.com\/wp-content\/uploads\/2024\/08\/marshall-major-iii-casque-audio-bluetooth-noir_1608541460.jpg","type":"image\/jpeg"}],"twitter_card":"summary_large_image","twitter_misc":{"Est. reading time":"2 minutes"},"schema":{"@context":"https:\/\/schema.org","@graph":[{"@type":"WebPage","@id":"https:\/\/springgreen-ferret-224432.hostingersite.com\/produit\/casque-sans-fil-marshall\/","url":"https:\/\/springgreen-ferret-224432.hostingersite.com\/produit\/casque-sans-fil-marshall\/","name":"Casque Sans Fil Marshall | Yamen Tech","isPartOf":{"@id":"https:\/\/springgreen-ferret-224432.hostingersite.com\/#website"},"primaryImageOfPage":{"@id":"https:\/\/springgreen-ferret-224432.hostingersite.com\/produit\/casque-sans-fil-marshall\/#primaryimage"},"image":{"@id":"https:\/\/springgreen-ferret-224432.hostingersite.com\/produit\/casque-sans-fil-marshall\/#primaryimage"},"thumbnailUrl":"https:\/\/demo.yamentech.com\/wp-content\/uploads\/2024\/08\/marshall-major-iii-casque-audio-bluetooth-noir_1608541460.jpg","datePublished":"2024-08-04T11:49:12+00:00","dateModified":"2024-08-04T11:49:13+00:00","description":"Achat sur Yamen tech Smartphone, TV, \u00e9lectrom\u00e9nager et produits high-tech aux meilleurs prix. Comparez et achetez en livraison rapide \u00e0 domicile","breadcrumb":{"@id":"https:\/\/springgreen-ferret-224432.hostingersite.com\/produit\/casque-sans-fil-marshall\/#breadcrumb"},"inLanguage":"en-US","potentialAction":[{"@type":"ReadAction","target":["https:\/\/springgreen-ferret-224432.hostingersite.com\/produit\/casque-sans-fil-marshall\/"]}]},{"@type":"ImageObject","inLanguage":"en-US","@id":"https:\/\/springgreen-ferret-224432.hostingersite.com\/produit\/casque-sans-fil-marshall\/#primaryimage","url":"https:\/\/demo.yamentech.com\/wp-content\/uploads\/2024\/08\/marshall-major-iii-casque-audio-bluetooth-noir_1608541460.jpg","contentUrl":"https:\/\/demo.yamentech.com\/wp-content\/uploads\/2024\/08\/marshall-major-iii-casque-audio-bluetooth-noir_1608541460.jpg","width":1200,"height":1200},{"@type":"BreadcrumbList","@id":"https:\/\/springgreen-ferret-224432.hostingersite.com\/produit\/casque-sans-fil-marshall\/#breadcrumb","itemListElement":[{"@type":"ListItem","position":1,"name":"Accueil","item":"https:\/\/springgreen-ferret-224432.hostingersite.com\/"},{"@type":"ListItem","position":2,"name":"Boutique","item":"https:\/\/springgreen-ferret-224432.hostingersite.com\/boutique\/"},{"@type":"ListItem","position":3,"name":"Casque Sans Fil Marshall"}]},{"@type":"WebSite","@id":"https:\/\/springgreen-ferret-224432.hostingersite.com\/#website","url":"https:\/\/springgreen-ferret-224432.hostingersite.com\/","name":"Yamen Tech","description":"","publisher":{"@id":"https:\/\/springgreen-ferret-224432.hostingersite.com\/#organization"},"potentialAction":[{"@type":"SearchAction","target":{"@type":"EntryPoint","urlTemplate":"https:\/\/springgreen-ferret-224432.hostingersite.com\/?s={search_term_string}"},"query-input":{"@type":"PropertyValueSpecification","valueRequired":true,"valueName":"search_term_string"}}],"inLanguage":"en-US"},{"@type":"Organization","@id":"https:\/\/springgreen-ferret-224432.hostingersite.com\/#organization","name":"Yamen Tech","url":"https:\/\/springgreen-ferret-224432.hostingersite.com\/","logo":{"@type":"ImageObject","inLanguage":"en-US","@id":"https:\/\/springgreen-ferret-224432.hostingersite.com\/#\/schema\/logo\/image\/","url":"https:\/\/springgreen-ferret-224432.hostingersite.com\/wp-content\/uploads\/2024\/07\/images-2.png","contentUrl":"https:\/\/springgreen-ferret-224432.hostingersite.com\/wp-content\/uploads\/2024\/07\/images-2.png","width":225,"height":225,"caption":"Yamen Tech"},"image":{"@id":"https:\/\/springgreen-ferret-224432.hostingersite.com\/#\/schema\/logo\/image\/"},"sameAs":["https:\/\/www.facebook.com\/yamentech\/","https:\/\/www.instagram.com\/yamen_tech\/"]}]}},"brands":[],"_links":{"self":[{"href":"https:\/\/demo.yamentech.com\/en\/wp-json\/wp\/v2\/product\/16333","targetHints":{"allow":["GET"]}}],"collection":[{"href":"https:\/\/demo.yamentech.com\/en\/wp-json\/wp\/v2\/product"}],"about":[{"href":"https:\/\/demo.yamentech.com\/en\/wp-json\/wp\/v2\/types\/product"}],"replies":[{"embeddable":true,"href":"https:\/\/demo.yamentech.com\/en\/wp-json\/wp\/v2\/comments?post=16333"}],"version-history":[{"count":1,"href":"https:\/\/demo.yamentech.com\/en\/wp-json\/wp\/v2\/product\/16333\/revisions"}],"predecessor-version":[{"id":16335,"href":"https:\/\/demo.yamentech.com\/en\/wp-json\/wp\/v2\/product\/16333\/revisions\/16335"}],"wp:featuredmedia":[{"embeddable":true,"href":"https:\/\/demo.yamentech.com\/en\/wp-json\/wp\/v2\/media\/16334"}],"wp:attachment":[{"href":"https:\/\/demo.yamentech.com\/en\/wp-json\/wp\/v2\/media?parent=16333"}],"wp:term":[{"taxonomy":"pwb-brand","embeddable":true,"href":"https:\/\/demo.yamentech.com\/en\/wp-json\/wp\/v2\/pwb-brand?post=16333"},{"taxonomy":"product_brand","embeddable":true,"href":"https:\/\/demo.yamentech.com\/en\/wp-json\/wp\/v2\/product_brand?post=16333"},{"taxonomy":"product_cat","embeddable":true,"href":"https:\/\/demo.yamentech.com\/en\/wp-json\/wp\/v2\/product_cat?post=16333"},{"taxonomy":"product_tag","embeddable":true,"href":"https:\/\/demo.yamentech.com\/en\/wp-json\/wp\/v2\/product_tag?post=16333"}],"curies":[{"name":"wp","href":"https:\/\/api.w.org\/{rel}","templated":true}]}}