{"id":16575,"date":"2024-08-04T16:26:51","date_gmt":"2024-08-04T14:26:51","guid":{"rendered":"https:\/\/springgreen-ferret-224432.hostingersite.com\/?post_type=product&#038;p=16575"},"modified":"2024-10-02T11:54:21","modified_gmt":"2024-10-02T09:54:21","slug":"apple-watch-ultra-2-49mm","status":"publish","type":"product","link":"https:\/\/demo.yamentech.com\/en\/product\/apple-watch-ultra-2-49mm\/","title":{"rendered":"APPLE Watch Ultra 1"},"content":{"rendered":"","protected":false},"excerpt":{"rendered":"<div class=\"gb-group group-wrap-layout wrap-right\">\n<h3 class=\"gb-header alignment horizontal-align-left\">Fonctionnalit\u00e9s<\/h3>\n<ul class=\"list gb-list alignment horizontal-align-left\">\n<li class=\"gb-list_item\">\n<p class=\"gb-paragraph\">GPS L1 et L5, GLONASS, Galileo, QZSS et BeiDou<\/p>\n<\/li>\n<li class=\"gb-list_item\">\n<p class=\"gb-paragraph\">Boussole<\/p>\n<\/li>\n<li class=\"gb-list_item\">\n<p class=\"gb-paragraph\">Altim\u00e8tre toujours activ\u00e9<\/p>\n<\/li>\n<li class=\"gb-list_item\">\n<p class=\"gb-paragraph\">R\u00e9sistance \u00e0 l\u2019eau<\/p>\n<ul class=\"list gb-list\">\n<li class=\"gb-list_item\">\n<p class=\"gb-paragraph\"><i>100 m\u00e8tres<\/i><sup><i>4<\/i><\/sup><\/p>\n<\/li>\n<\/ul>\n<\/li>\n<li class=\"gb-list_item\">\n<p class=\"gb-paragraph\">R\u00e9sistance \u00e0 la poussi\u00e8re certifi\u00e9e IP6X<sup>2<\/sup><\/p>\n<\/li>\n<li class=\"gb-list_item\">\n<p class=\"gb-paragraph\">Test\u00e9e selon la norme MIL\u2011STD 810H<sup>14<\/sup><\/p>\n<\/li>\n<li class=\"gb-list_item\">\n<p class=\"gb-paragraph\">Capteur de taux d\u2019oxyg\u00e8ne dans le sang<\/p>\n<ul class=\"list gb-list\">\n<li class=\"gb-list_item\">\n<p class=\"gb-paragraph\"><i>(app Oxyg\u00e8ne sanguin)<\/i><sup>3<\/sup><\/p>\n<\/li>\n<\/ul>\n<\/li>\n<li class=\"gb-list_item\">\n<p class=\"gb-paragraph\">Capteur \u00e9lectrique de fr\u00e9quence cardiaque<\/p>\n<ul class=\"list gb-list\">\n<li class=\"gb-list_item\">\n<p class=\"gb-paragraph\"><i>(app ECG)<\/i><sup>5<\/sup><\/p>\n<\/li>\n<\/ul>\n<\/li>\n<li class=\"gb-list_item\">\n<p class=\"gb-paragraph\">Capteur optique de fr\u00e9quence cardiaque de 3\u1d49 g\u00e9n\u00e9ration<\/p>\n<\/li>\n<li class=\"gb-list_item\">\n<p class=\"gb-paragraph\">Appel d\u2019urgence international<sup>6<\/sup><\/p>\n<\/li>\n<li class=\"gb-list_item\">\n<p class=\"gb-paragraph\">Appel d\u2019urgence<sup>1<\/sup><\/p>\n<\/li>\n<li class=\"gb-list_item\">\n<p class=\"gb-paragraph\">Acc\u00e9l\u00e9rom\u00e8tre force g \u00e9lev\u00e9e<\/p>\n<ul class=\"list gb-list\">\n<li class=\"gb-list_item\">\n<p class=\"gb-paragraph\"><i>Jusqu\u2019\u00e0 256 g avec D\u00e9tection des chutes et D\u00e9tection des accidents<\/i><\/p>\n<\/li>\n<\/ul>\n<\/li>\n<li class=\"gb-list_item\">\n<p class=\"gb-paragraph\">Gyroscope \u00e0 gamme dynamique \u00e9lev\u00e9e<\/p>\n<\/li>\n<li class=\"gb-list_item\">\n<p class=\"gb-paragraph\">Capteur de luminosit\u00e9 ambiante<\/p>\n<\/li>\n<li class=\"gb-list_item\">\n<p class=\"gb-paragraph\">Capteur de temp\u00e9rature de l\u2019eau<\/p>\n<\/li>\n<li class=\"gb-list_item\">\n<p class=\"gb-paragraph\">Profondim\u00e8tre<\/p>\n<\/li>\n<li class=\"gb-list_item\">\n<p class=\"gb-paragraph\">Adapt\u00e9e \u00e0 la plong\u00e9e jusqu\u2019\u00e0 40 m<\/p>\n<\/li>\n<li class=\"gb-list_item\">\n<p class=\"gb-paragraph\">Deux haut\u2011parleurs<\/p>\n<ul class=\"list gb-list\">\n<li class=\"gb-list_item\">\n<p class=\"gb-paragraph\"><i>40 % plus puissants que celui de la Series 8<\/i><\/p>\n<\/li>\n<\/ul>\n<\/li>\n<li class=\"gb-list_item\">\n<p class=\"gb-paragraph\">Ensemble de trois micros avec beamforming et r\u00e9duction du bruit du vent<\/p>\n<\/li>\n<li class=\"gb-list_item\">\n<p class=\"gb-paragraph\">Apple Pay<\/p>\n<\/li>\n<li class=\"gb-list_item\">\n<p class=\"gb-paragraph\">GymKit<\/p>\n<\/li>\n<li class=\"gb-list_item\">\n<p class=\"gb-paragraph\">Capacit\u00e9 de 32 Go<\/p>\n<\/li>\n<li class=\"gb-list_item\">\n<p class=\"gb-paragraph\">Dos en c\u00e9ramique et verre saphir<\/p>\n<\/li>\n<\/ul>\n<\/div>\n<div class=\"gb-group group-wrap-layout wrap-right\">\n<h3 class=\"gb-header alignment horizontal-align-left\">\u00c9cran<\/h3>\n<ul class=\"list gb-list alignment horizontal-align-left\">\n<li class=\"gb-list_item\">\n<p class=\"gb-paragraph\"><b>49 mm<\/b><\/p>\n<ul class=\"list gb-list\">\n<li class=\"gb-list_item\">\n<p class=\"gb-paragraph\">410 x 502 pixels<\/p>\n<\/li>\n<li class=\"gb-list_item\">\n<p class=\"gb-paragraph\">Surface d\u2019affichage de 1 185 mm\u00b2<\/p>\n<\/li>\n<\/ul>\n<\/li>\n<li class=\"gb-list_item\">\n<p class=\"gb-paragraph\"><b>\u00c9cran Retina OLED LTPO toujours activ\u00e9<\/b><\/p>\n<ul class=\"list gb-list\">\n<li class=\"gb-list_item\">\n<p class=\"gb-paragraph\">Luminosit\u00e9 jusqu\u2019\u00e0 2 000 nits<\/p>\n<\/li>\n<\/ul>\n<\/li>\n<\/ul>\n<\/div>\n<div class=\"gb-group group-wrap-layout wrap-right\">\n<ul class=\"list gb-list alignment horizontal-align-left\">\n<li class=\"gb-list_item\" style=\"list-style-type: none;\"><\/li>\n<\/ul>\n<\/div>\n<div class=\"gb-group group-wrap-layout wrap-right\">\n<h3 class=\"gb-header alignment horizontal-align-left\">Connectivit\u00e9<\/h3>\n<ul class=\"list gb-list alignment horizontal-align-left\">\n<li class=\"gb-list_item\">\n<p class=\"gb-paragraph\"><b>Wi\u2011Fi<\/b><\/p>\n<ul class=\"list gb-list\">\n<li class=\"gb-list_item\">\n<p class=\"gb-paragraph\">802.11b\/g\/n 2,4 GHz et 5 GHz<\/p>\n<\/li>\n<\/ul>\n<\/li>\n<li class=\"gb-list_item\">\n<p class=\"gb-paragraph\"><b>Bluetooth 5.3<\/b><\/p>\n<\/li>\n<\/ul>\n<\/div>\n<div class=\"gb-group group-wrap-layout wrap-right\">\n<h3 class=\"gb-header alignment horizontal-align-left\">Alimentation<\/h3>\n<ul class=\"list gb-list alignment horizontal-align-left\">\n<li class=\"gb-list_item\">\n<p class=\"gb-paragraph\">Batterie au lithium\u2011ion rechargeable int\u00e9gr\u00e9e<\/p>\n<ul class=\"list gb-list\">\n<li class=\"gb-list_item\">\n<p class=\"gb-paragraph\"><i>Jusqu\u2019\u00e0 36 heures<\/i><sup><i>8<\/i><\/sup><\/p>\n<\/li>\n<li class=\"gb-list_item\">\n<p class=\"gb-paragraph\"><i>Jusqu\u2019\u00e0 18 heures en 4G LTE<\/i><\/p>\n<\/li>\n<\/ul>\n<\/li>\n<li class=\"gb-list_item\">\n<p class=\"gb-paragraph\">C\u00e2ble de charge rapide magn\u00e9tique USB\u2011C<\/p>\n<\/li>\n<\/ul>\n<\/div>\n<div class=\"gb-group group-wrap-layout wrap-right\"><\/div>\n<div class=\"gb-group group-wrap-layout wrap-right\">\n<h3 class=\"gb-header alignment horizontal-align-left\">Dimensions<\/h3>\n<p class=\"gb-paragraph alignment horizontal-align-left\"><b>49 mm<\/b><\/p>\n<ul class=\"list gb-list alignment horizontal-align-left\">\n<li class=\"gb-list_item\">\n<p class=\"gb-paragraph\">Hauteur : 49 mm<\/p>\n<\/li>\n<li class=\"gb-list_item\">\n<p class=\"gb-paragraph\">Largeur : 44 mm<\/p>\n<\/li>\n<li class=\"gb-list_item\">\n<p class=\"gb-paragraph\">\u00c9paisseur : 14,4 mm<\/p>\n<\/li>\n<\/ul>\n<\/div>\n<div class=\"gb-group group-wrap-layout wrap-right\">\n<h3 class=\"gb-header alignment horizontal-align-left\">Poids<\/h3>\n<p class=\"gb-paragraph alignment horizontal-align-left\"><b>49 mm<\/b><\/p>\n<ul class=\"list gb-list alignment horizontal-align-left\">\n<li class=\"gb-list_item\">\n<p class=\"gb-paragraph\">Titane: 61,3 g<\/p>\n<\/li>\n<\/ul>\n<\/div>\n<div class=\"gb-group group-wrap-layout wrap-right\">\n<h3 class=\"gb-header alignment horizontal-align-left\">Contenu du coffret<\/h3>\n<ul class=\"list gb-list alignment horizontal-align-left\">\n<li class=\"gb-list_item\">\n<p class=\"gb-paragraph\">Apple Watch Ultra<\/p>\n<\/li>\n<li class=\"gb-list_item\">\n<p class=\"gb-paragraph\">Bracelet\/Boucle<\/p>\n<\/li>\n<li class=\"gb-list_item\">\n<p class=\"gb-paragraph\">C\u00e2ble de charge rapide magn\u00e9tique vers USB\u2011C pour Apple Watch (1 m)<\/p>\n<\/li>\n<\/ul>\n<p class=\"gb-paragraph alignment horizontal-align-left\">Les mat\u00e9riaux du bo\u00eetier et les types de bracelets seront bas\u00e9s sur votre s\u00e9lection.<\/p>\n<\/div>","protected":false},"featured_media":17959,"comment_status":"open","ping_status":"closed","template":"","meta":[],"pwb-brand":[],"product_brand":[],"product_cat":[72,402],"product_tag":[],"class_list":{"0":"post-16575","1":"product","2":"type-product","3":"status-publish","4":"has-post-thumbnail","6":"product_cat-accessoires","7":"product_cat-applewatch","9":"first","10":"instock","11":"taxable","12":"shipping-taxable","13":"purchasable","14":"product-type-simple"},"yoast_head":"<!-- This site is optimized with the Yoast SEO plugin v25.8 - https:\/\/yoast.com\/wordpress\/plugins\/seo\/ -->\n<title>APPLE Watch Ultra 1 | Yamen Tech<\/title>\n<meta name=\"description\" content=\"Achat sur Yamen tech APPLE Watch Ultra 1 et produits high-tech aux meilleurs prix. Comparez et achetez en livraison rapide \u00e0 domicile\" \/>\n<meta name=\"robots\" content=\"index, follow, max-snippet:-1, max-image-preview:large, max-video-preview:-1\" \/>\n<link rel=\"canonical\" href=\"https:\/\/springgreen-ferret-224432.hostingersite.com\/produit\/apple-watch-ultra-2-49mm\/\" \/>\n<meta property=\"og:locale\" content=\"en_US\" \/>\n<meta property=\"og:type\" content=\"article\" \/>\n<meta property=\"og:title\" content=\"APPLE Watch Ultra 1 | Yamen Tech\" \/>\n<meta property=\"og:description\" content=\"Achat sur Yamen tech APPLE Watch Ultra 1 et produits high-tech aux meilleurs prix. Comparez et achetez en livraison rapide \u00e0 domicile\" \/>\n<meta property=\"og:url\" content=\"https:\/\/springgreen-ferret-224432.hostingersite.com\/produit\/apple-watch-ultra-2-49mm\/\" \/>\n<meta property=\"og:site_name\" content=\"Yamen Tech\" \/>\n<meta property=\"article:publisher\" content=\"https:\/\/www.facebook.com\/yamentech\/\" \/>\n<meta property=\"article:modified_time\" content=\"2024-10-02T09:54:21+00:00\" \/>\n<meta property=\"og:image\" content=\"https:\/\/springgreen-ferret-224432.hostingersite.com\/wp-content\/uploads\/2024\/09\/111852_apple-watch-ultra.png\" \/>\n\t<meta property=\"og:image:width\" content=\"918\" \/>\n\t<meta property=\"og:image:height\" content=\"653\" \/>\n\t<meta property=\"og:image:type\" content=\"image\/png\" \/>\n<meta name=\"twitter:card\" content=\"summary_large_image\" \/>\n<meta name=\"twitter:label1\" content=\"Est. reading time\" \/>\n\t<meta name=\"twitter:data1\" content=\"1 minute\" \/>\n<script type=\"application\/ld+json\" class=\"yoast-schema-graph\">{\"@context\":\"https:\/\/schema.org\",\"@graph\":[{\"@type\":\"WebPage\",\"@id\":\"https:\/\/springgreen-ferret-224432.hostingersite.com\/produit\/apple-watch-ultra-2-49mm\/\",\"url\":\"https:\/\/springgreen-ferret-224432.hostingersite.com\/produit\/apple-watch-ultra-2-49mm\/\",\"name\":\"APPLE Watch Ultra 1 | Yamen Tech\",\"isPartOf\":{\"@id\":\"https:\/\/springgreen-ferret-224432.hostingersite.com\/#website\"},\"primaryImageOfPage\":{\"@id\":\"https:\/\/springgreen-ferret-224432.hostingersite.com\/produit\/apple-watch-ultra-2-49mm\/#primaryimage\"},\"image\":{\"@id\":\"https:\/\/springgreen-ferret-224432.hostingersite.com\/produit\/apple-watch-ultra-2-49mm\/#primaryimage\"},\"thumbnailUrl\":\"https:\/\/demo.yamentech.com\/wp-content\/uploads\/2024\/09\/111852_apple-watch-ultra.png\",\"datePublished\":\"2024-08-04T14:26:51+00:00\",\"dateModified\":\"2024-10-02T09:54:21+00:00\",\"description\":\"Achat sur Yamen tech APPLE Watch Ultra 1 et produits high-tech aux meilleurs prix. Comparez et achetez en livraison rapide \u00e0 domicile\",\"breadcrumb\":{\"@id\":\"https:\/\/springgreen-ferret-224432.hostingersite.com\/produit\/apple-watch-ultra-2-49mm\/#breadcrumb\"},\"inLanguage\":\"en-US\",\"potentialAction\":[{\"@type\":\"ReadAction\",\"target\":[\"https:\/\/springgreen-ferret-224432.hostingersite.com\/produit\/apple-watch-ultra-2-49mm\/\"]}]},{\"@type\":\"ImageObject\",\"inLanguage\":\"en-US\",\"@id\":\"https:\/\/springgreen-ferret-224432.hostingersite.com\/produit\/apple-watch-ultra-2-49mm\/#primaryimage\",\"url\":\"https:\/\/demo.yamentech.com\/wp-content\/uploads\/2024\/09\/111852_apple-watch-ultra.png\",\"contentUrl\":\"https:\/\/demo.yamentech.com\/wp-content\/uploads\/2024\/09\/111852_apple-watch-ultra.png\",\"width\":918,\"height\":653},{\"@type\":\"BreadcrumbList\",\"@id\":\"https:\/\/springgreen-ferret-224432.hostingersite.com\/produit\/apple-watch-ultra-2-49mm\/#breadcrumb\",\"itemListElement\":[{\"@type\":\"ListItem\",\"position\":1,\"name\":\"Accueil\",\"item\":\"https:\/\/springgreen-ferret-224432.hostingersite.com\/\"},{\"@type\":\"ListItem\",\"position\":2,\"name\":\"Boutique\",\"item\":\"https:\/\/springgreen-ferret-224432.hostingersite.com\/boutique\/\"},{\"@type\":\"ListItem\",\"position\":3,\"name\":\"APPLE Watch Ultra 1\"}]},{\"@type\":\"WebSite\",\"@id\":\"https:\/\/springgreen-ferret-224432.hostingersite.com\/#website\",\"url\":\"https:\/\/springgreen-ferret-224432.hostingersite.com\/\",\"name\":\"Yamen Tech\",\"description\":\"\",\"publisher\":{\"@id\":\"https:\/\/springgreen-ferret-224432.hostingersite.com\/#organization\"},\"potentialAction\":[{\"@type\":\"SearchAction\",\"target\":{\"@type\":\"EntryPoint\",\"urlTemplate\":\"https:\/\/springgreen-ferret-224432.hostingersite.com\/?s={search_term_string}\"},\"query-input\":{\"@type\":\"PropertyValueSpecification\",\"valueRequired\":true,\"valueName\":\"search_term_string\"}}],\"inLanguage\":\"en-US\"},{\"@type\":\"Organization\",\"@id\":\"https:\/\/springgreen-ferret-224432.hostingersite.com\/#organization\",\"name\":\"Yamen Tech\",\"url\":\"https:\/\/springgreen-ferret-224432.hostingersite.com\/\",\"logo\":{\"@type\":\"ImageObject\",\"inLanguage\":\"en-US\",\"@id\":\"https:\/\/springgreen-ferret-224432.hostingersite.com\/#\/schema\/logo\/image\/\",\"url\":\"https:\/\/springgreen-ferret-224432.hostingersite.com\/wp-content\/uploads\/2024\/07\/images-2.png\",\"contentUrl\":\"https:\/\/springgreen-ferret-224432.hostingersite.com\/wp-content\/uploads\/2024\/07\/images-2.png\",\"width\":225,\"height\":225,\"caption\":\"Yamen Tech\"},\"image\":{\"@id\":\"https:\/\/springgreen-ferret-224432.hostingersite.com\/#\/schema\/logo\/image\/\"},\"sameAs\":[\"https:\/\/www.facebook.com\/yamentech\/\",\"https:\/\/www.instagram.com\/yamen_tech\/\"]}]}<\/script>\n<!-- \/ Yoast SEO plugin. -->","yoast_head_json":{"title":"APPLE Watch Ultra 1 | Yamen Tech","description":"Achat sur Yamen tech APPLE Watch Ultra 1 et produits high-tech aux meilleurs prix. Comparez et achetez en livraison rapide \u00e0 domicile","robots":{"index":"index","follow":"follow","max-snippet":"max-snippet:-1","max-image-preview":"max-image-preview:large","max-video-preview":"max-video-preview:-1"},"canonical":"https:\/\/springgreen-ferret-224432.hostingersite.com\/produit\/apple-watch-ultra-2-49mm\/","og_locale":"en_US","og_type":"article","og_title":"APPLE Watch Ultra 1 | Yamen Tech","og_description":"Achat sur Yamen tech APPLE Watch Ultra 1 et produits high-tech aux meilleurs prix. Comparez et achetez en livraison rapide \u00e0 domicile","og_url":"https:\/\/springgreen-ferret-224432.hostingersite.com\/produit\/apple-watch-ultra-2-49mm\/","og_site_name":"Yamen Tech","article_publisher":"https:\/\/www.facebook.com\/yamentech\/","article_modified_time":"2024-10-02T09:54:21+00:00","og_image":[{"width":918,"height":653,"url":"https:\/\/springgreen-ferret-224432.hostingersite.com\/wp-content\/uploads\/2024\/09\/111852_apple-watch-ultra.png","type":"image\/png"}],"twitter_card":"summary_large_image","twitter_misc":{"Est. reading time":"1 minute"},"schema":{"@context":"https:\/\/schema.org","@graph":[{"@type":"WebPage","@id":"https:\/\/springgreen-ferret-224432.hostingersite.com\/produit\/apple-watch-ultra-2-49mm\/","url":"https:\/\/springgreen-ferret-224432.hostingersite.com\/produit\/apple-watch-ultra-2-49mm\/","name":"APPLE Watch Ultra 1 | Yamen Tech","isPartOf":{"@id":"https:\/\/springgreen-ferret-224432.hostingersite.com\/#website"},"primaryImageOfPage":{"@id":"https:\/\/springgreen-ferret-224432.hostingersite.com\/produit\/apple-watch-ultra-2-49mm\/#primaryimage"},"image":{"@id":"https:\/\/springgreen-ferret-224432.hostingersite.com\/produit\/apple-watch-ultra-2-49mm\/#primaryimage"},"thumbnailUrl":"https:\/\/demo.yamentech.com\/wp-content\/uploads\/2024\/09\/111852_apple-watch-ultra.png","datePublished":"2024-08-04T14:26:51+00:00","dateModified":"2024-10-02T09:54:21+00:00","description":"Achat sur Yamen tech APPLE Watch Ultra 1 et produits high-tech aux meilleurs prix. Comparez et achetez en livraison rapide \u00e0 domicile","breadcrumb":{"@id":"https:\/\/springgreen-ferret-224432.hostingersite.com\/produit\/apple-watch-ultra-2-49mm\/#breadcrumb"},"inLanguage":"en-US","potentialAction":[{"@type":"ReadAction","target":["https:\/\/springgreen-ferret-224432.hostingersite.com\/produit\/apple-watch-ultra-2-49mm\/"]}]},{"@type":"ImageObject","inLanguage":"en-US","@id":"https:\/\/springgreen-ferret-224432.hostingersite.com\/produit\/apple-watch-ultra-2-49mm\/#primaryimage","url":"https:\/\/demo.yamentech.com\/wp-content\/uploads\/2024\/09\/111852_apple-watch-ultra.png","contentUrl":"https:\/\/demo.yamentech.com\/wp-content\/uploads\/2024\/09\/111852_apple-watch-ultra.png","width":918,"height":653},{"@type":"BreadcrumbList","@id":"https:\/\/springgreen-ferret-224432.hostingersite.com\/produit\/apple-watch-ultra-2-49mm\/#breadcrumb","itemListElement":[{"@type":"ListItem","position":1,"name":"Accueil","item":"https:\/\/springgreen-ferret-224432.hostingersite.com\/"},{"@type":"ListItem","position":2,"name":"Boutique","item":"https:\/\/springgreen-ferret-224432.hostingersite.com\/boutique\/"},{"@type":"ListItem","position":3,"name":"APPLE Watch Ultra 1"}]},{"@type":"WebSite","@id":"https:\/\/springgreen-ferret-224432.hostingersite.com\/#website","url":"https:\/\/springgreen-ferret-224432.hostingersite.com\/","name":"Yamen Tech","description":"","publisher":{"@id":"https:\/\/springgreen-ferret-224432.hostingersite.com\/#organization"},"potentialAction":[{"@type":"SearchAction","target":{"@type":"EntryPoint","urlTemplate":"https:\/\/springgreen-ferret-224432.hostingersite.com\/?s={search_term_string}"},"query-input":{"@type":"PropertyValueSpecification","valueRequired":true,"valueName":"search_term_string"}}],"inLanguage":"en-US"},{"@type":"Organization","@id":"https:\/\/springgreen-ferret-224432.hostingersite.com\/#organization","name":"Yamen Tech","url":"https:\/\/springgreen-ferret-224432.hostingersite.com\/","logo":{"@type":"ImageObject","inLanguage":"en-US","@id":"https:\/\/springgreen-ferret-224432.hostingersite.com\/#\/schema\/logo\/image\/","url":"https:\/\/springgreen-ferret-224432.hostingersite.com\/wp-content\/uploads\/2024\/07\/images-2.png","contentUrl":"https:\/\/springgreen-ferret-224432.hostingersite.com\/wp-content\/uploads\/2024\/07\/images-2.png","width":225,"height":225,"caption":"Yamen Tech"},"image":{"@id":"https:\/\/springgreen-ferret-224432.hostingersite.com\/#\/schema\/logo\/image\/"},"sameAs":["https:\/\/www.facebook.com\/yamentech\/","https:\/\/www.instagram.com\/yamen_tech\/"]}]}},"brands":[],"_links":{"self":[{"href":"https:\/\/demo.yamentech.com\/en\/wp-json\/wp\/v2\/product\/16575","targetHints":{"allow":["GET"]}}],"collection":[{"href":"https:\/\/demo.yamentech.com\/en\/wp-json\/wp\/v2\/product"}],"about":[{"href":"https:\/\/demo.yamentech.com\/en\/wp-json\/wp\/v2\/types\/product"}],"replies":[{"embeddable":true,"href":"https:\/\/demo.yamentech.com\/en\/wp-json\/wp\/v2\/comments?post=16575"}],"version-history":[{"count":4,"href":"https:\/\/demo.yamentech.com\/en\/wp-json\/wp\/v2\/product\/16575\/revisions"}],"predecessor-version":[{"id":18011,"href":"https:\/\/demo.yamentech.com\/en\/wp-json\/wp\/v2\/product\/16575\/revisions\/18011"}],"wp:featuredmedia":[{"embeddable":true,"href":"https:\/\/demo.yamentech.com\/en\/wp-json\/wp\/v2\/media\/17959"}],"wp:attachment":[{"href":"https:\/\/demo.yamentech.com\/en\/wp-json\/wp\/v2\/media?parent=16575"}],"wp:term":[{"taxonomy":"pwb-brand","embeddable":true,"href":"https:\/\/demo.yamentech.com\/en\/wp-json\/wp\/v2\/pwb-brand?post=16575"},{"taxonomy":"product_brand","embeddable":true,"href":"https:\/\/demo.yamentech.com\/en\/wp-json\/wp\/v2\/product_brand?post=16575"},{"taxonomy":"product_cat","embeddable":true,"href":"https:\/\/demo.yamentech.com\/en\/wp-json\/wp\/v2\/product_cat?post=16575"},{"taxonomy":"product_tag","embeddable":true,"href":"https:\/\/demo.yamentech.com\/en\/wp-json\/wp\/v2\/product_tag?post=16575"}],"curies":[{"name":"wp","href":"https:\/\/api.w.org\/{rel}","templated":true}]}}