{"id":16639,"date":"2024-08-05T10:08:50","date_gmt":"2024-08-05T08:08:50","guid":{"rendered":"https:\/\/springgreen-ferret-224432.hostingersite.com\/?post_type=product&#038;p=16639"},"modified":"2025-06-09T18:29:00","modified_gmt":"2025-06-09T16:29:00","slug":"iphone-15-apple","status":"publish","type":"product","link":"https:\/\/demo.yamentech.com\/en\/product\/iphone-15-apple\/","title":{"rendered":"iPhone 15"},"content":{"rendered":"","protected":false},"excerpt":{"rendered":"<p>\u00c9cran\u00a0<strong>6,1&Prime;<\/strong>\u00a0<strong>OLED Super Retina XDR HDR10, Dolby Vision<\/strong>\u00a0&#8211; R\u00e9solution:<strong>\u00a02556 x 1179 pixels \u00e0 460 ppp\u00a0<\/strong>&#8211; Processeur:\u00a0<strong>Puce A16 Bionic (4nm)<\/strong>\u00a0<strong>Hexa-core\u00a0<\/strong>(2&#215;3,46 GHz Everest + 4&#215;2,02 GHz en dents de scie) &#8211;<strong>\u00a0<\/strong>GPU\u00a0<strong>Apple (graphiques 5 c\u0153urs) &#8211;\u00a0<\/strong>Syst\u00e8me d&rsquo;exploitation:\u00a0<strong>iOS 17\u00a0<\/strong>&#8211; M\u00e9moire RAM:\u00a0<strong>6 Go<\/strong>\u00a0&#8211; Stockage:\u00a0<strong>128Go<\/strong>\u00a0&#8211; Appareil photo Arri\u00e8re:\u00a0<strong>DualPixels: 48 MP<\/strong>, f\/1,6, 26 mm\u00a0<strong>+\u00a012 MP<\/strong>, f\/2,4, 13 mm, Zoom num\u00e9rique jusqu&rsquo;\u00e0 10x &#8211; Appareil Avant:\u00a0<strong>12 M\u00e9gaPixels<\/strong>, f\/1.9 &#8211; Vid\u00e9o 4K \u00e0 24\/25\/30\/60 ip &#8211; Son st\u00e9r\u00e9o<strong>\u00a0<\/strong>&#8211; Connectivit\u00e9:\u00a0<strong>5G NR, Wi\u2011Fi 6, Bluetooth 5.3, USB Type-C 2.0<\/strong>\u00a0&#8211; Autonomie jusqu\u2019\u00e0 20 heures de lecture vid\u00e9o, Streaming vid\u00e9o : Jusqu\u2019\u00e0 16 heures, Lecture audio : Jusqu\u2019\u00e0 80 heures &#8211; Batterie:\u00a0<strong>Li-Ion 3349\u00a0mAh &#8211;\u00a0Charge rapide, PD2.0, 50% en 30 min &#8211; 15W sans fil (MagSafe)\u00a0<\/strong>&#8211;<strong>\u00a0Face ID &#8211; Apple Pay &#8211; Siri &#8211; NFC<\/strong>\u00a0&#8211;\u00a0<strong>Indice de protection IP68<\/strong>\u00a0&#8211;\u00a0<strong>D\u00e9tection des accidents &#8211; Appel d\u2019urgence<\/strong>\u00a0&#8211; Garantie: 1 an<\/p>","protected":false},"featured_media":16642,"comment_status":"open","ping_status":"closed","template":"","meta":[],"pwb-brand":[],"product_brand":[],"product_cat":[75,84],"product_tag":[],"class_list":{"0":"post-16639","1":"product","2":"type-product","3":"status-publish","4":"has-post-thumbnail","6":"product_cat-apple","7":"product_cat-iphone","8":"pa_couleur-bleu","9":"pa_couleur-noir","10":"pa_couleur-rose","11":"pa_couleur-vert","12":"pa_stockage-128gb","14":"first","15":"instock","16":"sale","17":"taxable","18":"shipping-taxable","19":"purchasable","20":"product-type-variable","21":"has-default-attributes"},"yoast_head":"<!-- This site is optimized with the Yoast SEO plugin v25.8 - https:\/\/yoast.com\/wordpress\/plugins\/seo\/ -->\n<title>iPhone 15 | Yamen Tech<\/title>\n<meta name=\"description\" content=\"Achat sur Yamen tech iPhone 15 - APPLE et produits high-tech aux meilleurs prix. Comparez et achetez en livraison rapide \u00e0 domicile\" \/>\n<meta name=\"robots\" content=\"index, follow, max-snippet:-1, max-image-preview:large, max-video-preview:-1\" \/>\n<link rel=\"canonical\" href=\"https:\/\/demo.yamentech.com\/en\/product\/iphone-15-apple\/\" \/>\n<meta property=\"og:locale\" content=\"en_US\" \/>\n<meta property=\"og:type\" content=\"article\" \/>\n<meta property=\"og:title\" content=\"iPhone 15 | Yamen Tech\" \/>\n<meta property=\"og:description\" content=\"Achat sur Yamen tech iPhone 15 - APPLE et produits high-tech aux meilleurs prix. Comparez et achetez en livraison rapide \u00e0 domicile\" \/>\n<meta property=\"og:url\" content=\"https:\/\/demo.yamentech.com\/en\/product\/iphone-15-apple\/\" \/>\n<meta property=\"og:site_name\" content=\"Yamen Tech\" \/>\n<meta property=\"article:publisher\" content=\"https:\/\/www.facebook.com\/yamentech\/\" \/>\n<meta property=\"article:modified_time\" content=\"2025-06-09T16:29:00+00:00\" \/>\n<meta property=\"og:image\" content=\"https:\/\/demo.yamentech.com\/wp-content\/uploads\/2024\/08\/iphone-15-128go-midnight-apple.jpg\" \/>\n\t<meta property=\"og:image:width\" content=\"700\" \/>\n\t<meta property=\"og:image:height\" content=\"700\" \/>\n\t<meta property=\"og:image:type\" content=\"image\/jpeg\" \/>\n<meta name=\"twitter:card\" content=\"summary_large_image\" \/>\n<meta name=\"twitter:label1\" content=\"Est. reading time\" \/>\n\t<meta name=\"twitter:data1\" content=\"1 minute\" \/>\n<script type=\"application\/ld+json\" class=\"yoast-schema-graph\">{\"@context\":\"https:\/\/schema.org\",\"@graph\":[{\"@type\":\"WebPage\",\"@id\":\"https:\/\/demo.yamentech.com\/produit\/iphone-15-apple\/\",\"url\":\"https:\/\/demo.yamentech.com\/produit\/iphone-15-apple\/\",\"name\":\"iPhone 15 | Yamen Tech\",\"isPartOf\":{\"@id\":\"https:\/\/springgreen-ferret-224432.hostingersite.com\/#website\"},\"primaryImageOfPage\":{\"@id\":\"https:\/\/demo.yamentech.com\/produit\/iphone-15-apple\/#primaryimage\"},\"image\":{\"@id\":\"https:\/\/demo.yamentech.com\/produit\/iphone-15-apple\/#primaryimage\"},\"thumbnailUrl\":\"https:\/\/demo.yamentech.com\/wp-content\/uploads\/2024\/08\/iphone-15-128go-midnight-apple.jpg\",\"datePublished\":\"2024-08-05T08:08:50+00:00\",\"dateModified\":\"2025-06-09T16:29:00+00:00\",\"description\":\"Achat sur Yamen tech iPhone 15 - APPLE et produits high-tech aux meilleurs prix. Comparez et achetez en livraison rapide \u00e0 domicile\",\"breadcrumb\":{\"@id\":\"https:\/\/demo.yamentech.com\/produit\/iphone-15-apple\/#breadcrumb\"},\"inLanguage\":\"en-US\",\"potentialAction\":[{\"@type\":\"ReadAction\",\"target\":[\"https:\/\/demo.yamentech.com\/produit\/iphone-15-apple\/\"]}]},{\"@type\":\"ImageObject\",\"inLanguage\":\"en-US\",\"@id\":\"https:\/\/demo.yamentech.com\/produit\/iphone-15-apple\/#primaryimage\",\"url\":\"https:\/\/demo.yamentech.com\/wp-content\/uploads\/2024\/08\/iphone-15-128go-midnight-apple.jpg\",\"contentUrl\":\"https:\/\/demo.yamentech.com\/wp-content\/uploads\/2024\/08\/iphone-15-128go-midnight-apple.jpg\",\"width\":700,\"height\":700},{\"@type\":\"BreadcrumbList\",\"@id\":\"https:\/\/demo.yamentech.com\/produit\/iphone-15-apple\/#breadcrumb\",\"itemListElement\":[{\"@type\":\"ListItem\",\"position\":1,\"name\":\"Accueil\",\"item\":\"https:\/\/springgreen-ferret-224432.hostingersite.com\/\"},{\"@type\":\"ListItem\",\"position\":2,\"name\":\"Boutique\",\"item\":\"https:\/\/springgreen-ferret-224432.hostingersite.com\/boutique\/\"},{\"@type\":\"ListItem\",\"position\":3,\"name\":\"iPhone 15\"}]},{\"@type\":\"WebSite\",\"@id\":\"https:\/\/springgreen-ferret-224432.hostingersite.com\/#website\",\"url\":\"https:\/\/springgreen-ferret-224432.hostingersite.com\/\",\"name\":\"Yamen Tech\",\"description\":\"\",\"publisher\":{\"@id\":\"https:\/\/springgreen-ferret-224432.hostingersite.com\/#organization\"},\"potentialAction\":[{\"@type\":\"SearchAction\",\"target\":{\"@type\":\"EntryPoint\",\"urlTemplate\":\"https:\/\/springgreen-ferret-224432.hostingersite.com\/?s={search_term_string}\"},\"query-input\":{\"@type\":\"PropertyValueSpecification\",\"valueRequired\":true,\"valueName\":\"search_term_string\"}}],\"inLanguage\":\"en-US\"},{\"@type\":\"Organization\",\"@id\":\"https:\/\/springgreen-ferret-224432.hostingersite.com\/#organization\",\"name\":\"Yamen Tech\",\"url\":\"https:\/\/springgreen-ferret-224432.hostingersite.com\/\",\"logo\":{\"@type\":\"ImageObject\",\"inLanguage\":\"en-US\",\"@id\":\"https:\/\/springgreen-ferret-224432.hostingersite.com\/#\/schema\/logo\/image\/\",\"url\":\"https:\/\/springgreen-ferret-224432.hostingersite.com\/wp-content\/uploads\/2024\/07\/images-2.png\",\"contentUrl\":\"https:\/\/springgreen-ferret-224432.hostingersite.com\/wp-content\/uploads\/2024\/07\/images-2.png\",\"width\":225,\"height\":225,\"caption\":\"Yamen Tech\"},\"image\":{\"@id\":\"https:\/\/springgreen-ferret-224432.hostingersite.com\/#\/schema\/logo\/image\/\"},\"sameAs\":[\"https:\/\/www.facebook.com\/yamentech\/\",\"https:\/\/www.instagram.com\/yamen_tech\/\"]}]}<\/script>\n<!-- \/ Yoast SEO plugin. -->","yoast_head_json":{"title":"iPhone 15 | Yamen Tech","description":"Achat sur Yamen tech iPhone 15 - APPLE et produits high-tech aux meilleurs prix. Comparez et achetez en livraison rapide \u00e0 domicile","robots":{"index":"index","follow":"follow","max-snippet":"max-snippet:-1","max-image-preview":"max-image-preview:large","max-video-preview":"max-video-preview:-1"},"canonical":"https:\/\/demo.yamentech.com\/en\/product\/iphone-15-apple\/","og_locale":"en_US","og_type":"article","og_title":"iPhone 15 | Yamen Tech","og_description":"Achat sur Yamen tech iPhone 15 - APPLE et produits high-tech aux meilleurs prix. Comparez et achetez en livraison rapide \u00e0 domicile","og_url":"https:\/\/demo.yamentech.com\/en\/product\/iphone-15-apple\/","og_site_name":"Yamen Tech","article_publisher":"https:\/\/www.facebook.com\/yamentech\/","article_modified_time":"2025-06-09T16:29:00+00:00","og_image":[{"width":700,"height":700,"url":"https:\/\/demo.yamentech.com\/wp-content\/uploads\/2024\/08\/iphone-15-128go-midnight-apple.jpg","type":"image\/jpeg"}],"twitter_card":"summary_large_image","twitter_misc":{"Est. reading time":"1 minute"},"schema":{"@context":"https:\/\/schema.org","@graph":[{"@type":"WebPage","@id":"https:\/\/demo.yamentech.com\/produit\/iphone-15-apple\/","url":"https:\/\/demo.yamentech.com\/produit\/iphone-15-apple\/","name":"iPhone 15 | Yamen Tech","isPartOf":{"@id":"https:\/\/springgreen-ferret-224432.hostingersite.com\/#website"},"primaryImageOfPage":{"@id":"https:\/\/demo.yamentech.com\/produit\/iphone-15-apple\/#primaryimage"},"image":{"@id":"https:\/\/demo.yamentech.com\/produit\/iphone-15-apple\/#primaryimage"},"thumbnailUrl":"https:\/\/demo.yamentech.com\/wp-content\/uploads\/2024\/08\/iphone-15-128go-midnight-apple.jpg","datePublished":"2024-08-05T08:08:50+00:00","dateModified":"2025-06-09T16:29:00+00:00","description":"Achat sur Yamen tech iPhone 15 - APPLE et produits high-tech aux meilleurs prix. Comparez et achetez en livraison rapide \u00e0 domicile","breadcrumb":{"@id":"https:\/\/demo.yamentech.com\/produit\/iphone-15-apple\/#breadcrumb"},"inLanguage":"en-US","potentialAction":[{"@type":"ReadAction","target":["https:\/\/demo.yamentech.com\/produit\/iphone-15-apple\/"]}]},{"@type":"ImageObject","inLanguage":"en-US","@id":"https:\/\/demo.yamentech.com\/produit\/iphone-15-apple\/#primaryimage","url":"https:\/\/demo.yamentech.com\/wp-content\/uploads\/2024\/08\/iphone-15-128go-midnight-apple.jpg","contentUrl":"https:\/\/demo.yamentech.com\/wp-content\/uploads\/2024\/08\/iphone-15-128go-midnight-apple.jpg","width":700,"height":700},{"@type":"BreadcrumbList","@id":"https:\/\/demo.yamentech.com\/produit\/iphone-15-apple\/#breadcrumb","itemListElement":[{"@type":"ListItem","position":1,"name":"Accueil","item":"https:\/\/springgreen-ferret-224432.hostingersite.com\/"},{"@type":"ListItem","position":2,"name":"Boutique","item":"https:\/\/springgreen-ferret-224432.hostingersite.com\/boutique\/"},{"@type":"ListItem","position":3,"name":"iPhone 15"}]},{"@type":"WebSite","@id":"https:\/\/springgreen-ferret-224432.hostingersite.com\/#website","url":"https:\/\/springgreen-ferret-224432.hostingersite.com\/","name":"Yamen Tech","description":"","publisher":{"@id":"https:\/\/springgreen-ferret-224432.hostingersite.com\/#organization"},"potentialAction":[{"@type":"SearchAction","target":{"@type":"EntryPoint","urlTemplate":"https:\/\/springgreen-ferret-224432.hostingersite.com\/?s={search_term_string}"},"query-input":{"@type":"PropertyValueSpecification","valueRequired":true,"valueName":"search_term_string"}}],"inLanguage":"en-US"},{"@type":"Organization","@id":"https:\/\/springgreen-ferret-224432.hostingersite.com\/#organization","name":"Yamen Tech","url":"https:\/\/springgreen-ferret-224432.hostingersite.com\/","logo":{"@type":"ImageObject","inLanguage":"en-US","@id":"https:\/\/springgreen-ferret-224432.hostingersite.com\/#\/schema\/logo\/image\/","url":"https:\/\/springgreen-ferret-224432.hostingersite.com\/wp-content\/uploads\/2024\/07\/images-2.png","contentUrl":"https:\/\/springgreen-ferret-224432.hostingersite.com\/wp-content\/uploads\/2024\/07\/images-2.png","width":225,"height":225,"caption":"Yamen Tech"},"image":{"@id":"https:\/\/springgreen-ferret-224432.hostingersite.com\/#\/schema\/logo\/image\/"},"sameAs":["https:\/\/www.facebook.com\/yamentech\/","https:\/\/www.instagram.com\/yamen_tech\/"]}]}},"brands":[],"_links":{"self":[{"href":"https:\/\/demo.yamentech.com\/en\/wp-json\/wp\/v2\/product\/16639","targetHints":{"allow":["GET"]}}],"collection":[{"href":"https:\/\/demo.yamentech.com\/en\/wp-json\/wp\/v2\/product"}],"about":[{"href":"https:\/\/demo.yamentech.com\/en\/wp-json\/wp\/v2\/types\/product"}],"replies":[{"embeddable":true,"href":"https:\/\/demo.yamentech.com\/en\/wp-json\/wp\/v2\/comments?post=16639"}],"version-history":[{"count":2,"href":"https:\/\/demo.yamentech.com\/en\/wp-json\/wp\/v2\/product\/16639\/revisions"}],"predecessor-version":[{"id":20406,"href":"https:\/\/demo.yamentech.com\/en\/wp-json\/wp\/v2\/product\/16639\/revisions\/20406"}],"wp:featuredmedia":[{"embeddable":true,"href":"https:\/\/demo.yamentech.com\/en\/wp-json\/wp\/v2\/media\/16642"}],"wp:attachment":[{"href":"https:\/\/demo.yamentech.com\/en\/wp-json\/wp\/v2\/media?parent=16639"}],"wp:term":[{"taxonomy":"pwb-brand","embeddable":true,"href":"https:\/\/demo.yamentech.com\/en\/wp-json\/wp\/v2\/pwb-brand?post=16639"},{"taxonomy":"product_brand","embeddable":true,"href":"https:\/\/demo.yamentech.com\/en\/wp-json\/wp\/v2\/product_brand?post=16639"},{"taxonomy":"product_cat","embeddable":true,"href":"https:\/\/demo.yamentech.com\/en\/wp-json\/wp\/v2\/product_cat?post=16639"},{"taxonomy":"product_tag","embeddable":true,"href":"https:\/\/demo.yamentech.com\/en\/wp-json\/wp\/v2\/product_tag?post=16639"}],"curies":[{"name":"wp","href":"https:\/\/api.w.org\/{rel}","templated":true}]}}