{"id":16697,"date":"2024-08-05T11:45:18","date_gmt":"2024-08-05T09:45:18","guid":{"rendered":"https:\/\/springgreen-ferret-224432.hostingersite.com\/?post_type=product&#038;p=16697"},"modified":"2025-07-05T19:21:06","modified_gmt":"2025-07-05T17:21:06","slug":"smartphone-samsung-galaxy-s24-ultra","status":"publish","type":"product","link":"https:\/\/demo.yamentech.com\/en\/product\/smartphone-samsung-galaxy-s24-ultra\/","title":{"rendered":"Smartphone SAMSUNG GALAXY S24 Ultra"},"content":{"rendered":"","protected":false},"excerpt":{"rendered":"<p>\u00c9cran\u00a0<strong>6.8&Prime; QHD+ Dynamic AMOLED 2X, 120Hz, HDR10+<\/strong>\u00a0(3120 x 1440px) &#8211;<strong>\u00a0Corning Gorilla Armor &#8211; Armure en Titane &#8211;\u00a0<\/strong>Processeur:\u00a0<strong>Snapdragon 8 Gen 3(4 nm) Octa-core\u00a0<\/strong>&#8211; Syst\u00e8me d&rsquo;exploitation:<strong>\u00a0Android 14 UI 6.1<\/strong>\u00a0&#8211; M\u00e9moire RAM:<strong>\u00a012Go\u00a0<\/strong>&#8211; Stockage:\u00a0<strong>256 Go<\/strong>\u00a0&#8211;<strong>\u00a0Moteur ProVisual:\u00a0<\/strong>Cam\u00e9ra arri\u00e8re Super HDR: Quad\u00a0<strong>200MP<\/strong>\u00a0+\u00a0<strong>50 MP<\/strong>\u00a0+<strong>\u00a012MP + 10MP<\/strong>\u00a0&#8211; Avant:\u00a0<strong>12 MP<\/strong><strong>\u00a0<\/strong>&#8211; zoom num\u00e9rique jusqu&rsquo;\u00e0 100x &#8211; Vid\u00e9o:<strong>\u00a0UHD 8<\/strong><strong>K (7680 x 4320px) &#8211; Haut-parleurs st\u00e9r\u00e9o &#8211;\u00a0AI: Circle to search, Live Translate(13 languages), Transcript assist, photo assist, interpreter assist &#8211; Note assist &#8211; Quick Share\u00a0&#8211;\u00a0<\/strong>S\u00e9curit\u00e9 et confidentialit\u00e9 prot\u00e9g\u00e9es par\u00a0<strong>Knox Matrix\u00a0&#8211;<\/strong>\u00a0Connectivit\u00e9:\u00a0<strong>WiFi 5G, Bluetooth 5.3<\/strong>\u00a0&#8211;<strong>\u00a0NFC &#8211; Lecteur d&#8217;empreinte digitale<\/strong>\u00a0&#8211; Batterie:\u00a0<strong>5000 mAh<\/strong>\u00a0&#8211; Charge rapide de 0 \u00e0 65 % en 30 minutes<strong>\u00a0&#8211; Regardez des vid\u00e9os jusqu\u2019\u00e0 30heures, \u00c9coutez de la musique jusqu\u2019\u00e0 95heures &#8211; Chambre de refroidissement plus grande de 1.5X(gaming)\u00a0<\/strong>&#8211; Samsung care+ &#8211;\u00a0R\u00e9sistant \u00e0 l&rsquo;eau:\u00a0<strong>IP68<\/strong>\u00a0&#8211; Double sim &#8211; USB Type C &#8211; Couleur: Gris Titanium &#8211; Garantie: 1 an<\/p>","protected":false},"featured_media":16701,"comment_status":"open","ping_status":"closed","template":"","meta":[],"pwb-brand":[],"product_brand":[],"product_cat":[74,76],"product_tag":[],"class_list":{"0":"post-16697","1":"product","2":"type-product","3":"status-publish","4":"has-post-thumbnail","6":"product_cat-android","7":"product_cat-samsung","8":"pa_couleur-black-titanium","9":"pa_couleur-gris-titanium","10":"pa_couleur-jaune-titanium","11":"pa_couleur-violet-titanium","13":"first","14":"instock","15":"sale","16":"taxable","17":"shipping-taxable","18":"purchasable","19":"product-type-variable","20":"has-default-attributes"},"yoast_head":"<!-- This site is optimized with the Yoast SEO plugin v25.8 - https:\/\/yoast.com\/wordpress\/plugins\/seo\/ -->\n<title>Smartphone SAMSUNG GALAXY S24 Ultra | Yamen Tech<\/title>\n<meta name=\"description\" content=\"Achat sur Yamen tech SAMSUNG GALAXY S24 Ultra et produits high-tech aux meilleurs prix. Comparez et achetez en livraison rapide \u00e0 domicile\" \/>\n<meta name=\"robots\" content=\"index, follow, max-snippet:-1, max-image-preview:large, max-video-preview:-1\" \/>\n<link rel=\"canonical\" href=\"https:\/\/demo.yamentech.com\/en\/product\/smartphone-samsung-galaxy-s24-ultra\/\" \/>\n<meta property=\"og:locale\" content=\"en_US\" \/>\n<meta property=\"og:type\" content=\"article\" \/>\n<meta property=\"og:title\" content=\"Smartphone SAMSUNG GALAXY S24 Ultra | Yamen Tech\" \/>\n<meta property=\"og:description\" content=\"Achat sur Yamen tech SAMSUNG GALAXY S24 Ultra et produits high-tech aux meilleurs prix. Comparez et achetez en livraison rapide \u00e0 domicile\" \/>\n<meta property=\"og:url\" content=\"https:\/\/demo.yamentech.com\/en\/product\/smartphone-samsung-galaxy-s24-ultra\/\" \/>\n<meta property=\"og:site_name\" content=\"Yamen Tech\" \/>\n<meta property=\"article:publisher\" content=\"https:\/\/www.facebook.com\/yamentech\/\" \/>\n<meta property=\"article:modified_time\" content=\"2025-07-05T17:21:06+00:00\" \/>\n<meta property=\"og:image\" content=\"https:\/\/demo.yamentech.com\/wp-content\/uploads\/2024\/08\/smartphone-samsung-galaxy-s24-ultra-12go-256go-gris.jpg\" \/>\n\t<meta property=\"og:image:width\" content=\"700\" \/>\n\t<meta property=\"og:image:height\" content=\"700\" \/>\n\t<meta property=\"og:image:type\" content=\"image\/jpeg\" \/>\n<meta name=\"twitter:card\" content=\"summary_large_image\" \/>\n<meta name=\"twitter:label1\" content=\"Est. reading time\" \/>\n\t<meta name=\"twitter:data1\" content=\"1 minute\" \/>\n<script type=\"application\/ld+json\" class=\"yoast-schema-graph\">{\"@context\":\"https:\/\/schema.org\",\"@graph\":[{\"@type\":\"WebPage\",\"@id\":\"https:\/\/demo.yamentech.com\/produit\/smartphone-samsung-galaxy-s24-ultra\/\",\"url\":\"https:\/\/demo.yamentech.com\/produit\/smartphone-samsung-galaxy-s24-ultra\/\",\"name\":\"Smartphone SAMSUNG GALAXY S24 Ultra | Yamen Tech\",\"isPartOf\":{\"@id\":\"https:\/\/springgreen-ferret-224432.hostingersite.com\/#website\"},\"primaryImageOfPage\":{\"@id\":\"https:\/\/demo.yamentech.com\/produit\/smartphone-samsung-galaxy-s24-ultra\/#primaryimage\"},\"image\":{\"@id\":\"https:\/\/demo.yamentech.com\/produit\/smartphone-samsung-galaxy-s24-ultra\/#primaryimage\"},\"thumbnailUrl\":\"https:\/\/demo.yamentech.com\/wp-content\/uploads\/2024\/08\/smartphone-samsung-galaxy-s24-ultra-12go-256go-gris.jpg\",\"datePublished\":\"2024-08-05T09:45:18+00:00\",\"dateModified\":\"2025-07-05T17:21:06+00:00\",\"description\":\"Achat sur Yamen tech SAMSUNG GALAXY S24 Ultra et produits high-tech aux meilleurs prix. Comparez et achetez en livraison rapide \u00e0 domicile\",\"breadcrumb\":{\"@id\":\"https:\/\/demo.yamentech.com\/produit\/smartphone-samsung-galaxy-s24-ultra\/#breadcrumb\"},\"inLanguage\":\"en-US\",\"potentialAction\":[{\"@type\":\"ReadAction\",\"target\":[\"https:\/\/demo.yamentech.com\/produit\/smartphone-samsung-galaxy-s24-ultra\/\"]}]},{\"@type\":\"ImageObject\",\"inLanguage\":\"en-US\",\"@id\":\"https:\/\/demo.yamentech.com\/produit\/smartphone-samsung-galaxy-s24-ultra\/#primaryimage\",\"url\":\"https:\/\/demo.yamentech.com\/wp-content\/uploads\/2024\/08\/smartphone-samsung-galaxy-s24-ultra-12go-256go-gris.jpg\",\"contentUrl\":\"https:\/\/demo.yamentech.com\/wp-content\/uploads\/2024\/08\/smartphone-samsung-galaxy-s24-ultra-12go-256go-gris.jpg\",\"width\":700,\"height\":700},{\"@type\":\"BreadcrumbList\",\"@id\":\"https:\/\/demo.yamentech.com\/produit\/smartphone-samsung-galaxy-s24-ultra\/#breadcrumb\",\"itemListElement\":[{\"@type\":\"ListItem\",\"position\":1,\"name\":\"Accueil\",\"item\":\"https:\/\/springgreen-ferret-224432.hostingersite.com\/\"},{\"@type\":\"ListItem\",\"position\":2,\"name\":\"Boutique\",\"item\":\"https:\/\/springgreen-ferret-224432.hostingersite.com\/boutique\/\"},{\"@type\":\"ListItem\",\"position\":3,\"name\":\"Smartphone SAMSUNG GALAXY S24 Ultra\"}]},{\"@type\":\"WebSite\",\"@id\":\"https:\/\/springgreen-ferret-224432.hostingersite.com\/#website\",\"url\":\"https:\/\/springgreen-ferret-224432.hostingersite.com\/\",\"name\":\"Yamen Tech\",\"description\":\"\",\"publisher\":{\"@id\":\"https:\/\/springgreen-ferret-224432.hostingersite.com\/#organization\"},\"potentialAction\":[{\"@type\":\"SearchAction\",\"target\":{\"@type\":\"EntryPoint\",\"urlTemplate\":\"https:\/\/springgreen-ferret-224432.hostingersite.com\/?s={search_term_string}\"},\"query-input\":{\"@type\":\"PropertyValueSpecification\",\"valueRequired\":true,\"valueName\":\"search_term_string\"}}],\"inLanguage\":\"en-US\"},{\"@type\":\"Organization\",\"@id\":\"https:\/\/springgreen-ferret-224432.hostingersite.com\/#organization\",\"name\":\"Yamen Tech\",\"url\":\"https:\/\/springgreen-ferret-224432.hostingersite.com\/\",\"logo\":{\"@type\":\"ImageObject\",\"inLanguage\":\"en-US\",\"@id\":\"https:\/\/springgreen-ferret-224432.hostingersite.com\/#\/schema\/logo\/image\/\",\"url\":\"https:\/\/springgreen-ferret-224432.hostingersite.com\/wp-content\/uploads\/2024\/07\/images-2.png\",\"contentUrl\":\"https:\/\/springgreen-ferret-224432.hostingersite.com\/wp-content\/uploads\/2024\/07\/images-2.png\",\"width\":225,\"height\":225,\"caption\":\"Yamen Tech\"},\"image\":{\"@id\":\"https:\/\/springgreen-ferret-224432.hostingersite.com\/#\/schema\/logo\/image\/\"},\"sameAs\":[\"https:\/\/www.facebook.com\/yamentech\/\",\"https:\/\/www.instagram.com\/yamen_tech\/\"]}]}<\/script>\n<!-- \/ Yoast SEO plugin. -->","yoast_head_json":{"title":"Smartphone SAMSUNG GALAXY S24 Ultra | Yamen Tech","description":"Achat sur Yamen tech SAMSUNG GALAXY S24 Ultra et produits high-tech aux meilleurs prix. Comparez et achetez en livraison rapide \u00e0 domicile","robots":{"index":"index","follow":"follow","max-snippet":"max-snippet:-1","max-image-preview":"max-image-preview:large","max-video-preview":"max-video-preview:-1"},"canonical":"https:\/\/demo.yamentech.com\/en\/product\/smartphone-samsung-galaxy-s24-ultra\/","og_locale":"en_US","og_type":"article","og_title":"Smartphone SAMSUNG GALAXY S24 Ultra | Yamen Tech","og_description":"Achat sur Yamen tech SAMSUNG GALAXY S24 Ultra et produits high-tech aux meilleurs prix. Comparez et achetez en livraison rapide \u00e0 domicile","og_url":"https:\/\/demo.yamentech.com\/en\/product\/smartphone-samsung-galaxy-s24-ultra\/","og_site_name":"Yamen Tech","article_publisher":"https:\/\/www.facebook.com\/yamentech\/","article_modified_time":"2025-07-05T17:21:06+00:00","og_image":[{"width":700,"height":700,"url":"https:\/\/demo.yamentech.com\/wp-content\/uploads\/2024\/08\/smartphone-samsung-galaxy-s24-ultra-12go-256go-gris.jpg","type":"image\/jpeg"}],"twitter_card":"summary_large_image","twitter_misc":{"Est. reading time":"1 minute"},"schema":{"@context":"https:\/\/schema.org","@graph":[{"@type":"WebPage","@id":"https:\/\/demo.yamentech.com\/produit\/smartphone-samsung-galaxy-s24-ultra\/","url":"https:\/\/demo.yamentech.com\/produit\/smartphone-samsung-galaxy-s24-ultra\/","name":"Smartphone SAMSUNG GALAXY S24 Ultra | Yamen Tech","isPartOf":{"@id":"https:\/\/springgreen-ferret-224432.hostingersite.com\/#website"},"primaryImageOfPage":{"@id":"https:\/\/demo.yamentech.com\/produit\/smartphone-samsung-galaxy-s24-ultra\/#primaryimage"},"image":{"@id":"https:\/\/demo.yamentech.com\/produit\/smartphone-samsung-galaxy-s24-ultra\/#primaryimage"},"thumbnailUrl":"https:\/\/demo.yamentech.com\/wp-content\/uploads\/2024\/08\/smartphone-samsung-galaxy-s24-ultra-12go-256go-gris.jpg","datePublished":"2024-08-05T09:45:18+00:00","dateModified":"2025-07-05T17:21:06+00:00","description":"Achat sur Yamen tech SAMSUNG GALAXY S24 Ultra et produits high-tech aux meilleurs prix. Comparez et achetez en livraison rapide \u00e0 domicile","breadcrumb":{"@id":"https:\/\/demo.yamentech.com\/produit\/smartphone-samsung-galaxy-s24-ultra\/#breadcrumb"},"inLanguage":"en-US","potentialAction":[{"@type":"ReadAction","target":["https:\/\/demo.yamentech.com\/produit\/smartphone-samsung-galaxy-s24-ultra\/"]}]},{"@type":"ImageObject","inLanguage":"en-US","@id":"https:\/\/demo.yamentech.com\/produit\/smartphone-samsung-galaxy-s24-ultra\/#primaryimage","url":"https:\/\/demo.yamentech.com\/wp-content\/uploads\/2024\/08\/smartphone-samsung-galaxy-s24-ultra-12go-256go-gris.jpg","contentUrl":"https:\/\/demo.yamentech.com\/wp-content\/uploads\/2024\/08\/smartphone-samsung-galaxy-s24-ultra-12go-256go-gris.jpg","width":700,"height":700},{"@type":"BreadcrumbList","@id":"https:\/\/demo.yamentech.com\/produit\/smartphone-samsung-galaxy-s24-ultra\/#breadcrumb","itemListElement":[{"@type":"ListItem","position":1,"name":"Accueil","item":"https:\/\/springgreen-ferret-224432.hostingersite.com\/"},{"@type":"ListItem","position":2,"name":"Boutique","item":"https:\/\/springgreen-ferret-224432.hostingersite.com\/boutique\/"},{"@type":"ListItem","position":3,"name":"Smartphone SAMSUNG GALAXY S24 Ultra"}]},{"@type":"WebSite","@id":"https:\/\/springgreen-ferret-224432.hostingersite.com\/#website","url":"https:\/\/springgreen-ferret-224432.hostingersite.com\/","name":"Yamen Tech","description":"","publisher":{"@id":"https:\/\/springgreen-ferret-224432.hostingersite.com\/#organization"},"potentialAction":[{"@type":"SearchAction","target":{"@type":"EntryPoint","urlTemplate":"https:\/\/springgreen-ferret-224432.hostingersite.com\/?s={search_term_string}"},"query-input":{"@type":"PropertyValueSpecification","valueRequired":true,"valueName":"search_term_string"}}],"inLanguage":"en-US"},{"@type":"Organization","@id":"https:\/\/springgreen-ferret-224432.hostingersite.com\/#organization","name":"Yamen Tech","url":"https:\/\/springgreen-ferret-224432.hostingersite.com\/","logo":{"@type":"ImageObject","inLanguage":"en-US","@id":"https:\/\/springgreen-ferret-224432.hostingersite.com\/#\/schema\/logo\/image\/","url":"https:\/\/springgreen-ferret-224432.hostingersite.com\/wp-content\/uploads\/2024\/07\/images-2.png","contentUrl":"https:\/\/springgreen-ferret-224432.hostingersite.com\/wp-content\/uploads\/2024\/07\/images-2.png","width":225,"height":225,"caption":"Yamen Tech"},"image":{"@id":"https:\/\/springgreen-ferret-224432.hostingersite.com\/#\/schema\/logo\/image\/"},"sameAs":["https:\/\/www.facebook.com\/yamentech\/","https:\/\/www.instagram.com\/yamen_tech\/"]}]}},"brands":[],"_links":{"self":[{"href":"https:\/\/demo.yamentech.com\/en\/wp-json\/wp\/v2\/product\/16697","targetHints":{"allow":["GET"]}}],"collection":[{"href":"https:\/\/demo.yamentech.com\/en\/wp-json\/wp\/v2\/product"}],"about":[{"href":"https:\/\/demo.yamentech.com\/en\/wp-json\/wp\/v2\/types\/product"}],"replies":[{"embeddable":true,"href":"https:\/\/demo.yamentech.com\/en\/wp-json\/wp\/v2\/comments?post=16697"}],"version-history":[{"count":2,"href":"https:\/\/demo.yamentech.com\/en\/wp-json\/wp\/v2\/product\/16697\/revisions"}],"predecessor-version":[{"id":20291,"href":"https:\/\/demo.yamentech.com\/en\/wp-json\/wp\/v2\/product\/16697\/revisions\/20291"}],"wp:featuredmedia":[{"embeddable":true,"href":"https:\/\/demo.yamentech.com\/en\/wp-json\/wp\/v2\/media\/16701"}],"wp:attachment":[{"href":"https:\/\/demo.yamentech.com\/en\/wp-json\/wp\/v2\/media?parent=16697"}],"wp:term":[{"taxonomy":"pwb-brand","embeddable":true,"href":"https:\/\/demo.yamentech.com\/en\/wp-json\/wp\/v2\/pwb-brand?post=16697"},{"taxonomy":"product_brand","embeddable":true,"href":"https:\/\/demo.yamentech.com\/en\/wp-json\/wp\/v2\/product_brand?post=16697"},{"taxonomy":"product_cat","embeddable":true,"href":"https:\/\/demo.yamentech.com\/en\/wp-json\/wp\/v2\/product_cat?post=16697"},{"taxonomy":"product_tag","embeddable":true,"href":"https:\/\/demo.yamentech.com\/en\/wp-json\/wp\/v2\/product_tag?post=16697"}],"curies":[{"name":"wp","href":"https:\/\/api.w.org\/{rel}","templated":true}]}}