{"id":16874,"date":"2024-08-05T14:36:40","date_gmt":"2024-08-05T12:36:40","guid":{"rendered":"https:\/\/springgreen-ferret-224432.hostingersite.com\/?post_type=product&#038;p=16874"},"modified":"2025-06-10T17:52:53","modified_gmt":"2025-06-10T15:52:53","slug":"smartphone-xiaomi-redmi-note-13-pro-5g","status":"publish","type":"product","link":"https:\/\/demo.yamentech.com\/en\/product\/smartphone-xiaomi-redmi-note-13-pro-5g\/","title":{"rendered":"Smartphone XIAOMI Redmi Note 13 Pro+ 5G"},"content":{"rendered":"","protected":false},"excerpt":{"rendered":"<p>\u00c9cran\u00a0<strong>incurv\u00e9 1,5K,\u00a0<\/strong><strong>6.67&Prime; CrystalRes AMOLED\u00a0(1220 x 2712 px),\u00a0120\u00a0Hz<\/strong>\u00a0&#8211; Dolby Vision, HDR10+ &#8211; Corning Gorilla Glass Victus &#8211; Processeur:\u00a0<strong>Mediatek Dimensity 7200 Ultra (4 nm)\u00a0Octa-core<\/strong>\u00a0(jusqu&rsquo;\u00e0 2,8 GHz), Mali-G610 &#8211; Syst\u00e9me d&rsquo;exploitation:\u00a0<strong>Android 13<\/strong>\u00a0<strong>MIUI 14\u00a0&#8211;<\/strong>\u00a0M\u00e9moire RAM:\u00a0<strong>8<\/strong><strong>Go<\/strong>\u00a0&#8211; Stockage<strong>:<\/strong>\u00a0<strong>256Go<\/strong>\u00a0&#8211; Appareil photo Arriere:\u00a0<strong>Trio 200MP OIS 4K + 8MP + 2MP<\/strong>, Frontale:\u00a0<strong>16MP<\/strong>\u00a0&#8211; Connectivit\u00e9:\u00a0<strong>5G, Wifi 6<\/strong>, et Bluetooth 5.3\u00a0&#8211; Double SIM &#8211;\u00a0<span class=\"xm-text f-light\" data-key=\"spec_75\" data-type=\"text\" data-id=\"544669ec9d\">Double haut-parleur\u00a0<\/span><span class=\"xm-text f-light\" data-key=\"spec_76\" data-type=\"text\" data-id=\"565928f0d8\">Dolby Atmos &#8211;\u00a0<\/span>Batterie:\u00a0<strong>5000 mAh &#8211; HyperCharge 120 W &#8211; Charge \u00e0 100 % en 19 minutes\u00a0<\/strong>&#8211;\u00a0<strong><span class=\"xm-text f-light\" data-key=\"spec_56\" data-type=\"text\" data-id=\"0dc0744ecd\">Empreintes digitales,\u00a0<\/span><\/strong><span class=\"xm-text f-light\" data-key=\"spec_57\" data-type=\"text\" data-id=\"8cae001ad8\"><strong>D\u00e9verrouillage par reconnaissance faciale via l&rsquo;IA<\/strong>\u00a0&#8211;\u00a0<\/span>R\u00e9sistant aux \u00e9claboussures, \u00e0 l&rsquo;eau et \u00e0 la poussi\u00e8re:<strong>\u00a0IP68\u00a0&#8211;\u00a0<\/strong>Couleur: Noir &#8211; Garantie: 1an<\/p>","protected":false},"featured_media":16877,"comment_status":"open","ping_status":"closed","template":"","meta":[],"pwb-brand":[],"product_brand":[],"product_cat":[74,78],"product_tag":[],"class_list":{"0":"post-16874","1":"product","2":"type-product","3":"status-publish","4":"has-post-thumbnail","6":"product_cat-android","7":"product_cat-xiaomi","8":"pa_couleur-blanc","9":"pa_couleur-noir","10":"pa_couleur-violet","11":"pa_stockage-256gb","12":"pa_stockage-512gb","14":"first","15":"instock","16":"sale","17":"taxable","18":"shipping-taxable","19":"purchasable","20":"product-type-variable","21":"has-default-attributes"},"yoast_head":"<!-- This site is optimized with the Yoast SEO plugin v25.8 - https:\/\/yoast.com\/wordpress\/plugins\/seo\/ -->\n<title>Smartphone XIAOMI Redmi Note 13 Pro+ 5G | Yamen Tech<\/title>\n<meta name=\"description\" content=\"Achat sur Yamen tech Smartphone XIAOMI Redmi Note 13 Pro+ et produits high-tech aux meilleurs prix. Comparez et achetez en livraison rapide \u00e0 domicile\" \/>\n<meta name=\"robots\" content=\"index, follow, max-snippet:-1, max-image-preview:large, max-video-preview:-1\" \/>\n<link rel=\"canonical\" href=\"https:\/\/demo.yamentech.com\/en\/product\/smartphone-xiaomi-redmi-note-13-pro-5g\/\" \/>\n<meta property=\"og:locale\" content=\"en_US\" \/>\n<meta property=\"og:type\" content=\"article\" \/>\n<meta property=\"og:title\" content=\"Smartphone XIAOMI Redmi Note 13 Pro+ 5G | Yamen Tech\" \/>\n<meta property=\"og:description\" content=\"Achat sur Yamen tech Smartphone XIAOMI Redmi Note 13 Pro+ et produits high-tech aux meilleurs prix. Comparez et achetez en livraison rapide \u00e0 domicile\" \/>\n<meta property=\"og:url\" content=\"https:\/\/demo.yamentech.com\/en\/product\/smartphone-xiaomi-redmi-note-13-pro-5g\/\" \/>\n<meta property=\"og:site_name\" content=\"Yamen Tech\" \/>\n<meta property=\"article:publisher\" content=\"https:\/\/www.facebook.com\/yamentech\/\" \/>\n<meta property=\"article:modified_time\" content=\"2025-06-10T15:52:53+00:00\" \/>\n<meta property=\"og:image\" content=\"https:\/\/demo.yamentech.com\/wp-content\/uploads\/2024\/08\/smartphone-xiaomi-redmi-note-13-pro-plus-5g-8go-256go-noir11.jpg\" \/>\n\t<meta property=\"og:image:width\" content=\"700\" \/>\n\t<meta property=\"og:image:height\" content=\"700\" \/>\n\t<meta property=\"og:image:type\" content=\"image\/jpeg\" \/>\n<meta name=\"twitter:card\" content=\"summary_large_image\" \/>\n<meta name=\"twitter:label1\" content=\"Est. reading time\" \/>\n\t<meta name=\"twitter:data1\" content=\"1 minute\" \/>\n<script type=\"application\/ld+json\" class=\"yoast-schema-graph\">{\"@context\":\"https:\/\/schema.org\",\"@graph\":[{\"@type\":\"WebPage\",\"@id\":\"https:\/\/demo.yamentech.com\/produit\/smartphone-xiaomi-redmi-note-13-pro-5g\/\",\"url\":\"https:\/\/demo.yamentech.com\/produit\/smartphone-xiaomi-redmi-note-13-pro-5g\/\",\"name\":\"Smartphone XIAOMI Redmi Note 13 Pro+ 5G | Yamen Tech\",\"isPartOf\":{\"@id\":\"https:\/\/springgreen-ferret-224432.hostingersite.com\/#website\"},\"primaryImageOfPage\":{\"@id\":\"https:\/\/demo.yamentech.com\/produit\/smartphone-xiaomi-redmi-note-13-pro-5g\/#primaryimage\"},\"image\":{\"@id\":\"https:\/\/demo.yamentech.com\/produit\/smartphone-xiaomi-redmi-note-13-pro-5g\/#primaryimage\"},\"thumbnailUrl\":\"https:\/\/demo.yamentech.com\/wp-content\/uploads\/2024\/08\/smartphone-xiaomi-redmi-note-13-pro-plus-5g-8go-256go-noir11.jpg\",\"datePublished\":\"2024-08-05T12:36:40+00:00\",\"dateModified\":\"2025-06-10T15:52:53+00:00\",\"description\":\"Achat sur Yamen tech Smartphone XIAOMI Redmi Note 13 Pro+ et produits high-tech aux meilleurs prix. Comparez et achetez en livraison rapide \u00e0 domicile\",\"breadcrumb\":{\"@id\":\"https:\/\/demo.yamentech.com\/produit\/smartphone-xiaomi-redmi-note-13-pro-5g\/#breadcrumb\"},\"inLanguage\":\"en-US\",\"potentialAction\":[{\"@type\":\"ReadAction\",\"target\":[\"https:\/\/demo.yamentech.com\/produit\/smartphone-xiaomi-redmi-note-13-pro-5g\/\"]}]},{\"@type\":\"ImageObject\",\"inLanguage\":\"en-US\",\"@id\":\"https:\/\/demo.yamentech.com\/produit\/smartphone-xiaomi-redmi-note-13-pro-5g\/#primaryimage\",\"url\":\"https:\/\/demo.yamentech.com\/wp-content\/uploads\/2024\/08\/smartphone-xiaomi-redmi-note-13-pro-plus-5g-8go-256go-noir11.jpg\",\"contentUrl\":\"https:\/\/demo.yamentech.com\/wp-content\/uploads\/2024\/08\/smartphone-xiaomi-redmi-note-13-pro-plus-5g-8go-256go-noir11.jpg\",\"width\":700,\"height\":700},{\"@type\":\"BreadcrumbList\",\"@id\":\"https:\/\/demo.yamentech.com\/produit\/smartphone-xiaomi-redmi-note-13-pro-5g\/#breadcrumb\",\"itemListElement\":[{\"@type\":\"ListItem\",\"position\":1,\"name\":\"Accueil\",\"item\":\"https:\/\/springgreen-ferret-224432.hostingersite.com\/\"},{\"@type\":\"ListItem\",\"position\":2,\"name\":\"Boutique\",\"item\":\"https:\/\/springgreen-ferret-224432.hostingersite.com\/boutique\/\"},{\"@type\":\"ListItem\",\"position\":3,\"name\":\"Smartphone XIAOMI Redmi Note 13 Pro+ 5G\"}]},{\"@type\":\"WebSite\",\"@id\":\"https:\/\/springgreen-ferret-224432.hostingersite.com\/#website\",\"url\":\"https:\/\/springgreen-ferret-224432.hostingersite.com\/\",\"name\":\"Yamen Tech\",\"description\":\"\",\"publisher\":{\"@id\":\"https:\/\/springgreen-ferret-224432.hostingersite.com\/#organization\"},\"potentialAction\":[{\"@type\":\"SearchAction\",\"target\":{\"@type\":\"EntryPoint\",\"urlTemplate\":\"https:\/\/springgreen-ferret-224432.hostingersite.com\/?s={search_term_string}\"},\"query-input\":{\"@type\":\"PropertyValueSpecification\",\"valueRequired\":true,\"valueName\":\"search_term_string\"}}],\"inLanguage\":\"en-US\"},{\"@type\":\"Organization\",\"@id\":\"https:\/\/springgreen-ferret-224432.hostingersite.com\/#organization\",\"name\":\"Yamen Tech\",\"url\":\"https:\/\/springgreen-ferret-224432.hostingersite.com\/\",\"logo\":{\"@type\":\"ImageObject\",\"inLanguage\":\"en-US\",\"@id\":\"https:\/\/springgreen-ferret-224432.hostingersite.com\/#\/schema\/logo\/image\/\",\"url\":\"https:\/\/springgreen-ferret-224432.hostingersite.com\/wp-content\/uploads\/2024\/07\/images-2.png\",\"contentUrl\":\"https:\/\/springgreen-ferret-224432.hostingersite.com\/wp-content\/uploads\/2024\/07\/images-2.png\",\"width\":225,\"height\":225,\"caption\":\"Yamen Tech\"},\"image\":{\"@id\":\"https:\/\/springgreen-ferret-224432.hostingersite.com\/#\/schema\/logo\/image\/\"},\"sameAs\":[\"https:\/\/www.facebook.com\/yamentech\/\",\"https:\/\/www.instagram.com\/yamen_tech\/\"]}]}<\/script>\n<!-- \/ Yoast SEO plugin. -->","yoast_head_json":{"title":"Smartphone XIAOMI Redmi Note 13 Pro+ 5G | Yamen Tech","description":"Achat sur Yamen tech Smartphone XIAOMI Redmi Note 13 Pro+ et produits high-tech aux meilleurs prix. Comparez et achetez en livraison rapide \u00e0 domicile","robots":{"index":"index","follow":"follow","max-snippet":"max-snippet:-1","max-image-preview":"max-image-preview:large","max-video-preview":"max-video-preview:-1"},"canonical":"https:\/\/demo.yamentech.com\/en\/product\/smartphone-xiaomi-redmi-note-13-pro-5g\/","og_locale":"en_US","og_type":"article","og_title":"Smartphone XIAOMI Redmi Note 13 Pro+ 5G | Yamen Tech","og_description":"Achat sur Yamen tech Smartphone XIAOMI Redmi Note 13 Pro+ et produits high-tech aux meilleurs prix. Comparez et achetez en livraison rapide \u00e0 domicile","og_url":"https:\/\/demo.yamentech.com\/en\/product\/smartphone-xiaomi-redmi-note-13-pro-5g\/","og_site_name":"Yamen Tech","article_publisher":"https:\/\/www.facebook.com\/yamentech\/","article_modified_time":"2025-06-10T15:52:53+00:00","og_image":[{"width":700,"height":700,"url":"https:\/\/demo.yamentech.com\/wp-content\/uploads\/2024\/08\/smartphone-xiaomi-redmi-note-13-pro-plus-5g-8go-256go-noir11.jpg","type":"image\/jpeg"}],"twitter_card":"summary_large_image","twitter_misc":{"Est. reading time":"1 minute"},"schema":{"@context":"https:\/\/schema.org","@graph":[{"@type":"WebPage","@id":"https:\/\/demo.yamentech.com\/produit\/smartphone-xiaomi-redmi-note-13-pro-5g\/","url":"https:\/\/demo.yamentech.com\/produit\/smartphone-xiaomi-redmi-note-13-pro-5g\/","name":"Smartphone XIAOMI Redmi Note 13 Pro+ 5G | Yamen Tech","isPartOf":{"@id":"https:\/\/springgreen-ferret-224432.hostingersite.com\/#website"},"primaryImageOfPage":{"@id":"https:\/\/demo.yamentech.com\/produit\/smartphone-xiaomi-redmi-note-13-pro-5g\/#primaryimage"},"image":{"@id":"https:\/\/demo.yamentech.com\/produit\/smartphone-xiaomi-redmi-note-13-pro-5g\/#primaryimage"},"thumbnailUrl":"https:\/\/demo.yamentech.com\/wp-content\/uploads\/2024\/08\/smartphone-xiaomi-redmi-note-13-pro-plus-5g-8go-256go-noir11.jpg","datePublished":"2024-08-05T12:36:40+00:00","dateModified":"2025-06-10T15:52:53+00:00","description":"Achat sur Yamen tech Smartphone XIAOMI Redmi Note 13 Pro+ et produits high-tech aux meilleurs prix. Comparez et achetez en livraison rapide \u00e0 domicile","breadcrumb":{"@id":"https:\/\/demo.yamentech.com\/produit\/smartphone-xiaomi-redmi-note-13-pro-5g\/#breadcrumb"},"inLanguage":"en-US","potentialAction":[{"@type":"ReadAction","target":["https:\/\/demo.yamentech.com\/produit\/smartphone-xiaomi-redmi-note-13-pro-5g\/"]}]},{"@type":"ImageObject","inLanguage":"en-US","@id":"https:\/\/demo.yamentech.com\/produit\/smartphone-xiaomi-redmi-note-13-pro-5g\/#primaryimage","url":"https:\/\/demo.yamentech.com\/wp-content\/uploads\/2024\/08\/smartphone-xiaomi-redmi-note-13-pro-plus-5g-8go-256go-noir11.jpg","contentUrl":"https:\/\/demo.yamentech.com\/wp-content\/uploads\/2024\/08\/smartphone-xiaomi-redmi-note-13-pro-plus-5g-8go-256go-noir11.jpg","width":700,"height":700},{"@type":"BreadcrumbList","@id":"https:\/\/demo.yamentech.com\/produit\/smartphone-xiaomi-redmi-note-13-pro-5g\/#breadcrumb","itemListElement":[{"@type":"ListItem","position":1,"name":"Accueil","item":"https:\/\/springgreen-ferret-224432.hostingersite.com\/"},{"@type":"ListItem","position":2,"name":"Boutique","item":"https:\/\/springgreen-ferret-224432.hostingersite.com\/boutique\/"},{"@type":"ListItem","position":3,"name":"Smartphone XIAOMI Redmi Note 13 Pro+ 5G"}]},{"@type":"WebSite","@id":"https:\/\/springgreen-ferret-224432.hostingersite.com\/#website","url":"https:\/\/springgreen-ferret-224432.hostingersite.com\/","name":"Yamen Tech","description":"","publisher":{"@id":"https:\/\/springgreen-ferret-224432.hostingersite.com\/#organization"},"potentialAction":[{"@type":"SearchAction","target":{"@type":"EntryPoint","urlTemplate":"https:\/\/springgreen-ferret-224432.hostingersite.com\/?s={search_term_string}"},"query-input":{"@type":"PropertyValueSpecification","valueRequired":true,"valueName":"search_term_string"}}],"inLanguage":"en-US"},{"@type":"Organization","@id":"https:\/\/springgreen-ferret-224432.hostingersite.com\/#organization","name":"Yamen Tech","url":"https:\/\/springgreen-ferret-224432.hostingersite.com\/","logo":{"@type":"ImageObject","inLanguage":"en-US","@id":"https:\/\/springgreen-ferret-224432.hostingersite.com\/#\/schema\/logo\/image\/","url":"https:\/\/springgreen-ferret-224432.hostingersite.com\/wp-content\/uploads\/2024\/07\/images-2.png","contentUrl":"https:\/\/springgreen-ferret-224432.hostingersite.com\/wp-content\/uploads\/2024\/07\/images-2.png","width":225,"height":225,"caption":"Yamen Tech"},"image":{"@id":"https:\/\/springgreen-ferret-224432.hostingersite.com\/#\/schema\/logo\/image\/"},"sameAs":["https:\/\/www.facebook.com\/yamentech\/","https:\/\/www.instagram.com\/yamen_tech\/"]}]}},"brands":[],"_links":{"self":[{"href":"https:\/\/demo.yamentech.com\/en\/wp-json\/wp\/v2\/product\/16874","targetHints":{"allow":["GET"]}}],"collection":[{"href":"https:\/\/demo.yamentech.com\/en\/wp-json\/wp\/v2\/product"}],"about":[{"href":"https:\/\/demo.yamentech.com\/en\/wp-json\/wp\/v2\/types\/product"}],"replies":[{"embeddable":true,"href":"https:\/\/demo.yamentech.com\/en\/wp-json\/wp\/v2\/comments?post=16874"}],"version-history":[{"count":3,"href":"https:\/\/demo.yamentech.com\/en\/wp-json\/wp\/v2\/product\/16874\/revisions"}],"predecessor-version":[{"id":20950,"href":"https:\/\/demo.yamentech.com\/en\/wp-json\/wp\/v2\/product\/16874\/revisions\/20950"}],"wp:featuredmedia":[{"embeddable":true,"href":"https:\/\/demo.yamentech.com\/en\/wp-json\/wp\/v2\/media\/16877"}],"wp:attachment":[{"href":"https:\/\/demo.yamentech.com\/en\/wp-json\/wp\/v2\/media?parent=16874"}],"wp:term":[{"taxonomy":"pwb-brand","embeddable":true,"href":"https:\/\/demo.yamentech.com\/en\/wp-json\/wp\/v2\/pwb-brand?post=16874"},{"taxonomy":"product_brand","embeddable":true,"href":"https:\/\/demo.yamentech.com\/en\/wp-json\/wp\/v2\/product_brand?post=16874"},{"taxonomy":"product_cat","embeddable":true,"href":"https:\/\/demo.yamentech.com\/en\/wp-json\/wp\/v2\/product_cat?post=16874"},{"taxonomy":"product_tag","embeddable":true,"href":"https:\/\/demo.yamentech.com\/en\/wp-json\/wp\/v2\/product_tag?post=16874"}],"curies":[{"name":"wp","href":"https:\/\/api.w.org\/{rel}","templated":true}]}}