{"id":16937,"date":"2024-08-05T16:30:07","date_gmt":"2024-08-05T14:30:07","guid":{"rendered":"https:\/\/springgreen-ferret-224432.hostingersite.com\/?post_type=product&#038;p=16937"},"modified":"2024-08-05T16:41:14","modified_gmt":"2024-08-05T14:41:14","slug":"console-de-jeux-xbox-serie-x","status":"publish","type":"product","link":"https:\/\/demo.yamentech.com\/en\/product\/console-de-jeux-xbox-serie-x\/","title":{"rendered":"Console De Jeux XBOX S\u00e9rie X"},"content":{"rendered":"","protected":false},"excerpt":{"rendered":"<p>Xbox S\u00e9ries X &#8211; Processeur:\u00a0<strong>Zen 2 8 c\u0153urs \u00e0 3,8 GHz (3,66 GHz avec SMT)<\/strong>\u00a0&#8211; Carte graphique:\u00a0<strong>12 TFLOPS, 52 CU \u00e0 1,825 GHz, GPU RDNA 2<\/strong>\u00a0&#8211; M\u00e9moire:<strong>\u00a016 Go GDDR6 avec bus de 320 bits\u00a0<\/strong>&#8211; Stockage:\u00a0<strong>\u00a01 To SSD NVME<\/strong>\u00a0&#8211; R\u00e9solution pour les jeux:\u00a0<strong>Qualit\u00e9 4K<\/strong>\u00a0&#8211; Technologie HDR:\u00a0<strong>Jusqu\u2019\u00e0 8K HDR<\/strong>\u00a0&#8211; Fr\u00e9quence d&rsquo;image: Jusqu\u2019\u00e0\u00a0<strong>120 FPS<\/strong>\u00a0&#8211; Lecteur optique: Blu-ray\u00a0<strong>4K UHD<\/strong>\u00a0&#8211; Fonctions HDMI: Mode \u00e0 faible latence automatique, HDMI \u00e0 fr\u00e9quence de rafra\u00eechissement variable &#8211;<strong>\u00a0Son 3D:<\/strong>\u00a0<strong>Dolby Digital 5.1, DTS 5.1 &#8211;\u00a0Dolby TrueHD avec Atmos<\/strong>\u00a0&#8211; Connectivit\u00e9 Sans fil:<strong>\u00a0Wifi<\/strong>\u00a0&#8211; Connecteurs: 1 x HDMI 2.1, 3 x USB 3.1 Gen1, Ethernet 802.3 10\/100\/1000, Wifi 802.11ac &#8211; Dimensions: 15,1 \u00d7 15,1 \u00d7 30,1 cm &#8211; Poids: 4.45Kg &#8211; Garantie: 1an<\/p>","protected":false},"featured_media":16938,"comment_status":"open","ping_status":"closed","template":"","meta":[],"pwb-brand":[],"product_brand":[],"product_cat":[73,103],"product_tag":[],"class_list":{"0":"post-16937","1":"product","2":"type-product","3":"status-publish","4":"has-post-thumbnail","6":"product_cat-consoles-de-jeux","7":"product_cat-xbox","9":"first","10":"instock","11":"taxable","12":"shipping-taxable","13":"purchasable","14":"product-type-simple"},"yoast_head":"<!-- This site is optimized with the Yoast SEO plugin v25.8 - https:\/\/yoast.com\/wordpress\/plugins\/seo\/ -->\n<title>Console De Jeux XBOX S\u00e9rie X | Yamen Tech<\/title>\n<meta name=\"description\" content=\"Achat sur Yamen tech Smartphone, TV, \u00e9lectrom\u00e9nager et produits high-tech aux meilleurs prix. Comparez et achetez en livraison rapide \u00e0 domicile\" \/>\n<meta name=\"robots\" content=\"index, follow, max-snippet:-1, max-image-preview:large, max-video-preview:-1\" \/>\n<link rel=\"canonical\" href=\"https:\/\/springgreen-ferret-224432.hostingersite.com\/en\/product\/console-de-jeux-xbox-serie-x\/\" \/>\n<meta property=\"og:locale\" content=\"en_US\" \/>\n<meta property=\"og:type\" content=\"article\" \/>\n<meta property=\"og:title\" content=\"Console De Jeux XBOX S\u00e9rie X | Yamen Tech\" \/>\n<meta property=\"og:description\" content=\"Achat sur Yamen tech Smartphone, TV, \u00e9lectrom\u00e9nager et produits high-tech aux meilleurs prix. Comparez et achetez en livraison rapide \u00e0 domicile\" \/>\n<meta property=\"og:url\" content=\"https:\/\/springgreen-ferret-224432.hostingersite.com\/en\/product\/console-de-jeux-xbox-serie-x\/\" \/>\n<meta property=\"og:site_name\" content=\"Yamen Tech\" \/>\n<meta property=\"article:publisher\" content=\"https:\/\/www.facebook.com\/yamentech\/\" \/>\n<meta property=\"article:modified_time\" content=\"2024-08-05T14:41:14+00:00\" \/>\n<meta property=\"og:image\" content=\"https:\/\/springgreen-ferret-224432.hostingersite.com\/wp-content\/uploads\/2024\/08\/010-02159-14_1751_1.jpg\" \/>\n\t<meta property=\"og:image:width\" content=\"700\" \/>\n\t<meta property=\"og:image:height\" content=\"700\" \/>\n\t<meta property=\"og:image:type\" content=\"image\/jpeg\" \/>\n<meta name=\"twitter:card\" content=\"summary_large_image\" \/>\n<script type=\"application\/ld+json\" class=\"yoast-schema-graph\">{\"@context\":\"https:\/\/schema.org\",\"@graph\":[{\"@type\":\"WebPage\",\"@id\":\"https:\/\/springgreen-ferret-224432.hostingersite.com\/en\/product\/console-de-jeux-xbox-serie-x\/\",\"url\":\"https:\/\/springgreen-ferret-224432.hostingersite.com\/en\/product\/console-de-jeux-xbox-serie-x\/\",\"name\":\"Console De Jeux XBOX S\u00e9rie X | Yamen Tech\",\"isPartOf\":{\"@id\":\"https:\/\/springgreen-ferret-224432.hostingersite.com\/#website\"},\"primaryImageOfPage\":{\"@id\":\"https:\/\/springgreen-ferret-224432.hostingersite.com\/en\/product\/console-de-jeux-xbox-serie-x\/#primaryimage\"},\"image\":{\"@id\":\"https:\/\/springgreen-ferret-224432.hostingersite.com\/en\/product\/console-de-jeux-xbox-serie-x\/#primaryimage\"},\"thumbnailUrl\":\"https:\/\/demo.yamentech.com\/wp-content\/uploads\/2024\/08\/010-02159-14_1751_1.jpg\",\"datePublished\":\"2024-08-05T14:30:07+00:00\",\"dateModified\":\"2024-08-05T14:41:14+00:00\",\"description\":\"Achat sur Yamen tech Smartphone, TV, \u00e9lectrom\u00e9nager et produits high-tech aux meilleurs prix. Comparez et achetez en livraison rapide \u00e0 domicile\",\"breadcrumb\":{\"@id\":\"https:\/\/springgreen-ferret-224432.hostingersite.com\/en\/product\/console-de-jeux-xbox-serie-x\/#breadcrumb\"},\"inLanguage\":\"en-US\",\"potentialAction\":[{\"@type\":\"ReadAction\",\"target\":[\"https:\/\/springgreen-ferret-224432.hostingersite.com\/en\/product\/console-de-jeux-xbox-serie-x\/\"]}]},{\"@type\":\"ImageObject\",\"inLanguage\":\"en-US\",\"@id\":\"https:\/\/springgreen-ferret-224432.hostingersite.com\/en\/product\/console-de-jeux-xbox-serie-x\/#primaryimage\",\"url\":\"https:\/\/demo.yamentech.com\/wp-content\/uploads\/2024\/08\/010-02159-14_1751_1.jpg\",\"contentUrl\":\"https:\/\/demo.yamentech.com\/wp-content\/uploads\/2024\/08\/010-02159-14_1751_1.jpg\",\"width\":700,\"height\":700},{\"@type\":\"BreadcrumbList\",\"@id\":\"https:\/\/springgreen-ferret-224432.hostingersite.com\/en\/product\/console-de-jeux-xbox-serie-x\/#breadcrumb\",\"itemListElement\":[{\"@type\":\"ListItem\",\"position\":1,\"name\":\"Accueil\",\"item\":\"https:\/\/springgreen-ferret-224432.hostingersite.com\/\"},{\"@type\":\"ListItem\",\"position\":2,\"name\":\"Boutique\",\"item\":\"https:\/\/springgreen-ferret-224432.hostingersite.com\/boutique\/\"},{\"@type\":\"ListItem\",\"position\":3,\"name\":\"Console De Jeux XBOX S\u00e9rie X\"}]},{\"@type\":\"WebSite\",\"@id\":\"https:\/\/springgreen-ferret-224432.hostingersite.com\/#website\",\"url\":\"https:\/\/springgreen-ferret-224432.hostingersite.com\/\",\"name\":\"Yamen Tech\",\"description\":\"\",\"publisher\":{\"@id\":\"https:\/\/springgreen-ferret-224432.hostingersite.com\/#organization\"},\"potentialAction\":[{\"@type\":\"SearchAction\",\"target\":{\"@type\":\"EntryPoint\",\"urlTemplate\":\"https:\/\/springgreen-ferret-224432.hostingersite.com\/?s={search_term_string}\"},\"query-input\":{\"@type\":\"PropertyValueSpecification\",\"valueRequired\":true,\"valueName\":\"search_term_string\"}}],\"inLanguage\":\"en-US\"},{\"@type\":\"Organization\",\"@id\":\"https:\/\/springgreen-ferret-224432.hostingersite.com\/#organization\",\"name\":\"Yamen Tech\",\"url\":\"https:\/\/springgreen-ferret-224432.hostingersite.com\/\",\"logo\":{\"@type\":\"ImageObject\",\"inLanguage\":\"en-US\",\"@id\":\"https:\/\/springgreen-ferret-224432.hostingersite.com\/#\/schema\/logo\/image\/\",\"url\":\"https:\/\/springgreen-ferret-224432.hostingersite.com\/wp-content\/uploads\/2024\/07\/images-2.png\",\"contentUrl\":\"https:\/\/springgreen-ferret-224432.hostingersite.com\/wp-content\/uploads\/2024\/07\/images-2.png\",\"width\":225,\"height\":225,\"caption\":\"Yamen Tech\"},\"image\":{\"@id\":\"https:\/\/springgreen-ferret-224432.hostingersite.com\/#\/schema\/logo\/image\/\"},\"sameAs\":[\"https:\/\/www.facebook.com\/yamentech\/\",\"https:\/\/www.instagram.com\/yamen_tech\/\"]}]}<\/script>\n<!-- \/ Yoast SEO plugin. -->","yoast_head_json":{"title":"Console De Jeux XBOX S\u00e9rie X | Yamen Tech","description":"Achat sur Yamen tech Smartphone, TV, \u00e9lectrom\u00e9nager et produits high-tech aux meilleurs prix. Comparez et achetez en livraison rapide \u00e0 domicile","robots":{"index":"index","follow":"follow","max-snippet":"max-snippet:-1","max-image-preview":"max-image-preview:large","max-video-preview":"max-video-preview:-1"},"canonical":"https:\/\/springgreen-ferret-224432.hostingersite.com\/en\/product\/console-de-jeux-xbox-serie-x\/","og_locale":"en_US","og_type":"article","og_title":"Console De Jeux XBOX S\u00e9rie X | Yamen Tech","og_description":"Achat sur Yamen tech Smartphone, TV, \u00e9lectrom\u00e9nager et produits high-tech aux meilleurs prix. Comparez et achetez en livraison rapide \u00e0 domicile","og_url":"https:\/\/springgreen-ferret-224432.hostingersite.com\/en\/product\/console-de-jeux-xbox-serie-x\/","og_site_name":"Yamen Tech","article_publisher":"https:\/\/www.facebook.com\/yamentech\/","article_modified_time":"2024-08-05T14:41:14+00:00","og_image":[{"width":700,"height":700,"url":"https:\/\/springgreen-ferret-224432.hostingersite.com\/wp-content\/uploads\/2024\/08\/010-02159-14_1751_1.jpg","type":"image\/jpeg"}],"twitter_card":"summary_large_image","schema":{"@context":"https:\/\/schema.org","@graph":[{"@type":"WebPage","@id":"https:\/\/springgreen-ferret-224432.hostingersite.com\/en\/product\/console-de-jeux-xbox-serie-x\/","url":"https:\/\/springgreen-ferret-224432.hostingersite.com\/en\/product\/console-de-jeux-xbox-serie-x\/","name":"Console De Jeux XBOX S\u00e9rie X | Yamen Tech","isPartOf":{"@id":"https:\/\/springgreen-ferret-224432.hostingersite.com\/#website"},"primaryImageOfPage":{"@id":"https:\/\/springgreen-ferret-224432.hostingersite.com\/en\/product\/console-de-jeux-xbox-serie-x\/#primaryimage"},"image":{"@id":"https:\/\/springgreen-ferret-224432.hostingersite.com\/en\/product\/console-de-jeux-xbox-serie-x\/#primaryimage"},"thumbnailUrl":"https:\/\/demo.yamentech.com\/wp-content\/uploads\/2024\/08\/010-02159-14_1751_1.jpg","datePublished":"2024-08-05T14:30:07+00:00","dateModified":"2024-08-05T14:41:14+00:00","description":"Achat sur Yamen tech Smartphone, TV, \u00e9lectrom\u00e9nager et produits high-tech aux meilleurs prix. Comparez et achetez en livraison rapide \u00e0 domicile","breadcrumb":{"@id":"https:\/\/springgreen-ferret-224432.hostingersite.com\/en\/product\/console-de-jeux-xbox-serie-x\/#breadcrumb"},"inLanguage":"en-US","potentialAction":[{"@type":"ReadAction","target":["https:\/\/springgreen-ferret-224432.hostingersite.com\/en\/product\/console-de-jeux-xbox-serie-x\/"]}]},{"@type":"ImageObject","inLanguage":"en-US","@id":"https:\/\/springgreen-ferret-224432.hostingersite.com\/en\/product\/console-de-jeux-xbox-serie-x\/#primaryimage","url":"https:\/\/demo.yamentech.com\/wp-content\/uploads\/2024\/08\/010-02159-14_1751_1.jpg","contentUrl":"https:\/\/demo.yamentech.com\/wp-content\/uploads\/2024\/08\/010-02159-14_1751_1.jpg","width":700,"height":700},{"@type":"BreadcrumbList","@id":"https:\/\/springgreen-ferret-224432.hostingersite.com\/en\/product\/console-de-jeux-xbox-serie-x\/#breadcrumb","itemListElement":[{"@type":"ListItem","position":1,"name":"Accueil","item":"https:\/\/springgreen-ferret-224432.hostingersite.com\/"},{"@type":"ListItem","position":2,"name":"Boutique","item":"https:\/\/springgreen-ferret-224432.hostingersite.com\/boutique\/"},{"@type":"ListItem","position":3,"name":"Console De Jeux XBOX S\u00e9rie X"}]},{"@type":"WebSite","@id":"https:\/\/springgreen-ferret-224432.hostingersite.com\/#website","url":"https:\/\/springgreen-ferret-224432.hostingersite.com\/","name":"Yamen Tech","description":"","publisher":{"@id":"https:\/\/springgreen-ferret-224432.hostingersite.com\/#organization"},"potentialAction":[{"@type":"SearchAction","target":{"@type":"EntryPoint","urlTemplate":"https:\/\/springgreen-ferret-224432.hostingersite.com\/?s={search_term_string}"},"query-input":{"@type":"PropertyValueSpecification","valueRequired":true,"valueName":"search_term_string"}}],"inLanguage":"en-US"},{"@type":"Organization","@id":"https:\/\/springgreen-ferret-224432.hostingersite.com\/#organization","name":"Yamen Tech","url":"https:\/\/springgreen-ferret-224432.hostingersite.com\/","logo":{"@type":"ImageObject","inLanguage":"en-US","@id":"https:\/\/springgreen-ferret-224432.hostingersite.com\/#\/schema\/logo\/image\/","url":"https:\/\/springgreen-ferret-224432.hostingersite.com\/wp-content\/uploads\/2024\/07\/images-2.png","contentUrl":"https:\/\/springgreen-ferret-224432.hostingersite.com\/wp-content\/uploads\/2024\/07\/images-2.png","width":225,"height":225,"caption":"Yamen Tech"},"image":{"@id":"https:\/\/springgreen-ferret-224432.hostingersite.com\/#\/schema\/logo\/image\/"},"sameAs":["https:\/\/www.facebook.com\/yamentech\/","https:\/\/www.instagram.com\/yamen_tech\/"]}]}},"brands":[],"_links":{"self":[{"href":"https:\/\/demo.yamentech.com\/en\/wp-json\/wp\/v2\/product\/16937","targetHints":{"allow":["GET"]}}],"collection":[{"href":"https:\/\/demo.yamentech.com\/en\/wp-json\/wp\/v2\/product"}],"about":[{"href":"https:\/\/demo.yamentech.com\/en\/wp-json\/wp\/v2\/types\/product"}],"replies":[{"embeddable":true,"href":"https:\/\/demo.yamentech.com\/en\/wp-json\/wp\/v2\/comments?post=16937"}],"version-history":[{"count":1,"href":"https:\/\/demo.yamentech.com\/en\/wp-json\/wp\/v2\/product\/16937\/revisions"}],"predecessor-version":[{"id":16939,"href":"https:\/\/demo.yamentech.com\/en\/wp-json\/wp\/v2\/product\/16937\/revisions\/16939"}],"wp:featuredmedia":[{"embeddable":true,"href":"https:\/\/demo.yamentech.com\/en\/wp-json\/wp\/v2\/media\/16938"}],"wp:attachment":[{"href":"https:\/\/demo.yamentech.com\/en\/wp-json\/wp\/v2\/media?parent=16937"}],"wp:term":[{"taxonomy":"pwb-brand","embeddable":true,"href":"https:\/\/demo.yamentech.com\/en\/wp-json\/wp\/v2\/pwb-brand?post=16937"},{"taxonomy":"product_brand","embeddable":true,"href":"https:\/\/demo.yamentech.com\/en\/wp-json\/wp\/v2\/product_brand?post=16937"},{"taxonomy":"product_cat","embeddable":true,"href":"https:\/\/demo.yamentech.com\/en\/wp-json\/wp\/v2\/product_cat?post=16937"},{"taxonomy":"product_tag","embeddable":true,"href":"https:\/\/demo.yamentech.com\/en\/wp-json\/wp\/v2\/product_tag?post=16937"}],"curies":[{"name":"wp","href":"https:\/\/api.w.org\/{rel}","templated":true}]}}