{"id":16951,"date":"2024-08-05T16:37:06","date_gmt":"2024-08-05T14:37:06","guid":{"rendered":"https:\/\/springgreen-ferret-224432.hostingersite.com\/?post_type=product&#038;p=16951"},"modified":"2024-10-02T11:35:04","modified_gmt":"2024-10-02T09:35:04","slug":"console-de-jeux-nintendo-switch-oled-edition-splatoon-3","status":"publish","type":"product","link":"https:\/\/demo.yamentech.com\/en\/product\/console-de-jeux-nintendo-switch-oled-edition-splatoon-3\/","title":{"rendered":"Console de Jeux NINTENDO Switch Oled &#8211; Edition Splatoon 3"},"content":{"rendered":"","protected":false},"excerpt":{"rendered":"<p>Console de Jeux<strong>\u00a0NINTENDO SWITCH Oled Edition Splatoon 3\u00a0<\/strong>&#8211; \u00c9cran:<strong>\u00a0OLED 7<\/strong><strong>\u00a0tactile aux couleurs intenses\u00a0<\/strong>&#8211; R\u00e9solution:<strong>\u00a01280 x 720<\/strong>\u00a0<strong>pixels<\/strong>\u00a0&#8211; Capacit\u00e9 de M\u00e9moire:<strong>\u00a064Go<\/strong>\u00a0Extensible via une carte microSD &#8211; Batterie:\u00a0<strong>4310mAh<\/strong>\u00a0&#8211; Autonomie de la batterie:<strong>\u00a0Entre\u00a04,5 et 9 heures &#8211;\u00a0Trois modes: t\u00e9l\u00e9viseur, table, portable\u00a0&#8211; Avec manettes Joy-Con &#8211; Connectez jusqu&rsquo;\u00e0 huit consoles en multijoueur &#8211; Large support ajustable peut s&rsquo;adapter \u00e0 votre angle de vue pr\u00e9f\u00e9r\u00e9 pour vous permettre de jouer confortablement en mode sur table &#8211; Haut-parleurs int\u00e9gr\u00e9s avec audio am\u00e9lior\u00e9 &#8211; Connectivit\u00e9:\u00a0WiFi, bluetooth 4.1\u00a0&#8211;\u00a0<\/strong>Connecteurs: 2 x USB, 1 x HDMI, 1x Ethernet, 1 x prise casque &#8211; Dimensions: 102 x 242 x 13,9 mm &#8211; Poids: environ 320g &#8211; Garantie: 1an<\/p>","protected":false},"featured_media":16952,"comment_status":"open","ping_status":"closed","template":"","meta":[],"pwb-brand":[],"product_brand":[],"product_cat":[73,105],"product_tag":[],"class_list":{"0":"post-16951","1":"product","2":"type-product","3":"status-publish","4":"has-post-thumbnail","6":"product_cat-consoles-de-jeux","7":"product_cat-nintendo","9":"first","10":"instock","11":"sale","12":"taxable","13":"shipping-taxable","14":"purchasable","15":"product-type-simple"},"yoast_head":"<!-- This site is optimized with the Yoast SEO plugin v25.8 - https:\/\/yoast.com\/wordpress\/plugins\/seo\/ -->\n<title>Console de Jeux NINTENDO Switch Oled - Edition Splatoon 3 | Yamen Tech<\/title>\n<meta name=\"description\" content=\"Achat sur Yamen tech NINTENDO Switch Oled et produits high-tech aux meilleurs prix. Comparez et achetez en livraison rapide \u00e0 domicile\" \/>\n<meta name=\"robots\" content=\"index, follow, max-snippet:-1, max-image-preview:large, max-video-preview:-1\" \/>\n<link rel=\"canonical\" href=\"https:\/\/springgreen-ferret-224432.hostingersite.com\/produit\/console-de-jeux-nintendo-switch-oled-edition-splatoon-3\/\" \/>\n<meta property=\"og:locale\" content=\"en_US\" \/>\n<meta property=\"og:type\" content=\"article\" \/>\n<meta property=\"og:title\" content=\"Console de Jeux NINTENDO Switch Oled - Edition Splatoon 3 | Yamen Tech\" \/>\n<meta property=\"og:description\" content=\"Achat sur Yamen tech NINTENDO Switch Oled et produits high-tech aux meilleurs prix. Comparez et achetez en livraison rapide \u00e0 domicile\" \/>\n<meta property=\"og:url\" content=\"https:\/\/springgreen-ferret-224432.hostingersite.com\/produit\/console-de-jeux-nintendo-switch-oled-edition-splatoon-3\/\" \/>\n<meta property=\"og:site_name\" content=\"Yamen Tech\" \/>\n<meta property=\"article:publisher\" content=\"https:\/\/www.facebook.com\/yamentech\/\" \/>\n<meta property=\"article:modified_time\" content=\"2024-10-02T09:35:04+00:00\" \/>\n<meta property=\"og:image\" content=\"https:\/\/springgreen-ferret-224432.hostingersite.com\/wp-content\/uploads\/2024\/08\/console-de-jeux-nintendo-switch-oled-edition-splatoon-3_1.jpg\" \/>\n\t<meta property=\"og:image:width\" content=\"700\" \/>\n\t<meta property=\"og:image:height\" content=\"700\" \/>\n\t<meta property=\"og:image:type\" content=\"image\/jpeg\" \/>\n<meta name=\"twitter:card\" content=\"summary_large_image\" \/>\n<meta name=\"twitter:label1\" content=\"Est. reading time\" \/>\n\t<meta name=\"twitter:data1\" content=\"1 minute\" \/>\n<script type=\"application\/ld+json\" class=\"yoast-schema-graph\">{\"@context\":\"https:\/\/schema.org\",\"@graph\":[{\"@type\":\"WebPage\",\"@id\":\"https:\/\/springgreen-ferret-224432.hostingersite.com\/produit\/console-de-jeux-nintendo-switch-oled-edition-splatoon-3\/\",\"url\":\"https:\/\/springgreen-ferret-224432.hostingersite.com\/produit\/console-de-jeux-nintendo-switch-oled-edition-splatoon-3\/\",\"name\":\"Console de Jeux NINTENDO Switch Oled - Edition Splatoon 3 | Yamen Tech\",\"isPartOf\":{\"@id\":\"https:\/\/springgreen-ferret-224432.hostingersite.com\/#website\"},\"primaryImageOfPage\":{\"@id\":\"https:\/\/springgreen-ferret-224432.hostingersite.com\/produit\/console-de-jeux-nintendo-switch-oled-edition-splatoon-3\/#primaryimage\"},\"image\":{\"@id\":\"https:\/\/springgreen-ferret-224432.hostingersite.com\/produit\/console-de-jeux-nintendo-switch-oled-edition-splatoon-3\/#primaryimage\"},\"thumbnailUrl\":\"https:\/\/demo.yamentech.com\/wp-content\/uploads\/2024\/08\/console-de-jeux-nintendo-switch-oled-edition-splatoon-3_1.jpg\",\"datePublished\":\"2024-08-05T14:37:06+00:00\",\"dateModified\":\"2024-10-02T09:35:04+00:00\",\"description\":\"Achat sur Yamen tech NINTENDO Switch Oled et produits high-tech aux meilleurs prix. Comparez et achetez en livraison rapide \u00e0 domicile\",\"breadcrumb\":{\"@id\":\"https:\/\/springgreen-ferret-224432.hostingersite.com\/produit\/console-de-jeux-nintendo-switch-oled-edition-splatoon-3\/#breadcrumb\"},\"inLanguage\":\"en-US\",\"potentialAction\":[{\"@type\":\"ReadAction\",\"target\":[\"https:\/\/springgreen-ferret-224432.hostingersite.com\/produit\/console-de-jeux-nintendo-switch-oled-edition-splatoon-3\/\"]}]},{\"@type\":\"ImageObject\",\"inLanguage\":\"en-US\",\"@id\":\"https:\/\/springgreen-ferret-224432.hostingersite.com\/produit\/console-de-jeux-nintendo-switch-oled-edition-splatoon-3\/#primaryimage\",\"url\":\"https:\/\/demo.yamentech.com\/wp-content\/uploads\/2024\/08\/console-de-jeux-nintendo-switch-oled-edition-splatoon-3_1.jpg\",\"contentUrl\":\"https:\/\/demo.yamentech.com\/wp-content\/uploads\/2024\/08\/console-de-jeux-nintendo-switch-oled-edition-splatoon-3_1.jpg\",\"width\":700,\"height\":700},{\"@type\":\"BreadcrumbList\",\"@id\":\"https:\/\/springgreen-ferret-224432.hostingersite.com\/produit\/console-de-jeux-nintendo-switch-oled-edition-splatoon-3\/#breadcrumb\",\"itemListElement\":[{\"@type\":\"ListItem\",\"position\":1,\"name\":\"Accueil\",\"item\":\"https:\/\/springgreen-ferret-224432.hostingersite.com\/\"},{\"@type\":\"ListItem\",\"position\":2,\"name\":\"Boutique\",\"item\":\"https:\/\/springgreen-ferret-224432.hostingersite.com\/boutique\/\"},{\"@type\":\"ListItem\",\"position\":3,\"name\":\"Console de Jeux NINTENDO Switch Oled &#8211; Edition Splatoon 3\"}]},{\"@type\":\"WebSite\",\"@id\":\"https:\/\/springgreen-ferret-224432.hostingersite.com\/#website\",\"url\":\"https:\/\/springgreen-ferret-224432.hostingersite.com\/\",\"name\":\"Yamen Tech\",\"description\":\"\",\"publisher\":{\"@id\":\"https:\/\/springgreen-ferret-224432.hostingersite.com\/#organization\"},\"potentialAction\":[{\"@type\":\"SearchAction\",\"target\":{\"@type\":\"EntryPoint\",\"urlTemplate\":\"https:\/\/springgreen-ferret-224432.hostingersite.com\/?s={search_term_string}\"},\"query-input\":{\"@type\":\"PropertyValueSpecification\",\"valueRequired\":true,\"valueName\":\"search_term_string\"}}],\"inLanguage\":\"en-US\"},{\"@type\":\"Organization\",\"@id\":\"https:\/\/springgreen-ferret-224432.hostingersite.com\/#organization\",\"name\":\"Yamen Tech\",\"url\":\"https:\/\/springgreen-ferret-224432.hostingersite.com\/\",\"logo\":{\"@type\":\"ImageObject\",\"inLanguage\":\"en-US\",\"@id\":\"https:\/\/springgreen-ferret-224432.hostingersite.com\/#\/schema\/logo\/image\/\",\"url\":\"https:\/\/springgreen-ferret-224432.hostingersite.com\/wp-content\/uploads\/2024\/07\/images-2.png\",\"contentUrl\":\"https:\/\/springgreen-ferret-224432.hostingersite.com\/wp-content\/uploads\/2024\/07\/images-2.png\",\"width\":225,\"height\":225,\"caption\":\"Yamen Tech\"},\"image\":{\"@id\":\"https:\/\/springgreen-ferret-224432.hostingersite.com\/#\/schema\/logo\/image\/\"},\"sameAs\":[\"https:\/\/www.facebook.com\/yamentech\/\",\"https:\/\/www.instagram.com\/yamen_tech\/\"]}]}<\/script>\n<!-- \/ Yoast SEO plugin. -->","yoast_head_json":{"title":"Console de Jeux NINTENDO Switch Oled - Edition Splatoon 3 | Yamen Tech","description":"Achat sur Yamen tech NINTENDO Switch Oled et produits high-tech aux meilleurs prix. Comparez et achetez en livraison rapide \u00e0 domicile","robots":{"index":"index","follow":"follow","max-snippet":"max-snippet:-1","max-image-preview":"max-image-preview:large","max-video-preview":"max-video-preview:-1"},"canonical":"https:\/\/springgreen-ferret-224432.hostingersite.com\/produit\/console-de-jeux-nintendo-switch-oled-edition-splatoon-3\/","og_locale":"en_US","og_type":"article","og_title":"Console de Jeux NINTENDO Switch Oled - Edition Splatoon 3 | Yamen Tech","og_description":"Achat sur Yamen tech NINTENDO Switch Oled et produits high-tech aux meilleurs prix. Comparez et achetez en livraison rapide \u00e0 domicile","og_url":"https:\/\/springgreen-ferret-224432.hostingersite.com\/produit\/console-de-jeux-nintendo-switch-oled-edition-splatoon-3\/","og_site_name":"Yamen Tech","article_publisher":"https:\/\/www.facebook.com\/yamentech\/","article_modified_time":"2024-10-02T09:35:04+00:00","og_image":[{"width":700,"height":700,"url":"https:\/\/springgreen-ferret-224432.hostingersite.com\/wp-content\/uploads\/2024\/08\/console-de-jeux-nintendo-switch-oled-edition-splatoon-3_1.jpg","type":"image\/jpeg"}],"twitter_card":"summary_large_image","twitter_misc":{"Est. reading time":"1 minute"},"schema":{"@context":"https:\/\/schema.org","@graph":[{"@type":"WebPage","@id":"https:\/\/springgreen-ferret-224432.hostingersite.com\/produit\/console-de-jeux-nintendo-switch-oled-edition-splatoon-3\/","url":"https:\/\/springgreen-ferret-224432.hostingersite.com\/produit\/console-de-jeux-nintendo-switch-oled-edition-splatoon-3\/","name":"Console de Jeux NINTENDO Switch Oled - Edition Splatoon 3 | Yamen Tech","isPartOf":{"@id":"https:\/\/springgreen-ferret-224432.hostingersite.com\/#website"},"primaryImageOfPage":{"@id":"https:\/\/springgreen-ferret-224432.hostingersite.com\/produit\/console-de-jeux-nintendo-switch-oled-edition-splatoon-3\/#primaryimage"},"image":{"@id":"https:\/\/springgreen-ferret-224432.hostingersite.com\/produit\/console-de-jeux-nintendo-switch-oled-edition-splatoon-3\/#primaryimage"},"thumbnailUrl":"https:\/\/demo.yamentech.com\/wp-content\/uploads\/2024\/08\/console-de-jeux-nintendo-switch-oled-edition-splatoon-3_1.jpg","datePublished":"2024-08-05T14:37:06+00:00","dateModified":"2024-10-02T09:35:04+00:00","description":"Achat sur Yamen tech NINTENDO Switch Oled et produits high-tech aux meilleurs prix. Comparez et achetez en livraison rapide \u00e0 domicile","breadcrumb":{"@id":"https:\/\/springgreen-ferret-224432.hostingersite.com\/produit\/console-de-jeux-nintendo-switch-oled-edition-splatoon-3\/#breadcrumb"},"inLanguage":"en-US","potentialAction":[{"@type":"ReadAction","target":["https:\/\/springgreen-ferret-224432.hostingersite.com\/produit\/console-de-jeux-nintendo-switch-oled-edition-splatoon-3\/"]}]},{"@type":"ImageObject","inLanguage":"en-US","@id":"https:\/\/springgreen-ferret-224432.hostingersite.com\/produit\/console-de-jeux-nintendo-switch-oled-edition-splatoon-3\/#primaryimage","url":"https:\/\/demo.yamentech.com\/wp-content\/uploads\/2024\/08\/console-de-jeux-nintendo-switch-oled-edition-splatoon-3_1.jpg","contentUrl":"https:\/\/demo.yamentech.com\/wp-content\/uploads\/2024\/08\/console-de-jeux-nintendo-switch-oled-edition-splatoon-3_1.jpg","width":700,"height":700},{"@type":"BreadcrumbList","@id":"https:\/\/springgreen-ferret-224432.hostingersite.com\/produit\/console-de-jeux-nintendo-switch-oled-edition-splatoon-3\/#breadcrumb","itemListElement":[{"@type":"ListItem","position":1,"name":"Accueil","item":"https:\/\/springgreen-ferret-224432.hostingersite.com\/"},{"@type":"ListItem","position":2,"name":"Boutique","item":"https:\/\/springgreen-ferret-224432.hostingersite.com\/boutique\/"},{"@type":"ListItem","position":3,"name":"Console de Jeux NINTENDO Switch Oled &#8211; Edition Splatoon 3"}]},{"@type":"WebSite","@id":"https:\/\/springgreen-ferret-224432.hostingersite.com\/#website","url":"https:\/\/springgreen-ferret-224432.hostingersite.com\/","name":"Yamen Tech","description":"","publisher":{"@id":"https:\/\/springgreen-ferret-224432.hostingersite.com\/#organization"},"potentialAction":[{"@type":"SearchAction","target":{"@type":"EntryPoint","urlTemplate":"https:\/\/springgreen-ferret-224432.hostingersite.com\/?s={search_term_string}"},"query-input":{"@type":"PropertyValueSpecification","valueRequired":true,"valueName":"search_term_string"}}],"inLanguage":"en-US"},{"@type":"Organization","@id":"https:\/\/springgreen-ferret-224432.hostingersite.com\/#organization","name":"Yamen Tech","url":"https:\/\/springgreen-ferret-224432.hostingersite.com\/","logo":{"@type":"ImageObject","inLanguage":"en-US","@id":"https:\/\/springgreen-ferret-224432.hostingersite.com\/#\/schema\/logo\/image\/","url":"https:\/\/springgreen-ferret-224432.hostingersite.com\/wp-content\/uploads\/2024\/07\/images-2.png","contentUrl":"https:\/\/springgreen-ferret-224432.hostingersite.com\/wp-content\/uploads\/2024\/07\/images-2.png","width":225,"height":225,"caption":"Yamen Tech"},"image":{"@id":"https:\/\/springgreen-ferret-224432.hostingersite.com\/#\/schema\/logo\/image\/"},"sameAs":["https:\/\/www.facebook.com\/yamentech\/","https:\/\/www.instagram.com\/yamen_tech\/"]}]}},"brands":[],"_links":{"self":[{"href":"https:\/\/demo.yamentech.com\/en\/wp-json\/wp\/v2\/product\/16951","targetHints":{"allow":["GET"]}}],"collection":[{"href":"https:\/\/demo.yamentech.com\/en\/wp-json\/wp\/v2\/product"}],"about":[{"href":"https:\/\/demo.yamentech.com\/en\/wp-json\/wp\/v2\/types\/product"}],"replies":[{"embeddable":true,"href":"https:\/\/demo.yamentech.com\/en\/wp-json\/wp\/v2\/comments?post=16951"}],"version-history":[{"count":1,"href":"https:\/\/demo.yamentech.com\/en\/wp-json\/wp\/v2\/product\/16951\/revisions"}],"predecessor-version":[{"id":16953,"href":"https:\/\/demo.yamentech.com\/en\/wp-json\/wp\/v2\/product\/16951\/revisions\/16953"}],"wp:featuredmedia":[{"embeddable":true,"href":"https:\/\/demo.yamentech.com\/en\/wp-json\/wp\/v2\/media\/16952"}],"wp:attachment":[{"href":"https:\/\/demo.yamentech.com\/en\/wp-json\/wp\/v2\/media?parent=16951"}],"wp:term":[{"taxonomy":"pwb-brand","embeddable":true,"href":"https:\/\/demo.yamentech.com\/en\/wp-json\/wp\/v2\/pwb-brand?post=16951"},{"taxonomy":"product_brand","embeddable":true,"href":"https:\/\/demo.yamentech.com\/en\/wp-json\/wp\/v2\/product_brand?post=16951"},{"taxonomy":"product_cat","embeddable":true,"href":"https:\/\/demo.yamentech.com\/en\/wp-json\/wp\/v2\/product_cat?post=16951"},{"taxonomy":"product_tag","embeddable":true,"href":"https:\/\/demo.yamentech.com\/en\/wp-json\/wp\/v2\/product_tag?post=16951"}],"curies":[{"name":"wp","href":"https:\/\/api.w.org\/{rel}","templated":true}]}}