{"id":17759,"date":"2024-08-23T15:26:05","date_gmt":"2024-08-23T13:26:05","guid":{"rendered":"https:\/\/springgreen-ferret-224432.hostingersite.com\/?post_type=product&#038;p=17759"},"modified":"2024-11-09T11:36:14","modified_gmt":"2024-11-09T10:36:14","slug":"case-transparent-magsafe-pour-iphones","status":"publish","type":"product","link":"https:\/\/demo.yamentech.com\/en\/product\/case-transparent-magsafe-pour-iphones\/","title":{"rendered":"Coque transparente avec MagSafe pour iPhone S\u00e9ries 11"},"content":{"rendered":"","protected":false},"excerpt":{"rendered":"<p>Fine, l\u00e9g\u00e8re et facile \u00e0 tenir en main, cette coque con\u00e7ue par Apple r\u00e9v\u00e8le toute l\u2019\u00e9l\u00e9gance de la finition color\u00e9e de l\u2019iPhone 11, tout en vous offrant une protection suppl\u00e9mentaire. Un rev\u00eatement anti\u2011rayures a \u00e9t\u00e9 appliqu\u00e9 aussi bien \u00e0 l\u2019ext\u00e9rieur qu\u2019\u00e0 l\u2019int\u00e9rieur. De plus, tous les mat\u00e9riaux et rev\u00eatements sont con\u00e7us pour r\u00e9sister au jaunissement.<\/p>","protected":false},"featured_media":18349,"comment_status":"open","ping_status":"closed","template":"","meta":[],"pwb-brand":[],"product_brand":[],"product_cat":[72,174],"product_tag":[],"class_list":{"0":"post-17759","1":"product","2":"type-product","3":"status-publish","4":"has-post-thumbnail","6":"product_cat-accessoires","7":"product_cat-etuis-coques","9":"first","10":"instock","11":"taxable","12":"shipping-taxable","13":"purchasable","14":"product-type-variable"},"yoast_head":"<!-- This site is optimized with the Yoast SEO plugin v25.8 - https:\/\/yoast.com\/wordpress\/plugins\/seo\/ -->\n<title>Coque transparente avec MagSafe pour iPhone S\u00e9ries 11 | Yamen Tech<\/title>\n<meta name=\"description\" content=\"Achat sur Yamen tech Case Transparent MagSafe pour iPhone S\u00e9ries 11 et produits high-tech aux meilleurs prix. Comparez et achetez en livraison rapide \u00e0 domicile\" \/>\n<meta name=\"robots\" content=\"index, follow, max-snippet:-1, max-image-preview:large, max-video-preview:-1\" \/>\n<link rel=\"canonical\" href=\"https:\/\/demo.yamentech.com\/en\/product\/case-transparent-magsafe-pour-iphones\/\" \/>\n<meta property=\"og:locale\" content=\"en_US\" \/>\n<meta property=\"og:type\" content=\"article\" \/>\n<meta property=\"og:title\" content=\"Coque transparente avec MagSafe pour iPhone S\u00e9ries 11 | Yamen Tech\" \/>\n<meta property=\"og:description\" content=\"Achat sur Yamen tech Case Transparent MagSafe pour iPhone S\u00e9ries 11 et produits high-tech aux meilleurs prix. Comparez et achetez en livraison rapide \u00e0 domicile\" \/>\n<meta property=\"og:url\" content=\"https:\/\/demo.yamentech.com\/en\/product\/case-transparent-magsafe-pour-iphones\/\" \/>\n<meta property=\"og:site_name\" content=\"Yamen Tech\" \/>\n<meta property=\"article:publisher\" content=\"https:\/\/www.facebook.com\/yamentech\/\" \/>\n<meta property=\"article:modified_time\" content=\"2024-11-09T10:36:14+00:00\" \/>\n<meta property=\"og:image\" content=\"https:\/\/demo.yamentech.com\/wp-content\/uploads\/2024\/10\/shieldcase-shieldcase-coque-transparente-iphone-11.webp\" \/>\n\t<meta property=\"og:image:width\" content=\"1000\" \/>\n\t<meta property=\"og:image:height\" content=\"1000\" \/>\n\t<meta property=\"og:image:type\" content=\"image\/webp\" \/>\n<meta name=\"twitter:card\" content=\"summary_large_image\" \/>\n<meta name=\"twitter:label1\" content=\"Est. reading time\" \/>\n\t<meta name=\"twitter:data1\" content=\"1 minute\" \/>\n<script type=\"application\/ld+json\" class=\"yoast-schema-graph\">{\"@context\":\"https:\/\/schema.org\",\"@graph\":[{\"@type\":\"WebPage\",\"@id\":\"https:\/\/demo.yamentech.com\/en\/product\/case-transparent-magsafe-pour-iphones\/\",\"url\":\"https:\/\/demo.yamentech.com\/en\/product\/case-transparent-magsafe-pour-iphones\/\",\"name\":\"Coque transparente avec MagSafe pour iPhone S\u00e9ries 11 | Yamen Tech\",\"isPartOf\":{\"@id\":\"https:\/\/springgreen-ferret-224432.hostingersite.com\/#website\"},\"primaryImageOfPage\":{\"@id\":\"https:\/\/demo.yamentech.com\/en\/product\/case-transparent-magsafe-pour-iphones\/#primaryimage\"},\"image\":{\"@id\":\"https:\/\/demo.yamentech.com\/en\/product\/case-transparent-magsafe-pour-iphones\/#primaryimage\"},\"thumbnailUrl\":\"https:\/\/demo.yamentech.com\/wp-content\/uploads\/2024\/10\/shieldcase-shieldcase-coque-transparente-iphone-11.webp\",\"datePublished\":\"2024-08-23T13:26:05+00:00\",\"dateModified\":\"2024-11-09T10:36:14+00:00\",\"description\":\"Achat sur Yamen tech Case Transparent MagSafe pour iPhone S\u00e9ries 11 et produits high-tech aux meilleurs prix. Comparez et achetez en livraison rapide \u00e0 domicile\",\"breadcrumb\":{\"@id\":\"https:\/\/demo.yamentech.com\/en\/product\/case-transparent-magsafe-pour-iphones\/#breadcrumb\"},\"inLanguage\":\"en-US\",\"potentialAction\":[{\"@type\":\"ReadAction\",\"target\":[\"https:\/\/demo.yamentech.com\/en\/product\/case-transparent-magsafe-pour-iphones\/\"]}]},{\"@type\":\"ImageObject\",\"inLanguage\":\"en-US\",\"@id\":\"https:\/\/demo.yamentech.com\/en\/product\/case-transparent-magsafe-pour-iphones\/#primaryimage\",\"url\":\"https:\/\/demo.yamentech.com\/wp-content\/uploads\/2024\/10\/shieldcase-shieldcase-coque-transparente-iphone-11.webp\",\"contentUrl\":\"https:\/\/demo.yamentech.com\/wp-content\/uploads\/2024\/10\/shieldcase-shieldcase-coque-transparente-iphone-11.webp\",\"width\":1000,\"height\":1000},{\"@type\":\"BreadcrumbList\",\"@id\":\"https:\/\/demo.yamentech.com\/en\/product\/case-transparent-magsafe-pour-iphones\/#breadcrumb\",\"itemListElement\":[{\"@type\":\"ListItem\",\"position\":1,\"name\":\"Accueil\",\"item\":\"https:\/\/springgreen-ferret-224432.hostingersite.com\/\"},{\"@type\":\"ListItem\",\"position\":2,\"name\":\"Boutique\",\"item\":\"https:\/\/springgreen-ferret-224432.hostingersite.com\/boutique\/\"},{\"@type\":\"ListItem\",\"position\":3,\"name\":\"Coque transparente avec MagSafe pour iPhone S\u00e9ries 11\"}]},{\"@type\":\"WebSite\",\"@id\":\"https:\/\/springgreen-ferret-224432.hostingersite.com\/#website\",\"url\":\"https:\/\/springgreen-ferret-224432.hostingersite.com\/\",\"name\":\"Yamen Tech\",\"description\":\"\",\"publisher\":{\"@id\":\"https:\/\/springgreen-ferret-224432.hostingersite.com\/#organization\"},\"potentialAction\":[{\"@type\":\"SearchAction\",\"target\":{\"@type\":\"EntryPoint\",\"urlTemplate\":\"https:\/\/springgreen-ferret-224432.hostingersite.com\/?s={search_term_string}\"},\"query-input\":{\"@type\":\"PropertyValueSpecification\",\"valueRequired\":true,\"valueName\":\"search_term_string\"}}],\"inLanguage\":\"en-US\"},{\"@type\":\"Organization\",\"@id\":\"https:\/\/springgreen-ferret-224432.hostingersite.com\/#organization\",\"name\":\"Yamen Tech\",\"url\":\"https:\/\/springgreen-ferret-224432.hostingersite.com\/\",\"logo\":{\"@type\":\"ImageObject\",\"inLanguage\":\"en-US\",\"@id\":\"https:\/\/springgreen-ferret-224432.hostingersite.com\/#\/schema\/logo\/image\/\",\"url\":\"https:\/\/springgreen-ferret-224432.hostingersite.com\/wp-content\/uploads\/2024\/07\/images-2.png\",\"contentUrl\":\"https:\/\/springgreen-ferret-224432.hostingersite.com\/wp-content\/uploads\/2024\/07\/images-2.png\",\"width\":225,\"height\":225,\"caption\":\"Yamen Tech\"},\"image\":{\"@id\":\"https:\/\/springgreen-ferret-224432.hostingersite.com\/#\/schema\/logo\/image\/\"},\"sameAs\":[\"https:\/\/www.facebook.com\/yamentech\/\",\"https:\/\/www.instagram.com\/yamen_tech\/\"]}]}<\/script>\n<!-- \/ Yoast SEO plugin. -->","yoast_head_json":{"title":"Coque transparente avec MagSafe pour iPhone S\u00e9ries 11 | Yamen Tech","description":"Achat sur Yamen tech Case Transparent MagSafe pour iPhone S\u00e9ries 11 et produits high-tech aux meilleurs prix. Comparez et achetez en livraison rapide \u00e0 domicile","robots":{"index":"index","follow":"follow","max-snippet":"max-snippet:-1","max-image-preview":"max-image-preview:large","max-video-preview":"max-video-preview:-1"},"canonical":"https:\/\/demo.yamentech.com\/en\/product\/case-transparent-magsafe-pour-iphones\/","og_locale":"en_US","og_type":"article","og_title":"Coque transparente avec MagSafe pour iPhone S\u00e9ries 11 | Yamen Tech","og_description":"Achat sur Yamen tech Case Transparent MagSafe pour iPhone S\u00e9ries 11 et produits high-tech aux meilleurs prix. Comparez et achetez en livraison rapide \u00e0 domicile","og_url":"https:\/\/demo.yamentech.com\/en\/product\/case-transparent-magsafe-pour-iphones\/","og_site_name":"Yamen Tech","article_publisher":"https:\/\/www.facebook.com\/yamentech\/","article_modified_time":"2024-11-09T10:36:14+00:00","og_image":[{"width":1000,"height":1000,"url":"https:\/\/demo.yamentech.com\/wp-content\/uploads\/2024\/10\/shieldcase-shieldcase-coque-transparente-iphone-11.webp","type":"image\/webp"}],"twitter_card":"summary_large_image","twitter_misc":{"Est. reading time":"1 minute"},"schema":{"@context":"https:\/\/schema.org","@graph":[{"@type":"WebPage","@id":"https:\/\/demo.yamentech.com\/en\/product\/case-transparent-magsafe-pour-iphones\/","url":"https:\/\/demo.yamentech.com\/en\/product\/case-transparent-magsafe-pour-iphones\/","name":"Coque transparente avec MagSafe pour iPhone S\u00e9ries 11 | Yamen Tech","isPartOf":{"@id":"https:\/\/springgreen-ferret-224432.hostingersite.com\/#website"},"primaryImageOfPage":{"@id":"https:\/\/demo.yamentech.com\/en\/product\/case-transparent-magsafe-pour-iphones\/#primaryimage"},"image":{"@id":"https:\/\/demo.yamentech.com\/en\/product\/case-transparent-magsafe-pour-iphones\/#primaryimage"},"thumbnailUrl":"https:\/\/demo.yamentech.com\/wp-content\/uploads\/2024\/10\/shieldcase-shieldcase-coque-transparente-iphone-11.webp","datePublished":"2024-08-23T13:26:05+00:00","dateModified":"2024-11-09T10:36:14+00:00","description":"Achat sur Yamen tech Case Transparent MagSafe pour iPhone S\u00e9ries 11 et produits high-tech aux meilleurs prix. Comparez et achetez en livraison rapide \u00e0 domicile","breadcrumb":{"@id":"https:\/\/demo.yamentech.com\/en\/product\/case-transparent-magsafe-pour-iphones\/#breadcrumb"},"inLanguage":"en-US","potentialAction":[{"@type":"ReadAction","target":["https:\/\/demo.yamentech.com\/en\/product\/case-transparent-magsafe-pour-iphones\/"]}]},{"@type":"ImageObject","inLanguage":"en-US","@id":"https:\/\/demo.yamentech.com\/en\/product\/case-transparent-magsafe-pour-iphones\/#primaryimage","url":"https:\/\/demo.yamentech.com\/wp-content\/uploads\/2024\/10\/shieldcase-shieldcase-coque-transparente-iphone-11.webp","contentUrl":"https:\/\/demo.yamentech.com\/wp-content\/uploads\/2024\/10\/shieldcase-shieldcase-coque-transparente-iphone-11.webp","width":1000,"height":1000},{"@type":"BreadcrumbList","@id":"https:\/\/demo.yamentech.com\/en\/product\/case-transparent-magsafe-pour-iphones\/#breadcrumb","itemListElement":[{"@type":"ListItem","position":1,"name":"Accueil","item":"https:\/\/springgreen-ferret-224432.hostingersite.com\/"},{"@type":"ListItem","position":2,"name":"Boutique","item":"https:\/\/springgreen-ferret-224432.hostingersite.com\/boutique\/"},{"@type":"ListItem","position":3,"name":"Coque transparente avec MagSafe pour iPhone S\u00e9ries 11"}]},{"@type":"WebSite","@id":"https:\/\/springgreen-ferret-224432.hostingersite.com\/#website","url":"https:\/\/springgreen-ferret-224432.hostingersite.com\/","name":"Yamen Tech","description":"","publisher":{"@id":"https:\/\/springgreen-ferret-224432.hostingersite.com\/#organization"},"potentialAction":[{"@type":"SearchAction","target":{"@type":"EntryPoint","urlTemplate":"https:\/\/springgreen-ferret-224432.hostingersite.com\/?s={search_term_string}"},"query-input":{"@type":"PropertyValueSpecification","valueRequired":true,"valueName":"search_term_string"}}],"inLanguage":"en-US"},{"@type":"Organization","@id":"https:\/\/springgreen-ferret-224432.hostingersite.com\/#organization","name":"Yamen Tech","url":"https:\/\/springgreen-ferret-224432.hostingersite.com\/","logo":{"@type":"ImageObject","inLanguage":"en-US","@id":"https:\/\/springgreen-ferret-224432.hostingersite.com\/#\/schema\/logo\/image\/","url":"https:\/\/springgreen-ferret-224432.hostingersite.com\/wp-content\/uploads\/2024\/07\/images-2.png","contentUrl":"https:\/\/springgreen-ferret-224432.hostingersite.com\/wp-content\/uploads\/2024\/07\/images-2.png","width":225,"height":225,"caption":"Yamen Tech"},"image":{"@id":"https:\/\/springgreen-ferret-224432.hostingersite.com\/#\/schema\/logo\/image\/"},"sameAs":["https:\/\/www.facebook.com\/yamentech\/","https:\/\/www.instagram.com\/yamen_tech\/"]}]}},"brands":[],"_links":{"self":[{"href":"https:\/\/demo.yamentech.com\/en\/wp-json\/wp\/v2\/product\/17759","targetHints":{"allow":["GET"]}}],"collection":[{"href":"https:\/\/demo.yamentech.com\/en\/wp-json\/wp\/v2\/product"}],"about":[{"href":"https:\/\/demo.yamentech.com\/en\/wp-json\/wp\/v2\/types\/product"}],"replies":[{"embeddable":true,"href":"https:\/\/demo.yamentech.com\/en\/wp-json\/wp\/v2\/comments?post=17759"}],"version-history":[{"count":6,"href":"https:\/\/demo.yamentech.com\/en\/wp-json\/wp\/v2\/product\/17759\/revisions"}],"predecessor-version":[{"id":21283,"href":"https:\/\/demo.yamentech.com\/en\/wp-json\/wp\/v2\/product\/17759\/revisions\/21283"}],"wp:featuredmedia":[{"embeddable":true,"href":"https:\/\/demo.yamentech.com\/en\/wp-json\/wp\/v2\/media\/18349"}],"wp:attachment":[{"href":"https:\/\/demo.yamentech.com\/en\/wp-json\/wp\/v2\/media?parent=17759"}],"wp:term":[{"taxonomy":"pwb-brand","embeddable":true,"href":"https:\/\/demo.yamentech.com\/en\/wp-json\/wp\/v2\/pwb-brand?post=17759"},{"taxonomy":"product_brand","embeddable":true,"href":"https:\/\/demo.yamentech.com\/en\/wp-json\/wp\/v2\/product_brand?post=17759"},{"taxonomy":"product_cat","embeddable":true,"href":"https:\/\/demo.yamentech.com\/en\/wp-json\/wp\/v2\/product_cat?post=17759"},{"taxonomy":"product_tag","embeddable":true,"href":"https:\/\/demo.yamentech.com\/en\/wp-json\/wp\/v2\/product_tag?post=17759"}],"curies":[{"name":"wp","href":"https:\/\/api.w.org\/{rel}","templated":true}]}}