{"id":17814,"date":"2024-09-02T11:07:36","date_gmt":"2024-09-02T09:07:36","guid":{"rendered":"https:\/\/springgreen-ferret-224432.hostingersite.com\/?post_type=product&#038;p=17814"},"modified":"2024-09-02T11:07:36","modified_gmt":"2024-09-02T09:07:36","slug":"haut-parleur-marshall-acton-ii-bluetooth-speaker-noir","status":"publish","type":"product","link":"https:\/\/demo.yamentech.com\/en\/product\/haut-parleur-marshall-acton-ii-bluetooth-speaker-noir\/","title":{"rendered":"Haut-parleur Marshall &#8211; Acton II Bluetooth Speaker &#8211; Noir"},"content":{"rendered":"","protected":false},"excerpt":{"rendered":"<p>Avec cette Acton II Voice, Marshall montre qu&rsquo;il reste toujours attach\u00e9 \u00e0 son identit\u00e9 visuelle, qui est en grande partie la cause de sa popularit\u00e9. Le fabricant a tout de m\u00eame affin\u00e9 et am\u00e9lior\u00e9 sa recette au fil des ann\u00e9es et le r\u00e9sultat est l\u00e0\u00a0: la fabrication est tr\u00e8s s\u00e9rieuse et les finitions sont particuli\u00e8rement soign\u00e9es. On retrouve toujours le format parall\u00e9l\u00e9pip\u00e9dique et le look fa\u00e7on baffle\/ampli, avec des bords tr\u00e8s l\u00e9g\u00e8rement arrondis.<\/p>\n<p>L&rsquo;Acton II Voice se connecte en sans-fil via Wi-Fi et via Bluetooth (aucune information sur la version, compatibilit\u00e9 avec les codecs SBC et AAC, pas de connexion multipoint). Contrairement \u00e0 de nombreuses enceintes \u00e9tiquet\u00e9es \u00ab\u00a0intelligentes\u00a0\u00bb et sous Google Assistant, ce mod\u00e8le a la chance de b\u00e9n\u00e9ficier d&rsquo;une entr\u00e9e analogique en mini-jack 3,5\u00a0mm. On appr\u00e9cie l&rsquo;effort, m\u00eame si on reste encore sur notre faim sur les possibilit\u00e9s de connexion. Les fonctionnalit\u00e9s connect\u00e9es se limitent \u00e0 ce qu&rsquo;offre l&rsquo;\u00e9cosyst\u00e8me multim\u00e9dia Chromecast\u00a0: le\u00a0<em>multiroom<\/em>\u00a0et les services de\u00a0<em>streaming<\/em>\u00a0musicaux tels que Spotify, Deezer, Tidal, Google Play Music, Qobuz ou encore TuneIn, par exemple. Pas de DLNA donc, ni de compatibilit\u00e9 avec AirPlay.<\/p>","protected":false},"featured_media":17815,"comment_status":"open","ping_status":"closed","template":"","meta":[],"pwb-brand":[],"product_brand":[],"product_cat":[72,99],"product_tag":[],"class_list":{"0":"post-17814","1":"product","2":"type-product","3":"status-publish","4":"has-post-thumbnail","6":"product_cat-accessoires","7":"product_cat-speakers","9":"first","10":"instock","11":"sale","12":"taxable","13":"shipping-taxable","14":"purchasable","15":"product-type-simple"},"yoast_head":"<!-- This site is optimized with the Yoast SEO plugin v25.8 - https:\/\/yoast.com\/wordpress\/plugins\/seo\/ -->\n<title>Haut-parleur Marshall - Acton II Bluetooth Speaker - Noir | Yamen Tech<\/title>\n<meta name=\"description\" content=\"Achat sur Yamen tech Smartphone, TV, \u00e9lectrom\u00e9nager et produits high-tech aux meilleurs prix. Comparez et achetez en livraison rapide \u00e0 domicile\" \/>\n<meta name=\"robots\" content=\"index, follow, max-snippet:-1, max-image-preview:large, max-video-preview:-1\" \/>\n<link rel=\"canonical\" href=\"https:\/\/springgreen-ferret-224432.hostingersite.com\/produit\/haut-parleur-marshall-acton-ii-bluetooth-speaker-noir\/\" \/>\n<meta property=\"og:locale\" content=\"en_US\" \/>\n<meta property=\"og:type\" content=\"article\" \/>\n<meta property=\"og:title\" content=\"Haut-parleur Marshall - Acton II Bluetooth Speaker - Noir | Yamen Tech\" \/>\n<meta property=\"og:description\" content=\"Achat sur Yamen tech Smartphone, TV, \u00e9lectrom\u00e9nager et produits high-tech aux meilleurs prix. Comparez et achetez en livraison rapide \u00e0 domicile\" \/>\n<meta property=\"og:url\" content=\"https:\/\/springgreen-ferret-224432.hostingersite.com\/produit\/haut-parleur-marshall-acton-ii-bluetooth-speaker-noir\/\" \/>\n<meta property=\"og:site_name\" content=\"Yamen Tech\" \/>\n<meta property=\"article:publisher\" content=\"https:\/\/www.facebook.com\/yamentech\/\" \/>\n<meta property=\"og:image\" content=\"https:\/\/springgreen-ferret-224432.hostingersite.com\/wp-content\/uploads\/2024\/09\/speaker-marshall-action-2_1621335280.jpg\" \/>\n\t<meta property=\"og:image:width\" content=\"700\" \/>\n\t<meta property=\"og:image:height\" content=\"700\" \/>\n\t<meta property=\"og:image:type\" content=\"image\/jpeg\" \/>\n<meta name=\"twitter:card\" content=\"summary_large_image\" \/>\n<meta name=\"twitter:label1\" content=\"Est. reading time\" \/>\n\t<meta name=\"twitter:data1\" content=\"1 minute\" \/>\n<script type=\"application\/ld+json\" class=\"yoast-schema-graph\">{\"@context\":\"https:\/\/schema.org\",\"@graph\":[{\"@type\":\"WebPage\",\"@id\":\"https:\/\/springgreen-ferret-224432.hostingersite.com\/produit\/haut-parleur-marshall-acton-ii-bluetooth-speaker-noir\/\",\"url\":\"https:\/\/springgreen-ferret-224432.hostingersite.com\/produit\/haut-parleur-marshall-acton-ii-bluetooth-speaker-noir\/\",\"name\":\"Haut-parleur Marshall - Acton II Bluetooth Speaker - Noir | Yamen Tech\",\"isPartOf\":{\"@id\":\"https:\/\/springgreen-ferret-224432.hostingersite.com\/#website\"},\"primaryImageOfPage\":{\"@id\":\"https:\/\/springgreen-ferret-224432.hostingersite.com\/produit\/haut-parleur-marshall-acton-ii-bluetooth-speaker-noir\/#primaryimage\"},\"image\":{\"@id\":\"https:\/\/springgreen-ferret-224432.hostingersite.com\/produit\/haut-parleur-marshall-acton-ii-bluetooth-speaker-noir\/#primaryimage\"},\"thumbnailUrl\":\"https:\/\/demo.yamentech.com\/wp-content\/uploads\/2024\/09\/speaker-marshall-action-2_1621335280.jpg\",\"datePublished\":\"2024-09-02T09:07:36+00:00\",\"description\":\"Achat sur Yamen tech Smartphone, TV, \u00e9lectrom\u00e9nager et produits high-tech aux meilleurs prix. Comparez et achetez en livraison rapide \u00e0 domicile\",\"breadcrumb\":{\"@id\":\"https:\/\/springgreen-ferret-224432.hostingersite.com\/produit\/haut-parleur-marshall-acton-ii-bluetooth-speaker-noir\/#breadcrumb\"},\"inLanguage\":\"en-US\",\"potentialAction\":[{\"@type\":\"ReadAction\",\"target\":[\"https:\/\/springgreen-ferret-224432.hostingersite.com\/produit\/haut-parleur-marshall-acton-ii-bluetooth-speaker-noir\/\"]}]},{\"@type\":\"ImageObject\",\"inLanguage\":\"en-US\",\"@id\":\"https:\/\/springgreen-ferret-224432.hostingersite.com\/produit\/haut-parleur-marshall-acton-ii-bluetooth-speaker-noir\/#primaryimage\",\"url\":\"https:\/\/demo.yamentech.com\/wp-content\/uploads\/2024\/09\/speaker-marshall-action-2_1621335280.jpg\",\"contentUrl\":\"https:\/\/demo.yamentech.com\/wp-content\/uploads\/2024\/09\/speaker-marshall-action-2_1621335280.jpg\",\"width\":700,\"height\":700},{\"@type\":\"BreadcrumbList\",\"@id\":\"https:\/\/springgreen-ferret-224432.hostingersite.com\/produit\/haut-parleur-marshall-acton-ii-bluetooth-speaker-noir\/#breadcrumb\",\"itemListElement\":[{\"@type\":\"ListItem\",\"position\":1,\"name\":\"Accueil\",\"item\":\"https:\/\/springgreen-ferret-224432.hostingersite.com\/\"},{\"@type\":\"ListItem\",\"position\":2,\"name\":\"Boutique\",\"item\":\"https:\/\/springgreen-ferret-224432.hostingersite.com\/boutique\/\"},{\"@type\":\"ListItem\",\"position\":3,\"name\":\"Haut-parleur Marshall &#8211; Acton II Bluetooth Speaker &#8211; Noir\"}]},{\"@type\":\"WebSite\",\"@id\":\"https:\/\/springgreen-ferret-224432.hostingersite.com\/#website\",\"url\":\"https:\/\/springgreen-ferret-224432.hostingersite.com\/\",\"name\":\"Yamen Tech\",\"description\":\"\",\"publisher\":{\"@id\":\"https:\/\/springgreen-ferret-224432.hostingersite.com\/#organization\"},\"potentialAction\":[{\"@type\":\"SearchAction\",\"target\":{\"@type\":\"EntryPoint\",\"urlTemplate\":\"https:\/\/springgreen-ferret-224432.hostingersite.com\/?s={search_term_string}\"},\"query-input\":{\"@type\":\"PropertyValueSpecification\",\"valueRequired\":true,\"valueName\":\"search_term_string\"}}],\"inLanguage\":\"en-US\"},{\"@type\":\"Organization\",\"@id\":\"https:\/\/springgreen-ferret-224432.hostingersite.com\/#organization\",\"name\":\"Yamen Tech\",\"url\":\"https:\/\/springgreen-ferret-224432.hostingersite.com\/\",\"logo\":{\"@type\":\"ImageObject\",\"inLanguage\":\"en-US\",\"@id\":\"https:\/\/springgreen-ferret-224432.hostingersite.com\/#\/schema\/logo\/image\/\",\"url\":\"https:\/\/springgreen-ferret-224432.hostingersite.com\/wp-content\/uploads\/2024\/07\/images-2.png\",\"contentUrl\":\"https:\/\/springgreen-ferret-224432.hostingersite.com\/wp-content\/uploads\/2024\/07\/images-2.png\",\"width\":225,\"height\":225,\"caption\":\"Yamen Tech\"},\"image\":{\"@id\":\"https:\/\/springgreen-ferret-224432.hostingersite.com\/#\/schema\/logo\/image\/\"},\"sameAs\":[\"https:\/\/www.facebook.com\/yamentech\/\",\"https:\/\/www.instagram.com\/yamen_tech\/\"]}]}<\/script>\n<!-- \/ Yoast SEO plugin. -->","yoast_head_json":{"title":"Haut-parleur Marshall - Acton II Bluetooth Speaker - Noir | Yamen Tech","description":"Achat sur Yamen tech Smartphone, TV, \u00e9lectrom\u00e9nager et produits high-tech aux meilleurs prix. Comparez et achetez en livraison rapide \u00e0 domicile","robots":{"index":"index","follow":"follow","max-snippet":"max-snippet:-1","max-image-preview":"max-image-preview:large","max-video-preview":"max-video-preview:-1"},"canonical":"https:\/\/springgreen-ferret-224432.hostingersite.com\/produit\/haut-parleur-marshall-acton-ii-bluetooth-speaker-noir\/","og_locale":"en_US","og_type":"article","og_title":"Haut-parleur Marshall - Acton II Bluetooth Speaker - Noir | Yamen Tech","og_description":"Achat sur Yamen tech Smartphone, TV, \u00e9lectrom\u00e9nager et produits high-tech aux meilleurs prix. Comparez et achetez en livraison rapide \u00e0 domicile","og_url":"https:\/\/springgreen-ferret-224432.hostingersite.com\/produit\/haut-parleur-marshall-acton-ii-bluetooth-speaker-noir\/","og_site_name":"Yamen Tech","article_publisher":"https:\/\/www.facebook.com\/yamentech\/","og_image":[{"width":700,"height":700,"url":"https:\/\/springgreen-ferret-224432.hostingersite.com\/wp-content\/uploads\/2024\/09\/speaker-marshall-action-2_1621335280.jpg","type":"image\/jpeg"}],"twitter_card":"summary_large_image","twitter_misc":{"Est. reading time":"1 minute"},"schema":{"@context":"https:\/\/schema.org","@graph":[{"@type":"WebPage","@id":"https:\/\/springgreen-ferret-224432.hostingersite.com\/produit\/haut-parleur-marshall-acton-ii-bluetooth-speaker-noir\/","url":"https:\/\/springgreen-ferret-224432.hostingersite.com\/produit\/haut-parleur-marshall-acton-ii-bluetooth-speaker-noir\/","name":"Haut-parleur Marshall - Acton II Bluetooth Speaker - Noir | Yamen Tech","isPartOf":{"@id":"https:\/\/springgreen-ferret-224432.hostingersite.com\/#website"},"primaryImageOfPage":{"@id":"https:\/\/springgreen-ferret-224432.hostingersite.com\/produit\/haut-parleur-marshall-acton-ii-bluetooth-speaker-noir\/#primaryimage"},"image":{"@id":"https:\/\/springgreen-ferret-224432.hostingersite.com\/produit\/haut-parleur-marshall-acton-ii-bluetooth-speaker-noir\/#primaryimage"},"thumbnailUrl":"https:\/\/demo.yamentech.com\/wp-content\/uploads\/2024\/09\/speaker-marshall-action-2_1621335280.jpg","datePublished":"2024-09-02T09:07:36+00:00","description":"Achat sur Yamen tech Smartphone, TV, \u00e9lectrom\u00e9nager et produits high-tech aux meilleurs prix. Comparez et achetez en livraison rapide \u00e0 domicile","breadcrumb":{"@id":"https:\/\/springgreen-ferret-224432.hostingersite.com\/produit\/haut-parleur-marshall-acton-ii-bluetooth-speaker-noir\/#breadcrumb"},"inLanguage":"en-US","potentialAction":[{"@type":"ReadAction","target":["https:\/\/springgreen-ferret-224432.hostingersite.com\/produit\/haut-parleur-marshall-acton-ii-bluetooth-speaker-noir\/"]}]},{"@type":"ImageObject","inLanguage":"en-US","@id":"https:\/\/springgreen-ferret-224432.hostingersite.com\/produit\/haut-parleur-marshall-acton-ii-bluetooth-speaker-noir\/#primaryimage","url":"https:\/\/demo.yamentech.com\/wp-content\/uploads\/2024\/09\/speaker-marshall-action-2_1621335280.jpg","contentUrl":"https:\/\/demo.yamentech.com\/wp-content\/uploads\/2024\/09\/speaker-marshall-action-2_1621335280.jpg","width":700,"height":700},{"@type":"BreadcrumbList","@id":"https:\/\/springgreen-ferret-224432.hostingersite.com\/produit\/haut-parleur-marshall-acton-ii-bluetooth-speaker-noir\/#breadcrumb","itemListElement":[{"@type":"ListItem","position":1,"name":"Accueil","item":"https:\/\/springgreen-ferret-224432.hostingersite.com\/"},{"@type":"ListItem","position":2,"name":"Boutique","item":"https:\/\/springgreen-ferret-224432.hostingersite.com\/boutique\/"},{"@type":"ListItem","position":3,"name":"Haut-parleur Marshall &#8211; Acton II Bluetooth Speaker &#8211; Noir"}]},{"@type":"WebSite","@id":"https:\/\/springgreen-ferret-224432.hostingersite.com\/#website","url":"https:\/\/springgreen-ferret-224432.hostingersite.com\/","name":"Yamen Tech","description":"","publisher":{"@id":"https:\/\/springgreen-ferret-224432.hostingersite.com\/#organization"},"potentialAction":[{"@type":"SearchAction","target":{"@type":"EntryPoint","urlTemplate":"https:\/\/springgreen-ferret-224432.hostingersite.com\/?s={search_term_string}"},"query-input":{"@type":"PropertyValueSpecification","valueRequired":true,"valueName":"search_term_string"}}],"inLanguage":"en-US"},{"@type":"Organization","@id":"https:\/\/springgreen-ferret-224432.hostingersite.com\/#organization","name":"Yamen Tech","url":"https:\/\/springgreen-ferret-224432.hostingersite.com\/","logo":{"@type":"ImageObject","inLanguage":"en-US","@id":"https:\/\/springgreen-ferret-224432.hostingersite.com\/#\/schema\/logo\/image\/","url":"https:\/\/springgreen-ferret-224432.hostingersite.com\/wp-content\/uploads\/2024\/07\/images-2.png","contentUrl":"https:\/\/springgreen-ferret-224432.hostingersite.com\/wp-content\/uploads\/2024\/07\/images-2.png","width":225,"height":225,"caption":"Yamen Tech"},"image":{"@id":"https:\/\/springgreen-ferret-224432.hostingersite.com\/#\/schema\/logo\/image\/"},"sameAs":["https:\/\/www.facebook.com\/yamentech\/","https:\/\/www.instagram.com\/yamen_tech\/"]}]}},"brands":[],"_links":{"self":[{"href":"https:\/\/demo.yamentech.com\/en\/wp-json\/wp\/v2\/product\/17814","targetHints":{"allow":["GET"]}}],"collection":[{"href":"https:\/\/demo.yamentech.com\/en\/wp-json\/wp\/v2\/product"}],"about":[{"href":"https:\/\/demo.yamentech.com\/en\/wp-json\/wp\/v2\/types\/product"}],"replies":[{"embeddable":true,"href":"https:\/\/demo.yamentech.com\/en\/wp-json\/wp\/v2\/comments?post=17814"}],"version-history":[{"count":1,"href":"https:\/\/demo.yamentech.com\/en\/wp-json\/wp\/v2\/product\/17814\/revisions"}],"predecessor-version":[{"id":17816,"href":"https:\/\/demo.yamentech.com\/en\/wp-json\/wp\/v2\/product\/17814\/revisions\/17816"}],"wp:featuredmedia":[{"embeddable":true,"href":"https:\/\/demo.yamentech.com\/en\/wp-json\/wp\/v2\/media\/17815"}],"wp:attachment":[{"href":"https:\/\/demo.yamentech.com\/en\/wp-json\/wp\/v2\/media?parent=17814"}],"wp:term":[{"taxonomy":"pwb-brand","embeddable":true,"href":"https:\/\/demo.yamentech.com\/en\/wp-json\/wp\/v2\/pwb-brand?post=17814"},{"taxonomy":"product_brand","embeddable":true,"href":"https:\/\/demo.yamentech.com\/en\/wp-json\/wp\/v2\/product_brand?post=17814"},{"taxonomy":"product_cat","embeddable":true,"href":"https:\/\/demo.yamentech.com\/en\/wp-json\/wp\/v2\/product_cat?post=17814"},{"taxonomy":"product_tag","embeddable":true,"href":"https:\/\/demo.yamentech.com\/en\/wp-json\/wp\/v2\/product_tag?post=17814"}],"curies":[{"name":"wp","href":"https:\/\/api.w.org\/{rel}","templated":true}]}}