{"id":17817,"date":"2024-09-02T11:08:12","date_gmt":"2024-09-02T09:08:12","guid":{"rendered":"https:\/\/springgreen-ferret-224432.hostingersite.com\/?post_type=product&#038;p=17817"},"modified":"2024-09-02T11:08:12","modified_gmt":"2024-09-02T09:08:12","slug":"haut-parleur-marshall-emberton-portable-bluetooth-speaker-noir","status":"publish","type":"product","link":"https:\/\/demo.yamentech.com\/en\/product\/haut-parleur-marshall-emberton-portable-bluetooth-speaker-noir\/","title":{"rendered":"Haut-parleur Marshall &#8211; Emberton Portable Bluetooth Speaker &#8211; Noir"},"content":{"rendered":"","protected":false},"excerpt":{"rendered":"<div>\n<p>Emberton est une enceinte portable dot\u00e9e d\u2019un son puissant et dynamique, typique de Marshall. Elle utilise la technologie True Stereophonic, une forme de diffusion audio multidirectionnelle propre \u00e0 Marshall. D\u00e9couvrez un son \u00e0 360\u00b0 d\u2019une qualit\u00e9 absolue, quelle que soit votre position par rapport \u00e0 l\u2019enceinte. Et avec une autonomie de plus de 20 heures, vous pouvez profiter sans limite de la qualit\u00e9 du son Marshall.<\/p>\n<\/div>","protected":false},"featured_media":17818,"comment_status":"open","ping_status":"closed","template":"","meta":[],"pwb-brand":[],"product_brand":[],"product_cat":[72,99],"product_tag":[],"class_list":{"0":"post-17817","1":"product","2":"type-product","3":"status-publish","4":"has-post-thumbnail","6":"product_cat-accessoires","7":"product_cat-speakers","9":"first","10":"instock","11":"sale","12":"taxable","13":"shipping-taxable","14":"purchasable","15":"product-type-simple"},"yoast_head":"<!-- This site is optimized with the Yoast SEO plugin v25.8 - https:\/\/yoast.com\/wordpress\/plugins\/seo\/ -->\n<title>Haut-parleur Marshall - Emberton Portable Bluetooth Speaker - Noir | Yamen Tech<\/title>\n<meta name=\"description\" content=\"Achat sur Yamen tech Smartphone, TV, \u00e9lectrom\u00e9nager et produits high-tech aux meilleurs prix. Comparez et achetez en livraison rapide \u00e0 domicile\" \/>\n<meta name=\"robots\" content=\"index, follow, max-snippet:-1, max-image-preview:large, max-video-preview:-1\" \/>\n<link rel=\"canonical\" href=\"https:\/\/springgreen-ferret-224432.hostingersite.com\/produit\/haut-parleur-marshall-emberton-portable-bluetooth-speaker-noir\/\" \/>\n<meta property=\"og:locale\" content=\"en_US\" \/>\n<meta property=\"og:type\" content=\"article\" \/>\n<meta property=\"og:title\" content=\"Haut-parleur Marshall - Emberton Portable Bluetooth Speaker - Noir | Yamen Tech\" \/>\n<meta property=\"og:description\" content=\"Achat sur Yamen tech Smartphone, TV, \u00e9lectrom\u00e9nager et produits high-tech aux meilleurs prix. Comparez et achetez en livraison rapide \u00e0 domicile\" \/>\n<meta property=\"og:url\" content=\"https:\/\/springgreen-ferret-224432.hostingersite.com\/produit\/haut-parleur-marshall-emberton-portable-bluetooth-speaker-noir\/\" \/>\n<meta property=\"og:site_name\" content=\"Yamen Tech\" \/>\n<meta property=\"article:publisher\" content=\"https:\/\/www.facebook.com\/yamentech\/\" \/>\n<meta property=\"og:image\" content=\"https:\/\/springgreen-ferret-224432.hostingersite.com\/wp-content\/uploads\/2024\/09\/speaker-marshall-emberton_1646759992.jpg\" \/>\n\t<meta property=\"og:image:width\" content=\"500\" \/>\n\t<meta property=\"og:image:height\" content=\"340\" \/>\n\t<meta property=\"og:image:type\" content=\"image\/jpeg\" \/>\n<meta name=\"twitter:card\" content=\"summary_large_image\" \/>\n<meta name=\"twitter:label1\" content=\"Est. reading time\" \/>\n\t<meta name=\"twitter:data1\" content=\"1 minute\" \/>\n<script type=\"application\/ld+json\" class=\"yoast-schema-graph\">{\"@context\":\"https:\/\/schema.org\",\"@graph\":[{\"@type\":\"WebPage\",\"@id\":\"https:\/\/springgreen-ferret-224432.hostingersite.com\/produit\/haut-parleur-marshall-emberton-portable-bluetooth-speaker-noir\/\",\"url\":\"https:\/\/springgreen-ferret-224432.hostingersite.com\/produit\/haut-parleur-marshall-emberton-portable-bluetooth-speaker-noir\/\",\"name\":\"Haut-parleur Marshall - Emberton Portable Bluetooth Speaker - Noir | Yamen Tech\",\"isPartOf\":{\"@id\":\"https:\/\/springgreen-ferret-224432.hostingersite.com\/#website\"},\"primaryImageOfPage\":{\"@id\":\"https:\/\/springgreen-ferret-224432.hostingersite.com\/produit\/haut-parleur-marshall-emberton-portable-bluetooth-speaker-noir\/#primaryimage\"},\"image\":{\"@id\":\"https:\/\/springgreen-ferret-224432.hostingersite.com\/produit\/haut-parleur-marshall-emberton-portable-bluetooth-speaker-noir\/#primaryimage\"},\"thumbnailUrl\":\"https:\/\/demo.yamentech.com\/wp-content\/uploads\/2024\/09\/speaker-marshall-emberton_1646759992.jpg\",\"datePublished\":\"2024-09-02T09:08:12+00:00\",\"description\":\"Achat sur Yamen tech Smartphone, TV, \u00e9lectrom\u00e9nager et produits high-tech aux meilleurs prix. Comparez et achetez en livraison rapide \u00e0 domicile\",\"breadcrumb\":{\"@id\":\"https:\/\/springgreen-ferret-224432.hostingersite.com\/produit\/haut-parleur-marshall-emberton-portable-bluetooth-speaker-noir\/#breadcrumb\"},\"inLanguage\":\"en-US\",\"potentialAction\":[{\"@type\":\"ReadAction\",\"target\":[\"https:\/\/springgreen-ferret-224432.hostingersite.com\/produit\/haut-parleur-marshall-emberton-portable-bluetooth-speaker-noir\/\"]}]},{\"@type\":\"ImageObject\",\"inLanguage\":\"en-US\",\"@id\":\"https:\/\/springgreen-ferret-224432.hostingersite.com\/produit\/haut-parleur-marshall-emberton-portable-bluetooth-speaker-noir\/#primaryimage\",\"url\":\"https:\/\/demo.yamentech.com\/wp-content\/uploads\/2024\/09\/speaker-marshall-emberton_1646759992.jpg\",\"contentUrl\":\"https:\/\/demo.yamentech.com\/wp-content\/uploads\/2024\/09\/speaker-marshall-emberton_1646759992.jpg\",\"width\":500,\"height\":340},{\"@type\":\"BreadcrumbList\",\"@id\":\"https:\/\/springgreen-ferret-224432.hostingersite.com\/produit\/haut-parleur-marshall-emberton-portable-bluetooth-speaker-noir\/#breadcrumb\",\"itemListElement\":[{\"@type\":\"ListItem\",\"position\":1,\"name\":\"Accueil\",\"item\":\"https:\/\/springgreen-ferret-224432.hostingersite.com\/\"},{\"@type\":\"ListItem\",\"position\":2,\"name\":\"Boutique\",\"item\":\"https:\/\/springgreen-ferret-224432.hostingersite.com\/boutique\/\"},{\"@type\":\"ListItem\",\"position\":3,\"name\":\"Haut-parleur Marshall &#8211; Emberton Portable Bluetooth Speaker &#8211; Noir\"}]},{\"@type\":\"WebSite\",\"@id\":\"https:\/\/springgreen-ferret-224432.hostingersite.com\/#website\",\"url\":\"https:\/\/springgreen-ferret-224432.hostingersite.com\/\",\"name\":\"Yamen Tech\",\"description\":\"\",\"publisher\":{\"@id\":\"https:\/\/springgreen-ferret-224432.hostingersite.com\/#organization\"},\"potentialAction\":[{\"@type\":\"SearchAction\",\"target\":{\"@type\":\"EntryPoint\",\"urlTemplate\":\"https:\/\/springgreen-ferret-224432.hostingersite.com\/?s={search_term_string}\"},\"query-input\":{\"@type\":\"PropertyValueSpecification\",\"valueRequired\":true,\"valueName\":\"search_term_string\"}}],\"inLanguage\":\"en-US\"},{\"@type\":\"Organization\",\"@id\":\"https:\/\/springgreen-ferret-224432.hostingersite.com\/#organization\",\"name\":\"Yamen Tech\",\"url\":\"https:\/\/springgreen-ferret-224432.hostingersite.com\/\",\"logo\":{\"@type\":\"ImageObject\",\"inLanguage\":\"en-US\",\"@id\":\"https:\/\/springgreen-ferret-224432.hostingersite.com\/#\/schema\/logo\/image\/\",\"url\":\"https:\/\/springgreen-ferret-224432.hostingersite.com\/wp-content\/uploads\/2024\/07\/images-2.png\",\"contentUrl\":\"https:\/\/springgreen-ferret-224432.hostingersite.com\/wp-content\/uploads\/2024\/07\/images-2.png\",\"width\":225,\"height\":225,\"caption\":\"Yamen Tech\"},\"image\":{\"@id\":\"https:\/\/springgreen-ferret-224432.hostingersite.com\/#\/schema\/logo\/image\/\"},\"sameAs\":[\"https:\/\/www.facebook.com\/yamentech\/\",\"https:\/\/www.instagram.com\/yamen_tech\/\"]}]}<\/script>\n<!-- \/ Yoast SEO plugin. -->","yoast_head_json":{"title":"Haut-parleur Marshall - Emberton Portable Bluetooth Speaker - Noir | Yamen Tech","description":"Achat sur Yamen tech Smartphone, TV, \u00e9lectrom\u00e9nager et produits high-tech aux meilleurs prix. Comparez et achetez en livraison rapide \u00e0 domicile","robots":{"index":"index","follow":"follow","max-snippet":"max-snippet:-1","max-image-preview":"max-image-preview:large","max-video-preview":"max-video-preview:-1"},"canonical":"https:\/\/springgreen-ferret-224432.hostingersite.com\/produit\/haut-parleur-marshall-emberton-portable-bluetooth-speaker-noir\/","og_locale":"en_US","og_type":"article","og_title":"Haut-parleur Marshall - Emberton Portable Bluetooth Speaker - Noir | Yamen Tech","og_description":"Achat sur Yamen tech Smartphone, TV, \u00e9lectrom\u00e9nager et produits high-tech aux meilleurs prix. Comparez et achetez en livraison rapide \u00e0 domicile","og_url":"https:\/\/springgreen-ferret-224432.hostingersite.com\/produit\/haut-parleur-marshall-emberton-portable-bluetooth-speaker-noir\/","og_site_name":"Yamen Tech","article_publisher":"https:\/\/www.facebook.com\/yamentech\/","og_image":[{"width":500,"height":340,"url":"https:\/\/springgreen-ferret-224432.hostingersite.com\/wp-content\/uploads\/2024\/09\/speaker-marshall-emberton_1646759992.jpg","type":"image\/jpeg"}],"twitter_card":"summary_large_image","twitter_misc":{"Est. reading time":"1 minute"},"schema":{"@context":"https:\/\/schema.org","@graph":[{"@type":"WebPage","@id":"https:\/\/springgreen-ferret-224432.hostingersite.com\/produit\/haut-parleur-marshall-emberton-portable-bluetooth-speaker-noir\/","url":"https:\/\/springgreen-ferret-224432.hostingersite.com\/produit\/haut-parleur-marshall-emberton-portable-bluetooth-speaker-noir\/","name":"Haut-parleur Marshall - Emberton Portable Bluetooth Speaker - Noir | Yamen Tech","isPartOf":{"@id":"https:\/\/springgreen-ferret-224432.hostingersite.com\/#website"},"primaryImageOfPage":{"@id":"https:\/\/springgreen-ferret-224432.hostingersite.com\/produit\/haut-parleur-marshall-emberton-portable-bluetooth-speaker-noir\/#primaryimage"},"image":{"@id":"https:\/\/springgreen-ferret-224432.hostingersite.com\/produit\/haut-parleur-marshall-emberton-portable-bluetooth-speaker-noir\/#primaryimage"},"thumbnailUrl":"https:\/\/demo.yamentech.com\/wp-content\/uploads\/2024\/09\/speaker-marshall-emberton_1646759992.jpg","datePublished":"2024-09-02T09:08:12+00:00","description":"Achat sur Yamen tech Smartphone, TV, \u00e9lectrom\u00e9nager et produits high-tech aux meilleurs prix. Comparez et achetez en livraison rapide \u00e0 domicile","breadcrumb":{"@id":"https:\/\/springgreen-ferret-224432.hostingersite.com\/produit\/haut-parleur-marshall-emberton-portable-bluetooth-speaker-noir\/#breadcrumb"},"inLanguage":"en-US","potentialAction":[{"@type":"ReadAction","target":["https:\/\/springgreen-ferret-224432.hostingersite.com\/produit\/haut-parleur-marshall-emberton-portable-bluetooth-speaker-noir\/"]}]},{"@type":"ImageObject","inLanguage":"en-US","@id":"https:\/\/springgreen-ferret-224432.hostingersite.com\/produit\/haut-parleur-marshall-emberton-portable-bluetooth-speaker-noir\/#primaryimage","url":"https:\/\/demo.yamentech.com\/wp-content\/uploads\/2024\/09\/speaker-marshall-emberton_1646759992.jpg","contentUrl":"https:\/\/demo.yamentech.com\/wp-content\/uploads\/2024\/09\/speaker-marshall-emberton_1646759992.jpg","width":500,"height":340},{"@type":"BreadcrumbList","@id":"https:\/\/springgreen-ferret-224432.hostingersite.com\/produit\/haut-parleur-marshall-emberton-portable-bluetooth-speaker-noir\/#breadcrumb","itemListElement":[{"@type":"ListItem","position":1,"name":"Accueil","item":"https:\/\/springgreen-ferret-224432.hostingersite.com\/"},{"@type":"ListItem","position":2,"name":"Boutique","item":"https:\/\/springgreen-ferret-224432.hostingersite.com\/boutique\/"},{"@type":"ListItem","position":3,"name":"Haut-parleur Marshall &#8211; Emberton Portable Bluetooth Speaker &#8211; Noir"}]},{"@type":"WebSite","@id":"https:\/\/springgreen-ferret-224432.hostingersite.com\/#website","url":"https:\/\/springgreen-ferret-224432.hostingersite.com\/","name":"Yamen Tech","description":"","publisher":{"@id":"https:\/\/springgreen-ferret-224432.hostingersite.com\/#organization"},"potentialAction":[{"@type":"SearchAction","target":{"@type":"EntryPoint","urlTemplate":"https:\/\/springgreen-ferret-224432.hostingersite.com\/?s={search_term_string}"},"query-input":{"@type":"PropertyValueSpecification","valueRequired":true,"valueName":"search_term_string"}}],"inLanguage":"en-US"},{"@type":"Organization","@id":"https:\/\/springgreen-ferret-224432.hostingersite.com\/#organization","name":"Yamen Tech","url":"https:\/\/springgreen-ferret-224432.hostingersite.com\/","logo":{"@type":"ImageObject","inLanguage":"en-US","@id":"https:\/\/springgreen-ferret-224432.hostingersite.com\/#\/schema\/logo\/image\/","url":"https:\/\/springgreen-ferret-224432.hostingersite.com\/wp-content\/uploads\/2024\/07\/images-2.png","contentUrl":"https:\/\/springgreen-ferret-224432.hostingersite.com\/wp-content\/uploads\/2024\/07\/images-2.png","width":225,"height":225,"caption":"Yamen Tech"},"image":{"@id":"https:\/\/springgreen-ferret-224432.hostingersite.com\/#\/schema\/logo\/image\/"},"sameAs":["https:\/\/www.facebook.com\/yamentech\/","https:\/\/www.instagram.com\/yamen_tech\/"]}]}},"brands":[],"_links":{"self":[{"href":"https:\/\/demo.yamentech.com\/en\/wp-json\/wp\/v2\/product\/17817","targetHints":{"allow":["GET"]}}],"collection":[{"href":"https:\/\/demo.yamentech.com\/en\/wp-json\/wp\/v2\/product"}],"about":[{"href":"https:\/\/demo.yamentech.com\/en\/wp-json\/wp\/v2\/types\/product"}],"replies":[{"embeddable":true,"href":"https:\/\/demo.yamentech.com\/en\/wp-json\/wp\/v2\/comments?post=17817"}],"version-history":[{"count":1,"href":"https:\/\/demo.yamentech.com\/en\/wp-json\/wp\/v2\/product\/17817\/revisions"}],"predecessor-version":[{"id":17819,"href":"https:\/\/demo.yamentech.com\/en\/wp-json\/wp\/v2\/product\/17817\/revisions\/17819"}],"wp:featuredmedia":[{"embeddable":true,"href":"https:\/\/demo.yamentech.com\/en\/wp-json\/wp\/v2\/media\/17818"}],"wp:attachment":[{"href":"https:\/\/demo.yamentech.com\/en\/wp-json\/wp\/v2\/media?parent=17817"}],"wp:term":[{"taxonomy":"pwb-brand","embeddable":true,"href":"https:\/\/demo.yamentech.com\/en\/wp-json\/wp\/v2\/pwb-brand?post=17817"},{"taxonomy":"product_brand","embeddable":true,"href":"https:\/\/demo.yamentech.com\/en\/wp-json\/wp\/v2\/product_brand?post=17817"},{"taxonomy":"product_cat","embeddable":true,"href":"https:\/\/demo.yamentech.com\/en\/wp-json\/wp\/v2\/product_cat?post=17817"},{"taxonomy":"product_tag","embeddable":true,"href":"https:\/\/demo.yamentech.com\/en\/wp-json\/wp\/v2\/product_tag?post=17817"}],"curies":[{"name":"wp","href":"https:\/\/api.w.org\/{rel}","templated":true}]}}