{"id":17823,"date":"2024-09-02T11:16:01","date_gmt":"2024-09-02T09:16:01","guid":{"rendered":"https:\/\/springgreen-ferret-224432.hostingersite.com\/?post_type=product&#038;p=17823"},"modified":"2024-09-02T11:16:02","modified_gmt":"2024-09-02T09:16:02","slug":"haut-parleur-marshall-kilburn-ii-portable-bluetooth-speaker-blanc","status":"publish","type":"product","link":"https:\/\/demo.yamentech.com\/en\/product\/haut-parleur-marshall-kilburn-ii-portable-bluetooth-speaker-blanc\/","title":{"rendered":"Haut-parleur Marshall &#8211; Kilburn II Portable Bluetooth Speaker &#8211; Blanc"},"content":{"rendered":"","protected":false},"excerpt":{"rendered":"<p>Prenez la route avec Kilburn II.\u00a0Lib\u00e9r\u00e9 des limites des fils et des cordons, ce haut-parleur Bluetooth offre plus de 20 heures de lecture portable sur une seule charge.<\/p>\n<ul>\n<li>Plus de 20 heures de lecture portable<\/li>\n<li>Son multidirectionnel<\/li>\n<li>Bluetooth 5.0 aptx<\/li>\n<li>Conception durable et en bon \u00e9tat de marche<\/li>\n<li>Conception r\u00e9sistante \u00e0 l&rsquo;eau IPX2<\/li>\n<li>Fonctionnalit\u00e9 multi-h\u00f4te<\/li>\n<li>Personnalisez votre son<\/li>\n<li>Charge rapide<\/li>\n<\/ul>\n<p>Ce h\u00e9ros au grand c\u0153ur ne p\u00e8se que 2,5 kg et est l&rsquo;enceinte la plus puissante de sa cat\u00e9gorie.\u00a0Il produit des m\u00e9diums clairs, des graves profonds et des aigus \u00e9tendus qui sont in\u00e9gal\u00e9s pour une enceinte de cette taille, et son son multidirectionnel vous plongera dans votre musique, \u00e0 l&rsquo;int\u00e9rieur comme \u00e0 l&rsquo;ext\u00e9rieur.<\/p>","protected":false},"featured_media":17825,"comment_status":"open","ping_status":"closed","template":"","meta":[],"pwb-brand":[],"product_brand":[],"product_cat":[72,99],"product_tag":[],"class_list":{"0":"post-17823","1":"product","2":"type-product","3":"status-publish","4":"has-post-thumbnail","6":"product_cat-accessoires","7":"product_cat-speakers","9":"first","10":"instock","11":"sale","12":"taxable","13":"shipping-taxable","14":"purchasable","15":"product-type-simple"},"yoast_head":"<!-- This site is optimized with the Yoast SEO plugin v25.8 - https:\/\/yoast.com\/wordpress\/plugins\/seo\/ -->\n<title>Haut-parleur Marshall - Kilburn II Portable Bluetooth Speaker - Blanc | Yamen Tech<\/title>\n<meta name=\"description\" content=\"Achat sur Yamen tech Smartphone, TV, \u00e9lectrom\u00e9nager et produits high-tech aux meilleurs prix. Comparez et achetez en livraison rapide \u00e0 domicile\" \/>\n<meta name=\"robots\" content=\"index, follow, max-snippet:-1, max-image-preview:large, max-video-preview:-1\" \/>\n<link rel=\"canonical\" href=\"https:\/\/springgreen-ferret-224432.hostingersite.com\/produit\/haut-parleur-marshall-kilburn-ii-portable-bluetooth-speaker-blanc\/\" \/>\n<meta property=\"og:locale\" content=\"en_US\" \/>\n<meta property=\"og:type\" content=\"article\" \/>\n<meta property=\"og:title\" content=\"Haut-parleur Marshall - Kilburn II Portable Bluetooth Speaker - Blanc | Yamen Tech\" \/>\n<meta property=\"og:description\" content=\"Achat sur Yamen tech Smartphone, TV, \u00e9lectrom\u00e9nager et produits high-tech aux meilleurs prix. Comparez et achetez en livraison rapide \u00e0 domicile\" \/>\n<meta property=\"og:url\" content=\"https:\/\/springgreen-ferret-224432.hostingersite.com\/produit\/haut-parleur-marshall-kilburn-ii-portable-bluetooth-speaker-blanc\/\" \/>\n<meta property=\"og:site_name\" content=\"Yamen Tech\" \/>\n<meta property=\"article:publisher\" content=\"https:\/\/www.facebook.com\/yamentech\/\" \/>\n<meta property=\"article:modified_time\" content=\"2024-09-02T09:16:02+00:00\" \/>\n<meta property=\"og:image\" content=\"https:\/\/springgreen-ferret-224432.hostingersite.com\/wp-content\/uploads\/2024\/09\/speaker-marshall-kilburni-2-grey_1633356675.webp\" \/>\n\t<meta property=\"og:image:width\" content=\"1280\" \/>\n\t<meta property=\"og:image:height\" content=\"1280\" \/>\n\t<meta property=\"og:image:type\" content=\"image\/webp\" \/>\n<meta name=\"twitter:card\" content=\"summary_large_image\" \/>\n<meta name=\"twitter:label1\" content=\"Est. reading time\" \/>\n\t<meta name=\"twitter:data1\" content=\"1 minute\" \/>\n<script type=\"application\/ld+json\" class=\"yoast-schema-graph\">{\"@context\":\"https:\/\/schema.org\",\"@graph\":[{\"@type\":\"WebPage\",\"@id\":\"https:\/\/springgreen-ferret-224432.hostingersite.com\/produit\/haut-parleur-marshall-kilburn-ii-portable-bluetooth-speaker-blanc\/\",\"url\":\"https:\/\/springgreen-ferret-224432.hostingersite.com\/produit\/haut-parleur-marshall-kilburn-ii-portable-bluetooth-speaker-blanc\/\",\"name\":\"Haut-parleur Marshall - Kilburn II Portable Bluetooth Speaker - Blanc | Yamen Tech\",\"isPartOf\":{\"@id\":\"https:\/\/springgreen-ferret-224432.hostingersite.com\/#website\"},\"primaryImageOfPage\":{\"@id\":\"https:\/\/springgreen-ferret-224432.hostingersite.com\/produit\/haut-parleur-marshall-kilburn-ii-portable-bluetooth-speaker-blanc\/#primaryimage\"},\"image\":{\"@id\":\"https:\/\/springgreen-ferret-224432.hostingersite.com\/produit\/haut-parleur-marshall-kilburn-ii-portable-bluetooth-speaker-blanc\/#primaryimage\"},\"thumbnailUrl\":\"https:\/\/demo.yamentech.com\/wp-content\/uploads\/2024\/09\/speaker-marshall-kilburni-2-grey_1633356675.webp\",\"datePublished\":\"2024-09-02T09:16:01+00:00\",\"dateModified\":\"2024-09-02T09:16:02+00:00\",\"description\":\"Achat sur Yamen tech Smartphone, TV, \u00e9lectrom\u00e9nager et produits high-tech aux meilleurs prix. Comparez et achetez en livraison rapide \u00e0 domicile\",\"breadcrumb\":{\"@id\":\"https:\/\/springgreen-ferret-224432.hostingersite.com\/produit\/haut-parleur-marshall-kilburn-ii-portable-bluetooth-speaker-blanc\/#breadcrumb\"},\"inLanguage\":\"en-US\",\"potentialAction\":[{\"@type\":\"ReadAction\",\"target\":[\"https:\/\/springgreen-ferret-224432.hostingersite.com\/produit\/haut-parleur-marshall-kilburn-ii-portable-bluetooth-speaker-blanc\/\"]}]},{\"@type\":\"ImageObject\",\"inLanguage\":\"en-US\",\"@id\":\"https:\/\/springgreen-ferret-224432.hostingersite.com\/produit\/haut-parleur-marshall-kilburn-ii-portable-bluetooth-speaker-blanc\/#primaryimage\",\"url\":\"https:\/\/demo.yamentech.com\/wp-content\/uploads\/2024\/09\/speaker-marshall-kilburni-2-grey_1633356675.webp\",\"contentUrl\":\"https:\/\/demo.yamentech.com\/wp-content\/uploads\/2024\/09\/speaker-marshall-kilburni-2-grey_1633356675.webp\",\"width\":1280,\"height\":1280},{\"@type\":\"BreadcrumbList\",\"@id\":\"https:\/\/springgreen-ferret-224432.hostingersite.com\/produit\/haut-parleur-marshall-kilburn-ii-portable-bluetooth-speaker-blanc\/#breadcrumb\",\"itemListElement\":[{\"@type\":\"ListItem\",\"position\":1,\"name\":\"Accueil\",\"item\":\"https:\/\/springgreen-ferret-224432.hostingersite.com\/\"},{\"@type\":\"ListItem\",\"position\":2,\"name\":\"Boutique\",\"item\":\"https:\/\/springgreen-ferret-224432.hostingersite.com\/boutique\/\"},{\"@type\":\"ListItem\",\"position\":3,\"name\":\"Haut-parleur Marshall &#8211; Kilburn II Portable Bluetooth Speaker &#8211; Blanc\"}]},{\"@type\":\"WebSite\",\"@id\":\"https:\/\/springgreen-ferret-224432.hostingersite.com\/#website\",\"url\":\"https:\/\/springgreen-ferret-224432.hostingersite.com\/\",\"name\":\"Yamen Tech\",\"description\":\"\",\"publisher\":{\"@id\":\"https:\/\/springgreen-ferret-224432.hostingersite.com\/#organization\"},\"potentialAction\":[{\"@type\":\"SearchAction\",\"target\":{\"@type\":\"EntryPoint\",\"urlTemplate\":\"https:\/\/springgreen-ferret-224432.hostingersite.com\/?s={search_term_string}\"},\"query-input\":{\"@type\":\"PropertyValueSpecification\",\"valueRequired\":true,\"valueName\":\"search_term_string\"}}],\"inLanguage\":\"en-US\"},{\"@type\":\"Organization\",\"@id\":\"https:\/\/springgreen-ferret-224432.hostingersite.com\/#organization\",\"name\":\"Yamen Tech\",\"url\":\"https:\/\/springgreen-ferret-224432.hostingersite.com\/\",\"logo\":{\"@type\":\"ImageObject\",\"inLanguage\":\"en-US\",\"@id\":\"https:\/\/springgreen-ferret-224432.hostingersite.com\/#\/schema\/logo\/image\/\",\"url\":\"https:\/\/springgreen-ferret-224432.hostingersite.com\/wp-content\/uploads\/2024\/07\/images-2.png\",\"contentUrl\":\"https:\/\/springgreen-ferret-224432.hostingersite.com\/wp-content\/uploads\/2024\/07\/images-2.png\",\"width\":225,\"height\":225,\"caption\":\"Yamen Tech\"},\"image\":{\"@id\":\"https:\/\/springgreen-ferret-224432.hostingersite.com\/#\/schema\/logo\/image\/\"},\"sameAs\":[\"https:\/\/www.facebook.com\/yamentech\/\",\"https:\/\/www.instagram.com\/yamen_tech\/\"]}]}<\/script>\n<!-- \/ Yoast SEO plugin. -->","yoast_head_json":{"title":"Haut-parleur Marshall - Kilburn II Portable Bluetooth Speaker - Blanc | Yamen Tech","description":"Achat sur Yamen tech Smartphone, TV, \u00e9lectrom\u00e9nager et produits high-tech aux meilleurs prix. Comparez et achetez en livraison rapide \u00e0 domicile","robots":{"index":"index","follow":"follow","max-snippet":"max-snippet:-1","max-image-preview":"max-image-preview:large","max-video-preview":"max-video-preview:-1"},"canonical":"https:\/\/springgreen-ferret-224432.hostingersite.com\/produit\/haut-parleur-marshall-kilburn-ii-portable-bluetooth-speaker-blanc\/","og_locale":"en_US","og_type":"article","og_title":"Haut-parleur Marshall - Kilburn II Portable Bluetooth Speaker - Blanc | Yamen Tech","og_description":"Achat sur Yamen tech Smartphone, TV, \u00e9lectrom\u00e9nager et produits high-tech aux meilleurs prix. Comparez et achetez en livraison rapide \u00e0 domicile","og_url":"https:\/\/springgreen-ferret-224432.hostingersite.com\/produit\/haut-parleur-marshall-kilburn-ii-portable-bluetooth-speaker-blanc\/","og_site_name":"Yamen Tech","article_publisher":"https:\/\/www.facebook.com\/yamentech\/","article_modified_time":"2024-09-02T09:16:02+00:00","og_image":[{"width":1280,"height":1280,"url":"https:\/\/springgreen-ferret-224432.hostingersite.com\/wp-content\/uploads\/2024\/09\/speaker-marshall-kilburni-2-grey_1633356675.webp","type":"image\/webp"}],"twitter_card":"summary_large_image","twitter_misc":{"Est. reading time":"1 minute"},"schema":{"@context":"https:\/\/schema.org","@graph":[{"@type":"WebPage","@id":"https:\/\/springgreen-ferret-224432.hostingersite.com\/produit\/haut-parleur-marshall-kilburn-ii-portable-bluetooth-speaker-blanc\/","url":"https:\/\/springgreen-ferret-224432.hostingersite.com\/produit\/haut-parleur-marshall-kilburn-ii-portable-bluetooth-speaker-blanc\/","name":"Haut-parleur Marshall - Kilburn II Portable Bluetooth Speaker - Blanc | Yamen Tech","isPartOf":{"@id":"https:\/\/springgreen-ferret-224432.hostingersite.com\/#website"},"primaryImageOfPage":{"@id":"https:\/\/springgreen-ferret-224432.hostingersite.com\/produit\/haut-parleur-marshall-kilburn-ii-portable-bluetooth-speaker-blanc\/#primaryimage"},"image":{"@id":"https:\/\/springgreen-ferret-224432.hostingersite.com\/produit\/haut-parleur-marshall-kilburn-ii-portable-bluetooth-speaker-blanc\/#primaryimage"},"thumbnailUrl":"https:\/\/demo.yamentech.com\/wp-content\/uploads\/2024\/09\/speaker-marshall-kilburni-2-grey_1633356675.webp","datePublished":"2024-09-02T09:16:01+00:00","dateModified":"2024-09-02T09:16:02+00:00","description":"Achat sur Yamen tech Smartphone, TV, \u00e9lectrom\u00e9nager et produits high-tech aux meilleurs prix. Comparez et achetez en livraison rapide \u00e0 domicile","breadcrumb":{"@id":"https:\/\/springgreen-ferret-224432.hostingersite.com\/produit\/haut-parleur-marshall-kilburn-ii-portable-bluetooth-speaker-blanc\/#breadcrumb"},"inLanguage":"en-US","potentialAction":[{"@type":"ReadAction","target":["https:\/\/springgreen-ferret-224432.hostingersite.com\/produit\/haut-parleur-marshall-kilburn-ii-portable-bluetooth-speaker-blanc\/"]}]},{"@type":"ImageObject","inLanguage":"en-US","@id":"https:\/\/springgreen-ferret-224432.hostingersite.com\/produit\/haut-parleur-marshall-kilburn-ii-portable-bluetooth-speaker-blanc\/#primaryimage","url":"https:\/\/demo.yamentech.com\/wp-content\/uploads\/2024\/09\/speaker-marshall-kilburni-2-grey_1633356675.webp","contentUrl":"https:\/\/demo.yamentech.com\/wp-content\/uploads\/2024\/09\/speaker-marshall-kilburni-2-grey_1633356675.webp","width":1280,"height":1280},{"@type":"BreadcrumbList","@id":"https:\/\/springgreen-ferret-224432.hostingersite.com\/produit\/haut-parleur-marshall-kilburn-ii-portable-bluetooth-speaker-blanc\/#breadcrumb","itemListElement":[{"@type":"ListItem","position":1,"name":"Accueil","item":"https:\/\/springgreen-ferret-224432.hostingersite.com\/"},{"@type":"ListItem","position":2,"name":"Boutique","item":"https:\/\/springgreen-ferret-224432.hostingersite.com\/boutique\/"},{"@type":"ListItem","position":3,"name":"Haut-parleur Marshall &#8211; Kilburn II Portable Bluetooth Speaker &#8211; Blanc"}]},{"@type":"WebSite","@id":"https:\/\/springgreen-ferret-224432.hostingersite.com\/#website","url":"https:\/\/springgreen-ferret-224432.hostingersite.com\/","name":"Yamen Tech","description":"","publisher":{"@id":"https:\/\/springgreen-ferret-224432.hostingersite.com\/#organization"},"potentialAction":[{"@type":"SearchAction","target":{"@type":"EntryPoint","urlTemplate":"https:\/\/springgreen-ferret-224432.hostingersite.com\/?s={search_term_string}"},"query-input":{"@type":"PropertyValueSpecification","valueRequired":true,"valueName":"search_term_string"}}],"inLanguage":"en-US"},{"@type":"Organization","@id":"https:\/\/springgreen-ferret-224432.hostingersite.com\/#organization","name":"Yamen Tech","url":"https:\/\/springgreen-ferret-224432.hostingersite.com\/","logo":{"@type":"ImageObject","inLanguage":"en-US","@id":"https:\/\/springgreen-ferret-224432.hostingersite.com\/#\/schema\/logo\/image\/","url":"https:\/\/springgreen-ferret-224432.hostingersite.com\/wp-content\/uploads\/2024\/07\/images-2.png","contentUrl":"https:\/\/springgreen-ferret-224432.hostingersite.com\/wp-content\/uploads\/2024\/07\/images-2.png","width":225,"height":225,"caption":"Yamen Tech"},"image":{"@id":"https:\/\/springgreen-ferret-224432.hostingersite.com\/#\/schema\/logo\/image\/"},"sameAs":["https:\/\/www.facebook.com\/yamentech\/","https:\/\/www.instagram.com\/yamen_tech\/"]}]}},"brands":[],"_links":{"self":[{"href":"https:\/\/demo.yamentech.com\/en\/wp-json\/wp\/v2\/product\/17823","targetHints":{"allow":["GET"]}}],"collection":[{"href":"https:\/\/demo.yamentech.com\/en\/wp-json\/wp\/v2\/product"}],"about":[{"href":"https:\/\/demo.yamentech.com\/en\/wp-json\/wp\/v2\/types\/product"}],"replies":[{"embeddable":true,"href":"https:\/\/demo.yamentech.com\/en\/wp-json\/wp\/v2\/comments?post=17823"}],"version-history":[{"count":1,"href":"https:\/\/demo.yamentech.com\/en\/wp-json\/wp\/v2\/product\/17823\/revisions"}],"predecessor-version":[{"id":17826,"href":"https:\/\/demo.yamentech.com\/en\/wp-json\/wp\/v2\/product\/17823\/revisions\/17826"}],"wp:featuredmedia":[{"embeddable":true,"href":"https:\/\/demo.yamentech.com\/en\/wp-json\/wp\/v2\/media\/17825"}],"wp:attachment":[{"href":"https:\/\/demo.yamentech.com\/en\/wp-json\/wp\/v2\/media?parent=17823"}],"wp:term":[{"taxonomy":"pwb-brand","embeddable":true,"href":"https:\/\/demo.yamentech.com\/en\/wp-json\/wp\/v2\/pwb-brand?post=17823"},{"taxonomy":"product_brand","embeddable":true,"href":"https:\/\/demo.yamentech.com\/en\/wp-json\/wp\/v2\/product_brand?post=17823"},{"taxonomy":"product_cat","embeddable":true,"href":"https:\/\/demo.yamentech.com\/en\/wp-json\/wp\/v2\/product_cat?post=17823"},{"taxonomy":"product_tag","embeddable":true,"href":"https:\/\/demo.yamentech.com\/en\/wp-json\/wp\/v2\/product_tag?post=17823"}],"curies":[{"name":"wp","href":"https:\/\/api.w.org\/{rel}","templated":true}]}}