{"id":17926,"date":"2024-09-02T13:51:30","date_gmt":"2024-09-02T11:51:30","guid":{"rendered":"https:\/\/springgreen-ferret-224432.hostingersite.com\/?post_type=product&#038;p=17926"},"modified":"2025-06-18T11:00:07","modified_gmt":"2025-06-18T09:00:07","slug":"kieslect-lady-calling-watch-lora","status":"publish","type":"product","link":"https:\/\/demo.yamentech.com\/en\/product\/kieslect-lady-calling-watch-lora\/","title":{"rendered":"Montre connect\u00e9e Kieslect lady Calling Watch lora"},"content":{"rendered":"","protected":false},"excerpt":{"rendered":"<div class=\"woocommerce-product-details__short-description\">\n<p>La montre Lady Calling Watch Lora est un accessoire technologique sophistiqu\u00e9 qui offre une exp\u00e9rience visuelle exceptionnelle gr\u00e2ce \u00e0 son \u00e9cran \u00e0 bulles sph\u00e9rique 3D Fullview. Elle est compatible avec les syst\u00e8mes d\u2019exploitation Android et IOS, dispose d\u2019une connectivit\u00e9 Bluetooth 5.2 et d\u2019une capacit\u00e9 de batterie de 280mAh pour une utilisation prolong\u00e9e. Avec son corps en aluminium et sa garantie d\u2019un an, cette montre est id\u00e9ale pour les femmes modernes \u00e0 la recherche d\u2019un accessoire pratique et \u00e9l\u00e9gant. Elle fournit \u00e9galement un lecteur de musique au poignet, des appels BT stables et une puce d\u2019appel mondiale pour une utilisation facile.<\/p>\n<\/div>","protected":false},"featured_media":17927,"comment_status":"open","ping_status":"closed","template":"","meta":[],"pwb-brand":[],"product_brand":[],"product_cat":[72,93],"product_tag":[],"class_list":{"0":"post-17926","1":"product","2":"type-product","3":"status-publish","4":"has-post-thumbnail","6":"product_cat-accessoires","7":"product_cat-smartwatch","8":"pa_couleur-rose","10":"first","11":"instock","12":"sale","13":"taxable","14":"shipping-taxable","15":"purchasable","16":"product-type-variable"},"yoast_head":"<!-- This site is optimized with the Yoast SEO plugin v25.8 - https:\/\/yoast.com\/wordpress\/plugins\/seo\/ -->\n<title>Montre connect\u00e9e Kieslect lady Calling Watch lora | Yamen Tech<\/title>\n<meta name=\"description\" content=\"Achat sur Yamen tech Smartphone, TV, \u00e9lectrom\u00e9nager et produits high-tech aux meilleurs prix. Comparez et achetez en livraison rapide \u00e0 domicile\" \/>\n<meta name=\"robots\" content=\"index, follow, max-snippet:-1, max-image-preview:large, max-video-preview:-1\" \/>\n<link rel=\"canonical\" href=\"https:\/\/demo.yamentech.com\/en\/product\/kieslect-lady-calling-watch-lora\/\" \/>\n<meta property=\"og:locale\" content=\"en_US\" \/>\n<meta property=\"og:type\" content=\"article\" \/>\n<meta property=\"og:title\" content=\"Montre connect\u00e9e Kieslect lady Calling Watch lora | Yamen Tech\" \/>\n<meta property=\"og:description\" content=\"Achat sur Yamen tech Smartphone, TV, \u00e9lectrom\u00e9nager et produits high-tech aux meilleurs prix. Comparez et achetez en livraison rapide \u00e0 domicile\" \/>\n<meta property=\"og:url\" content=\"https:\/\/demo.yamentech.com\/en\/product\/kieslect-lady-calling-watch-lora\/\" \/>\n<meta property=\"og:site_name\" content=\"Yamen Tech\" \/>\n<meta property=\"article:publisher\" content=\"https:\/\/www.facebook.com\/yamentech\/\" \/>\n<meta property=\"article:modified_time\" content=\"2025-06-18T09:00:07+00:00\" \/>\n<meta property=\"og:image\" content=\"https:\/\/demo.yamentech.com\/wp-content\/uploads\/2024\/09\/KieslectLoraMarocmagnetiqueBracelet_600x-595x595-1.jpg\" \/>\n\t<meta property=\"og:image:width\" content=\"595\" \/>\n\t<meta property=\"og:image:height\" content=\"595\" \/>\n\t<meta property=\"og:image:type\" content=\"image\/jpeg\" \/>\n<meta name=\"twitter:card\" content=\"summary_large_image\" \/>\n<meta name=\"twitter:label1\" content=\"Est. reading time\" \/>\n\t<meta name=\"twitter:data1\" content=\"1 minute\" \/>\n<script type=\"application\/ld+json\" class=\"yoast-schema-graph\">{\"@context\":\"https:\/\/schema.org\",\"@graph\":[{\"@type\":\"WebPage\",\"@id\":\"https:\/\/demo.yamentech.com\/produit\/kieslect-lady-calling-watch-lora\/\",\"url\":\"https:\/\/demo.yamentech.com\/produit\/kieslect-lady-calling-watch-lora\/\",\"name\":\"Montre connect\u00e9e Kieslect lady Calling Watch lora | Yamen Tech\",\"isPartOf\":{\"@id\":\"https:\/\/springgreen-ferret-224432.hostingersite.com\/#website\"},\"primaryImageOfPage\":{\"@id\":\"https:\/\/demo.yamentech.com\/produit\/kieslect-lady-calling-watch-lora\/#primaryimage\"},\"image\":{\"@id\":\"https:\/\/demo.yamentech.com\/produit\/kieslect-lady-calling-watch-lora\/#primaryimage\"},\"thumbnailUrl\":\"https:\/\/demo.yamentech.com\/wp-content\/uploads\/2024\/09\/KieslectLoraMarocmagnetiqueBracelet_600x-595x595-1.jpg\",\"datePublished\":\"2024-09-02T11:51:30+00:00\",\"dateModified\":\"2025-06-18T09:00:07+00:00\",\"description\":\"Achat sur Yamen tech Smartphone, TV, \u00e9lectrom\u00e9nager et produits high-tech aux meilleurs prix. Comparez et achetez en livraison rapide \u00e0 domicile\",\"breadcrumb\":{\"@id\":\"https:\/\/demo.yamentech.com\/produit\/kieslect-lady-calling-watch-lora\/#breadcrumb\"},\"inLanguage\":\"en-US\",\"potentialAction\":[{\"@type\":\"ReadAction\",\"target\":[\"https:\/\/demo.yamentech.com\/produit\/kieslect-lady-calling-watch-lora\/\"]}]},{\"@type\":\"ImageObject\",\"inLanguage\":\"en-US\",\"@id\":\"https:\/\/demo.yamentech.com\/produit\/kieslect-lady-calling-watch-lora\/#primaryimage\",\"url\":\"https:\/\/demo.yamentech.com\/wp-content\/uploads\/2024\/09\/KieslectLoraMarocmagnetiqueBracelet_600x-595x595-1.jpg\",\"contentUrl\":\"https:\/\/demo.yamentech.com\/wp-content\/uploads\/2024\/09\/KieslectLoraMarocmagnetiqueBracelet_600x-595x595-1.jpg\",\"width\":595,\"height\":595},{\"@type\":\"BreadcrumbList\",\"@id\":\"https:\/\/demo.yamentech.com\/produit\/kieslect-lady-calling-watch-lora\/#breadcrumb\",\"itemListElement\":[{\"@type\":\"ListItem\",\"position\":1,\"name\":\"Accueil\",\"item\":\"https:\/\/springgreen-ferret-224432.hostingersite.com\/\"},{\"@type\":\"ListItem\",\"position\":2,\"name\":\"Boutique\",\"item\":\"https:\/\/springgreen-ferret-224432.hostingersite.com\/boutique\/\"},{\"@type\":\"ListItem\",\"position\":3,\"name\":\"Montre connect\u00e9e Kieslect lady Calling Watch lora\"}]},{\"@type\":\"WebSite\",\"@id\":\"https:\/\/springgreen-ferret-224432.hostingersite.com\/#website\",\"url\":\"https:\/\/springgreen-ferret-224432.hostingersite.com\/\",\"name\":\"Yamen Tech\",\"description\":\"\",\"publisher\":{\"@id\":\"https:\/\/springgreen-ferret-224432.hostingersite.com\/#organization\"},\"potentialAction\":[{\"@type\":\"SearchAction\",\"target\":{\"@type\":\"EntryPoint\",\"urlTemplate\":\"https:\/\/springgreen-ferret-224432.hostingersite.com\/?s={search_term_string}\"},\"query-input\":{\"@type\":\"PropertyValueSpecification\",\"valueRequired\":true,\"valueName\":\"search_term_string\"}}],\"inLanguage\":\"en-US\"},{\"@type\":\"Organization\",\"@id\":\"https:\/\/springgreen-ferret-224432.hostingersite.com\/#organization\",\"name\":\"Yamen Tech\",\"url\":\"https:\/\/springgreen-ferret-224432.hostingersite.com\/\",\"logo\":{\"@type\":\"ImageObject\",\"inLanguage\":\"en-US\",\"@id\":\"https:\/\/springgreen-ferret-224432.hostingersite.com\/#\/schema\/logo\/image\/\",\"url\":\"https:\/\/springgreen-ferret-224432.hostingersite.com\/wp-content\/uploads\/2024\/07\/images-2.png\",\"contentUrl\":\"https:\/\/springgreen-ferret-224432.hostingersite.com\/wp-content\/uploads\/2024\/07\/images-2.png\",\"width\":225,\"height\":225,\"caption\":\"Yamen Tech\"},\"image\":{\"@id\":\"https:\/\/springgreen-ferret-224432.hostingersite.com\/#\/schema\/logo\/image\/\"},\"sameAs\":[\"https:\/\/www.facebook.com\/yamentech\/\",\"https:\/\/www.instagram.com\/yamen_tech\/\"]}]}<\/script>\n<!-- \/ Yoast SEO plugin. -->","yoast_head_json":{"title":"Montre connect\u00e9e Kieslect lady Calling Watch lora | Yamen Tech","description":"Achat sur Yamen tech Smartphone, TV, \u00e9lectrom\u00e9nager et produits high-tech aux meilleurs prix. Comparez et achetez en livraison rapide \u00e0 domicile","robots":{"index":"index","follow":"follow","max-snippet":"max-snippet:-1","max-image-preview":"max-image-preview:large","max-video-preview":"max-video-preview:-1"},"canonical":"https:\/\/demo.yamentech.com\/en\/product\/kieslect-lady-calling-watch-lora\/","og_locale":"en_US","og_type":"article","og_title":"Montre connect\u00e9e Kieslect lady Calling Watch lora | Yamen Tech","og_description":"Achat sur Yamen tech Smartphone, TV, \u00e9lectrom\u00e9nager et produits high-tech aux meilleurs prix. Comparez et achetez en livraison rapide \u00e0 domicile","og_url":"https:\/\/demo.yamentech.com\/en\/product\/kieslect-lady-calling-watch-lora\/","og_site_name":"Yamen Tech","article_publisher":"https:\/\/www.facebook.com\/yamentech\/","article_modified_time":"2025-06-18T09:00:07+00:00","og_image":[{"width":595,"height":595,"url":"https:\/\/demo.yamentech.com\/wp-content\/uploads\/2024\/09\/KieslectLoraMarocmagnetiqueBracelet_600x-595x595-1.jpg","type":"image\/jpeg"}],"twitter_card":"summary_large_image","twitter_misc":{"Est. reading time":"1 minute"},"schema":{"@context":"https:\/\/schema.org","@graph":[{"@type":"WebPage","@id":"https:\/\/demo.yamentech.com\/produit\/kieslect-lady-calling-watch-lora\/","url":"https:\/\/demo.yamentech.com\/produit\/kieslect-lady-calling-watch-lora\/","name":"Montre connect\u00e9e Kieslect lady Calling Watch lora | Yamen Tech","isPartOf":{"@id":"https:\/\/springgreen-ferret-224432.hostingersite.com\/#website"},"primaryImageOfPage":{"@id":"https:\/\/demo.yamentech.com\/produit\/kieslect-lady-calling-watch-lora\/#primaryimage"},"image":{"@id":"https:\/\/demo.yamentech.com\/produit\/kieslect-lady-calling-watch-lora\/#primaryimage"},"thumbnailUrl":"https:\/\/demo.yamentech.com\/wp-content\/uploads\/2024\/09\/KieslectLoraMarocmagnetiqueBracelet_600x-595x595-1.jpg","datePublished":"2024-09-02T11:51:30+00:00","dateModified":"2025-06-18T09:00:07+00:00","description":"Achat sur Yamen tech Smartphone, TV, \u00e9lectrom\u00e9nager et produits high-tech aux meilleurs prix. Comparez et achetez en livraison rapide \u00e0 domicile","breadcrumb":{"@id":"https:\/\/demo.yamentech.com\/produit\/kieslect-lady-calling-watch-lora\/#breadcrumb"},"inLanguage":"en-US","potentialAction":[{"@type":"ReadAction","target":["https:\/\/demo.yamentech.com\/produit\/kieslect-lady-calling-watch-lora\/"]}]},{"@type":"ImageObject","inLanguage":"en-US","@id":"https:\/\/demo.yamentech.com\/produit\/kieslect-lady-calling-watch-lora\/#primaryimage","url":"https:\/\/demo.yamentech.com\/wp-content\/uploads\/2024\/09\/KieslectLoraMarocmagnetiqueBracelet_600x-595x595-1.jpg","contentUrl":"https:\/\/demo.yamentech.com\/wp-content\/uploads\/2024\/09\/KieslectLoraMarocmagnetiqueBracelet_600x-595x595-1.jpg","width":595,"height":595},{"@type":"BreadcrumbList","@id":"https:\/\/demo.yamentech.com\/produit\/kieslect-lady-calling-watch-lora\/#breadcrumb","itemListElement":[{"@type":"ListItem","position":1,"name":"Accueil","item":"https:\/\/springgreen-ferret-224432.hostingersite.com\/"},{"@type":"ListItem","position":2,"name":"Boutique","item":"https:\/\/springgreen-ferret-224432.hostingersite.com\/boutique\/"},{"@type":"ListItem","position":3,"name":"Montre connect\u00e9e Kieslect lady Calling Watch lora"}]},{"@type":"WebSite","@id":"https:\/\/springgreen-ferret-224432.hostingersite.com\/#website","url":"https:\/\/springgreen-ferret-224432.hostingersite.com\/","name":"Yamen Tech","description":"","publisher":{"@id":"https:\/\/springgreen-ferret-224432.hostingersite.com\/#organization"},"potentialAction":[{"@type":"SearchAction","target":{"@type":"EntryPoint","urlTemplate":"https:\/\/springgreen-ferret-224432.hostingersite.com\/?s={search_term_string}"},"query-input":{"@type":"PropertyValueSpecification","valueRequired":true,"valueName":"search_term_string"}}],"inLanguage":"en-US"},{"@type":"Organization","@id":"https:\/\/springgreen-ferret-224432.hostingersite.com\/#organization","name":"Yamen Tech","url":"https:\/\/springgreen-ferret-224432.hostingersite.com\/","logo":{"@type":"ImageObject","inLanguage":"en-US","@id":"https:\/\/springgreen-ferret-224432.hostingersite.com\/#\/schema\/logo\/image\/","url":"https:\/\/springgreen-ferret-224432.hostingersite.com\/wp-content\/uploads\/2024\/07\/images-2.png","contentUrl":"https:\/\/springgreen-ferret-224432.hostingersite.com\/wp-content\/uploads\/2024\/07\/images-2.png","width":225,"height":225,"caption":"Yamen Tech"},"image":{"@id":"https:\/\/springgreen-ferret-224432.hostingersite.com\/#\/schema\/logo\/image\/"},"sameAs":["https:\/\/www.facebook.com\/yamentech\/","https:\/\/www.instagram.com\/yamen_tech\/"]}]}},"brands":[],"_links":{"self":[{"href":"https:\/\/demo.yamentech.com\/en\/wp-json\/wp\/v2\/product\/17926","targetHints":{"allow":["GET"]}}],"collection":[{"href":"https:\/\/demo.yamentech.com\/en\/wp-json\/wp\/v2\/product"}],"about":[{"href":"https:\/\/demo.yamentech.com\/en\/wp-json\/wp\/v2\/types\/product"}],"replies":[{"embeddable":true,"href":"https:\/\/demo.yamentech.com\/en\/wp-json\/wp\/v2\/comments?post=17926"}],"version-history":[{"count":3,"href":"https:\/\/demo.yamentech.com\/en\/wp-json\/wp\/v2\/product\/17926\/revisions"}],"predecessor-version":[{"id":21698,"href":"https:\/\/demo.yamentech.com\/en\/wp-json\/wp\/v2\/product\/17926\/revisions\/21698"}],"wp:featuredmedia":[{"embeddable":true,"href":"https:\/\/demo.yamentech.com\/en\/wp-json\/wp\/v2\/media\/17927"}],"wp:attachment":[{"href":"https:\/\/demo.yamentech.com\/en\/wp-json\/wp\/v2\/media?parent=17926"}],"wp:term":[{"taxonomy":"pwb-brand","embeddable":true,"href":"https:\/\/demo.yamentech.com\/en\/wp-json\/wp\/v2\/pwb-brand?post=17926"},{"taxonomy":"product_brand","embeddable":true,"href":"https:\/\/demo.yamentech.com\/en\/wp-json\/wp\/v2\/product_brand?post=17926"},{"taxonomy":"product_cat","embeddable":true,"href":"https:\/\/demo.yamentech.com\/en\/wp-json\/wp\/v2\/product_cat?post=17926"},{"taxonomy":"product_tag","embeddable":true,"href":"https:\/\/demo.yamentech.com\/en\/wp-json\/wp\/v2\/product_tag?post=17926"}],"curies":[{"name":"wp","href":"https:\/\/api.w.org\/{rel}","templated":true}]}}