{"id":20573,"date":"2024-10-30T16:47:07","date_gmt":"2024-10-30T15:47:07","guid":{"rendered":"https:\/\/springgreen-ferret-224432.hostingersite.com\/?post_type=product&#038;p=20573"},"modified":"2025-06-10T15:32:54","modified_gmt":"2025-06-10T13:32:54","slug":"smartphone-infinix-smart-9","status":"publish","type":"product","link":"https:\/\/demo.yamentech.com\/en\/product\/smartphone-infinix-smart-9\/","title":{"rendered":"Smartphone INFINIX Smart 9"},"content":{"rendered":"","protected":false},"excerpt":{"rendered":"<p>\u00c9cran:\u00a0<strong>6.7&Prime; LCD IPS\u00a0<\/strong>(720&#215;1600 pixels),\u00a0<strong>120Hz\u00a0<\/strong>&#8211; Processeur:\u00a0<strong>MediaTek Helio G81<\/strong>\u00a0avec autonomie de 48 mois\u00a0<strong>Octa-core\u00a0<\/strong>&#8211; Syst\u00e8me d&rsquo;exploitation:\u00a0<strong>Android 14 (\u00e9dition Go), XOS 14<\/strong>\u00a0&#8211; RAM:\u00a0<strong>4Go &amp; 3 Go (extensible jusqu&rsquo;\u00e0 8Go)<\/strong>\u00a0&#8211; Stockage:\u00a0<strong>128Go &amp; 64 Go<\/strong>\u00a0&#8211; Appareil Photo Arri\u00e8re:\u00a0<strong>13MP ,\u00a0<\/strong>Frontale:<strong>\u00a08MP\u00a0<\/strong>&#8211; Haut-parleurs doubles 300% Ultra Volume &#8211; Connectivit\u00e9: Wifi\u00a0<strong>4G<\/strong>\u00a0et Bluetooth &#8211; Batterie:\u00a0<strong>5000mAh<\/strong><strong>\u00a0&#8211; Empreinte digitale\u00a0<\/strong>&#8211; R\u00e9sistant \u00e0 la poussi\u00e8re et aux \u00e9claboussures:<strong>\u00a0IP54 &#8211;\u00a0<\/strong>Double SIM &#8211; Couleur: Gold &#8211; Garantie: 1an<\/p>","protected":false},"featured_media":20585,"comment_status":"open","ping_status":"closed","template":"","meta":[],"pwb-brand":[],"product_brand":[],"product_cat":[74,79],"product_tag":[],"class_list":{"0":"post-20573","1":"product","2":"type-product","3":"status-publish","4":"has-post-thumbnail","6":"product_cat-android","7":"product_cat-infinix","8":"pa_couleur-bleu","9":"pa_couleur-gold","10":"pa_couleur-gris","11":"pa_couleur-noir","12":"pa_stockage-128gb","13":"pa_stockage-64gb","15":"first","16":"instock","17":"taxable","18":"shipping-taxable","19":"purchasable","20":"product-type-variable","21":"has-default-attributes"},"yoast_head":"<!-- This site is optimized with the Yoast SEO plugin v25.8 - https:\/\/yoast.com\/wordpress\/plugins\/seo\/ -->\n<title>Smartphone INFINIX Smart 9 | Yamen Tech<\/title>\n<meta name=\"description\" content=\"Achat sur Yamen tech Smartphone, TV, \u00e9lectrom\u00e9nager et produits high-tech aux meilleurs prix. Comparez et achetez en livraison rapide \u00e0 domicile\" \/>\n<meta name=\"robots\" content=\"index, follow, max-snippet:-1, max-image-preview:large, max-video-preview:-1\" \/>\n<link rel=\"canonical\" href=\"https:\/\/demo.yamentech.com\/en\/product\/smartphone-infinix-smart-9\/\" \/>\n<meta property=\"og:locale\" content=\"en_US\" \/>\n<meta property=\"og:type\" content=\"article\" \/>\n<meta property=\"og:title\" content=\"Smartphone INFINIX Smart 9 | Yamen Tech\" \/>\n<meta property=\"og:description\" content=\"Achat sur Yamen tech Smartphone, TV, \u00e9lectrom\u00e9nager et produits high-tech aux meilleurs prix. Comparez et achetez en livraison rapide \u00e0 domicile\" \/>\n<meta property=\"og:url\" content=\"https:\/\/demo.yamentech.com\/en\/product\/smartphone-infinix-smart-9\/\" \/>\n<meta property=\"og:site_name\" content=\"Yamen Tech\" \/>\n<meta property=\"article:publisher\" content=\"https:\/\/www.facebook.com\/yamentech\/\" \/>\n<meta property=\"article:modified_time\" content=\"2025-06-10T13:32:54+00:00\" \/>\n<meta property=\"og:image\" content=\"https:\/\/demo.yamentech.com\/wp-content\/uploads\/2024\/10\/smartphone-infinix-smart-9-4go-128go-gold.jpg\" \/>\n\t<meta property=\"og:image:width\" content=\"700\" \/>\n\t<meta property=\"og:image:height\" content=\"700\" \/>\n\t<meta property=\"og:image:type\" content=\"image\/jpeg\" \/>\n<meta name=\"twitter:card\" content=\"summary_large_image\" \/>\n<meta name=\"twitter:label1\" content=\"Est. reading time\" \/>\n\t<meta name=\"twitter:data1\" content=\"1 minute\" \/>\n<script type=\"application\/ld+json\" class=\"yoast-schema-graph\">{\"@context\":\"https:\/\/schema.org\",\"@graph\":[{\"@type\":\"WebPage\",\"@id\":\"https:\/\/demo.yamentech.com\/produit\/smartphone-infinix-smart-9\/\",\"url\":\"https:\/\/demo.yamentech.com\/produit\/smartphone-infinix-smart-9\/\",\"name\":\"Smartphone INFINIX Smart 9 | Yamen Tech\",\"isPartOf\":{\"@id\":\"https:\/\/springgreen-ferret-224432.hostingersite.com\/#website\"},\"primaryImageOfPage\":{\"@id\":\"https:\/\/demo.yamentech.com\/produit\/smartphone-infinix-smart-9\/#primaryimage\"},\"image\":{\"@id\":\"https:\/\/demo.yamentech.com\/produit\/smartphone-infinix-smart-9\/#primaryimage\"},\"thumbnailUrl\":\"https:\/\/demo.yamentech.com\/wp-content\/uploads\/2024\/10\/smartphone-infinix-smart-9-4go-128go-gold.jpg\",\"datePublished\":\"2024-10-30T15:47:07+00:00\",\"dateModified\":\"2025-06-10T13:32:54+00:00\",\"description\":\"Achat sur Yamen tech Smartphone, TV, \u00e9lectrom\u00e9nager et produits high-tech aux meilleurs prix. Comparez et achetez en livraison rapide \u00e0 domicile\",\"breadcrumb\":{\"@id\":\"https:\/\/demo.yamentech.com\/produit\/smartphone-infinix-smart-9\/#breadcrumb\"},\"inLanguage\":\"en-US\",\"potentialAction\":[{\"@type\":\"ReadAction\",\"target\":[\"https:\/\/demo.yamentech.com\/produit\/smartphone-infinix-smart-9\/\"]}]},{\"@type\":\"ImageObject\",\"inLanguage\":\"en-US\",\"@id\":\"https:\/\/demo.yamentech.com\/produit\/smartphone-infinix-smart-9\/#primaryimage\",\"url\":\"https:\/\/demo.yamentech.com\/wp-content\/uploads\/2024\/10\/smartphone-infinix-smart-9-4go-128go-gold.jpg\",\"contentUrl\":\"https:\/\/demo.yamentech.com\/wp-content\/uploads\/2024\/10\/smartphone-infinix-smart-9-4go-128go-gold.jpg\",\"width\":700,\"height\":700},{\"@type\":\"BreadcrumbList\",\"@id\":\"https:\/\/demo.yamentech.com\/produit\/smartphone-infinix-smart-9\/#breadcrumb\",\"itemListElement\":[{\"@type\":\"ListItem\",\"position\":1,\"name\":\"Accueil\",\"item\":\"https:\/\/springgreen-ferret-224432.hostingersite.com\/\"},{\"@type\":\"ListItem\",\"position\":2,\"name\":\"Boutique\",\"item\":\"https:\/\/springgreen-ferret-224432.hostingersite.com\/boutique\/\"},{\"@type\":\"ListItem\",\"position\":3,\"name\":\"Smartphone INFINIX Smart 9\"}]},{\"@type\":\"WebSite\",\"@id\":\"https:\/\/springgreen-ferret-224432.hostingersite.com\/#website\",\"url\":\"https:\/\/springgreen-ferret-224432.hostingersite.com\/\",\"name\":\"Yamen Tech\",\"description\":\"\",\"publisher\":{\"@id\":\"https:\/\/springgreen-ferret-224432.hostingersite.com\/#organization\"},\"potentialAction\":[{\"@type\":\"SearchAction\",\"target\":{\"@type\":\"EntryPoint\",\"urlTemplate\":\"https:\/\/springgreen-ferret-224432.hostingersite.com\/?s={search_term_string}\"},\"query-input\":{\"@type\":\"PropertyValueSpecification\",\"valueRequired\":true,\"valueName\":\"search_term_string\"}}],\"inLanguage\":\"en-US\"},{\"@type\":\"Organization\",\"@id\":\"https:\/\/springgreen-ferret-224432.hostingersite.com\/#organization\",\"name\":\"Yamen Tech\",\"url\":\"https:\/\/springgreen-ferret-224432.hostingersite.com\/\",\"logo\":{\"@type\":\"ImageObject\",\"inLanguage\":\"en-US\",\"@id\":\"https:\/\/springgreen-ferret-224432.hostingersite.com\/#\/schema\/logo\/image\/\",\"url\":\"https:\/\/springgreen-ferret-224432.hostingersite.com\/wp-content\/uploads\/2024\/07\/images-2.png\",\"contentUrl\":\"https:\/\/springgreen-ferret-224432.hostingersite.com\/wp-content\/uploads\/2024\/07\/images-2.png\",\"width\":225,\"height\":225,\"caption\":\"Yamen Tech\"},\"image\":{\"@id\":\"https:\/\/springgreen-ferret-224432.hostingersite.com\/#\/schema\/logo\/image\/\"},\"sameAs\":[\"https:\/\/www.facebook.com\/yamentech\/\",\"https:\/\/www.instagram.com\/yamen_tech\/\"]}]}<\/script>\n<!-- \/ Yoast SEO plugin. -->","yoast_head_json":{"title":"Smartphone INFINIX Smart 9 | Yamen Tech","description":"Achat sur Yamen tech Smartphone, TV, \u00e9lectrom\u00e9nager et produits high-tech aux meilleurs prix. Comparez et achetez en livraison rapide \u00e0 domicile","robots":{"index":"index","follow":"follow","max-snippet":"max-snippet:-1","max-image-preview":"max-image-preview:large","max-video-preview":"max-video-preview:-1"},"canonical":"https:\/\/demo.yamentech.com\/en\/product\/smartphone-infinix-smart-9\/","og_locale":"en_US","og_type":"article","og_title":"Smartphone INFINIX Smart 9 | Yamen Tech","og_description":"Achat sur Yamen tech Smartphone, TV, \u00e9lectrom\u00e9nager et produits high-tech aux meilleurs prix. Comparez et achetez en livraison rapide \u00e0 domicile","og_url":"https:\/\/demo.yamentech.com\/en\/product\/smartphone-infinix-smart-9\/","og_site_name":"Yamen Tech","article_publisher":"https:\/\/www.facebook.com\/yamentech\/","article_modified_time":"2025-06-10T13:32:54+00:00","og_image":[{"width":700,"height":700,"url":"https:\/\/demo.yamentech.com\/wp-content\/uploads\/2024\/10\/smartphone-infinix-smart-9-4go-128go-gold.jpg","type":"image\/jpeg"}],"twitter_card":"summary_large_image","twitter_misc":{"Est. reading time":"1 minute"},"schema":{"@context":"https:\/\/schema.org","@graph":[{"@type":"WebPage","@id":"https:\/\/demo.yamentech.com\/produit\/smartphone-infinix-smart-9\/","url":"https:\/\/demo.yamentech.com\/produit\/smartphone-infinix-smart-9\/","name":"Smartphone INFINIX Smart 9 | Yamen Tech","isPartOf":{"@id":"https:\/\/springgreen-ferret-224432.hostingersite.com\/#website"},"primaryImageOfPage":{"@id":"https:\/\/demo.yamentech.com\/produit\/smartphone-infinix-smart-9\/#primaryimage"},"image":{"@id":"https:\/\/demo.yamentech.com\/produit\/smartphone-infinix-smart-9\/#primaryimage"},"thumbnailUrl":"https:\/\/demo.yamentech.com\/wp-content\/uploads\/2024\/10\/smartphone-infinix-smart-9-4go-128go-gold.jpg","datePublished":"2024-10-30T15:47:07+00:00","dateModified":"2025-06-10T13:32:54+00:00","description":"Achat sur Yamen tech Smartphone, TV, \u00e9lectrom\u00e9nager et produits high-tech aux meilleurs prix. Comparez et achetez en livraison rapide \u00e0 domicile","breadcrumb":{"@id":"https:\/\/demo.yamentech.com\/produit\/smartphone-infinix-smart-9\/#breadcrumb"},"inLanguage":"en-US","potentialAction":[{"@type":"ReadAction","target":["https:\/\/demo.yamentech.com\/produit\/smartphone-infinix-smart-9\/"]}]},{"@type":"ImageObject","inLanguage":"en-US","@id":"https:\/\/demo.yamentech.com\/produit\/smartphone-infinix-smart-9\/#primaryimage","url":"https:\/\/demo.yamentech.com\/wp-content\/uploads\/2024\/10\/smartphone-infinix-smart-9-4go-128go-gold.jpg","contentUrl":"https:\/\/demo.yamentech.com\/wp-content\/uploads\/2024\/10\/smartphone-infinix-smart-9-4go-128go-gold.jpg","width":700,"height":700},{"@type":"BreadcrumbList","@id":"https:\/\/demo.yamentech.com\/produit\/smartphone-infinix-smart-9\/#breadcrumb","itemListElement":[{"@type":"ListItem","position":1,"name":"Accueil","item":"https:\/\/springgreen-ferret-224432.hostingersite.com\/"},{"@type":"ListItem","position":2,"name":"Boutique","item":"https:\/\/springgreen-ferret-224432.hostingersite.com\/boutique\/"},{"@type":"ListItem","position":3,"name":"Smartphone INFINIX Smart 9"}]},{"@type":"WebSite","@id":"https:\/\/springgreen-ferret-224432.hostingersite.com\/#website","url":"https:\/\/springgreen-ferret-224432.hostingersite.com\/","name":"Yamen Tech","description":"","publisher":{"@id":"https:\/\/springgreen-ferret-224432.hostingersite.com\/#organization"},"potentialAction":[{"@type":"SearchAction","target":{"@type":"EntryPoint","urlTemplate":"https:\/\/springgreen-ferret-224432.hostingersite.com\/?s={search_term_string}"},"query-input":{"@type":"PropertyValueSpecification","valueRequired":true,"valueName":"search_term_string"}}],"inLanguage":"en-US"},{"@type":"Organization","@id":"https:\/\/springgreen-ferret-224432.hostingersite.com\/#organization","name":"Yamen Tech","url":"https:\/\/springgreen-ferret-224432.hostingersite.com\/","logo":{"@type":"ImageObject","inLanguage":"en-US","@id":"https:\/\/springgreen-ferret-224432.hostingersite.com\/#\/schema\/logo\/image\/","url":"https:\/\/springgreen-ferret-224432.hostingersite.com\/wp-content\/uploads\/2024\/07\/images-2.png","contentUrl":"https:\/\/springgreen-ferret-224432.hostingersite.com\/wp-content\/uploads\/2024\/07\/images-2.png","width":225,"height":225,"caption":"Yamen Tech"},"image":{"@id":"https:\/\/springgreen-ferret-224432.hostingersite.com\/#\/schema\/logo\/image\/"},"sameAs":["https:\/\/www.facebook.com\/yamentech\/","https:\/\/www.instagram.com\/yamen_tech\/"]}]}},"brands":[],"_links":{"self":[{"href":"https:\/\/demo.yamentech.com\/en\/wp-json\/wp\/v2\/product\/20573","targetHints":{"allow":["GET"]}}],"collection":[{"href":"https:\/\/demo.yamentech.com\/en\/wp-json\/wp\/v2\/product"}],"about":[{"href":"https:\/\/demo.yamentech.com\/en\/wp-json\/wp\/v2\/types\/product"}],"replies":[{"embeddable":true,"href":"https:\/\/demo.yamentech.com\/en\/wp-json\/wp\/v2\/comments?post=20573"}],"version-history":[{"count":1,"href":"https:\/\/demo.yamentech.com\/en\/wp-json\/wp\/v2\/product\/20573\/revisions"}],"predecessor-version":[{"id":20586,"href":"https:\/\/demo.yamentech.com\/en\/wp-json\/wp\/v2\/product\/20573\/revisions\/20586"}],"wp:featuredmedia":[{"embeddable":true,"href":"https:\/\/demo.yamentech.com\/en\/wp-json\/wp\/v2\/media\/20585"}],"wp:attachment":[{"href":"https:\/\/demo.yamentech.com\/en\/wp-json\/wp\/v2\/media?parent=20573"}],"wp:term":[{"taxonomy":"pwb-brand","embeddable":true,"href":"https:\/\/demo.yamentech.com\/en\/wp-json\/wp\/v2\/pwb-brand?post=20573"},{"taxonomy":"product_brand","embeddable":true,"href":"https:\/\/demo.yamentech.com\/en\/wp-json\/wp\/v2\/product_brand?post=20573"},{"taxonomy":"product_cat","embeddable":true,"href":"https:\/\/demo.yamentech.com\/en\/wp-json\/wp\/v2\/product_cat?post=20573"},{"taxonomy":"product_tag","embeddable":true,"href":"https:\/\/demo.yamentech.com\/en\/wp-json\/wp\/v2\/product_tag?post=20573"}],"curies":[{"name":"wp","href":"https:\/\/api.w.org\/{rel}","templated":true}]}}