{"id":20965,"date":"2024-11-06T13:09:09","date_gmt":"2024-11-06T12:09:09","guid":{"rendered":"https:\/\/springgreen-ferret-224432.hostingersite.com\/?post_type=product&#038;p=20965"},"modified":"2025-06-10T18:06:36","modified_gmt":"2025-06-10T16:06:36","slug":"tablette-xiaomi-redmi-pad-se-8-7","status":"publish","type":"product","link":"https:\/\/demo.yamentech.com\/en\/product\/tablette-xiaomi-redmi-pad-se-8-7\/","title":{"rendered":"Tablette Xiaomi Redmi Pad SE 8.7"},"content":{"rendered":"","protected":false},"excerpt":{"rendered":"<p>Ecran<strong>\u00a08.7&Prime; LCD<\/strong>\u00a0(<strong>1340 x 800 pixels<\/strong>),\u00a0<strong>90 Hz<\/strong>\u00a0&#8211; Syst\u00e9me d&rsquo;exploitation:\u00a0<strong>Xiaomi HyperOS, Android\u00a0U<\/strong><strong>\u00a0<\/strong>&#8211; Processeur:\u00a0<strong>MediaTek Helio G85<\/strong>\u00a0<strong>Technologie 12 nm, 8 c\u0153urs ; CPU:\u00a0ARM Cortex-A75 2,0 GHz, ARM Cortex-A55 1,8 GHz\u00a0\/ GPU:\u00a0ARM Mali-G52 MC2<\/strong>\u00a0&#8211; M\u00e9moire RAM:<strong>\u00a04 Go\u00a0<\/strong>&#8211; Stockage:\u00a0<strong>128<\/strong><strong>\u00a0Go<\/strong>\u00a0&#8211; Appareil photo Arri\u00e8re:\u00a0<strong>8 M\u00e9gaPixels<\/strong>\u00a0et\u00a0Avant\u00a0<strong>5 M\u00e9gaPixels<\/strong>\u00a0&#8211; Capacit\u00e9 de Batterie:<strong>\u00a06650 mAh\u00a0<\/strong>&#8211; Connectivite: Wifi,\u00a0<strong>4G<\/strong>,\u00a0Bluetooth 5.3<strong>\u00a0<\/strong>&#8211;\u00a0<strong>1 micro\u00a0<\/strong>&#8211;\u00a0<strong>Double haut-parleur, Dolby Atmos\u00ae pris en charge<\/strong>\u00a0&#8211; Couleur: Gris &#8211; Garantie: 1 an<\/p>","protected":false},"featured_media":20969,"comment_status":"open","ping_status":"closed","template":"","meta":[],"pwb-brand":[],"product_brand":[],"product_cat":[74,680,78],"product_tag":[],"class_list":{"0":"post-20965","1":"product","2":"type-product","3":"status-publish","4":"has-post-thumbnail","6":"product_cat-android","7":"product_cat-tablettes","8":"product_cat-xiaomi","9":"pa_couleur-gris","10":"pa_stockage-128gb","11":"pa_stockage-64gb","13":"first","14":"instock","15":"taxable","16":"shipping-taxable","17":"purchasable","18":"product-type-variable","19":"has-default-attributes"},"yoast_head":"<!-- This site is optimized with the Yoast SEO plugin v25.8 - https:\/\/yoast.com\/wordpress\/plugins\/seo\/ -->\n<title>Tablette Xiaomi Redmi Pad SE 8.7 | Yamen Tech<\/title>\n<meta name=\"description\" content=\"Achat sur Yamen tech Smartphone, TV, \u00e9lectrom\u00e9nager et produits high-tech aux meilleurs prix. Comparez et achetez en livraison rapide \u00e0 domicile\" \/>\n<meta name=\"robots\" content=\"index, follow, max-snippet:-1, max-image-preview:large, max-video-preview:-1\" \/>\n<link rel=\"canonical\" href=\"https:\/\/demo.yamentech.com\/en\/product\/tablette-xiaomi-redmi-pad-se-8-7\/\" \/>\n<meta property=\"og:locale\" content=\"en_US\" \/>\n<meta property=\"og:type\" content=\"article\" \/>\n<meta property=\"og:title\" content=\"Tablette Xiaomi Redmi Pad SE 8.7 | Yamen Tech\" \/>\n<meta property=\"og:description\" content=\"Achat sur Yamen tech Smartphone, TV, \u00e9lectrom\u00e9nager et produits high-tech aux meilleurs prix. Comparez et achetez en livraison rapide \u00e0 domicile\" \/>\n<meta property=\"og:url\" content=\"https:\/\/demo.yamentech.com\/en\/product\/tablette-xiaomi-redmi-pad-se-8-7\/\" \/>\n<meta property=\"og:site_name\" content=\"Yamen Tech\" \/>\n<meta property=\"article:publisher\" content=\"https:\/\/www.facebook.com\/yamentech\/\" \/>\n<meta property=\"article:modified_time\" content=\"2025-06-10T16:06:36+00:00\" \/>\n<meta property=\"og:image\" content=\"https:\/\/demo.yamentech.com\/wp-content\/uploads\/2024\/11\/tablette-xiaomi-redmi-pad-se-8-7-4-g-gris.jpg\" \/>\n\t<meta property=\"og:image:width\" content=\"700\" \/>\n\t<meta property=\"og:image:height\" content=\"700\" \/>\n\t<meta property=\"og:image:type\" content=\"image\/jpeg\" \/>\n<meta name=\"twitter:card\" content=\"summary_large_image\" \/>\n<meta name=\"twitter:label1\" content=\"Est. reading time\" \/>\n\t<meta name=\"twitter:data1\" content=\"1 minute\" \/>\n<script type=\"application\/ld+json\" class=\"yoast-schema-graph\">{\"@context\":\"https:\/\/schema.org\",\"@graph\":[{\"@type\":\"WebPage\",\"@id\":\"https:\/\/demo.yamentech.com\/en\/product\/tablette-xiaomi-redmi-pad-se-8-7\/\",\"url\":\"https:\/\/demo.yamentech.com\/en\/product\/tablette-xiaomi-redmi-pad-se-8-7\/\",\"name\":\"Tablette Xiaomi Redmi Pad SE 8.7 | Yamen Tech\",\"isPartOf\":{\"@id\":\"https:\/\/springgreen-ferret-224432.hostingersite.com\/#website\"},\"primaryImageOfPage\":{\"@id\":\"https:\/\/demo.yamentech.com\/en\/product\/tablette-xiaomi-redmi-pad-se-8-7\/#primaryimage\"},\"image\":{\"@id\":\"https:\/\/demo.yamentech.com\/en\/product\/tablette-xiaomi-redmi-pad-se-8-7\/#primaryimage\"},\"thumbnailUrl\":\"https:\/\/demo.yamentech.com\/wp-content\/uploads\/2024\/11\/tablette-xiaomi-redmi-pad-se-8-7-4-g-gris.jpg\",\"datePublished\":\"2024-11-06T12:09:09+00:00\",\"dateModified\":\"2025-06-10T16:06:36+00:00\",\"description\":\"Achat sur Yamen tech Smartphone, TV, \u00e9lectrom\u00e9nager et produits high-tech aux meilleurs prix. Comparez et achetez en livraison rapide \u00e0 domicile\",\"breadcrumb\":{\"@id\":\"https:\/\/demo.yamentech.com\/en\/product\/tablette-xiaomi-redmi-pad-se-8-7\/#breadcrumb\"},\"inLanguage\":\"en-US\",\"potentialAction\":[{\"@type\":\"ReadAction\",\"target\":[\"https:\/\/demo.yamentech.com\/en\/product\/tablette-xiaomi-redmi-pad-se-8-7\/\"]}]},{\"@type\":\"ImageObject\",\"inLanguage\":\"en-US\",\"@id\":\"https:\/\/demo.yamentech.com\/en\/product\/tablette-xiaomi-redmi-pad-se-8-7\/#primaryimage\",\"url\":\"https:\/\/demo.yamentech.com\/wp-content\/uploads\/2024\/11\/tablette-xiaomi-redmi-pad-se-8-7-4-g-gris.jpg\",\"contentUrl\":\"https:\/\/demo.yamentech.com\/wp-content\/uploads\/2024\/11\/tablette-xiaomi-redmi-pad-se-8-7-4-g-gris.jpg\",\"width\":700,\"height\":700},{\"@type\":\"BreadcrumbList\",\"@id\":\"https:\/\/demo.yamentech.com\/en\/product\/tablette-xiaomi-redmi-pad-se-8-7\/#breadcrumb\",\"itemListElement\":[{\"@type\":\"ListItem\",\"position\":1,\"name\":\"Accueil\",\"item\":\"https:\/\/springgreen-ferret-224432.hostingersite.com\/\"},{\"@type\":\"ListItem\",\"position\":2,\"name\":\"Boutique\",\"item\":\"https:\/\/springgreen-ferret-224432.hostingersite.com\/boutique\/\"},{\"@type\":\"ListItem\",\"position\":3,\"name\":\"Tablette Xiaomi Redmi Pad SE 8.7\"}]},{\"@type\":\"WebSite\",\"@id\":\"https:\/\/springgreen-ferret-224432.hostingersite.com\/#website\",\"url\":\"https:\/\/springgreen-ferret-224432.hostingersite.com\/\",\"name\":\"Yamen Tech\",\"description\":\"\",\"publisher\":{\"@id\":\"https:\/\/springgreen-ferret-224432.hostingersite.com\/#organization\"},\"potentialAction\":[{\"@type\":\"SearchAction\",\"target\":{\"@type\":\"EntryPoint\",\"urlTemplate\":\"https:\/\/springgreen-ferret-224432.hostingersite.com\/?s={search_term_string}\"},\"query-input\":{\"@type\":\"PropertyValueSpecification\",\"valueRequired\":true,\"valueName\":\"search_term_string\"}}],\"inLanguage\":\"en-US\"},{\"@type\":\"Organization\",\"@id\":\"https:\/\/springgreen-ferret-224432.hostingersite.com\/#organization\",\"name\":\"Yamen Tech\",\"url\":\"https:\/\/springgreen-ferret-224432.hostingersite.com\/\",\"logo\":{\"@type\":\"ImageObject\",\"inLanguage\":\"en-US\",\"@id\":\"https:\/\/springgreen-ferret-224432.hostingersite.com\/#\/schema\/logo\/image\/\",\"url\":\"https:\/\/springgreen-ferret-224432.hostingersite.com\/wp-content\/uploads\/2024\/07\/images-2.png\",\"contentUrl\":\"https:\/\/springgreen-ferret-224432.hostingersite.com\/wp-content\/uploads\/2024\/07\/images-2.png\",\"width\":225,\"height\":225,\"caption\":\"Yamen Tech\"},\"image\":{\"@id\":\"https:\/\/springgreen-ferret-224432.hostingersite.com\/#\/schema\/logo\/image\/\"},\"sameAs\":[\"https:\/\/www.facebook.com\/yamentech\/\",\"https:\/\/www.instagram.com\/yamen_tech\/\"]}]}<\/script>\n<!-- \/ Yoast SEO plugin. -->","yoast_head_json":{"title":"Tablette Xiaomi Redmi Pad SE 8.7 | Yamen Tech","description":"Achat sur Yamen tech Smartphone, TV, \u00e9lectrom\u00e9nager et produits high-tech aux meilleurs prix. Comparez et achetez en livraison rapide \u00e0 domicile","robots":{"index":"index","follow":"follow","max-snippet":"max-snippet:-1","max-image-preview":"max-image-preview:large","max-video-preview":"max-video-preview:-1"},"canonical":"https:\/\/demo.yamentech.com\/en\/product\/tablette-xiaomi-redmi-pad-se-8-7\/","og_locale":"en_US","og_type":"article","og_title":"Tablette Xiaomi Redmi Pad SE 8.7 | Yamen Tech","og_description":"Achat sur Yamen tech Smartphone, TV, \u00e9lectrom\u00e9nager et produits high-tech aux meilleurs prix. Comparez et achetez en livraison rapide \u00e0 domicile","og_url":"https:\/\/demo.yamentech.com\/en\/product\/tablette-xiaomi-redmi-pad-se-8-7\/","og_site_name":"Yamen Tech","article_publisher":"https:\/\/www.facebook.com\/yamentech\/","article_modified_time":"2025-06-10T16:06:36+00:00","og_image":[{"width":700,"height":700,"url":"https:\/\/demo.yamentech.com\/wp-content\/uploads\/2024\/11\/tablette-xiaomi-redmi-pad-se-8-7-4-g-gris.jpg","type":"image\/jpeg"}],"twitter_card":"summary_large_image","twitter_misc":{"Est. reading time":"1 minute"},"schema":{"@context":"https:\/\/schema.org","@graph":[{"@type":"WebPage","@id":"https:\/\/demo.yamentech.com\/en\/product\/tablette-xiaomi-redmi-pad-se-8-7\/","url":"https:\/\/demo.yamentech.com\/en\/product\/tablette-xiaomi-redmi-pad-se-8-7\/","name":"Tablette Xiaomi Redmi Pad SE 8.7 | Yamen Tech","isPartOf":{"@id":"https:\/\/springgreen-ferret-224432.hostingersite.com\/#website"},"primaryImageOfPage":{"@id":"https:\/\/demo.yamentech.com\/en\/product\/tablette-xiaomi-redmi-pad-se-8-7\/#primaryimage"},"image":{"@id":"https:\/\/demo.yamentech.com\/en\/product\/tablette-xiaomi-redmi-pad-se-8-7\/#primaryimage"},"thumbnailUrl":"https:\/\/demo.yamentech.com\/wp-content\/uploads\/2024\/11\/tablette-xiaomi-redmi-pad-se-8-7-4-g-gris.jpg","datePublished":"2024-11-06T12:09:09+00:00","dateModified":"2025-06-10T16:06:36+00:00","description":"Achat sur Yamen tech Smartphone, TV, \u00e9lectrom\u00e9nager et produits high-tech aux meilleurs prix. Comparez et achetez en livraison rapide \u00e0 domicile","breadcrumb":{"@id":"https:\/\/demo.yamentech.com\/en\/product\/tablette-xiaomi-redmi-pad-se-8-7\/#breadcrumb"},"inLanguage":"en-US","potentialAction":[{"@type":"ReadAction","target":["https:\/\/demo.yamentech.com\/en\/product\/tablette-xiaomi-redmi-pad-se-8-7\/"]}]},{"@type":"ImageObject","inLanguage":"en-US","@id":"https:\/\/demo.yamentech.com\/en\/product\/tablette-xiaomi-redmi-pad-se-8-7\/#primaryimage","url":"https:\/\/demo.yamentech.com\/wp-content\/uploads\/2024\/11\/tablette-xiaomi-redmi-pad-se-8-7-4-g-gris.jpg","contentUrl":"https:\/\/demo.yamentech.com\/wp-content\/uploads\/2024\/11\/tablette-xiaomi-redmi-pad-se-8-7-4-g-gris.jpg","width":700,"height":700},{"@type":"BreadcrumbList","@id":"https:\/\/demo.yamentech.com\/en\/product\/tablette-xiaomi-redmi-pad-se-8-7\/#breadcrumb","itemListElement":[{"@type":"ListItem","position":1,"name":"Accueil","item":"https:\/\/springgreen-ferret-224432.hostingersite.com\/"},{"@type":"ListItem","position":2,"name":"Boutique","item":"https:\/\/springgreen-ferret-224432.hostingersite.com\/boutique\/"},{"@type":"ListItem","position":3,"name":"Tablette Xiaomi Redmi Pad SE 8.7"}]},{"@type":"WebSite","@id":"https:\/\/springgreen-ferret-224432.hostingersite.com\/#website","url":"https:\/\/springgreen-ferret-224432.hostingersite.com\/","name":"Yamen Tech","description":"","publisher":{"@id":"https:\/\/springgreen-ferret-224432.hostingersite.com\/#organization"},"potentialAction":[{"@type":"SearchAction","target":{"@type":"EntryPoint","urlTemplate":"https:\/\/springgreen-ferret-224432.hostingersite.com\/?s={search_term_string}"},"query-input":{"@type":"PropertyValueSpecification","valueRequired":true,"valueName":"search_term_string"}}],"inLanguage":"en-US"},{"@type":"Organization","@id":"https:\/\/springgreen-ferret-224432.hostingersite.com\/#organization","name":"Yamen Tech","url":"https:\/\/springgreen-ferret-224432.hostingersite.com\/","logo":{"@type":"ImageObject","inLanguage":"en-US","@id":"https:\/\/springgreen-ferret-224432.hostingersite.com\/#\/schema\/logo\/image\/","url":"https:\/\/springgreen-ferret-224432.hostingersite.com\/wp-content\/uploads\/2024\/07\/images-2.png","contentUrl":"https:\/\/springgreen-ferret-224432.hostingersite.com\/wp-content\/uploads\/2024\/07\/images-2.png","width":225,"height":225,"caption":"Yamen Tech"},"image":{"@id":"https:\/\/springgreen-ferret-224432.hostingersite.com\/#\/schema\/logo\/image\/"},"sameAs":["https:\/\/www.facebook.com\/yamentech\/","https:\/\/www.instagram.com\/yamen_tech\/"]}]}},"brands":[],"_links":{"self":[{"href":"https:\/\/demo.yamentech.com\/en\/wp-json\/wp\/v2\/product\/20965","targetHints":{"allow":["GET"]}}],"collection":[{"href":"https:\/\/demo.yamentech.com\/en\/wp-json\/wp\/v2\/product"}],"about":[{"href":"https:\/\/demo.yamentech.com\/en\/wp-json\/wp\/v2\/types\/product"}],"replies":[{"embeddable":true,"href":"https:\/\/demo.yamentech.com\/en\/wp-json\/wp\/v2\/comments?post=20965"}],"version-history":[{"count":1,"href":"https:\/\/demo.yamentech.com\/en\/wp-json\/wp\/v2\/product\/20965\/revisions"}],"predecessor-version":[{"id":20973,"href":"https:\/\/demo.yamentech.com\/en\/wp-json\/wp\/v2\/product\/20965\/revisions\/20973"}],"wp:featuredmedia":[{"embeddable":true,"href":"https:\/\/demo.yamentech.com\/en\/wp-json\/wp\/v2\/media\/20969"}],"wp:attachment":[{"href":"https:\/\/demo.yamentech.com\/en\/wp-json\/wp\/v2\/media?parent=20965"}],"wp:term":[{"taxonomy":"pwb-brand","embeddable":true,"href":"https:\/\/demo.yamentech.com\/en\/wp-json\/wp\/v2\/pwb-brand?post=20965"},{"taxonomy":"product_brand","embeddable":true,"href":"https:\/\/demo.yamentech.com\/en\/wp-json\/wp\/v2\/product_brand?post=20965"},{"taxonomy":"product_cat","embeddable":true,"href":"https:\/\/demo.yamentech.com\/en\/wp-json\/wp\/v2\/product_cat?post=20965"},{"taxonomy":"product_tag","embeddable":true,"href":"https:\/\/demo.yamentech.com\/en\/wp-json\/wp\/v2\/product_tag?post=20965"}],"curies":[{"name":"wp","href":"https:\/\/api.w.org\/{rel}","templated":true}]}}