{"id":21893,"date":"2025-04-18T14:09:27","date_gmt":"2025-04-18T12:09:27","guid":{"rendered":"https:\/\/springgreen-ferret-224432.hostingersite.com\/?post_type=product&#038;p=21893"},"modified":"2025-08-08T11:45:21","modified_gmt":"2025-08-08T10:45:21","slug":"iphone-16e","status":"publish","type":"product","link":"https:\/\/demo.yamentech.com\/en\/product\/iphone-16e\/","title":{"rendered":"IPhone 16e"},"content":{"rendered":"","protected":false},"excerpt":{"rendered":"<h3 class=\"\" data-start=\"107\" data-end=\"146\"><strong data-start=\"114\" data-end=\"146\">Fiche technique \u2013 iPhone 16e<\/strong><\/h3>\n<ul data-start=\"148\" data-end=\"866\">\n<li class=\"\" data-start=\"148\" data-end=\"278\">\n<p class=\"\" data-start=\"150\" data-end=\"278\"><strong data-start=\"150\" data-end=\"159\">\u00c9cran<\/strong> : OLED Super Retina XDR, 6,1 pouces, 2556 x 1179 pixels (460 ppp), True Tone, Haptic Touch, HDR, sans Dynamic Island<\/p>\n<\/li>\n<li class=\"\" data-start=\"279\" data-end=\"329\">\n<p class=\"\" data-start=\"281\" data-end=\"329\"><strong data-start=\"281\" data-end=\"295\">Processeur<\/strong> : Puce Apple A18, GPU \u00e0 4 c\u0153urs<\/p>\n<\/li>\n<li class=\"\" data-start=\"330\" data-end=\"363\">\n<p class=\"\" data-start=\"332\" data-end=\"363\"><strong data-start=\"332\" data-end=\"339\">RAM<\/strong> : 8 Go (non officiel)<\/p>\n<\/li>\n<li class=\"\" data-start=\"364\" data-end=\"407\">\n<p class=\"\" data-start=\"366\" data-end=\"407\"><strong data-start=\"366\" data-end=\"378\">Stockage<\/strong> : 128 Go \/ 256 Go \/ 512 Go<\/p>\n<\/li>\n<li class=\"\" data-start=\"408\" data-end=\"447\">\n<p class=\"\" data-start=\"410\" data-end=\"447\"><strong data-start=\"410\" data-end=\"436\">Syst\u00e8me d\u2019exploitation<\/strong> : iOS 18<\/p>\n<\/li>\n<li class=\"\" data-start=\"448\" data-end=\"520\">\n<p class=\"\" data-start=\"450\" data-end=\"520\"><strong data-start=\"450\" data-end=\"468\">Cam\u00e9ra arri\u00e8re<\/strong> : 48 Mpx (sans ultra grand-angle ni t\u00e9l\u00e9objectif)<\/p>\n<\/li>\n<li class=\"\" data-start=\"521\" data-end=\"553\">\n<p class=\"\" data-start=\"523\" data-end=\"553\"><strong data-start=\"523\" data-end=\"542\">Cam\u00e9ra frontale<\/strong> : 12 Mpx<\/p>\n<\/li>\n<li class=\"\" data-start=\"554\" data-end=\"652\">\n<p class=\"\" data-start=\"556\" data-end=\"652\"><strong data-start=\"556\" data-end=\"581\">Fonctionnalit\u00e9s photo<\/strong> : Smart HDR, Photographic Styles (pas de mode macro ni zoom optique)<\/p>\n<\/li>\n<li class=\"\" data-start=\"653\" data-end=\"708\">\n<p class=\"\" data-start=\"655\" data-end=\"708\"><strong data-start=\"655\" data-end=\"667\">Batterie<\/strong> : 4005 mAh &#8211; autonomie de 2 jours en usage mod\u00e9r\u00e9<\/p>\n<\/li>\n<li class=\"\" data-start=\"709\" data-end=\"753\">\n<p class=\"\" data-start=\"711\" data-end=\"753\"><strong data-start=\"711\" data-end=\"723\">Recharge<\/strong> : USB-C (25W), sans MagSafe<\/p>\n<\/li>\n<li class=\"\" data-start=\"754\" data-end=\"804\">\n<p class=\"\" data-start=\"756\" data-end=\"804\"><strong data-start=\"756\" data-end=\"772\">Connectivit\u00e9<\/strong> : 5G, Wi-Fi 6E, Bluetooth 5.3<\/p>\n<\/li>\n<li class=\"\" data-start=\"805\" data-end=\"866\">\n<p class=\"\" data-start=\"807\" data-end=\"866\"><strong data-start=\"807\" data-end=\"817\">Design<\/strong> : aluminium, dos en verre teint\u00e9 dans la masse<\/p>\n<\/li>\n<\/ul>","protected":false},"featured_media":21897,"comment_status":"open","ping_status":"closed","template":"","meta":[],"pwb-brand":[],"product_brand":[],"product_cat":[75,84],"product_tag":[],"class_list":{"0":"post-21893","1":"product","2":"type-product","3":"status-publish","4":"has-post-thumbnail","6":"product_cat-apple","7":"product_cat-iphone","8":"pa_couleur-blanc","9":"pa_couleur-noir","10":"pa_stockage-128gb","12":"first","13":"instock","14":"sale","15":"taxable","16":"shipping-taxable","17":"purchasable","18":"product-type-variable","19":"has-default-attributes"},"yoast_head":"<!-- This site is optimized with the Yoast SEO plugin v25.8 - https:\/\/yoast.com\/wordpress\/plugins\/seo\/ -->\n<title>IPhone 16e | Yamen Tech<\/title>\n<meta name=\"description\" content=\"Achat sur Yamen tech Smartphone, TV, \u00e9lectrom\u00e9nager et produits high-tech aux meilleurs prix. Comparez et achetez en livraison rapide \u00e0 domicile\" \/>\n<meta name=\"robots\" content=\"index, follow, max-snippet:-1, max-image-preview:large, max-video-preview:-1\" \/>\n<link rel=\"canonical\" href=\"https:\/\/demo.yamentech.com\/en\/product\/iphone-16e\/\" \/>\n<meta property=\"og:locale\" content=\"en_US\" \/>\n<meta property=\"og:type\" content=\"article\" \/>\n<meta property=\"og:title\" content=\"IPhone 16e | Yamen Tech\" \/>\n<meta property=\"og:description\" content=\"Achat sur Yamen tech Smartphone, TV, \u00e9lectrom\u00e9nager et produits high-tech aux meilleurs prix. Comparez et achetez en livraison rapide \u00e0 domicile\" \/>\n<meta property=\"og:url\" content=\"https:\/\/demo.yamentech.com\/en\/product\/iphone-16e\/\" \/>\n<meta property=\"og:site_name\" content=\"Yamen Tech\" \/>\n<meta property=\"article:publisher\" content=\"https:\/\/www.facebook.com\/yamentech\/\" \/>\n<meta property=\"article:modified_time\" content=\"2025-08-08T10:45:21+00:00\" \/>\n<meta property=\"og:image\" content=\"https:\/\/demo.yamentech.com\/wp-content\/uploads\/2025\/04\/16e.jpg\" \/>\n\t<meta property=\"og:image:width\" content=\"1583\" \/>\n\t<meta property=\"og:image:height\" content=\"1583\" \/>\n\t<meta property=\"og:image:type\" content=\"image\/jpeg\" \/>\n<meta name=\"twitter:card\" content=\"summary_large_image\" \/>\n<meta name=\"twitter:label1\" content=\"Est. reading time\" \/>\n\t<meta name=\"twitter:data1\" content=\"1 minute\" \/>\n<script type=\"application\/ld+json\" class=\"yoast-schema-graph\">{\"@context\":\"https:\/\/schema.org\",\"@graph\":[{\"@type\":\"WebPage\",\"@id\":\"https:\/\/demo.yamentech.com\/produit\/iphone-16e\/\",\"url\":\"https:\/\/demo.yamentech.com\/produit\/iphone-16e\/\",\"name\":\"IPhone 16e | Yamen Tech\",\"isPartOf\":{\"@id\":\"https:\/\/springgreen-ferret-224432.hostingersite.com\/#website\"},\"primaryImageOfPage\":{\"@id\":\"https:\/\/demo.yamentech.com\/produit\/iphone-16e\/#primaryimage\"},\"image\":{\"@id\":\"https:\/\/demo.yamentech.com\/produit\/iphone-16e\/#primaryimage\"},\"thumbnailUrl\":\"https:\/\/demo.yamentech.com\/wp-content\/uploads\/2025\/04\/16e.jpg\",\"datePublished\":\"2025-04-18T12:09:27+00:00\",\"dateModified\":\"2025-08-08T10:45:21+00:00\",\"description\":\"Achat sur Yamen tech Smartphone, TV, \u00e9lectrom\u00e9nager et produits high-tech aux meilleurs prix. Comparez et achetez en livraison rapide \u00e0 domicile\",\"breadcrumb\":{\"@id\":\"https:\/\/demo.yamentech.com\/produit\/iphone-16e\/#breadcrumb\"},\"inLanguage\":\"en-US\",\"potentialAction\":[{\"@type\":\"ReadAction\",\"target\":[\"https:\/\/demo.yamentech.com\/produit\/iphone-16e\/\"]}]},{\"@type\":\"ImageObject\",\"inLanguage\":\"en-US\",\"@id\":\"https:\/\/demo.yamentech.com\/produit\/iphone-16e\/#primaryimage\",\"url\":\"https:\/\/demo.yamentech.com\/wp-content\/uploads\/2025\/04\/16e.jpg\",\"contentUrl\":\"https:\/\/demo.yamentech.com\/wp-content\/uploads\/2025\/04\/16e.jpg\",\"width\":1583,\"height\":1583},{\"@type\":\"BreadcrumbList\",\"@id\":\"https:\/\/demo.yamentech.com\/produit\/iphone-16e\/#breadcrumb\",\"itemListElement\":[{\"@type\":\"ListItem\",\"position\":1,\"name\":\"Accueil\",\"item\":\"https:\/\/springgreen-ferret-224432.hostingersite.com\/\"},{\"@type\":\"ListItem\",\"position\":2,\"name\":\"Boutique\",\"item\":\"https:\/\/springgreen-ferret-224432.hostingersite.com\/boutique\/\"},{\"@type\":\"ListItem\",\"position\":3,\"name\":\"IPhone 16e\"}]},{\"@type\":\"WebSite\",\"@id\":\"https:\/\/springgreen-ferret-224432.hostingersite.com\/#website\",\"url\":\"https:\/\/springgreen-ferret-224432.hostingersite.com\/\",\"name\":\"Yamen Tech\",\"description\":\"\",\"publisher\":{\"@id\":\"https:\/\/springgreen-ferret-224432.hostingersite.com\/#organization\"},\"potentialAction\":[{\"@type\":\"SearchAction\",\"target\":{\"@type\":\"EntryPoint\",\"urlTemplate\":\"https:\/\/springgreen-ferret-224432.hostingersite.com\/?s={search_term_string}\"},\"query-input\":{\"@type\":\"PropertyValueSpecification\",\"valueRequired\":true,\"valueName\":\"search_term_string\"}}],\"inLanguage\":\"en-US\"},{\"@type\":\"Organization\",\"@id\":\"https:\/\/springgreen-ferret-224432.hostingersite.com\/#organization\",\"name\":\"Yamen Tech\",\"url\":\"https:\/\/springgreen-ferret-224432.hostingersite.com\/\",\"logo\":{\"@type\":\"ImageObject\",\"inLanguage\":\"en-US\",\"@id\":\"https:\/\/springgreen-ferret-224432.hostingersite.com\/#\/schema\/logo\/image\/\",\"url\":\"https:\/\/springgreen-ferret-224432.hostingersite.com\/wp-content\/uploads\/2024\/07\/images-2.png\",\"contentUrl\":\"https:\/\/springgreen-ferret-224432.hostingersite.com\/wp-content\/uploads\/2024\/07\/images-2.png\",\"width\":225,\"height\":225,\"caption\":\"Yamen Tech\"},\"image\":{\"@id\":\"https:\/\/springgreen-ferret-224432.hostingersite.com\/#\/schema\/logo\/image\/\"},\"sameAs\":[\"https:\/\/www.facebook.com\/yamentech\/\",\"https:\/\/www.instagram.com\/yamen_tech\/\"]}]}<\/script>\n<!-- \/ Yoast SEO plugin. -->","yoast_head_json":{"title":"IPhone 16e | Yamen Tech","description":"Achat sur Yamen tech Smartphone, TV, \u00e9lectrom\u00e9nager et produits high-tech aux meilleurs prix. Comparez et achetez en livraison rapide \u00e0 domicile","robots":{"index":"index","follow":"follow","max-snippet":"max-snippet:-1","max-image-preview":"max-image-preview:large","max-video-preview":"max-video-preview:-1"},"canonical":"https:\/\/demo.yamentech.com\/en\/product\/iphone-16e\/","og_locale":"en_US","og_type":"article","og_title":"IPhone 16e | Yamen Tech","og_description":"Achat sur Yamen tech Smartphone, TV, \u00e9lectrom\u00e9nager et produits high-tech aux meilleurs prix. Comparez et achetez en livraison rapide \u00e0 domicile","og_url":"https:\/\/demo.yamentech.com\/en\/product\/iphone-16e\/","og_site_name":"Yamen Tech","article_publisher":"https:\/\/www.facebook.com\/yamentech\/","article_modified_time":"2025-08-08T10:45:21+00:00","og_image":[{"width":1583,"height":1583,"url":"https:\/\/demo.yamentech.com\/wp-content\/uploads\/2025\/04\/16e.jpg","type":"image\/jpeg"}],"twitter_card":"summary_large_image","twitter_misc":{"Est. reading time":"1 minute"},"schema":{"@context":"https:\/\/schema.org","@graph":[{"@type":"WebPage","@id":"https:\/\/demo.yamentech.com\/produit\/iphone-16e\/","url":"https:\/\/demo.yamentech.com\/produit\/iphone-16e\/","name":"IPhone 16e | Yamen Tech","isPartOf":{"@id":"https:\/\/springgreen-ferret-224432.hostingersite.com\/#website"},"primaryImageOfPage":{"@id":"https:\/\/demo.yamentech.com\/produit\/iphone-16e\/#primaryimage"},"image":{"@id":"https:\/\/demo.yamentech.com\/produit\/iphone-16e\/#primaryimage"},"thumbnailUrl":"https:\/\/demo.yamentech.com\/wp-content\/uploads\/2025\/04\/16e.jpg","datePublished":"2025-04-18T12:09:27+00:00","dateModified":"2025-08-08T10:45:21+00:00","description":"Achat sur Yamen tech Smartphone, TV, \u00e9lectrom\u00e9nager et produits high-tech aux meilleurs prix. Comparez et achetez en livraison rapide \u00e0 domicile","breadcrumb":{"@id":"https:\/\/demo.yamentech.com\/produit\/iphone-16e\/#breadcrumb"},"inLanguage":"en-US","potentialAction":[{"@type":"ReadAction","target":["https:\/\/demo.yamentech.com\/produit\/iphone-16e\/"]}]},{"@type":"ImageObject","inLanguage":"en-US","@id":"https:\/\/demo.yamentech.com\/produit\/iphone-16e\/#primaryimage","url":"https:\/\/demo.yamentech.com\/wp-content\/uploads\/2025\/04\/16e.jpg","contentUrl":"https:\/\/demo.yamentech.com\/wp-content\/uploads\/2025\/04\/16e.jpg","width":1583,"height":1583},{"@type":"BreadcrumbList","@id":"https:\/\/demo.yamentech.com\/produit\/iphone-16e\/#breadcrumb","itemListElement":[{"@type":"ListItem","position":1,"name":"Accueil","item":"https:\/\/springgreen-ferret-224432.hostingersite.com\/"},{"@type":"ListItem","position":2,"name":"Boutique","item":"https:\/\/springgreen-ferret-224432.hostingersite.com\/boutique\/"},{"@type":"ListItem","position":3,"name":"IPhone 16e"}]},{"@type":"WebSite","@id":"https:\/\/springgreen-ferret-224432.hostingersite.com\/#website","url":"https:\/\/springgreen-ferret-224432.hostingersite.com\/","name":"Yamen Tech","description":"","publisher":{"@id":"https:\/\/springgreen-ferret-224432.hostingersite.com\/#organization"},"potentialAction":[{"@type":"SearchAction","target":{"@type":"EntryPoint","urlTemplate":"https:\/\/springgreen-ferret-224432.hostingersite.com\/?s={search_term_string}"},"query-input":{"@type":"PropertyValueSpecification","valueRequired":true,"valueName":"search_term_string"}}],"inLanguage":"en-US"},{"@type":"Organization","@id":"https:\/\/springgreen-ferret-224432.hostingersite.com\/#organization","name":"Yamen Tech","url":"https:\/\/springgreen-ferret-224432.hostingersite.com\/","logo":{"@type":"ImageObject","inLanguage":"en-US","@id":"https:\/\/springgreen-ferret-224432.hostingersite.com\/#\/schema\/logo\/image\/","url":"https:\/\/springgreen-ferret-224432.hostingersite.com\/wp-content\/uploads\/2024\/07\/images-2.png","contentUrl":"https:\/\/springgreen-ferret-224432.hostingersite.com\/wp-content\/uploads\/2024\/07\/images-2.png","width":225,"height":225,"caption":"Yamen Tech"},"image":{"@id":"https:\/\/springgreen-ferret-224432.hostingersite.com\/#\/schema\/logo\/image\/"},"sameAs":["https:\/\/www.facebook.com\/yamentech\/","https:\/\/www.instagram.com\/yamen_tech\/"]}]}},"brands":[],"_links":{"self":[{"href":"https:\/\/demo.yamentech.com\/en\/wp-json\/wp\/v2\/product\/21893","targetHints":{"allow":["GET"]}}],"collection":[{"href":"https:\/\/demo.yamentech.com\/en\/wp-json\/wp\/v2\/product"}],"about":[{"href":"https:\/\/demo.yamentech.com\/en\/wp-json\/wp\/v2\/types\/product"}],"replies":[{"embeddable":true,"href":"https:\/\/demo.yamentech.com\/en\/wp-json\/wp\/v2\/comments?post=21893"}],"version-history":[{"count":3,"href":"https:\/\/demo.yamentech.com\/en\/wp-json\/wp\/v2\/product\/21893\/revisions"}],"predecessor-version":[{"id":22567,"href":"https:\/\/demo.yamentech.com\/en\/wp-json\/wp\/v2\/product\/21893\/revisions\/22567"}],"wp:featuredmedia":[{"embeddable":true,"href":"https:\/\/demo.yamentech.com\/en\/wp-json\/wp\/v2\/media\/21897"}],"wp:attachment":[{"href":"https:\/\/demo.yamentech.com\/en\/wp-json\/wp\/v2\/media?parent=21893"}],"wp:term":[{"taxonomy":"pwb-brand","embeddable":true,"href":"https:\/\/demo.yamentech.com\/en\/wp-json\/wp\/v2\/pwb-brand?post=21893"},{"taxonomy":"product_brand","embeddable":true,"href":"https:\/\/demo.yamentech.com\/en\/wp-json\/wp\/v2\/product_brand?post=21893"},{"taxonomy":"product_cat","embeddable":true,"href":"https:\/\/demo.yamentech.com\/en\/wp-json\/wp\/v2\/product_cat?post=21893"},{"taxonomy":"product_tag","embeddable":true,"href":"https:\/\/demo.yamentech.com\/en\/wp-json\/wp\/v2\/product_tag?post=21893"}],"curies":[{"name":"wp","href":"https:\/\/api.w.org\/{rel}","templated":true}]}}