{"id":21933,"date":"2025-04-21T16:48:24","date_gmt":"2025-04-21T14:48:24","guid":{"rendered":"https:\/\/springgreen-ferret-224432.hostingersite.com\/?post_type=product&#038;p=21933"},"modified":"2025-08-02T12:37:53","modified_gmt":"2025-08-02T10:37:53","slug":"smartphone-samsung-galaxy-s25-ultra-5g","status":"publish","type":"product","link":"https:\/\/demo.yamentech.com\/en\/product\/smartphone-samsung-galaxy-s25-ultra-5g\/","title":{"rendered":"Smartphone SAMSUNG GALAXY S25 Ultra 5G"},"content":{"rendered":"","protected":false},"excerpt":{"rendered":"<p><strong>Ecran\u00a0<\/strong>\u00a0<strong>6.9&Prime; AMOLED dynamique 2X<\/strong>\u00a0<strong>Quad HD+<\/strong>\u00a0<strong>(3120 x 1440)<\/strong>\u00a0&#8211; Taux de rafra\u00eechissement :\u00a0<strong>120Hz<\/strong>\u00a0&#8211;\u00a0Processeur<strong>\u00a0<\/strong>:\u00a0<strong>Qualcomm\u00a0Snapdragon 8\u00a0Gen 4 &#8211; (8 Elite) Octa-Core<\/strong>\u00a0&#8211;\u00a0Syst\u00e8me d\u2019exploitation\u00a0:\u00a0<strong>Android 15<\/strong>\u00a0&#8211;\u00a0M\u00e9moire\u00a0:\u00a0<strong>12Go\u00a0<\/strong>&#8211;\u00a0Stockage\u00a0:\u00a0<strong>256Go<\/strong>\u00a0&#8211;\u00a0Appareil photo arri\u00e8re :<strong>\u00a0200.0 MP (f1.7) + 50.0 MP (f3.4) + 12.0 MP (f2.2) + 10.0 MP (f2.4)\u00a0<\/strong>&#8211;\u00a0Avant\u00a0:\u00a0<strong>12.0 MP<\/strong>\u00a0&#8211;\u00a0Capacit\u00e9 de Batterie\u00a0:<strong>\u00a05000 mAh\u00a0<\/strong>&#8211; charge rapide\u00a0<strong>45W<\/strong>\u00a0&#8211; Connectivit\u00e9:\u00a0<strong>5G<\/strong>, Wifi et Bluetooth 5.4<strong>\u00a0<\/strong>&#8211;\u00a0<strong>Double sim<\/strong>\u00a0&#8211;\u00a0<strong>R\u00e9sistance<\/strong>: Cadre en titane &#8211; Corning Gorilla Armor &#8211;\u00a0<strong>R\u00e9sistant \u00c0 L&rsquo;eau et \u00c0 La Poussi\u00e8re IP68<\/strong>\u00a0&#8211; Haut-parleurs st\u00e9r\u00e9o &#8211; Dimension (HxLxP) : 162.8 x 77.6 x 8.2 mm &#8211; Poids : 218 g &#8211; Couleur<strong>\u00a0<\/strong>: BleuSilver &#8211; Garantie : 1 an<\/p>","protected":false},"featured_media":21940,"comment_status":"open","ping_status":"closed","template":"","meta":[],"pwb-brand":[],"product_brand":[],"product_cat":[74,76],"product_tag":[],"class_list":{"0":"post-21933","1":"product","2":"type-product","3":"status-publish","4":"has-post-thumbnail","6":"product_cat-android","7":"product_cat-samsung","8":"pa_couleur-blanc","9":"pa_couleur-bleu-ciel","10":"pa_couleur-gris","11":"pa_couleur-noir","13":"first","14":"instock","15":"sale","16":"taxable","17":"shipping-taxable","18":"purchasable","19":"product-type-variable","20":"has-default-attributes"},"yoast_head":"<!-- This site is optimized with the Yoast SEO plugin v25.8 - https:\/\/yoast.com\/wordpress\/plugins\/seo\/ -->\n<title>Smartphone SAMSUNG GALAXY S25 Ultra 5G | Yamen Tech<\/title>\n<meta name=\"description\" content=\"Achat sur Yamen tech Smartphone, TV, \u00e9lectrom\u00e9nager et produits high-tech aux meilleurs prix. Comparez et achetez en livraison rapide \u00e0 domicile\" \/>\n<meta name=\"robots\" content=\"index, follow, max-snippet:-1, max-image-preview:large, max-video-preview:-1\" \/>\n<link rel=\"canonical\" href=\"https:\/\/demo.yamentech.com\/en\/product\/smartphone-samsung-galaxy-s25-ultra-5g\/\" \/>\n<meta property=\"og:locale\" content=\"en_US\" \/>\n<meta property=\"og:type\" content=\"article\" \/>\n<meta property=\"og:title\" content=\"Smartphone SAMSUNG GALAXY S25 Ultra 5G | Yamen Tech\" \/>\n<meta property=\"og:description\" content=\"Achat sur Yamen tech Smartphone, TV, \u00e9lectrom\u00e9nager et produits high-tech aux meilleurs prix. Comparez et achetez en livraison rapide \u00e0 domicile\" \/>\n<meta property=\"og:url\" content=\"https:\/\/demo.yamentech.com\/en\/product\/smartphone-samsung-galaxy-s25-ultra-5g\/\" \/>\n<meta property=\"og:site_name\" content=\"Yamen Tech\" \/>\n<meta property=\"article:publisher\" content=\"https:\/\/www.facebook.com\/yamentech\/\" \/>\n<meta property=\"article:modified_time\" content=\"2025-08-02T10:37:53+00:00\" \/>\n<meta property=\"og:image\" content=\"https:\/\/demo.yamentech.com\/wp-content\/uploads\/2025\/04\/smartphone-samsung-galaxy-s25-ultra-5g-12-go-256-go-noir-titane-avec-smartwatch-samsung-galaxy-fe-offerte.jpg\" \/>\n\t<meta property=\"og:image:width\" content=\"800\" \/>\n\t<meta property=\"og:image:height\" content=\"800\" \/>\n\t<meta property=\"og:image:type\" content=\"image\/jpeg\" \/>\n<meta name=\"twitter:card\" content=\"summary_large_image\" \/>\n<meta name=\"twitter:label1\" content=\"Est. reading time\" \/>\n\t<meta name=\"twitter:data1\" content=\"1 minute\" \/>\n<script type=\"application\/ld+json\" class=\"yoast-schema-graph\">{\"@context\":\"https:\/\/schema.org\",\"@graph\":[{\"@type\":\"WebPage\",\"@id\":\"https:\/\/demo.yamentech.com\/produit\/smartphone-samsung-galaxy-s25-ultra-5g\/\",\"url\":\"https:\/\/demo.yamentech.com\/produit\/smartphone-samsung-galaxy-s25-ultra-5g\/\",\"name\":\"Smartphone SAMSUNG GALAXY S25 Ultra 5G | Yamen Tech\",\"isPartOf\":{\"@id\":\"https:\/\/springgreen-ferret-224432.hostingersite.com\/#website\"},\"primaryImageOfPage\":{\"@id\":\"https:\/\/demo.yamentech.com\/produit\/smartphone-samsung-galaxy-s25-ultra-5g\/#primaryimage\"},\"image\":{\"@id\":\"https:\/\/demo.yamentech.com\/produit\/smartphone-samsung-galaxy-s25-ultra-5g\/#primaryimage\"},\"thumbnailUrl\":\"https:\/\/demo.yamentech.com\/wp-content\/uploads\/2025\/04\/smartphone-samsung-galaxy-s25-ultra-5g-12-go-256-go-noir-titane-avec-smartwatch-samsung-galaxy-fe-offerte.jpg\",\"datePublished\":\"2025-04-21T14:48:24+00:00\",\"dateModified\":\"2025-08-02T10:37:53+00:00\",\"description\":\"Achat sur Yamen tech Smartphone, TV, \u00e9lectrom\u00e9nager et produits high-tech aux meilleurs prix. Comparez et achetez en livraison rapide \u00e0 domicile\",\"breadcrumb\":{\"@id\":\"https:\/\/demo.yamentech.com\/produit\/smartphone-samsung-galaxy-s25-ultra-5g\/#breadcrumb\"},\"inLanguage\":\"en-US\",\"potentialAction\":[{\"@type\":\"ReadAction\",\"target\":[\"https:\/\/demo.yamentech.com\/produit\/smartphone-samsung-galaxy-s25-ultra-5g\/\"]}]},{\"@type\":\"ImageObject\",\"inLanguage\":\"en-US\",\"@id\":\"https:\/\/demo.yamentech.com\/produit\/smartphone-samsung-galaxy-s25-ultra-5g\/#primaryimage\",\"url\":\"https:\/\/demo.yamentech.com\/wp-content\/uploads\/2025\/04\/smartphone-samsung-galaxy-s25-ultra-5g-12-go-256-go-noir-titane-avec-smartwatch-samsung-galaxy-fe-offerte.jpg\",\"contentUrl\":\"https:\/\/demo.yamentech.com\/wp-content\/uploads\/2025\/04\/smartphone-samsung-galaxy-s25-ultra-5g-12-go-256-go-noir-titane-avec-smartwatch-samsung-galaxy-fe-offerte.jpg\",\"width\":800,\"height\":800},{\"@type\":\"BreadcrumbList\",\"@id\":\"https:\/\/demo.yamentech.com\/produit\/smartphone-samsung-galaxy-s25-ultra-5g\/#breadcrumb\",\"itemListElement\":[{\"@type\":\"ListItem\",\"position\":1,\"name\":\"Accueil\",\"item\":\"https:\/\/springgreen-ferret-224432.hostingersite.com\/\"},{\"@type\":\"ListItem\",\"position\":2,\"name\":\"Boutique\",\"item\":\"https:\/\/springgreen-ferret-224432.hostingersite.com\/boutique\/\"},{\"@type\":\"ListItem\",\"position\":3,\"name\":\"Smartphone SAMSUNG GALAXY S25 Ultra 5G\"}]},{\"@type\":\"WebSite\",\"@id\":\"https:\/\/springgreen-ferret-224432.hostingersite.com\/#website\",\"url\":\"https:\/\/springgreen-ferret-224432.hostingersite.com\/\",\"name\":\"Yamen Tech\",\"description\":\"\",\"publisher\":{\"@id\":\"https:\/\/springgreen-ferret-224432.hostingersite.com\/#organization\"},\"potentialAction\":[{\"@type\":\"SearchAction\",\"target\":{\"@type\":\"EntryPoint\",\"urlTemplate\":\"https:\/\/springgreen-ferret-224432.hostingersite.com\/?s={search_term_string}\"},\"query-input\":{\"@type\":\"PropertyValueSpecification\",\"valueRequired\":true,\"valueName\":\"search_term_string\"}}],\"inLanguage\":\"en-US\"},{\"@type\":\"Organization\",\"@id\":\"https:\/\/springgreen-ferret-224432.hostingersite.com\/#organization\",\"name\":\"Yamen Tech\",\"url\":\"https:\/\/springgreen-ferret-224432.hostingersite.com\/\",\"logo\":{\"@type\":\"ImageObject\",\"inLanguage\":\"en-US\",\"@id\":\"https:\/\/springgreen-ferret-224432.hostingersite.com\/#\/schema\/logo\/image\/\",\"url\":\"https:\/\/springgreen-ferret-224432.hostingersite.com\/wp-content\/uploads\/2024\/07\/images-2.png\",\"contentUrl\":\"https:\/\/springgreen-ferret-224432.hostingersite.com\/wp-content\/uploads\/2024\/07\/images-2.png\",\"width\":225,\"height\":225,\"caption\":\"Yamen Tech\"},\"image\":{\"@id\":\"https:\/\/springgreen-ferret-224432.hostingersite.com\/#\/schema\/logo\/image\/\"},\"sameAs\":[\"https:\/\/www.facebook.com\/yamentech\/\",\"https:\/\/www.instagram.com\/yamen_tech\/\"]}]}<\/script>\n<!-- \/ Yoast SEO plugin. -->","yoast_head_json":{"title":"Smartphone SAMSUNG GALAXY S25 Ultra 5G | Yamen Tech","description":"Achat sur Yamen tech Smartphone, TV, \u00e9lectrom\u00e9nager et produits high-tech aux meilleurs prix. Comparez et achetez en livraison rapide \u00e0 domicile","robots":{"index":"index","follow":"follow","max-snippet":"max-snippet:-1","max-image-preview":"max-image-preview:large","max-video-preview":"max-video-preview:-1"},"canonical":"https:\/\/demo.yamentech.com\/en\/product\/smartphone-samsung-galaxy-s25-ultra-5g\/","og_locale":"en_US","og_type":"article","og_title":"Smartphone SAMSUNG GALAXY S25 Ultra 5G | Yamen Tech","og_description":"Achat sur Yamen tech Smartphone, TV, \u00e9lectrom\u00e9nager et produits high-tech aux meilleurs prix. Comparez et achetez en livraison rapide \u00e0 domicile","og_url":"https:\/\/demo.yamentech.com\/en\/product\/smartphone-samsung-galaxy-s25-ultra-5g\/","og_site_name":"Yamen Tech","article_publisher":"https:\/\/www.facebook.com\/yamentech\/","article_modified_time":"2025-08-02T10:37:53+00:00","og_image":[{"width":800,"height":800,"url":"https:\/\/demo.yamentech.com\/wp-content\/uploads\/2025\/04\/smartphone-samsung-galaxy-s25-ultra-5g-12-go-256-go-noir-titane-avec-smartwatch-samsung-galaxy-fe-offerte.jpg","type":"image\/jpeg"}],"twitter_card":"summary_large_image","twitter_misc":{"Est. reading time":"1 minute"},"schema":{"@context":"https:\/\/schema.org","@graph":[{"@type":"WebPage","@id":"https:\/\/demo.yamentech.com\/produit\/smartphone-samsung-galaxy-s25-ultra-5g\/","url":"https:\/\/demo.yamentech.com\/produit\/smartphone-samsung-galaxy-s25-ultra-5g\/","name":"Smartphone SAMSUNG GALAXY S25 Ultra 5G | Yamen Tech","isPartOf":{"@id":"https:\/\/springgreen-ferret-224432.hostingersite.com\/#website"},"primaryImageOfPage":{"@id":"https:\/\/demo.yamentech.com\/produit\/smartphone-samsung-galaxy-s25-ultra-5g\/#primaryimage"},"image":{"@id":"https:\/\/demo.yamentech.com\/produit\/smartphone-samsung-galaxy-s25-ultra-5g\/#primaryimage"},"thumbnailUrl":"https:\/\/demo.yamentech.com\/wp-content\/uploads\/2025\/04\/smartphone-samsung-galaxy-s25-ultra-5g-12-go-256-go-noir-titane-avec-smartwatch-samsung-galaxy-fe-offerte.jpg","datePublished":"2025-04-21T14:48:24+00:00","dateModified":"2025-08-02T10:37:53+00:00","description":"Achat sur Yamen tech Smartphone, TV, \u00e9lectrom\u00e9nager et produits high-tech aux meilleurs prix. Comparez et achetez en livraison rapide \u00e0 domicile","breadcrumb":{"@id":"https:\/\/demo.yamentech.com\/produit\/smartphone-samsung-galaxy-s25-ultra-5g\/#breadcrumb"},"inLanguage":"en-US","potentialAction":[{"@type":"ReadAction","target":["https:\/\/demo.yamentech.com\/produit\/smartphone-samsung-galaxy-s25-ultra-5g\/"]}]},{"@type":"ImageObject","inLanguage":"en-US","@id":"https:\/\/demo.yamentech.com\/produit\/smartphone-samsung-galaxy-s25-ultra-5g\/#primaryimage","url":"https:\/\/demo.yamentech.com\/wp-content\/uploads\/2025\/04\/smartphone-samsung-galaxy-s25-ultra-5g-12-go-256-go-noir-titane-avec-smartwatch-samsung-galaxy-fe-offerte.jpg","contentUrl":"https:\/\/demo.yamentech.com\/wp-content\/uploads\/2025\/04\/smartphone-samsung-galaxy-s25-ultra-5g-12-go-256-go-noir-titane-avec-smartwatch-samsung-galaxy-fe-offerte.jpg","width":800,"height":800},{"@type":"BreadcrumbList","@id":"https:\/\/demo.yamentech.com\/produit\/smartphone-samsung-galaxy-s25-ultra-5g\/#breadcrumb","itemListElement":[{"@type":"ListItem","position":1,"name":"Accueil","item":"https:\/\/springgreen-ferret-224432.hostingersite.com\/"},{"@type":"ListItem","position":2,"name":"Boutique","item":"https:\/\/springgreen-ferret-224432.hostingersite.com\/boutique\/"},{"@type":"ListItem","position":3,"name":"Smartphone SAMSUNG GALAXY S25 Ultra 5G"}]},{"@type":"WebSite","@id":"https:\/\/springgreen-ferret-224432.hostingersite.com\/#website","url":"https:\/\/springgreen-ferret-224432.hostingersite.com\/","name":"Yamen Tech","description":"","publisher":{"@id":"https:\/\/springgreen-ferret-224432.hostingersite.com\/#organization"},"potentialAction":[{"@type":"SearchAction","target":{"@type":"EntryPoint","urlTemplate":"https:\/\/springgreen-ferret-224432.hostingersite.com\/?s={search_term_string}"},"query-input":{"@type":"PropertyValueSpecification","valueRequired":true,"valueName":"search_term_string"}}],"inLanguage":"en-US"},{"@type":"Organization","@id":"https:\/\/springgreen-ferret-224432.hostingersite.com\/#organization","name":"Yamen Tech","url":"https:\/\/springgreen-ferret-224432.hostingersite.com\/","logo":{"@type":"ImageObject","inLanguage":"en-US","@id":"https:\/\/springgreen-ferret-224432.hostingersite.com\/#\/schema\/logo\/image\/","url":"https:\/\/springgreen-ferret-224432.hostingersite.com\/wp-content\/uploads\/2024\/07\/images-2.png","contentUrl":"https:\/\/springgreen-ferret-224432.hostingersite.com\/wp-content\/uploads\/2024\/07\/images-2.png","width":225,"height":225,"caption":"Yamen Tech"},"image":{"@id":"https:\/\/springgreen-ferret-224432.hostingersite.com\/#\/schema\/logo\/image\/"},"sameAs":["https:\/\/www.facebook.com\/yamentech\/","https:\/\/www.instagram.com\/yamen_tech\/"]}]}},"brands":[],"_links":{"self":[{"href":"https:\/\/demo.yamentech.com\/en\/wp-json\/wp\/v2\/product\/21933","targetHints":{"allow":["GET"]}}],"collection":[{"href":"https:\/\/demo.yamentech.com\/en\/wp-json\/wp\/v2\/product"}],"about":[{"href":"https:\/\/demo.yamentech.com\/en\/wp-json\/wp\/v2\/types\/product"}],"replies":[{"embeddable":true,"href":"https:\/\/demo.yamentech.com\/en\/wp-json\/wp\/v2\/comments?post=21933"}],"version-history":[{"count":1,"href":"https:\/\/demo.yamentech.com\/en\/wp-json\/wp\/v2\/product\/21933\/revisions"}],"predecessor-version":[{"id":21944,"href":"https:\/\/demo.yamentech.com\/en\/wp-json\/wp\/v2\/product\/21933\/revisions\/21944"}],"wp:featuredmedia":[{"embeddable":true,"href":"https:\/\/demo.yamentech.com\/en\/wp-json\/wp\/v2\/media\/21940"}],"wp:attachment":[{"href":"https:\/\/demo.yamentech.com\/en\/wp-json\/wp\/v2\/media?parent=21933"}],"wp:term":[{"taxonomy":"pwb-brand","embeddable":true,"href":"https:\/\/demo.yamentech.com\/en\/wp-json\/wp\/v2\/pwb-brand?post=21933"},{"taxonomy":"product_brand","embeddable":true,"href":"https:\/\/demo.yamentech.com\/en\/wp-json\/wp\/v2\/product_brand?post=21933"},{"taxonomy":"product_cat","embeddable":true,"href":"https:\/\/demo.yamentech.com\/en\/wp-json\/wp\/v2\/product_cat?post=21933"},{"taxonomy":"product_tag","embeddable":true,"href":"https:\/\/demo.yamentech.com\/en\/wp-json\/wp\/v2\/product_tag?post=21933"}],"curies":[{"name":"wp","href":"https:\/\/api.w.org\/{rel}","templated":true}]}}