{"id":22095,"date":"2025-06-10T18:28:16","date_gmt":"2025-06-10T16:28:16","guid":{"rendered":"https:\/\/demo.yamentech.com\/?post_type=product&#038;p=22095"},"modified":"2025-06-10T18:28:39","modified_gmt":"2025-06-10T16:28:39","slug":"smartphone-xiaomi-redmi-note-14-4g","status":"publish","type":"product","link":"https:\/\/demo.yamentech.com\/en\/product\/smartphone-xiaomi-redmi-note-14-4g\/","title":{"rendered":"Smartphone Xiaomi Redmi Note 14 (4G)"},"content":{"rendered":"","protected":false},"excerpt":{"rendered":"<div id=\"product-description-short-82737\" class=\"prodes\">Ecran\u00a0<strong>AMOLED 6.67&Prime;\u00a0<\/strong>(2400 x 1080)\u00a0<strong>120 Hz<\/strong>\u00a0avec\u00a0Protection Corning Gorilla Glass 5\u00a0&#8211; Processeur Octa Core\u00a0<strong>MediaTek Helio G99 Ultra (6nm) up to 2.2 Ghz &#8211; RAM 6 Go &amp; 8 Go<\/strong>\u00a0&#8211; Stockage\u00a0<strong>128 Go &amp; 256 Go<\/strong>\u00a0(extensible jusqu&rsquo;\u00e0 1 To via carte microSD) &#8211; Syst\u00e8me Android avec Xiaomi\u00a0HyperOS\u00a0&#8211; Triple appareil photo\u00a0<strong>108 MP<\/strong>\u00a0Principale F\/1.7 +\u00a0<strong>2 MP<\/strong>\u00a0(cam\u00e9ra de profondeur F\/2.4) +\u00a0<strong>2 MP<\/strong>\u00a0(Macro F\/2.4) |\u00a0<strong>Cam\u00e9ra avant 20MP F\/2.2\u00a0<\/strong>&#8211;\u00a0<strong>Batterie 5500 mAh<\/strong>\u00a0avec Charge Turbo 33W &#8211; Lecteur d&#8217;empreintes digitales int\u00e9gr\u00e9 \u00e0 l&rsquo;\u00e9cran &#8211; D\u00e9veroillage par reconnaissance faciale via IA &#8211; Wifi &#8211; Bluetooth 5.3 &#8211; R\u00e9seau 4G &#8211; Double Haut parleur Dolby Atmos avec Prise Jack 3.5mm &#8211;\u00a0R\u00e9sistant aux \u00e9claboussures, \u00e0 l&rsquo;eau et \u00e0 la poussi\u00e8re IP54\u00a0&#8211; Couleur :\u00a0<strong>Vert \/Bleu\/Noir<\/strong>\u00a0&#8211;\u00a0<strong>Garantie 1 an<\/strong><\/div>\n<div id=\"product-availability-store\" class=\"product-availability-store\"><\/div>","protected":false},"featured_media":22098,"comment_status":"open","ping_status":"closed","template":"","meta":[],"pwb-brand":[],"product_brand":[],"product_cat":[74,78],"product_tag":[],"class_list":{"0":"post-22095","1":"product","2":"type-product","3":"status-publish","4":"has-post-thumbnail","6":"product_cat-android","7":"product_cat-xiaomi","8":"pa_couleur-bleu","9":"pa_couleur-noir","10":"pa_couleur-vert","11":"pa_stockage-128gb","12":"pa_stockage-256gb","14":"first","15":"instock","16":"taxable","17":"shipping-taxable","18":"purchasable","19":"product-type-variable","20":"has-default-attributes"},"yoast_head":"<!-- This site is optimized with the Yoast SEO plugin v25.8 - https:\/\/yoast.com\/wordpress\/plugins\/seo\/ -->\n<title>Smartphone Xiaomi Redmi Note 14 (4G) | Yamen Tech<\/title>\n<meta name=\"description\" content=\"Achat sur Yamen tech Smartphone, TV, \u00e9lectrom\u00e9nager et produits high-tech aux meilleurs prix. Comparez et achetez en livraison rapide \u00e0 domicile\" \/>\n<meta name=\"robots\" content=\"index, follow, max-snippet:-1, max-image-preview:large, max-video-preview:-1\" \/>\n<link rel=\"canonical\" href=\"https:\/\/demo.yamentech.com\/en\/product\/smartphone-xiaomi-redmi-note-14-4g\/\" \/>\n<meta property=\"og:locale\" content=\"en_US\" \/>\n<meta property=\"og:type\" content=\"article\" \/>\n<meta property=\"og:title\" content=\"Smartphone Xiaomi Redmi Note 14 (4G) | Yamen Tech\" \/>\n<meta property=\"og:description\" content=\"Achat sur Yamen tech Smartphone, TV, \u00e9lectrom\u00e9nager et produits high-tech aux meilleurs prix. Comparez et achetez en livraison rapide \u00e0 domicile\" \/>\n<meta property=\"og:url\" content=\"https:\/\/demo.yamentech.com\/en\/product\/smartphone-xiaomi-redmi-note-14-4g\/\" \/>\n<meta property=\"og:site_name\" content=\"Yamen Tech\" \/>\n<meta property=\"article:publisher\" content=\"https:\/\/www.facebook.com\/yamentech\/\" \/>\n<meta property=\"article:modified_time\" content=\"2025-06-10T16:28:39+00:00\" \/>\n<meta property=\"og:image\" content=\"https:\/\/demo.yamentech.com\/wp-content\/uploads\/2025\/06\/smartphone-xiaomi-redmi-note-14-6128g-vert.jpg\" \/>\n\t<meta property=\"og:image:width\" content=\"800\" \/>\n\t<meta property=\"og:image:height\" content=\"800\" \/>\n\t<meta property=\"og:image:type\" content=\"image\/jpeg\" \/>\n<meta name=\"twitter:card\" content=\"summary_large_image\" \/>\n<meta name=\"twitter:label1\" content=\"Est. reading time\" \/>\n\t<meta name=\"twitter:data1\" content=\"1 minute\" \/>\n<script type=\"application\/ld+json\" class=\"yoast-schema-graph\">{\"@context\":\"https:\/\/schema.org\",\"@graph\":[{\"@type\":\"WebPage\",\"@id\":\"https:\/\/demo.yamentech.com\/produit\/smartphone-xiaomi-redmi-note-14-4g\/\",\"url\":\"https:\/\/demo.yamentech.com\/produit\/smartphone-xiaomi-redmi-note-14-4g\/\",\"name\":\"Smartphone Xiaomi Redmi Note 14 (4G) | Yamen Tech\",\"isPartOf\":{\"@id\":\"https:\/\/springgreen-ferret-224432.hostingersite.com\/#website\"},\"primaryImageOfPage\":{\"@id\":\"https:\/\/demo.yamentech.com\/produit\/smartphone-xiaomi-redmi-note-14-4g\/#primaryimage\"},\"image\":{\"@id\":\"https:\/\/demo.yamentech.com\/produit\/smartphone-xiaomi-redmi-note-14-4g\/#primaryimage\"},\"thumbnailUrl\":\"https:\/\/demo.yamentech.com\/wp-content\/uploads\/2025\/06\/smartphone-xiaomi-redmi-note-14-6128g-vert.jpg\",\"datePublished\":\"2025-06-10T16:28:16+00:00\",\"dateModified\":\"2025-06-10T16:28:39+00:00\",\"description\":\"Achat sur Yamen tech Smartphone, TV, \u00e9lectrom\u00e9nager et produits high-tech aux meilleurs prix. Comparez et achetez en livraison rapide \u00e0 domicile\",\"breadcrumb\":{\"@id\":\"https:\/\/demo.yamentech.com\/produit\/smartphone-xiaomi-redmi-note-14-4g\/#breadcrumb\"},\"inLanguage\":\"en-US\",\"potentialAction\":[{\"@type\":\"ReadAction\",\"target\":[\"https:\/\/demo.yamentech.com\/produit\/smartphone-xiaomi-redmi-note-14-4g\/\"]}]},{\"@type\":\"ImageObject\",\"inLanguage\":\"en-US\",\"@id\":\"https:\/\/demo.yamentech.com\/produit\/smartphone-xiaomi-redmi-note-14-4g\/#primaryimage\",\"url\":\"https:\/\/demo.yamentech.com\/wp-content\/uploads\/2025\/06\/smartphone-xiaomi-redmi-note-14-6128g-vert.jpg\",\"contentUrl\":\"https:\/\/demo.yamentech.com\/wp-content\/uploads\/2025\/06\/smartphone-xiaomi-redmi-note-14-6128g-vert.jpg\",\"width\":800,\"height\":800},{\"@type\":\"BreadcrumbList\",\"@id\":\"https:\/\/demo.yamentech.com\/produit\/smartphone-xiaomi-redmi-note-14-4g\/#breadcrumb\",\"itemListElement\":[{\"@type\":\"ListItem\",\"position\":1,\"name\":\"Accueil\",\"item\":\"https:\/\/springgreen-ferret-224432.hostingersite.com\/\"},{\"@type\":\"ListItem\",\"position\":2,\"name\":\"Boutique\",\"item\":\"https:\/\/springgreen-ferret-224432.hostingersite.com\/boutique\/\"},{\"@type\":\"ListItem\",\"position\":3,\"name\":\"Smartphone Xiaomi Redmi Note 14 (4G)\"}]},{\"@type\":\"WebSite\",\"@id\":\"https:\/\/springgreen-ferret-224432.hostingersite.com\/#website\",\"url\":\"https:\/\/springgreen-ferret-224432.hostingersite.com\/\",\"name\":\"Yamen Tech\",\"description\":\"\",\"publisher\":{\"@id\":\"https:\/\/springgreen-ferret-224432.hostingersite.com\/#organization\"},\"potentialAction\":[{\"@type\":\"SearchAction\",\"target\":{\"@type\":\"EntryPoint\",\"urlTemplate\":\"https:\/\/springgreen-ferret-224432.hostingersite.com\/?s={search_term_string}\"},\"query-input\":{\"@type\":\"PropertyValueSpecification\",\"valueRequired\":true,\"valueName\":\"search_term_string\"}}],\"inLanguage\":\"en-US\"},{\"@type\":\"Organization\",\"@id\":\"https:\/\/springgreen-ferret-224432.hostingersite.com\/#organization\",\"name\":\"Yamen Tech\",\"url\":\"https:\/\/springgreen-ferret-224432.hostingersite.com\/\",\"logo\":{\"@type\":\"ImageObject\",\"inLanguage\":\"en-US\",\"@id\":\"https:\/\/springgreen-ferret-224432.hostingersite.com\/#\/schema\/logo\/image\/\",\"url\":\"https:\/\/springgreen-ferret-224432.hostingersite.com\/wp-content\/uploads\/2024\/07\/images-2.png\",\"contentUrl\":\"https:\/\/springgreen-ferret-224432.hostingersite.com\/wp-content\/uploads\/2024\/07\/images-2.png\",\"width\":225,\"height\":225,\"caption\":\"Yamen Tech\"},\"image\":{\"@id\":\"https:\/\/springgreen-ferret-224432.hostingersite.com\/#\/schema\/logo\/image\/\"},\"sameAs\":[\"https:\/\/www.facebook.com\/yamentech\/\",\"https:\/\/www.instagram.com\/yamen_tech\/\"]}]}<\/script>\n<!-- \/ Yoast SEO plugin. -->","yoast_head_json":{"title":"Smartphone Xiaomi Redmi Note 14 (4G) | Yamen Tech","description":"Achat sur Yamen tech Smartphone, TV, \u00e9lectrom\u00e9nager et produits high-tech aux meilleurs prix. Comparez et achetez en livraison rapide \u00e0 domicile","robots":{"index":"index","follow":"follow","max-snippet":"max-snippet:-1","max-image-preview":"max-image-preview:large","max-video-preview":"max-video-preview:-1"},"canonical":"https:\/\/demo.yamentech.com\/en\/product\/smartphone-xiaomi-redmi-note-14-4g\/","og_locale":"en_US","og_type":"article","og_title":"Smartphone Xiaomi Redmi Note 14 (4G) | Yamen Tech","og_description":"Achat sur Yamen tech Smartphone, TV, \u00e9lectrom\u00e9nager et produits high-tech aux meilleurs prix. Comparez et achetez en livraison rapide \u00e0 domicile","og_url":"https:\/\/demo.yamentech.com\/en\/product\/smartphone-xiaomi-redmi-note-14-4g\/","og_site_name":"Yamen Tech","article_publisher":"https:\/\/www.facebook.com\/yamentech\/","article_modified_time":"2025-06-10T16:28:39+00:00","og_image":[{"width":800,"height":800,"url":"https:\/\/demo.yamentech.com\/wp-content\/uploads\/2025\/06\/smartphone-xiaomi-redmi-note-14-6128g-vert.jpg","type":"image\/jpeg"}],"twitter_card":"summary_large_image","twitter_misc":{"Est. reading time":"1 minute"},"schema":{"@context":"https:\/\/schema.org","@graph":[{"@type":"WebPage","@id":"https:\/\/demo.yamentech.com\/produit\/smartphone-xiaomi-redmi-note-14-4g\/","url":"https:\/\/demo.yamentech.com\/produit\/smartphone-xiaomi-redmi-note-14-4g\/","name":"Smartphone Xiaomi Redmi Note 14 (4G) | Yamen Tech","isPartOf":{"@id":"https:\/\/springgreen-ferret-224432.hostingersite.com\/#website"},"primaryImageOfPage":{"@id":"https:\/\/demo.yamentech.com\/produit\/smartphone-xiaomi-redmi-note-14-4g\/#primaryimage"},"image":{"@id":"https:\/\/demo.yamentech.com\/produit\/smartphone-xiaomi-redmi-note-14-4g\/#primaryimage"},"thumbnailUrl":"https:\/\/demo.yamentech.com\/wp-content\/uploads\/2025\/06\/smartphone-xiaomi-redmi-note-14-6128g-vert.jpg","datePublished":"2025-06-10T16:28:16+00:00","dateModified":"2025-06-10T16:28:39+00:00","description":"Achat sur Yamen tech Smartphone, TV, \u00e9lectrom\u00e9nager et produits high-tech aux meilleurs prix. Comparez et achetez en livraison rapide \u00e0 domicile","breadcrumb":{"@id":"https:\/\/demo.yamentech.com\/produit\/smartphone-xiaomi-redmi-note-14-4g\/#breadcrumb"},"inLanguage":"en-US","potentialAction":[{"@type":"ReadAction","target":["https:\/\/demo.yamentech.com\/produit\/smartphone-xiaomi-redmi-note-14-4g\/"]}]},{"@type":"ImageObject","inLanguage":"en-US","@id":"https:\/\/demo.yamentech.com\/produit\/smartphone-xiaomi-redmi-note-14-4g\/#primaryimage","url":"https:\/\/demo.yamentech.com\/wp-content\/uploads\/2025\/06\/smartphone-xiaomi-redmi-note-14-6128g-vert.jpg","contentUrl":"https:\/\/demo.yamentech.com\/wp-content\/uploads\/2025\/06\/smartphone-xiaomi-redmi-note-14-6128g-vert.jpg","width":800,"height":800},{"@type":"BreadcrumbList","@id":"https:\/\/demo.yamentech.com\/produit\/smartphone-xiaomi-redmi-note-14-4g\/#breadcrumb","itemListElement":[{"@type":"ListItem","position":1,"name":"Accueil","item":"https:\/\/springgreen-ferret-224432.hostingersite.com\/"},{"@type":"ListItem","position":2,"name":"Boutique","item":"https:\/\/springgreen-ferret-224432.hostingersite.com\/boutique\/"},{"@type":"ListItem","position":3,"name":"Smartphone Xiaomi Redmi Note 14 (4G)"}]},{"@type":"WebSite","@id":"https:\/\/springgreen-ferret-224432.hostingersite.com\/#website","url":"https:\/\/springgreen-ferret-224432.hostingersite.com\/","name":"Yamen Tech","description":"","publisher":{"@id":"https:\/\/springgreen-ferret-224432.hostingersite.com\/#organization"},"potentialAction":[{"@type":"SearchAction","target":{"@type":"EntryPoint","urlTemplate":"https:\/\/springgreen-ferret-224432.hostingersite.com\/?s={search_term_string}"},"query-input":{"@type":"PropertyValueSpecification","valueRequired":true,"valueName":"search_term_string"}}],"inLanguage":"en-US"},{"@type":"Organization","@id":"https:\/\/springgreen-ferret-224432.hostingersite.com\/#organization","name":"Yamen Tech","url":"https:\/\/springgreen-ferret-224432.hostingersite.com\/","logo":{"@type":"ImageObject","inLanguage":"en-US","@id":"https:\/\/springgreen-ferret-224432.hostingersite.com\/#\/schema\/logo\/image\/","url":"https:\/\/springgreen-ferret-224432.hostingersite.com\/wp-content\/uploads\/2024\/07\/images-2.png","contentUrl":"https:\/\/springgreen-ferret-224432.hostingersite.com\/wp-content\/uploads\/2024\/07\/images-2.png","width":225,"height":225,"caption":"Yamen Tech"},"image":{"@id":"https:\/\/springgreen-ferret-224432.hostingersite.com\/#\/schema\/logo\/image\/"},"sameAs":["https:\/\/www.facebook.com\/yamentech\/","https:\/\/www.instagram.com\/yamen_tech\/"]}]}},"brands":[],"_links":{"self":[{"href":"https:\/\/demo.yamentech.com\/en\/wp-json\/wp\/v2\/product\/22095","targetHints":{"allow":["GET"]}}],"collection":[{"href":"https:\/\/demo.yamentech.com\/en\/wp-json\/wp\/v2\/product"}],"about":[{"href":"https:\/\/demo.yamentech.com\/en\/wp-json\/wp\/v2\/types\/product"}],"replies":[{"embeddable":true,"href":"https:\/\/demo.yamentech.com\/en\/wp-json\/wp\/v2\/comments?post=22095"}],"version-history":[{"count":1,"href":"https:\/\/demo.yamentech.com\/en\/wp-json\/wp\/v2\/product\/22095\/revisions"}],"predecessor-version":[{"id":22108,"href":"https:\/\/demo.yamentech.com\/en\/wp-json\/wp\/v2\/product\/22095\/revisions\/22108"}],"wp:featuredmedia":[{"embeddable":true,"href":"https:\/\/demo.yamentech.com\/en\/wp-json\/wp\/v2\/media\/22098"}],"wp:attachment":[{"href":"https:\/\/demo.yamentech.com\/en\/wp-json\/wp\/v2\/media?parent=22095"}],"wp:term":[{"taxonomy":"pwb-brand","embeddable":true,"href":"https:\/\/demo.yamentech.com\/en\/wp-json\/wp\/v2\/pwb-brand?post=22095"},{"taxonomy":"product_brand","embeddable":true,"href":"https:\/\/demo.yamentech.com\/en\/wp-json\/wp\/v2\/product_brand?post=22095"},{"taxonomy":"product_cat","embeddable":true,"href":"https:\/\/demo.yamentech.com\/en\/wp-json\/wp\/v2\/product_cat?post=22095"},{"taxonomy":"product_tag","embeddable":true,"href":"https:\/\/demo.yamentech.com\/en\/wp-json\/wp\/v2\/product_tag?post=22095"}],"curies":[{"name":"wp","href":"https:\/\/api.w.org\/{rel}","templated":true}]}}