{"id":22131,"date":"2025-06-10T19:07:18","date_gmt":"2025-06-10T17:07:18","guid":{"rendered":"https:\/\/demo.yamentech.com\/?post_type=product&#038;p=22131"},"modified":"2025-06-10T19:07:18","modified_gmt":"2025-06-10T17:07:18","slug":"smartphone-xiaomi-redmi-note-14-pro-5g","status":"publish","type":"product","link":"https:\/\/demo.yamentech.com\/en\/product\/smartphone-xiaomi-redmi-note-14-pro-5g\/","title":{"rendered":"Smartphone Xiaomi Redmi Note 14 Pro+ (5G)"},"content":{"rendered":"","protected":false},"excerpt":{"rendered":"<p><strong>\u00a0<\/strong>\u00e9cran<strong>\u00a0:\u00a06,67 \u00ab\u00a0<\/strong>,\u00a0<strong>CrystalRes AMOLED\u00a0\u00a0&#8211;\u00a0<\/strong>R\u00e9solution<strong>\u00a0:\u00a0R\u00e9solution 1,5 K (2 712 \u00d7 1 220)\u00a0<\/strong>&#8211; Taux de rafra\u00eechissement<strong>\u00a0:<\/strong>\u00a0<strong>Jusqu&rsquo;\u00e0 120 Hz\u00a0<\/strong>&#8211; Processeur<strong>\u00a0:<\/strong>\u00a0<strong>Snapdragon\u00ae 7s Gen 3<\/strong>,\u00a0<strong>Gravure 4 nm\u00a0<\/strong>&#8211; RAM<strong>\u00a0:<\/strong>\u00a0<strong>12Go\u00a0<\/strong>&#8211; M\u00e9moire<strong>\u00a0:\u00a0512Go<\/strong>\u00a0 &#8211; Cam\u00e9ra arri\u00e8re\u00a0<strong>:\u00a0200 MP + 8 MP + 2 MP\u00a0<\/strong>&#8211; Cam\u00e9ra avant\u00a0<strong>:<\/strong>\u00a0<strong>20 MP\u00a0<\/strong>&#8211; Batterie<strong>\u00a0:\u00a05110 mAh (typique)\u00a0\u00a0<\/strong>&#8211; HyperCharge :\u00a0<strong>120 W\u00a0<\/strong>&#8211;\u00a0<strong>Fonctionnalit\u00e9s IA :\u00a0Entourer pour chercher avec Google, Google Gemini, AI Interpreter, AI Notes, AI Recorder, AI Subtitles, AI Film, AI image editing<\/strong>\u00a0-Syst\u00e8me de refroidissement\u00a0<strong>:\u00a0Technologie LiquidCool\u00a0<\/strong>&#8212; Connectivit\u00e9 :\u00a0<strong>5G\u00a0<\/strong>&#8211; S\u00e9curit\u00e9 : Capteur d&#8217;empreintes digitales int\u00e9gr\u00e9 \u00e0 l&rsquo;\u00e9cran, D\u00e9verrouillage par reconnaissance faciale via l&rsquo;IA\u00a0<strong>&#8211; R\u00e9sistance \u00e0 l&rsquo;eau et \u00e0 la poussi\u00e8re :\u00a0IP68<\/strong>\u00a0&#8211;\u00a0<strong>Syst\u00e8me d&rsquo;exploitation :<\/strong> Xiaomi HyperOS &#8211; Couleur: Violet\/ Bleu\/ Noir &#8211; Garantie: 1 an<\/p>","protected":false},"featured_media":22132,"comment_status":"open","ping_status":"closed","template":"","meta":[],"pwb-brand":[],"product_brand":[],"product_cat":[74,78],"product_tag":[],"class_list":{"0":"post-22131","1":"product","2":"type-product","3":"status-publish","4":"has-post-thumbnail","6":"product_cat-android","7":"product_cat-xiaomi","8":"pa_couleur-bleu","9":"pa_couleur-noir","10":"pa_couleur-violet","11":"pa_stockage-256gb","12":"pa_stockage-512gb","14":"first","15":"instock","16":"taxable","17":"shipping-taxable","18":"purchasable","19":"product-type-variable","20":"has-default-attributes"},"yoast_head":"<!-- This site is optimized with the Yoast SEO plugin v25.8 - https:\/\/yoast.com\/wordpress\/plugins\/seo\/ -->\n<title>Smartphone Xiaomi Redmi Note 14 Pro+ (5G) | Yamen Tech<\/title>\n<meta name=\"description\" content=\"Achat sur Yamen tech Smartphone, TV, \u00e9lectrom\u00e9nager et produits high-tech aux meilleurs prix. Comparez et achetez en livraison rapide \u00e0 domicile\" \/>\n<meta name=\"robots\" content=\"index, follow, max-snippet:-1, max-image-preview:large, max-video-preview:-1\" \/>\n<link rel=\"canonical\" href=\"https:\/\/demo.yamentech.com\/en\/product\/smartphone-xiaomi-redmi-note-14-pro-5g\/\" \/>\n<meta property=\"og:locale\" content=\"en_US\" \/>\n<meta property=\"og:type\" content=\"article\" \/>\n<meta property=\"og:title\" content=\"Smartphone Xiaomi Redmi Note 14 Pro+ (5G) | Yamen Tech\" \/>\n<meta property=\"og:description\" content=\"Achat sur Yamen tech Smartphone, TV, \u00e9lectrom\u00e9nager et produits high-tech aux meilleurs prix. Comparez et achetez en livraison rapide \u00e0 domicile\" \/>\n<meta property=\"og:url\" content=\"https:\/\/demo.yamentech.com\/en\/product\/smartphone-xiaomi-redmi-note-14-pro-5g\/\" \/>\n<meta property=\"og:site_name\" content=\"Yamen Tech\" \/>\n<meta property=\"article:publisher\" content=\"https:\/\/www.facebook.com\/yamentech\/\" \/>\n<meta property=\"og:image\" content=\"https:\/\/demo.yamentech.com\/wp-content\/uploads\/2025\/06\/smartphone_xiaomi_redmi_note_14_pro_plus_5g_12go_512go_-_bleu_givr_4__1.jpg\" \/>\n\t<meta property=\"og:image:width\" content=\"700\" \/>\n\t<meta property=\"og:image:height\" content=\"700\" \/>\n\t<meta property=\"og:image:type\" content=\"image\/jpeg\" \/>\n<meta name=\"twitter:card\" content=\"summary_large_image\" \/>\n<meta name=\"twitter:label1\" content=\"Est. reading time\" \/>\n\t<meta name=\"twitter:data1\" content=\"1 minute\" \/>\n<script type=\"application\/ld+json\" class=\"yoast-schema-graph\">{\"@context\":\"https:\/\/schema.org\",\"@graph\":[{\"@type\":\"WebPage\",\"@id\":\"https:\/\/demo.yamentech.com\/en\/product\/smartphone-xiaomi-redmi-note-14-pro-5g\/\",\"url\":\"https:\/\/demo.yamentech.com\/en\/product\/smartphone-xiaomi-redmi-note-14-pro-5g\/\",\"name\":\"Smartphone Xiaomi Redmi Note 14 Pro+ (5G) | Yamen Tech\",\"isPartOf\":{\"@id\":\"https:\/\/springgreen-ferret-224432.hostingersite.com\/#website\"},\"primaryImageOfPage\":{\"@id\":\"https:\/\/demo.yamentech.com\/en\/product\/smartphone-xiaomi-redmi-note-14-pro-5g\/#primaryimage\"},\"image\":{\"@id\":\"https:\/\/demo.yamentech.com\/en\/product\/smartphone-xiaomi-redmi-note-14-pro-5g\/#primaryimage\"},\"thumbnailUrl\":\"https:\/\/demo.yamentech.com\/wp-content\/uploads\/2025\/06\/smartphone_xiaomi_redmi_note_14_pro_plus_5g_12go_512go_-_bleu_givr_4__1.jpg\",\"datePublished\":\"2025-06-10T17:07:18+00:00\",\"description\":\"Achat sur Yamen tech Smartphone, TV, \u00e9lectrom\u00e9nager et produits high-tech aux meilleurs prix. Comparez et achetez en livraison rapide \u00e0 domicile\",\"breadcrumb\":{\"@id\":\"https:\/\/demo.yamentech.com\/en\/product\/smartphone-xiaomi-redmi-note-14-pro-5g\/#breadcrumb\"},\"inLanguage\":\"en-US\",\"potentialAction\":[{\"@type\":\"ReadAction\",\"target\":[\"https:\/\/demo.yamentech.com\/en\/product\/smartphone-xiaomi-redmi-note-14-pro-5g\/\"]}]},{\"@type\":\"ImageObject\",\"inLanguage\":\"en-US\",\"@id\":\"https:\/\/demo.yamentech.com\/en\/product\/smartphone-xiaomi-redmi-note-14-pro-5g\/#primaryimage\",\"url\":\"https:\/\/demo.yamentech.com\/wp-content\/uploads\/2025\/06\/smartphone_xiaomi_redmi_note_14_pro_plus_5g_12go_512go_-_bleu_givr_4__1.jpg\",\"contentUrl\":\"https:\/\/demo.yamentech.com\/wp-content\/uploads\/2025\/06\/smartphone_xiaomi_redmi_note_14_pro_plus_5g_12go_512go_-_bleu_givr_4__1.jpg\",\"width\":700,\"height\":700},{\"@type\":\"BreadcrumbList\",\"@id\":\"https:\/\/demo.yamentech.com\/en\/product\/smartphone-xiaomi-redmi-note-14-pro-5g\/#breadcrumb\",\"itemListElement\":[{\"@type\":\"ListItem\",\"position\":1,\"name\":\"Accueil\",\"item\":\"https:\/\/springgreen-ferret-224432.hostingersite.com\/\"},{\"@type\":\"ListItem\",\"position\":2,\"name\":\"Boutique\",\"item\":\"https:\/\/springgreen-ferret-224432.hostingersite.com\/boutique\/\"},{\"@type\":\"ListItem\",\"position\":3,\"name\":\"Smartphone Xiaomi Redmi Note 14 Pro+ (5G)\"}]},{\"@type\":\"WebSite\",\"@id\":\"https:\/\/springgreen-ferret-224432.hostingersite.com\/#website\",\"url\":\"https:\/\/springgreen-ferret-224432.hostingersite.com\/\",\"name\":\"Yamen Tech\",\"description\":\"\",\"publisher\":{\"@id\":\"https:\/\/springgreen-ferret-224432.hostingersite.com\/#organization\"},\"potentialAction\":[{\"@type\":\"SearchAction\",\"target\":{\"@type\":\"EntryPoint\",\"urlTemplate\":\"https:\/\/springgreen-ferret-224432.hostingersite.com\/?s={search_term_string}\"},\"query-input\":{\"@type\":\"PropertyValueSpecification\",\"valueRequired\":true,\"valueName\":\"search_term_string\"}}],\"inLanguage\":\"en-US\"},{\"@type\":\"Organization\",\"@id\":\"https:\/\/springgreen-ferret-224432.hostingersite.com\/#organization\",\"name\":\"Yamen Tech\",\"url\":\"https:\/\/springgreen-ferret-224432.hostingersite.com\/\",\"logo\":{\"@type\":\"ImageObject\",\"inLanguage\":\"en-US\",\"@id\":\"https:\/\/springgreen-ferret-224432.hostingersite.com\/#\/schema\/logo\/image\/\",\"url\":\"https:\/\/springgreen-ferret-224432.hostingersite.com\/wp-content\/uploads\/2024\/07\/images-2.png\",\"contentUrl\":\"https:\/\/springgreen-ferret-224432.hostingersite.com\/wp-content\/uploads\/2024\/07\/images-2.png\",\"width\":225,\"height\":225,\"caption\":\"Yamen Tech\"},\"image\":{\"@id\":\"https:\/\/springgreen-ferret-224432.hostingersite.com\/#\/schema\/logo\/image\/\"},\"sameAs\":[\"https:\/\/www.facebook.com\/yamentech\/\",\"https:\/\/www.instagram.com\/yamen_tech\/\"]}]}<\/script>\n<!-- \/ Yoast SEO plugin. -->","yoast_head_json":{"title":"Smartphone Xiaomi Redmi Note 14 Pro+ (5G) | Yamen Tech","description":"Achat sur Yamen tech Smartphone, TV, \u00e9lectrom\u00e9nager et produits high-tech aux meilleurs prix. Comparez et achetez en livraison rapide \u00e0 domicile","robots":{"index":"index","follow":"follow","max-snippet":"max-snippet:-1","max-image-preview":"max-image-preview:large","max-video-preview":"max-video-preview:-1"},"canonical":"https:\/\/demo.yamentech.com\/en\/product\/smartphone-xiaomi-redmi-note-14-pro-5g\/","og_locale":"en_US","og_type":"article","og_title":"Smartphone Xiaomi Redmi Note 14 Pro+ (5G) | Yamen Tech","og_description":"Achat sur Yamen tech Smartphone, TV, \u00e9lectrom\u00e9nager et produits high-tech aux meilleurs prix. Comparez et achetez en livraison rapide \u00e0 domicile","og_url":"https:\/\/demo.yamentech.com\/en\/product\/smartphone-xiaomi-redmi-note-14-pro-5g\/","og_site_name":"Yamen Tech","article_publisher":"https:\/\/www.facebook.com\/yamentech\/","og_image":[{"width":700,"height":700,"url":"https:\/\/demo.yamentech.com\/wp-content\/uploads\/2025\/06\/smartphone_xiaomi_redmi_note_14_pro_plus_5g_12go_512go_-_bleu_givr_4__1.jpg","type":"image\/jpeg"}],"twitter_card":"summary_large_image","twitter_misc":{"Est. reading time":"1 minute"},"schema":{"@context":"https:\/\/schema.org","@graph":[{"@type":"WebPage","@id":"https:\/\/demo.yamentech.com\/en\/product\/smartphone-xiaomi-redmi-note-14-pro-5g\/","url":"https:\/\/demo.yamentech.com\/en\/product\/smartphone-xiaomi-redmi-note-14-pro-5g\/","name":"Smartphone Xiaomi Redmi Note 14 Pro+ (5G) | Yamen Tech","isPartOf":{"@id":"https:\/\/springgreen-ferret-224432.hostingersite.com\/#website"},"primaryImageOfPage":{"@id":"https:\/\/demo.yamentech.com\/en\/product\/smartphone-xiaomi-redmi-note-14-pro-5g\/#primaryimage"},"image":{"@id":"https:\/\/demo.yamentech.com\/en\/product\/smartphone-xiaomi-redmi-note-14-pro-5g\/#primaryimage"},"thumbnailUrl":"https:\/\/demo.yamentech.com\/wp-content\/uploads\/2025\/06\/smartphone_xiaomi_redmi_note_14_pro_plus_5g_12go_512go_-_bleu_givr_4__1.jpg","datePublished":"2025-06-10T17:07:18+00:00","description":"Achat sur Yamen tech Smartphone, TV, \u00e9lectrom\u00e9nager et produits high-tech aux meilleurs prix. Comparez et achetez en livraison rapide \u00e0 domicile","breadcrumb":{"@id":"https:\/\/demo.yamentech.com\/en\/product\/smartphone-xiaomi-redmi-note-14-pro-5g\/#breadcrumb"},"inLanguage":"en-US","potentialAction":[{"@type":"ReadAction","target":["https:\/\/demo.yamentech.com\/en\/product\/smartphone-xiaomi-redmi-note-14-pro-5g\/"]}]},{"@type":"ImageObject","inLanguage":"en-US","@id":"https:\/\/demo.yamentech.com\/en\/product\/smartphone-xiaomi-redmi-note-14-pro-5g\/#primaryimage","url":"https:\/\/demo.yamentech.com\/wp-content\/uploads\/2025\/06\/smartphone_xiaomi_redmi_note_14_pro_plus_5g_12go_512go_-_bleu_givr_4__1.jpg","contentUrl":"https:\/\/demo.yamentech.com\/wp-content\/uploads\/2025\/06\/smartphone_xiaomi_redmi_note_14_pro_plus_5g_12go_512go_-_bleu_givr_4__1.jpg","width":700,"height":700},{"@type":"BreadcrumbList","@id":"https:\/\/demo.yamentech.com\/en\/product\/smartphone-xiaomi-redmi-note-14-pro-5g\/#breadcrumb","itemListElement":[{"@type":"ListItem","position":1,"name":"Accueil","item":"https:\/\/springgreen-ferret-224432.hostingersite.com\/"},{"@type":"ListItem","position":2,"name":"Boutique","item":"https:\/\/springgreen-ferret-224432.hostingersite.com\/boutique\/"},{"@type":"ListItem","position":3,"name":"Smartphone Xiaomi Redmi Note 14 Pro+ (5G)"}]},{"@type":"WebSite","@id":"https:\/\/springgreen-ferret-224432.hostingersite.com\/#website","url":"https:\/\/springgreen-ferret-224432.hostingersite.com\/","name":"Yamen Tech","description":"","publisher":{"@id":"https:\/\/springgreen-ferret-224432.hostingersite.com\/#organization"},"potentialAction":[{"@type":"SearchAction","target":{"@type":"EntryPoint","urlTemplate":"https:\/\/springgreen-ferret-224432.hostingersite.com\/?s={search_term_string}"},"query-input":{"@type":"PropertyValueSpecification","valueRequired":true,"valueName":"search_term_string"}}],"inLanguage":"en-US"},{"@type":"Organization","@id":"https:\/\/springgreen-ferret-224432.hostingersite.com\/#organization","name":"Yamen Tech","url":"https:\/\/springgreen-ferret-224432.hostingersite.com\/","logo":{"@type":"ImageObject","inLanguage":"en-US","@id":"https:\/\/springgreen-ferret-224432.hostingersite.com\/#\/schema\/logo\/image\/","url":"https:\/\/springgreen-ferret-224432.hostingersite.com\/wp-content\/uploads\/2024\/07\/images-2.png","contentUrl":"https:\/\/springgreen-ferret-224432.hostingersite.com\/wp-content\/uploads\/2024\/07\/images-2.png","width":225,"height":225,"caption":"Yamen Tech"},"image":{"@id":"https:\/\/springgreen-ferret-224432.hostingersite.com\/#\/schema\/logo\/image\/"},"sameAs":["https:\/\/www.facebook.com\/yamentech\/","https:\/\/www.instagram.com\/yamen_tech\/"]}]}},"brands":[],"_links":{"self":[{"href":"https:\/\/demo.yamentech.com\/en\/wp-json\/wp\/v2\/product\/22131","targetHints":{"allow":["GET"]}}],"collection":[{"href":"https:\/\/demo.yamentech.com\/en\/wp-json\/wp\/v2\/product"}],"about":[{"href":"https:\/\/demo.yamentech.com\/en\/wp-json\/wp\/v2\/types\/product"}],"replies":[{"embeddable":true,"href":"https:\/\/demo.yamentech.com\/en\/wp-json\/wp\/v2\/comments?post=22131"}],"version-history":[{"count":1,"href":"https:\/\/demo.yamentech.com\/en\/wp-json\/wp\/v2\/product\/22131\/revisions"}],"predecessor-version":[{"id":22141,"href":"https:\/\/demo.yamentech.com\/en\/wp-json\/wp\/v2\/product\/22131\/revisions\/22141"}],"wp:featuredmedia":[{"embeddable":true,"href":"https:\/\/demo.yamentech.com\/en\/wp-json\/wp\/v2\/media\/22132"}],"wp:attachment":[{"href":"https:\/\/demo.yamentech.com\/en\/wp-json\/wp\/v2\/media?parent=22131"}],"wp:term":[{"taxonomy":"pwb-brand","embeddable":true,"href":"https:\/\/demo.yamentech.com\/en\/wp-json\/wp\/v2\/pwb-brand?post=22131"},{"taxonomy":"product_brand","embeddable":true,"href":"https:\/\/demo.yamentech.com\/en\/wp-json\/wp\/v2\/product_brand?post=22131"},{"taxonomy":"product_cat","embeddable":true,"href":"https:\/\/demo.yamentech.com\/en\/wp-json\/wp\/v2\/product_cat?post=22131"},{"taxonomy":"product_tag","embeddable":true,"href":"https:\/\/demo.yamentech.com\/en\/wp-json\/wp\/v2\/product_tag?post=22131"}],"curies":[{"name":"wp","href":"https:\/\/api.w.org\/{rel}","templated":true}]}}