{"id":22147,"date":"2025-06-13T15:34:53","date_gmt":"2025-06-13T13:34:53","guid":{"rendered":"https:\/\/demo.yamentech.com\/?post_type=product&#038;p=22147"},"modified":"2025-06-13T15:47:08","modified_gmt":"2025-06-13T13:47:08","slug":"apple-watch-series-10-gps-46-mm-aluminium-noir-bracelet-sport-noir-m-l","status":"publish","type":"product","link":"https:\/\/demo.yamentech.com\/en\/product\/apple-watch-series-10-gps-46-mm-aluminium-noir-bracelet-sport-noir-m-l\/","title":{"rendered":"Apple Watch Series 10 GPS 46 mm &#8211; Sport Band M\/L"},"content":{"rendered":"","protected":false},"excerpt":{"rendered":"<div id=\"product-description-short-1471\">\n<div data-prettyblocks-zone=\"product-description-short-1471\">\n<div data-block=\"\" data-instance-id=\"679183939ecea\" data-id-prettyblocks=\"1637\">\n<p>D\u00e9couvrez l&rsquo;Apple Watch Series 10. Un plus grand \u00e9cran pour voir plus grand, et un design plus fin et plus l\u00e9ger. Des fonctionnalit\u00e9s de sant\u00e9 et de forme avanc\u00e9es, avec les notifications d&rsquo;apn\u00e9e du sommeil, et une recharge plus rapide.<\/p>\n<\/div>\n<\/div>\n<\/div>\n<div class=\"product-actions\">\n<form id=\"add-to-cart-or-refresh\" action=\"https:\/\/www.istore.com.tn\/panier\" method=\"post\">\n<section class=\"product-discounts\"><\/section>\n<div class=\"product-add-to-cart\">\n<p>Processeur :Processeur SiP S10<\/p>\n<p>Ecran :OLED Retina LTPO3<\/p>\n<p>Autonomie :18 heures<\/p>\n<p>Taille du boitier :46 mm<\/p>\n<p>Connectivit\u00e9 :Bluetooth 5.3 \/GPS \/NFC \/Wi-Fi<\/p>\n<p>Ann\u00e9e de lancement :2024<\/p>\n<p>Compatibilit\u00e9 OS :Watch OS\u00a011<\/p>\n<p>Type d\u2019accessoire :Smart Watch<\/p>\n<p>Taille bracelet :M\/L<\/p>\n<\/div>\n<\/form>\n<\/div>","protected":false},"featured_media":22148,"comment_status":"open","ping_status":"closed","template":"","meta":[],"pwb-brand":[],"product_brand":[],"product_cat":[72,402,93],"product_tag":[],"class_list":{"0":"post-22147","1":"product","2":"type-product","3":"status-publish","4":"has-post-thumbnail","6":"product_cat-accessoires","7":"product_cat-applewatch","8":"product_cat-smartwatch","9":"pa_couleur-blanc","10":"pa_couleur-noir","12":"first","13":"instock","14":"taxable","15":"shipping-taxable","16":"purchasable","17":"product-type-variable"},"yoast_head":"<!-- This site is optimized with the Yoast SEO plugin v25.8 - https:\/\/yoast.com\/wordpress\/plugins\/seo\/ -->\n<title>Apple Watch Series 10 GPS 46 mm - Sport Band M\/L | Yamen Tech<\/title>\n<meta name=\"description\" content=\"Achat sur Yamen tech Smartphone, TV, \u00e9lectrom\u00e9nager et produits high-tech aux meilleurs prix. Comparez et achetez en livraison rapide \u00e0 domicile\" \/>\n<meta name=\"robots\" content=\"index, follow, max-snippet:-1, max-image-preview:large, max-video-preview:-1\" \/>\n<link rel=\"canonical\" href=\"https:\/\/demo.yamentech.com\/en\/product\/apple-watch-series-10-gps-46-mm-aluminium-noir-bracelet-sport-noir-m-l\/\" \/>\n<meta property=\"og:locale\" content=\"en_US\" \/>\n<meta property=\"og:type\" content=\"article\" \/>\n<meta property=\"og:title\" content=\"Apple Watch Series 10 GPS 46 mm - Sport Band M\/L | Yamen Tech\" \/>\n<meta property=\"og:description\" content=\"Achat sur Yamen tech Smartphone, TV, \u00e9lectrom\u00e9nager et produits high-tech aux meilleurs prix. Comparez et achetez en livraison rapide \u00e0 domicile\" \/>\n<meta property=\"og:url\" content=\"https:\/\/demo.yamentech.com\/en\/product\/apple-watch-series-10-gps-46-mm-aluminium-noir-bracelet-sport-noir-m-l\/\" \/>\n<meta property=\"og:site_name\" content=\"Yamen Tech\" \/>\n<meta property=\"article:publisher\" content=\"https:\/\/www.facebook.com\/yamentech\/\" \/>\n<meta property=\"article:modified_time\" content=\"2025-06-13T13:47:08+00:00\" \/>\n<meta property=\"og:image\" content=\"https:\/\/demo.yamentech.com\/wp-content\/uploads\/2025\/06\/apple-watch-series-10-gps-46mm-aluminium-noir-de-jais-bracelet-sport-noir-ml-1.png\" \/>\n\t<meta property=\"og:image:width\" content=\"523\" \/>\n\t<meta property=\"og:image:height\" content=\"680\" \/>\n\t<meta property=\"og:image:type\" content=\"image\/png\" \/>\n<meta name=\"twitter:card\" content=\"summary_large_image\" \/>\n<meta name=\"twitter:label1\" content=\"Est. reading time\" \/>\n\t<meta name=\"twitter:data1\" content=\"1 minute\" \/>\n<script type=\"application\/ld+json\" class=\"yoast-schema-graph\">{\"@context\":\"https:\/\/schema.org\",\"@graph\":[{\"@type\":\"WebPage\",\"@id\":\"https:\/\/demo.yamentech.com\/en\/product\/apple-watch-series-10-gps-46-mm-aluminium-noir-bracelet-sport-noir-m-l\/\",\"url\":\"https:\/\/demo.yamentech.com\/en\/product\/apple-watch-series-10-gps-46-mm-aluminium-noir-bracelet-sport-noir-m-l\/\",\"name\":\"Apple Watch Series 10 GPS 46 mm - Sport Band M\/L | Yamen Tech\",\"isPartOf\":{\"@id\":\"https:\/\/springgreen-ferret-224432.hostingersite.com\/#website\"},\"primaryImageOfPage\":{\"@id\":\"https:\/\/demo.yamentech.com\/en\/product\/apple-watch-series-10-gps-46-mm-aluminium-noir-bracelet-sport-noir-m-l\/#primaryimage\"},\"image\":{\"@id\":\"https:\/\/demo.yamentech.com\/en\/product\/apple-watch-series-10-gps-46-mm-aluminium-noir-bracelet-sport-noir-m-l\/#primaryimage\"},\"thumbnailUrl\":\"https:\/\/demo.yamentech.com\/wp-content\/uploads\/2025\/06\/apple-watch-series-10-gps-46mm-aluminium-noir-de-jais-bracelet-sport-noir-ml-1.png\",\"datePublished\":\"2025-06-13T13:34:53+00:00\",\"dateModified\":\"2025-06-13T13:47:08+00:00\",\"description\":\"Achat sur Yamen tech Smartphone, TV, \u00e9lectrom\u00e9nager et produits high-tech aux meilleurs prix. Comparez et achetez en livraison rapide \u00e0 domicile\",\"breadcrumb\":{\"@id\":\"https:\/\/demo.yamentech.com\/en\/product\/apple-watch-series-10-gps-46-mm-aluminium-noir-bracelet-sport-noir-m-l\/#breadcrumb\"},\"inLanguage\":\"en-US\",\"potentialAction\":[{\"@type\":\"ReadAction\",\"target\":[\"https:\/\/demo.yamentech.com\/en\/product\/apple-watch-series-10-gps-46-mm-aluminium-noir-bracelet-sport-noir-m-l\/\"]}]},{\"@type\":\"ImageObject\",\"inLanguage\":\"en-US\",\"@id\":\"https:\/\/demo.yamentech.com\/en\/product\/apple-watch-series-10-gps-46-mm-aluminium-noir-bracelet-sport-noir-m-l\/#primaryimage\",\"url\":\"https:\/\/demo.yamentech.com\/wp-content\/uploads\/2025\/06\/apple-watch-series-10-gps-46mm-aluminium-noir-de-jais-bracelet-sport-noir-ml-1.png\",\"contentUrl\":\"https:\/\/demo.yamentech.com\/wp-content\/uploads\/2025\/06\/apple-watch-series-10-gps-46mm-aluminium-noir-de-jais-bracelet-sport-noir-ml-1.png\",\"width\":523,\"height\":680},{\"@type\":\"BreadcrumbList\",\"@id\":\"https:\/\/demo.yamentech.com\/en\/product\/apple-watch-series-10-gps-46-mm-aluminium-noir-bracelet-sport-noir-m-l\/#breadcrumb\",\"itemListElement\":[{\"@type\":\"ListItem\",\"position\":1,\"name\":\"Accueil\",\"item\":\"https:\/\/springgreen-ferret-224432.hostingersite.com\/\"},{\"@type\":\"ListItem\",\"position\":2,\"name\":\"Boutique\",\"item\":\"https:\/\/springgreen-ferret-224432.hostingersite.com\/boutique\/\"},{\"@type\":\"ListItem\",\"position\":3,\"name\":\"Apple Watch Series 10 GPS 46 mm &#8211; Sport Band M\/L\"}]},{\"@type\":\"WebSite\",\"@id\":\"https:\/\/springgreen-ferret-224432.hostingersite.com\/#website\",\"url\":\"https:\/\/springgreen-ferret-224432.hostingersite.com\/\",\"name\":\"Yamen Tech\",\"description\":\"\",\"publisher\":{\"@id\":\"https:\/\/springgreen-ferret-224432.hostingersite.com\/#organization\"},\"potentialAction\":[{\"@type\":\"SearchAction\",\"target\":{\"@type\":\"EntryPoint\",\"urlTemplate\":\"https:\/\/springgreen-ferret-224432.hostingersite.com\/?s={search_term_string}\"},\"query-input\":{\"@type\":\"PropertyValueSpecification\",\"valueRequired\":true,\"valueName\":\"search_term_string\"}}],\"inLanguage\":\"en-US\"},{\"@type\":\"Organization\",\"@id\":\"https:\/\/springgreen-ferret-224432.hostingersite.com\/#organization\",\"name\":\"Yamen Tech\",\"url\":\"https:\/\/springgreen-ferret-224432.hostingersite.com\/\",\"logo\":{\"@type\":\"ImageObject\",\"inLanguage\":\"en-US\",\"@id\":\"https:\/\/springgreen-ferret-224432.hostingersite.com\/#\/schema\/logo\/image\/\",\"url\":\"https:\/\/springgreen-ferret-224432.hostingersite.com\/wp-content\/uploads\/2024\/07\/images-2.png\",\"contentUrl\":\"https:\/\/springgreen-ferret-224432.hostingersite.com\/wp-content\/uploads\/2024\/07\/images-2.png\",\"width\":225,\"height\":225,\"caption\":\"Yamen Tech\"},\"image\":{\"@id\":\"https:\/\/springgreen-ferret-224432.hostingersite.com\/#\/schema\/logo\/image\/\"},\"sameAs\":[\"https:\/\/www.facebook.com\/yamentech\/\",\"https:\/\/www.instagram.com\/yamen_tech\/\"]}]}<\/script>\n<!-- \/ Yoast SEO plugin. -->","yoast_head_json":{"title":"Apple Watch Series 10 GPS 46 mm - Sport Band M\/L | Yamen Tech","description":"Achat sur Yamen tech Smartphone, TV, \u00e9lectrom\u00e9nager et produits high-tech aux meilleurs prix. Comparez et achetez en livraison rapide \u00e0 domicile","robots":{"index":"index","follow":"follow","max-snippet":"max-snippet:-1","max-image-preview":"max-image-preview:large","max-video-preview":"max-video-preview:-1"},"canonical":"https:\/\/demo.yamentech.com\/en\/product\/apple-watch-series-10-gps-46-mm-aluminium-noir-bracelet-sport-noir-m-l\/","og_locale":"en_US","og_type":"article","og_title":"Apple Watch Series 10 GPS 46 mm - Sport Band M\/L | Yamen Tech","og_description":"Achat sur Yamen tech Smartphone, TV, \u00e9lectrom\u00e9nager et produits high-tech aux meilleurs prix. Comparez et achetez en livraison rapide \u00e0 domicile","og_url":"https:\/\/demo.yamentech.com\/en\/product\/apple-watch-series-10-gps-46-mm-aluminium-noir-bracelet-sport-noir-m-l\/","og_site_name":"Yamen Tech","article_publisher":"https:\/\/www.facebook.com\/yamentech\/","article_modified_time":"2025-06-13T13:47:08+00:00","og_image":[{"width":523,"height":680,"url":"https:\/\/demo.yamentech.com\/wp-content\/uploads\/2025\/06\/apple-watch-series-10-gps-46mm-aluminium-noir-de-jais-bracelet-sport-noir-ml-1.png","type":"image\/png"}],"twitter_card":"summary_large_image","twitter_misc":{"Est. reading time":"1 minute"},"schema":{"@context":"https:\/\/schema.org","@graph":[{"@type":"WebPage","@id":"https:\/\/demo.yamentech.com\/en\/product\/apple-watch-series-10-gps-46-mm-aluminium-noir-bracelet-sport-noir-m-l\/","url":"https:\/\/demo.yamentech.com\/en\/product\/apple-watch-series-10-gps-46-mm-aluminium-noir-bracelet-sport-noir-m-l\/","name":"Apple Watch Series 10 GPS 46 mm - Sport Band M\/L | Yamen Tech","isPartOf":{"@id":"https:\/\/springgreen-ferret-224432.hostingersite.com\/#website"},"primaryImageOfPage":{"@id":"https:\/\/demo.yamentech.com\/en\/product\/apple-watch-series-10-gps-46-mm-aluminium-noir-bracelet-sport-noir-m-l\/#primaryimage"},"image":{"@id":"https:\/\/demo.yamentech.com\/en\/product\/apple-watch-series-10-gps-46-mm-aluminium-noir-bracelet-sport-noir-m-l\/#primaryimage"},"thumbnailUrl":"https:\/\/demo.yamentech.com\/wp-content\/uploads\/2025\/06\/apple-watch-series-10-gps-46mm-aluminium-noir-de-jais-bracelet-sport-noir-ml-1.png","datePublished":"2025-06-13T13:34:53+00:00","dateModified":"2025-06-13T13:47:08+00:00","description":"Achat sur Yamen tech Smartphone, TV, \u00e9lectrom\u00e9nager et produits high-tech aux meilleurs prix. Comparez et achetez en livraison rapide \u00e0 domicile","breadcrumb":{"@id":"https:\/\/demo.yamentech.com\/en\/product\/apple-watch-series-10-gps-46-mm-aluminium-noir-bracelet-sport-noir-m-l\/#breadcrumb"},"inLanguage":"en-US","potentialAction":[{"@type":"ReadAction","target":["https:\/\/demo.yamentech.com\/en\/product\/apple-watch-series-10-gps-46-mm-aluminium-noir-bracelet-sport-noir-m-l\/"]}]},{"@type":"ImageObject","inLanguage":"en-US","@id":"https:\/\/demo.yamentech.com\/en\/product\/apple-watch-series-10-gps-46-mm-aluminium-noir-bracelet-sport-noir-m-l\/#primaryimage","url":"https:\/\/demo.yamentech.com\/wp-content\/uploads\/2025\/06\/apple-watch-series-10-gps-46mm-aluminium-noir-de-jais-bracelet-sport-noir-ml-1.png","contentUrl":"https:\/\/demo.yamentech.com\/wp-content\/uploads\/2025\/06\/apple-watch-series-10-gps-46mm-aluminium-noir-de-jais-bracelet-sport-noir-ml-1.png","width":523,"height":680},{"@type":"BreadcrumbList","@id":"https:\/\/demo.yamentech.com\/en\/product\/apple-watch-series-10-gps-46-mm-aluminium-noir-bracelet-sport-noir-m-l\/#breadcrumb","itemListElement":[{"@type":"ListItem","position":1,"name":"Accueil","item":"https:\/\/springgreen-ferret-224432.hostingersite.com\/"},{"@type":"ListItem","position":2,"name":"Boutique","item":"https:\/\/springgreen-ferret-224432.hostingersite.com\/boutique\/"},{"@type":"ListItem","position":3,"name":"Apple Watch Series 10 GPS 46 mm &#8211; Sport Band M\/L"}]},{"@type":"WebSite","@id":"https:\/\/springgreen-ferret-224432.hostingersite.com\/#website","url":"https:\/\/springgreen-ferret-224432.hostingersite.com\/","name":"Yamen Tech","description":"","publisher":{"@id":"https:\/\/springgreen-ferret-224432.hostingersite.com\/#organization"},"potentialAction":[{"@type":"SearchAction","target":{"@type":"EntryPoint","urlTemplate":"https:\/\/springgreen-ferret-224432.hostingersite.com\/?s={search_term_string}"},"query-input":{"@type":"PropertyValueSpecification","valueRequired":true,"valueName":"search_term_string"}}],"inLanguage":"en-US"},{"@type":"Organization","@id":"https:\/\/springgreen-ferret-224432.hostingersite.com\/#organization","name":"Yamen Tech","url":"https:\/\/springgreen-ferret-224432.hostingersite.com\/","logo":{"@type":"ImageObject","inLanguage":"en-US","@id":"https:\/\/springgreen-ferret-224432.hostingersite.com\/#\/schema\/logo\/image\/","url":"https:\/\/springgreen-ferret-224432.hostingersite.com\/wp-content\/uploads\/2024\/07\/images-2.png","contentUrl":"https:\/\/springgreen-ferret-224432.hostingersite.com\/wp-content\/uploads\/2024\/07\/images-2.png","width":225,"height":225,"caption":"Yamen Tech"},"image":{"@id":"https:\/\/springgreen-ferret-224432.hostingersite.com\/#\/schema\/logo\/image\/"},"sameAs":["https:\/\/www.facebook.com\/yamentech\/","https:\/\/www.instagram.com\/yamen_tech\/"]}]}},"brands":[],"_links":{"self":[{"href":"https:\/\/demo.yamentech.com\/en\/wp-json\/wp\/v2\/product\/22147","targetHints":{"allow":["GET"]}}],"collection":[{"href":"https:\/\/demo.yamentech.com\/en\/wp-json\/wp\/v2\/product"}],"about":[{"href":"https:\/\/demo.yamentech.com\/en\/wp-json\/wp\/v2\/types\/product"}],"replies":[{"embeddable":true,"href":"https:\/\/demo.yamentech.com\/en\/wp-json\/wp\/v2\/comments?post=22147"}],"version-history":[{"count":4,"href":"https:\/\/demo.yamentech.com\/en\/wp-json\/wp\/v2\/product\/22147\/revisions"}],"predecessor-version":[{"id":22166,"href":"https:\/\/demo.yamentech.com\/en\/wp-json\/wp\/v2\/product\/22147\/revisions\/22166"}],"wp:featuredmedia":[{"embeddable":true,"href":"https:\/\/demo.yamentech.com\/en\/wp-json\/wp\/v2\/media\/22148"}],"wp:attachment":[{"href":"https:\/\/demo.yamentech.com\/en\/wp-json\/wp\/v2\/media?parent=22147"}],"wp:term":[{"taxonomy":"pwb-brand","embeddable":true,"href":"https:\/\/demo.yamentech.com\/en\/wp-json\/wp\/v2\/pwb-brand?post=22147"},{"taxonomy":"product_brand","embeddable":true,"href":"https:\/\/demo.yamentech.com\/en\/wp-json\/wp\/v2\/product_brand?post=22147"},{"taxonomy":"product_cat","embeddable":true,"href":"https:\/\/demo.yamentech.com\/en\/wp-json\/wp\/v2\/product_cat?post=22147"},{"taxonomy":"product_tag","embeddable":true,"href":"https:\/\/demo.yamentech.com\/en\/wp-json\/wp\/v2\/product_tag?post=22147"}],"curies":[{"name":"wp","href":"https:\/\/api.w.org\/{rel}","templated":true}]}}