{"id":22169,"date":"2025-06-13T17:18:38","date_gmt":"2025-06-13T15:18:38","guid":{"rendered":"https:\/\/demo.yamentech.com\/?post_type=product&#038;p=22169"},"modified":"2025-06-13T17:18:38","modified_gmt":"2025-06-13T15:18:38","slug":"aibimy-my282bts-waterproof-rgb-speaker","status":"publish","type":"product","link":"https:\/\/demo.yamentech.com\/en\/product\/aibimy-my282bts-waterproof-rgb-speaker\/","title":{"rendered":"Aibimy MY282BTS Waterproof RGB Speaker"},"content":{"rendered":"","protected":false},"excerpt":{"rendered":"<p data-start=\"102\" data-end=\"248\">\ud83d\udd0b <strong data-start=\"105\" data-end=\"128\">Autonomie Prolong\u00e9e<\/strong><br data-start=\"128\" data-end=\"131\" \/>Profitez jusqu\u2019\u00e0 <strong data-start=\"148\" data-end=\"179\">10 heures d\u2019\u00e9coute continue<\/strong> gr\u00e2ce \u00e0 une batterie puissante de <strong data-start=\"214\" data-end=\"226\">1500 mAh<\/strong>, m\u00eame \u00e0 volume moyen.<\/p>\n<p data-start=\"250\" data-end=\"414\">\ud83d\udd0a <strong data-start=\"253\" data-end=\"277\">Haut-parleurs 15W x2<\/strong><br data-start=\"277\" data-end=\"280\" \/>Deux haut-parleurs de <strong data-start=\"302\" data-end=\"309\">15W<\/strong> offrent un <strong data-start=\"321\" data-end=\"346\">son clair et puissant<\/strong>, avec des <strong data-start=\"357\" data-end=\"377\">basses profondes<\/strong> pour une exp\u00e9rience audio immersive.<\/p>\n<p data-start=\"416\" data-end=\"598\">\ud83d\udca7 <strong data-start=\"419\" data-end=\"446\">R\u00e9sistance \u00e0 l\u2019eau IPX5<\/strong><br data-start=\"446\" data-end=\"449\" \/>Con\u00e7u pour l\u2019ext\u00e9rieur, ce haut-parleur est <strong data-start=\"493\" data-end=\"524\">r\u00e9sistant aux \u00e9claboussures<\/strong> gr\u00e2ce \u00e0 sa <strong data-start=\"536\" data-end=\"558\">certification IPX5<\/strong>. Parfait pour vos sorties en plein air.<\/p>\n<p data-start=\"600\" data-end=\"729\">\ud83d\udcf6 <strong data-start=\"603\" data-end=\"632\">Technologie Bluetooth 5.3<\/strong><br data-start=\"632\" data-end=\"635\" \/>Connexion <strong data-start=\"645\" data-end=\"679\">rapide, stable et sans latence<\/strong> avec la derni\u00e8re g\u00e9n\u00e9ration de <strong data-start=\"711\" data-end=\"728\">Bluetooth 5.3<\/strong>.<\/p>\n<p data-start=\"731\" data-end=\"879\">\ud83c\udf92 <strong data-start=\"734\" data-end=\"753\">Design Portable<\/strong><br data-start=\"753\" data-end=\"756\" \/>L\u00e9ger (seulement <strong data-start=\"773\" data-end=\"783\">1090 g<\/strong>) et compact, ce haut-parleur est <strong data-start=\"817\" data-end=\"841\">facile \u00e0 transporter<\/strong>, id\u00e9al pour vous accompagner partout.<\/p>","protected":false},"featured_media":22172,"comment_status":"open","ping_status":"closed","template":"","meta":[],"pwb-brand":[],"product_brand":[],"product_cat":[72,99],"product_tag":[],"class_list":{"0":"post-22169","1":"product","2":"type-product","3":"status-publish","4":"has-post-thumbnail","6":"product_cat-accessoires","7":"product_cat-speakers","9":"first","10":"instock","11":"sale","12":"taxable","13":"shipping-taxable","14":"purchasable","15":"product-type-simple"},"yoast_head":"<!-- This site is optimized with the Yoast SEO plugin v25.8 - https:\/\/yoast.com\/wordpress\/plugins\/seo\/ -->\n<title>Aibimy MY282BTS Waterproof RGB Speaker | Yamen Tech<\/title>\n<meta name=\"description\" content=\"Achat sur Yamen tech Smartphone, TV, \u00e9lectrom\u00e9nager et produits high-tech aux meilleurs prix. Comparez et achetez en livraison rapide \u00e0 domicile\" \/>\n<meta name=\"robots\" content=\"index, follow, max-snippet:-1, max-image-preview:large, max-video-preview:-1\" \/>\n<link rel=\"canonical\" href=\"https:\/\/springgreen-ferret-224432.hostingersite.com\/produit\/aibimy-my282bts-waterproof-rgb-speaker\/\" \/>\n<meta property=\"og:locale\" content=\"en_US\" \/>\n<meta property=\"og:type\" content=\"article\" \/>\n<meta property=\"og:title\" content=\"Aibimy MY282BTS Waterproof RGB Speaker | Yamen Tech\" \/>\n<meta property=\"og:description\" content=\"Achat sur Yamen tech Smartphone, TV, \u00e9lectrom\u00e9nager et produits high-tech aux meilleurs prix. Comparez et achetez en livraison rapide \u00e0 domicile\" \/>\n<meta property=\"og:url\" content=\"https:\/\/springgreen-ferret-224432.hostingersite.com\/produit\/aibimy-my282bts-waterproof-rgb-speaker\/\" \/>\n<meta property=\"og:site_name\" content=\"Yamen Tech\" \/>\n<meta property=\"article:publisher\" content=\"https:\/\/www.facebook.com\/yamentech\/\" \/>\n<meta property=\"og:image\" content=\"https:\/\/springgreen-ferret-224432.hostingersite.com\/wp-content\/uploads\/2025\/06\/Aibimy-MY282BTS-Waterproof-RGb-Speaker-by-otc.lk-in-srilanka-3.png\" \/>\n\t<meta property=\"og:image:width\" content=\"666\" \/>\n\t<meta property=\"og:image:height\" content=\"666\" \/>\n\t<meta property=\"og:image:type\" content=\"image\/png\" \/>\n<meta name=\"twitter:card\" content=\"summary_large_image\" \/>\n<meta name=\"twitter:label1\" content=\"Est. reading time\" \/>\n\t<meta name=\"twitter:data1\" content=\"1 minute\" \/>\n<script type=\"application\/ld+json\" class=\"yoast-schema-graph\">{\"@context\":\"https:\/\/schema.org\",\"@graph\":[{\"@type\":\"WebPage\",\"@id\":\"https:\/\/springgreen-ferret-224432.hostingersite.com\/produit\/aibimy-my282bts-waterproof-rgb-speaker\/\",\"url\":\"https:\/\/springgreen-ferret-224432.hostingersite.com\/produit\/aibimy-my282bts-waterproof-rgb-speaker\/\",\"name\":\"Aibimy MY282BTS Waterproof RGB Speaker | Yamen Tech\",\"isPartOf\":{\"@id\":\"https:\/\/springgreen-ferret-224432.hostingersite.com\/#website\"},\"primaryImageOfPage\":{\"@id\":\"https:\/\/springgreen-ferret-224432.hostingersite.com\/produit\/aibimy-my282bts-waterproof-rgb-speaker\/#primaryimage\"},\"image\":{\"@id\":\"https:\/\/springgreen-ferret-224432.hostingersite.com\/produit\/aibimy-my282bts-waterproof-rgb-speaker\/#primaryimage\"},\"thumbnailUrl\":\"https:\/\/demo.yamentech.com\/wp-content\/uploads\/2025\/06\/Aibimy-MY282BTS-Waterproof-RGb-Speaker-by-otc.lk-in-srilanka-3.png\",\"datePublished\":\"2025-06-13T15:18:38+00:00\",\"description\":\"Achat sur Yamen tech Smartphone, TV, \u00e9lectrom\u00e9nager et produits high-tech aux meilleurs prix. Comparez et achetez en livraison rapide \u00e0 domicile\",\"breadcrumb\":{\"@id\":\"https:\/\/springgreen-ferret-224432.hostingersite.com\/produit\/aibimy-my282bts-waterproof-rgb-speaker\/#breadcrumb\"},\"inLanguage\":\"en-US\",\"potentialAction\":[{\"@type\":\"ReadAction\",\"target\":[\"https:\/\/springgreen-ferret-224432.hostingersite.com\/produit\/aibimy-my282bts-waterproof-rgb-speaker\/\"]}]},{\"@type\":\"ImageObject\",\"inLanguage\":\"en-US\",\"@id\":\"https:\/\/springgreen-ferret-224432.hostingersite.com\/produit\/aibimy-my282bts-waterproof-rgb-speaker\/#primaryimage\",\"url\":\"https:\/\/demo.yamentech.com\/wp-content\/uploads\/2025\/06\/Aibimy-MY282BTS-Waterproof-RGb-Speaker-by-otc.lk-in-srilanka-3.png\",\"contentUrl\":\"https:\/\/demo.yamentech.com\/wp-content\/uploads\/2025\/06\/Aibimy-MY282BTS-Waterproof-RGb-Speaker-by-otc.lk-in-srilanka-3.png\",\"width\":666,\"height\":666},{\"@type\":\"BreadcrumbList\",\"@id\":\"https:\/\/springgreen-ferret-224432.hostingersite.com\/produit\/aibimy-my282bts-waterproof-rgb-speaker\/#breadcrumb\",\"itemListElement\":[{\"@type\":\"ListItem\",\"position\":1,\"name\":\"Accueil\",\"item\":\"https:\/\/springgreen-ferret-224432.hostingersite.com\/\"},{\"@type\":\"ListItem\",\"position\":2,\"name\":\"Boutique\",\"item\":\"https:\/\/springgreen-ferret-224432.hostingersite.com\/boutique\/\"},{\"@type\":\"ListItem\",\"position\":3,\"name\":\"Aibimy MY282BTS Waterproof RGB Speaker\"}]},{\"@type\":\"WebSite\",\"@id\":\"https:\/\/springgreen-ferret-224432.hostingersite.com\/#website\",\"url\":\"https:\/\/springgreen-ferret-224432.hostingersite.com\/\",\"name\":\"Yamen Tech\",\"description\":\"\",\"publisher\":{\"@id\":\"https:\/\/springgreen-ferret-224432.hostingersite.com\/#organization\"},\"potentialAction\":[{\"@type\":\"SearchAction\",\"target\":{\"@type\":\"EntryPoint\",\"urlTemplate\":\"https:\/\/springgreen-ferret-224432.hostingersite.com\/?s={search_term_string}\"},\"query-input\":{\"@type\":\"PropertyValueSpecification\",\"valueRequired\":true,\"valueName\":\"search_term_string\"}}],\"inLanguage\":\"en-US\"},{\"@type\":\"Organization\",\"@id\":\"https:\/\/springgreen-ferret-224432.hostingersite.com\/#organization\",\"name\":\"Yamen Tech\",\"url\":\"https:\/\/springgreen-ferret-224432.hostingersite.com\/\",\"logo\":{\"@type\":\"ImageObject\",\"inLanguage\":\"en-US\",\"@id\":\"https:\/\/springgreen-ferret-224432.hostingersite.com\/#\/schema\/logo\/image\/\",\"url\":\"https:\/\/springgreen-ferret-224432.hostingersite.com\/wp-content\/uploads\/2024\/07\/images-2.png\",\"contentUrl\":\"https:\/\/springgreen-ferret-224432.hostingersite.com\/wp-content\/uploads\/2024\/07\/images-2.png\",\"width\":225,\"height\":225,\"caption\":\"Yamen Tech\"},\"image\":{\"@id\":\"https:\/\/springgreen-ferret-224432.hostingersite.com\/#\/schema\/logo\/image\/\"},\"sameAs\":[\"https:\/\/www.facebook.com\/yamentech\/\",\"https:\/\/www.instagram.com\/yamen_tech\/\"]}]}<\/script>\n<!-- \/ Yoast SEO plugin. -->","yoast_head_json":{"title":"Aibimy MY282BTS Waterproof RGB Speaker | Yamen Tech","description":"Achat sur Yamen tech Smartphone, TV, \u00e9lectrom\u00e9nager et produits high-tech aux meilleurs prix. Comparez et achetez en livraison rapide \u00e0 domicile","robots":{"index":"index","follow":"follow","max-snippet":"max-snippet:-1","max-image-preview":"max-image-preview:large","max-video-preview":"max-video-preview:-1"},"canonical":"https:\/\/springgreen-ferret-224432.hostingersite.com\/produit\/aibimy-my282bts-waterproof-rgb-speaker\/","og_locale":"en_US","og_type":"article","og_title":"Aibimy MY282BTS Waterproof RGB Speaker | Yamen Tech","og_description":"Achat sur Yamen tech Smartphone, TV, \u00e9lectrom\u00e9nager et produits high-tech aux meilleurs prix. Comparez et achetez en livraison rapide \u00e0 domicile","og_url":"https:\/\/springgreen-ferret-224432.hostingersite.com\/produit\/aibimy-my282bts-waterproof-rgb-speaker\/","og_site_name":"Yamen Tech","article_publisher":"https:\/\/www.facebook.com\/yamentech\/","og_image":[{"width":666,"height":666,"url":"https:\/\/springgreen-ferret-224432.hostingersite.com\/wp-content\/uploads\/2025\/06\/Aibimy-MY282BTS-Waterproof-RGb-Speaker-by-otc.lk-in-srilanka-3.png","type":"image\/png"}],"twitter_card":"summary_large_image","twitter_misc":{"Est. reading time":"1 minute"},"schema":{"@context":"https:\/\/schema.org","@graph":[{"@type":"WebPage","@id":"https:\/\/springgreen-ferret-224432.hostingersite.com\/produit\/aibimy-my282bts-waterproof-rgb-speaker\/","url":"https:\/\/springgreen-ferret-224432.hostingersite.com\/produit\/aibimy-my282bts-waterproof-rgb-speaker\/","name":"Aibimy MY282BTS Waterproof RGB Speaker | Yamen Tech","isPartOf":{"@id":"https:\/\/springgreen-ferret-224432.hostingersite.com\/#website"},"primaryImageOfPage":{"@id":"https:\/\/springgreen-ferret-224432.hostingersite.com\/produit\/aibimy-my282bts-waterproof-rgb-speaker\/#primaryimage"},"image":{"@id":"https:\/\/springgreen-ferret-224432.hostingersite.com\/produit\/aibimy-my282bts-waterproof-rgb-speaker\/#primaryimage"},"thumbnailUrl":"https:\/\/demo.yamentech.com\/wp-content\/uploads\/2025\/06\/Aibimy-MY282BTS-Waterproof-RGb-Speaker-by-otc.lk-in-srilanka-3.png","datePublished":"2025-06-13T15:18:38+00:00","description":"Achat sur Yamen tech Smartphone, TV, \u00e9lectrom\u00e9nager et produits high-tech aux meilleurs prix. Comparez et achetez en livraison rapide \u00e0 domicile","breadcrumb":{"@id":"https:\/\/springgreen-ferret-224432.hostingersite.com\/produit\/aibimy-my282bts-waterproof-rgb-speaker\/#breadcrumb"},"inLanguage":"en-US","potentialAction":[{"@type":"ReadAction","target":["https:\/\/springgreen-ferret-224432.hostingersite.com\/produit\/aibimy-my282bts-waterproof-rgb-speaker\/"]}]},{"@type":"ImageObject","inLanguage":"en-US","@id":"https:\/\/springgreen-ferret-224432.hostingersite.com\/produit\/aibimy-my282bts-waterproof-rgb-speaker\/#primaryimage","url":"https:\/\/demo.yamentech.com\/wp-content\/uploads\/2025\/06\/Aibimy-MY282BTS-Waterproof-RGb-Speaker-by-otc.lk-in-srilanka-3.png","contentUrl":"https:\/\/demo.yamentech.com\/wp-content\/uploads\/2025\/06\/Aibimy-MY282BTS-Waterproof-RGb-Speaker-by-otc.lk-in-srilanka-3.png","width":666,"height":666},{"@type":"BreadcrumbList","@id":"https:\/\/springgreen-ferret-224432.hostingersite.com\/produit\/aibimy-my282bts-waterproof-rgb-speaker\/#breadcrumb","itemListElement":[{"@type":"ListItem","position":1,"name":"Accueil","item":"https:\/\/springgreen-ferret-224432.hostingersite.com\/"},{"@type":"ListItem","position":2,"name":"Boutique","item":"https:\/\/springgreen-ferret-224432.hostingersite.com\/boutique\/"},{"@type":"ListItem","position":3,"name":"Aibimy MY282BTS Waterproof RGB Speaker"}]},{"@type":"WebSite","@id":"https:\/\/springgreen-ferret-224432.hostingersite.com\/#website","url":"https:\/\/springgreen-ferret-224432.hostingersite.com\/","name":"Yamen Tech","description":"","publisher":{"@id":"https:\/\/springgreen-ferret-224432.hostingersite.com\/#organization"},"potentialAction":[{"@type":"SearchAction","target":{"@type":"EntryPoint","urlTemplate":"https:\/\/springgreen-ferret-224432.hostingersite.com\/?s={search_term_string}"},"query-input":{"@type":"PropertyValueSpecification","valueRequired":true,"valueName":"search_term_string"}}],"inLanguage":"en-US"},{"@type":"Organization","@id":"https:\/\/springgreen-ferret-224432.hostingersite.com\/#organization","name":"Yamen Tech","url":"https:\/\/springgreen-ferret-224432.hostingersite.com\/","logo":{"@type":"ImageObject","inLanguage":"en-US","@id":"https:\/\/springgreen-ferret-224432.hostingersite.com\/#\/schema\/logo\/image\/","url":"https:\/\/springgreen-ferret-224432.hostingersite.com\/wp-content\/uploads\/2024\/07\/images-2.png","contentUrl":"https:\/\/springgreen-ferret-224432.hostingersite.com\/wp-content\/uploads\/2024\/07\/images-2.png","width":225,"height":225,"caption":"Yamen Tech"},"image":{"@id":"https:\/\/springgreen-ferret-224432.hostingersite.com\/#\/schema\/logo\/image\/"},"sameAs":["https:\/\/www.facebook.com\/yamentech\/","https:\/\/www.instagram.com\/yamen_tech\/"]}]}},"brands":[],"_links":{"self":[{"href":"https:\/\/demo.yamentech.com\/en\/wp-json\/wp\/v2\/product\/22169","targetHints":{"allow":["GET"]}}],"collection":[{"href":"https:\/\/demo.yamentech.com\/en\/wp-json\/wp\/v2\/product"}],"about":[{"href":"https:\/\/demo.yamentech.com\/en\/wp-json\/wp\/v2\/types\/product"}],"replies":[{"embeddable":true,"href":"https:\/\/demo.yamentech.com\/en\/wp-json\/wp\/v2\/comments?post=22169"}],"version-history":[{"count":1,"href":"https:\/\/demo.yamentech.com\/en\/wp-json\/wp\/v2\/product\/22169\/revisions"}],"predecessor-version":[{"id":22175,"href":"https:\/\/demo.yamentech.com\/en\/wp-json\/wp\/v2\/product\/22169\/revisions\/22175"}],"wp:featuredmedia":[{"embeddable":true,"href":"https:\/\/demo.yamentech.com\/en\/wp-json\/wp\/v2\/media\/22172"}],"wp:attachment":[{"href":"https:\/\/demo.yamentech.com\/en\/wp-json\/wp\/v2\/media?parent=22169"}],"wp:term":[{"taxonomy":"pwb-brand","embeddable":true,"href":"https:\/\/demo.yamentech.com\/en\/wp-json\/wp\/v2\/pwb-brand?post=22169"},{"taxonomy":"product_brand","embeddable":true,"href":"https:\/\/demo.yamentech.com\/en\/wp-json\/wp\/v2\/product_brand?post=22169"},{"taxonomy":"product_cat","embeddable":true,"href":"https:\/\/demo.yamentech.com\/en\/wp-json\/wp\/v2\/product_cat?post=22169"},{"taxonomy":"product_tag","embeddable":true,"href":"https:\/\/demo.yamentech.com\/en\/wp-json\/wp\/v2\/product_tag?post=22169"}],"curies":[{"name":"wp","href":"https:\/\/api.w.org\/{rel}","templated":true}]}}