{"id":22238,"date":"2025-06-13T19:21:53","date_gmt":"2025-06-13T17:21:53","guid":{"rendered":"https:\/\/demo.yamentech.com\/?post_type=product&#038;p=22238"},"modified":"2025-06-13T19:21:53","modified_gmt":"2025-06-13T17:21:53","slug":"montre-connectee-huawei-watch-gt-5-41mm","status":"publish","type":"product","link":"https:\/\/demo.yamentech.com\/en\/product\/montre-connectee-huawei-watch-gt-5-41mm\/","title":{"rendered":"Montre Connect\u00e9e HUAWEI Watch GT 5 41mm"},"content":{"rendered":"","protected":false},"excerpt":{"rendered":"<p>Montre Connect\u00e9e HUAWEI Watch GT 5\u00a0<strong>41mm\u00a0<\/strong>&#8211; \u00c9cran\u00a0<strong>couleur AMOLED 1,32&Prime; (466 \u00d7 466 pixels)<\/strong>\u00a0&#8211; Syst\u00e9me d\u00a0\u00bbexploitation: Android 9.0\/iOS 13.0 ou ult\u00e9rieur\u00a0<strong>&#8211;\u00a0<\/strong>Connectivit\u00e9<strong>:\u00a02,4 GHz, prise en charge de Bluetooth 5.2 et BR + BLE<\/strong><strong>\u00a0&#8211; NFC<\/strong><strong>\u00a0&#8211; GNSS\u00a0&#8211;\u00a0Appel Bluetooth et notifications<\/strong>\u00a0&#8211;<strong>\u00a0<\/strong>Autonomie:\u00a0<strong>Jusqu&rsquo;\u00e0 7 jours pour une utilisation optimale, Jusqu&rsquo;\u00e0 5 jours pour une utilisation normale, Jusqu&rsquo;\u00e0 3 jours avec l\u2019option Always On Display activ\u00e9e\u00a0<\/strong>&#8211;\u00a0<strong>Microphone et Haut-parleur int\u00e8gr\u00e9s<\/strong>\u00a0&#8211; Surveillance de la fr\u00e9quence cardiaque, Surveillance du sommeil, Gestion du stress &#8211; Plus de 100 modes d&rsquo;entra\u00eenement &#8211;\u00a0<strong>Resistance \u00e0 l&rsquo;eau 5 ATM<\/strong>\u00a0&#8211;\u00a0<strong>Bracelet en fluoro\u00e9lastom\u00e8re Bleu<\/strong> &#8211; Bo\u00eetier en Acier inoxydable &#8211; Charge sans fil &#8211; Couleur: Bleu\/ Blanc\/ Gold- Garantie: 1an<\/p>","protected":false},"featured_media":22242,"comment_status":"open","ping_status":"closed","template":"","meta":[],"pwb-brand":[],"product_brand":[],"product_cat":[72,93],"product_tag":[],"class_list":{"0":"post-22238","1":"product","2":"type-product","3":"status-publish","4":"has-post-thumbnail","6":"product_cat-accessoires","7":"product_cat-smartwatch","8":"pa_couleur-blanc","9":"pa_couleur-bleu","10":"pa_couleur-gold","12":"first","13":"instock","14":"sale","15":"taxable","16":"shipping-taxable","17":"purchasable","18":"product-type-variable","19":"has-default-attributes"},"yoast_head":"<!-- This site is optimized with the Yoast SEO plugin v25.8 - https:\/\/yoast.com\/wordpress\/plugins\/seo\/ -->\n<title>Montre Connect\u00e9e HUAWEI Watch GT 5 41mm | Yamen Tech<\/title>\n<meta name=\"description\" content=\"Achat sur Yamen tech Smartphone, TV, \u00e9lectrom\u00e9nager et produits high-tech aux meilleurs prix. Comparez et achetez en livraison rapide \u00e0 domicile\" \/>\n<meta name=\"robots\" content=\"index, follow, max-snippet:-1, max-image-preview:large, max-video-preview:-1\" \/>\n<link rel=\"canonical\" href=\"https:\/\/demo.yamentech.com\/en\/product\/montre-connectee-huawei-watch-gt-5-41mm\/\" \/>\n<meta property=\"og:locale\" content=\"en_US\" \/>\n<meta property=\"og:type\" content=\"article\" \/>\n<meta property=\"og:title\" content=\"Montre Connect\u00e9e HUAWEI Watch GT 5 41mm | Yamen Tech\" \/>\n<meta property=\"og:description\" content=\"Achat sur Yamen tech Smartphone, TV, \u00e9lectrom\u00e9nager et produits high-tech aux meilleurs prix. Comparez et achetez en livraison rapide \u00e0 domicile\" \/>\n<meta property=\"og:url\" content=\"https:\/\/demo.yamentech.com\/en\/product\/montre-connectee-huawei-watch-gt-5-41mm\/\" \/>\n<meta property=\"og:site_name\" content=\"Yamen Tech\" \/>\n<meta property=\"article:publisher\" content=\"https:\/\/www.facebook.com\/yamentech\/\" \/>\n<meta property=\"og:image\" content=\"https:\/\/demo.yamentech.com\/wp-content\/uploads\/2025\/06\/montre-connectee-huawei-watch-gt-5-41mm-blanc-5.jpg\" \/>\n\t<meta property=\"og:image:width\" content=\"700\" \/>\n\t<meta property=\"og:image:height\" content=\"700\" \/>\n\t<meta property=\"og:image:type\" content=\"image\/jpeg\" \/>\n<meta name=\"twitter:card\" content=\"summary_large_image\" \/>\n<meta name=\"twitter:label1\" content=\"Est. reading time\" \/>\n\t<meta name=\"twitter:data1\" content=\"1 minute\" \/>\n<script type=\"application\/ld+json\" class=\"yoast-schema-graph\">{\"@context\":\"https:\/\/schema.org\",\"@graph\":[{\"@type\":\"WebPage\",\"@id\":\"https:\/\/demo.yamentech.com\/en\/product\/montre-connectee-huawei-watch-gt-5-41mm\/\",\"url\":\"https:\/\/demo.yamentech.com\/en\/product\/montre-connectee-huawei-watch-gt-5-41mm\/\",\"name\":\"Montre Connect\u00e9e HUAWEI Watch GT 5 41mm | Yamen Tech\",\"isPartOf\":{\"@id\":\"https:\/\/springgreen-ferret-224432.hostingersite.com\/#website\"},\"primaryImageOfPage\":{\"@id\":\"https:\/\/demo.yamentech.com\/en\/product\/montre-connectee-huawei-watch-gt-5-41mm\/#primaryimage\"},\"image\":{\"@id\":\"https:\/\/demo.yamentech.com\/en\/product\/montre-connectee-huawei-watch-gt-5-41mm\/#primaryimage\"},\"thumbnailUrl\":\"https:\/\/demo.yamentech.com\/wp-content\/uploads\/2025\/06\/montre-connectee-huawei-watch-gt-5-41mm-blanc-5.jpg\",\"datePublished\":\"2025-06-13T17:21:53+00:00\",\"description\":\"Achat sur Yamen tech Smartphone, TV, \u00e9lectrom\u00e9nager et produits high-tech aux meilleurs prix. Comparez et achetez en livraison rapide \u00e0 domicile\",\"breadcrumb\":{\"@id\":\"https:\/\/demo.yamentech.com\/en\/product\/montre-connectee-huawei-watch-gt-5-41mm\/#breadcrumb\"},\"inLanguage\":\"en-US\",\"potentialAction\":[{\"@type\":\"ReadAction\",\"target\":[\"https:\/\/demo.yamentech.com\/en\/product\/montre-connectee-huawei-watch-gt-5-41mm\/\"]}]},{\"@type\":\"ImageObject\",\"inLanguage\":\"en-US\",\"@id\":\"https:\/\/demo.yamentech.com\/en\/product\/montre-connectee-huawei-watch-gt-5-41mm\/#primaryimage\",\"url\":\"https:\/\/demo.yamentech.com\/wp-content\/uploads\/2025\/06\/montre-connectee-huawei-watch-gt-5-41mm-blanc-5.jpg\",\"contentUrl\":\"https:\/\/demo.yamentech.com\/wp-content\/uploads\/2025\/06\/montre-connectee-huawei-watch-gt-5-41mm-blanc-5.jpg\",\"width\":700,\"height\":700},{\"@type\":\"BreadcrumbList\",\"@id\":\"https:\/\/demo.yamentech.com\/en\/product\/montre-connectee-huawei-watch-gt-5-41mm\/#breadcrumb\",\"itemListElement\":[{\"@type\":\"ListItem\",\"position\":1,\"name\":\"Accueil\",\"item\":\"https:\/\/springgreen-ferret-224432.hostingersite.com\/\"},{\"@type\":\"ListItem\",\"position\":2,\"name\":\"Boutique\",\"item\":\"https:\/\/springgreen-ferret-224432.hostingersite.com\/boutique\/\"},{\"@type\":\"ListItem\",\"position\":3,\"name\":\"Montre Connect\u00e9e HUAWEI Watch GT 5 41mm\"}]},{\"@type\":\"WebSite\",\"@id\":\"https:\/\/springgreen-ferret-224432.hostingersite.com\/#website\",\"url\":\"https:\/\/springgreen-ferret-224432.hostingersite.com\/\",\"name\":\"Yamen Tech\",\"description\":\"\",\"publisher\":{\"@id\":\"https:\/\/springgreen-ferret-224432.hostingersite.com\/#organization\"},\"potentialAction\":[{\"@type\":\"SearchAction\",\"target\":{\"@type\":\"EntryPoint\",\"urlTemplate\":\"https:\/\/springgreen-ferret-224432.hostingersite.com\/?s={search_term_string}\"},\"query-input\":{\"@type\":\"PropertyValueSpecification\",\"valueRequired\":true,\"valueName\":\"search_term_string\"}}],\"inLanguage\":\"en-US\"},{\"@type\":\"Organization\",\"@id\":\"https:\/\/springgreen-ferret-224432.hostingersite.com\/#organization\",\"name\":\"Yamen Tech\",\"url\":\"https:\/\/springgreen-ferret-224432.hostingersite.com\/\",\"logo\":{\"@type\":\"ImageObject\",\"inLanguage\":\"en-US\",\"@id\":\"https:\/\/springgreen-ferret-224432.hostingersite.com\/#\/schema\/logo\/image\/\",\"url\":\"https:\/\/springgreen-ferret-224432.hostingersite.com\/wp-content\/uploads\/2024\/07\/images-2.png\",\"contentUrl\":\"https:\/\/springgreen-ferret-224432.hostingersite.com\/wp-content\/uploads\/2024\/07\/images-2.png\",\"width\":225,\"height\":225,\"caption\":\"Yamen Tech\"},\"image\":{\"@id\":\"https:\/\/springgreen-ferret-224432.hostingersite.com\/#\/schema\/logo\/image\/\"},\"sameAs\":[\"https:\/\/www.facebook.com\/yamentech\/\",\"https:\/\/www.instagram.com\/yamen_tech\/\"]}]}<\/script>\n<!-- \/ Yoast SEO plugin. -->","yoast_head_json":{"title":"Montre Connect\u00e9e HUAWEI Watch GT 5 41mm | Yamen Tech","description":"Achat sur Yamen tech Smartphone, TV, \u00e9lectrom\u00e9nager et produits high-tech aux meilleurs prix. Comparez et achetez en livraison rapide \u00e0 domicile","robots":{"index":"index","follow":"follow","max-snippet":"max-snippet:-1","max-image-preview":"max-image-preview:large","max-video-preview":"max-video-preview:-1"},"canonical":"https:\/\/demo.yamentech.com\/en\/product\/montre-connectee-huawei-watch-gt-5-41mm\/","og_locale":"en_US","og_type":"article","og_title":"Montre Connect\u00e9e HUAWEI Watch GT 5 41mm | Yamen Tech","og_description":"Achat sur Yamen tech Smartphone, TV, \u00e9lectrom\u00e9nager et produits high-tech aux meilleurs prix. Comparez et achetez en livraison rapide \u00e0 domicile","og_url":"https:\/\/demo.yamentech.com\/en\/product\/montre-connectee-huawei-watch-gt-5-41mm\/","og_site_name":"Yamen Tech","article_publisher":"https:\/\/www.facebook.com\/yamentech\/","og_image":[{"width":700,"height":700,"url":"https:\/\/demo.yamentech.com\/wp-content\/uploads\/2025\/06\/montre-connectee-huawei-watch-gt-5-41mm-blanc-5.jpg","type":"image\/jpeg"}],"twitter_card":"summary_large_image","twitter_misc":{"Est. reading time":"1 minute"},"schema":{"@context":"https:\/\/schema.org","@graph":[{"@type":"WebPage","@id":"https:\/\/demo.yamentech.com\/en\/product\/montre-connectee-huawei-watch-gt-5-41mm\/","url":"https:\/\/demo.yamentech.com\/en\/product\/montre-connectee-huawei-watch-gt-5-41mm\/","name":"Montre Connect\u00e9e HUAWEI Watch GT 5 41mm | Yamen Tech","isPartOf":{"@id":"https:\/\/springgreen-ferret-224432.hostingersite.com\/#website"},"primaryImageOfPage":{"@id":"https:\/\/demo.yamentech.com\/en\/product\/montre-connectee-huawei-watch-gt-5-41mm\/#primaryimage"},"image":{"@id":"https:\/\/demo.yamentech.com\/en\/product\/montre-connectee-huawei-watch-gt-5-41mm\/#primaryimage"},"thumbnailUrl":"https:\/\/demo.yamentech.com\/wp-content\/uploads\/2025\/06\/montre-connectee-huawei-watch-gt-5-41mm-blanc-5.jpg","datePublished":"2025-06-13T17:21:53+00:00","description":"Achat sur Yamen tech Smartphone, TV, \u00e9lectrom\u00e9nager et produits high-tech aux meilleurs prix. Comparez et achetez en livraison rapide \u00e0 domicile","breadcrumb":{"@id":"https:\/\/demo.yamentech.com\/en\/product\/montre-connectee-huawei-watch-gt-5-41mm\/#breadcrumb"},"inLanguage":"en-US","potentialAction":[{"@type":"ReadAction","target":["https:\/\/demo.yamentech.com\/en\/product\/montre-connectee-huawei-watch-gt-5-41mm\/"]}]},{"@type":"ImageObject","inLanguage":"en-US","@id":"https:\/\/demo.yamentech.com\/en\/product\/montre-connectee-huawei-watch-gt-5-41mm\/#primaryimage","url":"https:\/\/demo.yamentech.com\/wp-content\/uploads\/2025\/06\/montre-connectee-huawei-watch-gt-5-41mm-blanc-5.jpg","contentUrl":"https:\/\/demo.yamentech.com\/wp-content\/uploads\/2025\/06\/montre-connectee-huawei-watch-gt-5-41mm-blanc-5.jpg","width":700,"height":700},{"@type":"BreadcrumbList","@id":"https:\/\/demo.yamentech.com\/en\/product\/montre-connectee-huawei-watch-gt-5-41mm\/#breadcrumb","itemListElement":[{"@type":"ListItem","position":1,"name":"Accueil","item":"https:\/\/springgreen-ferret-224432.hostingersite.com\/"},{"@type":"ListItem","position":2,"name":"Boutique","item":"https:\/\/springgreen-ferret-224432.hostingersite.com\/boutique\/"},{"@type":"ListItem","position":3,"name":"Montre Connect\u00e9e HUAWEI Watch GT 5 41mm"}]},{"@type":"WebSite","@id":"https:\/\/springgreen-ferret-224432.hostingersite.com\/#website","url":"https:\/\/springgreen-ferret-224432.hostingersite.com\/","name":"Yamen Tech","description":"","publisher":{"@id":"https:\/\/springgreen-ferret-224432.hostingersite.com\/#organization"},"potentialAction":[{"@type":"SearchAction","target":{"@type":"EntryPoint","urlTemplate":"https:\/\/springgreen-ferret-224432.hostingersite.com\/?s={search_term_string}"},"query-input":{"@type":"PropertyValueSpecification","valueRequired":true,"valueName":"search_term_string"}}],"inLanguage":"en-US"},{"@type":"Organization","@id":"https:\/\/springgreen-ferret-224432.hostingersite.com\/#organization","name":"Yamen Tech","url":"https:\/\/springgreen-ferret-224432.hostingersite.com\/","logo":{"@type":"ImageObject","inLanguage":"en-US","@id":"https:\/\/springgreen-ferret-224432.hostingersite.com\/#\/schema\/logo\/image\/","url":"https:\/\/springgreen-ferret-224432.hostingersite.com\/wp-content\/uploads\/2024\/07\/images-2.png","contentUrl":"https:\/\/springgreen-ferret-224432.hostingersite.com\/wp-content\/uploads\/2024\/07\/images-2.png","width":225,"height":225,"caption":"Yamen Tech"},"image":{"@id":"https:\/\/springgreen-ferret-224432.hostingersite.com\/#\/schema\/logo\/image\/"},"sameAs":["https:\/\/www.facebook.com\/yamentech\/","https:\/\/www.instagram.com\/yamen_tech\/"]}]}},"brands":[],"_links":{"self":[{"href":"https:\/\/demo.yamentech.com\/en\/wp-json\/wp\/v2\/product\/22238","targetHints":{"allow":["GET"]}}],"collection":[{"href":"https:\/\/demo.yamentech.com\/en\/wp-json\/wp\/v2\/product"}],"about":[{"href":"https:\/\/demo.yamentech.com\/en\/wp-json\/wp\/v2\/types\/product"}],"replies":[{"embeddable":true,"href":"https:\/\/demo.yamentech.com\/en\/wp-json\/wp\/v2\/comments?post=22238"}],"version-history":[{"count":1,"href":"https:\/\/demo.yamentech.com\/en\/wp-json\/wp\/v2\/product\/22238\/revisions"}],"predecessor-version":[{"id":22252,"href":"https:\/\/demo.yamentech.com\/en\/wp-json\/wp\/v2\/product\/22238\/revisions\/22252"}],"wp:featuredmedia":[{"embeddable":true,"href":"https:\/\/demo.yamentech.com\/en\/wp-json\/wp\/v2\/media\/22242"}],"wp:attachment":[{"href":"https:\/\/demo.yamentech.com\/en\/wp-json\/wp\/v2\/media?parent=22238"}],"wp:term":[{"taxonomy":"pwb-brand","embeddable":true,"href":"https:\/\/demo.yamentech.com\/en\/wp-json\/wp\/v2\/pwb-brand?post=22238"},{"taxonomy":"product_brand","embeddable":true,"href":"https:\/\/demo.yamentech.com\/en\/wp-json\/wp\/v2\/product_brand?post=22238"},{"taxonomy":"product_cat","embeddable":true,"href":"https:\/\/demo.yamentech.com\/en\/wp-json\/wp\/v2\/product_cat?post=22238"},{"taxonomy":"product_tag","embeddable":true,"href":"https:\/\/demo.yamentech.com\/en\/wp-json\/wp\/v2\/product_tag?post=22238"}],"curies":[{"name":"wp","href":"https:\/\/api.w.org\/{rel}","templated":true}]}}